{"id":63,"date":"2015-10-01T07:30:40","date_gmt":"2015-10-01T05:30:40","guid":{"rendered":"http:\/\/www.bio-honig.de\/cms\/?page_id=63"},"modified":"2022-09-28T19:44:06","modified_gmt":"2022-09-28T17:44:06","slug":"bluetenland-bienenhoefe","status":"publish","type":"page","link":"https:\/\/www.bio-honig.de\/cms\/bluetenland-bienenhoefe\/","title":{"rendered":"Bl\u00fctenland Bienenh\u00f6fe"},"content":{"rendered":"<div class=\"pagetext\">Die Honigbiene ist das \u00e4lteste Nutztier des Menschen. Schon in der Fr\u00fchzeit wurden lebende Bienenv\u00f6lker genutzt und der Honig wegen seines s\u00fc\u00dfen Geschmacks und Gesundheitwertes gesch\u00e4tzt. Die Honigbiene ist bis heute weitgehend ein Wildtier geblieben. Wenig Einflu\u00df haben wir darauf, wo die Bienen hinfliegen. Aber als Imker k\u00f6nnen wir die Qualit\u00e4t der Bienenprodukte entscheidend beinflussen. Nur Honig und Bienenprodukte, die nach den strengen Bioland-Richtlinien erzeugt und regelm\u00e4\u00dfig kontrolliert werden, k\u00f6nnen mit dem Hinweis aus \u201eBioland-Imkerei\u201c versehen werden.<\/p>\n<p><strong>Bl\u00fctenland Bienenh\u00f6fe Honig<\/strong> wird in Bioland-Imkereien in verschiedenen Regionen Deutschlands erzeugt. Honig spiegelt die botanische Vielfalt der Landschaft, in der die Bienen fliegen. Beispielsweise wachsen im Pf\u00e4lzer Wald so viele Edelkastanien wie sonst nirgends in Deutschland. Die Akazie oder botanisch richtig: die Robinie liebt Sandb\u00f6den und ist daher ein typischer Baum Brandenburgs. Auch die gleiche Honigsorte schmeckt, in einer anderen Region geerntet, etwas anders \u2013 landschaftstypisch eben. Auf jedem Honigglas geben wir die Ernteregion an. Entdecken Sie die feinen regionalen Unterschiede!<\/p>\n<p><img loading=\"lazy\" decoding=\"async\" class=\"size-large wp-image-70 aligncenter\" src=\"\/cms\/wp-content\/uploads\/2015\/10\/download-1024x679.jpg\" alt=\"Biene auf Bl\u00fcte tankt Pollen\" width=\"720\" height=\"477\" srcset=\"https:\/\/www.bio-honig.de\/cms\/wp-content\/uploads\/2015\/10\/download-1024x679.jpg 1024w, https:\/\/www.bio-honig.de\/cms\/wp-content\/uploads\/2015\/10\/download-600x398.jpg 600w, https:\/\/www.bio-honig.de\/cms\/wp-content\/uploads\/2015\/10\/download-150x100.jpg 150w, https:\/\/www.bio-honig.de\/cms\/wp-content\/uploads\/2015\/10\/download-300x199.jpg 300w\" sizes=\"auto, (max-width: 720px) 100vw, 720px\" \/><\/p>\n<\/div>\n","protected":false},"excerpt":{"rendered":"<p>Die Honigbiene ist das \u00e4lteste Nutztier des Menschen. Schon in der Fr\u00fchzeit wurden lebende Bienenv\u00f6lker genutzt und der Honig wegen seines s\u00fc\u00dfen Geschmacks und Gesundheitwertes gesch\u00e4tzt. Die Honigbiene ist bis heute weitgehend ein Wildtier geblieben. Wenig Einflu\u00df haben wir darauf, wo die Bienen hinfliegen. Aber als Imker k\u00f6nnen wir die Qualit\u00e4t der Bienenprodukte entscheidend beinflussen. [&hellip;]<\/p>\n","protected":false},"author":1,"featured_media":0,"parent":0,"menu_order":0,"comment_status":"closed","ping_status":"closed","template":"single-full-page.php","meta":{"footnotes":""},"class_list":["post-63","page","type-page","status-publish","hentry"],"yoast_head":"<!-- This site is optimized with the Yoast SEO plugin v27.0 - https:\/\/yoast.com\/product\/yoast-seo-wordpress\/ -->\n<title>Bl\u00fctenland Bienenh\u00f6fe - Bl\u00fctenland Bienenh\u00f6fe<\/title>\n<meta name=\"robots\" content=\"index, follow, max-snippet:-1, max-image-preview:large, max-video-preview:-1\" \/>\n<link rel=\"canonical\" href=\"https:\/\/www.bio-honig.de\/cms\/bluetenland-bienenhoefe\/\" \/>\n<meta property=\"og:locale\" content=\"de_DE\" \/>\n<meta property=\"og:type\" content=\"article\" \/>\n<meta property=\"og:title\" content=\"Bl\u00fctenland Bienenh\u00f6fe - Bl\u00fctenland Bienenh\u00f6fe\" \/>\n<meta property=\"og:description\" content=\"Die Honigbiene ist das \u00e4lteste Nutztier des Menschen. Schon in der Fr\u00fchzeit wurden lebende Bienenv\u00f6lker genutzt und der Honig wegen seines s\u00fc\u00dfen Geschmacks und Gesundheitwertes gesch\u00e4tzt. Die Honigbiene ist bis heute weitgehend ein Wildtier geblieben. Wenig Einflu\u00df haben wir darauf, wo die Bienen hinfliegen. Aber als Imker k\u00f6nnen wir die Qualit\u00e4t der Bienenprodukte entscheidend beinflussen. [&hellip;]\" \/>\n<meta property=\"og:url\" content=\"https:\/\/www.bio-honig.de\/cms\/bluetenland-bienenhoefe\/\" \/>\n<meta property=\"og:site_name\" content=\"Bl\u00fctenland Bienenh\u00f6fe\" \/>\n<meta property=\"article:modified_time\" content=\"2022-09-28T17:44:06+00:00\" \/>\n<meta name=\"twitter:card\" content=\"summary_large_image\" \/>\n<meta name=\"twitter:label1\" content=\"Gesch\u00e4tzte Lesezeit\" \/>\n\t<meta name=\"twitter:data1\" content=\"1\u00a0Minute\" \/>\n<script type=\"application\/ld+json\" class=\"yoast-schema-graph\">{\"@context\":\"https:\/\/schema.org\",\"@graph\":[{\"@type\":\"WebPage\",\"@id\":\"https:\/\/www.bio-honig.de\/cms\/bluetenland-bienenhoefe\/\",\"url\":\"https:\/\/www.bio-honig.de\/cms\/bluetenland-bienenhoefe\/\",\"name\":\"Bl\u00fctenland Bienenh\u00f6fe - Bl\u00fctenland Bienenh\u00f6fe\",\"isPartOf\":{\"@id\":\"https:\/\/www.bio-honig.de\/cms\/#website\"},\"datePublished\":\"2015-10-01T05:30:40+00:00\",\"dateModified\":\"2022-09-28T17:44:06+00:00\",\"breadcrumb\":{\"@id\":\"https:\/\/www.bio-honig.de\/cms\/bluetenland-bienenhoefe\/#breadcrumb\"},\"inLanguage\":\"de\",\"potentialAction\":[{\"@type\":\"ReadAction\",\"target\":[\"https:\/\/www.bio-honig.de\/cms\/bluetenland-bienenhoefe\/\"]}]},{\"@type\":\"BreadcrumbList\",\"@id\":\"https:\/\/www.bio-honig.de\/cms\/bluetenland-bienenhoefe\/#breadcrumb\",\"itemListElement\":[{\"@type\":\"ListItem\",\"position\":1,\"name\":\"Startseite\",\"item\":\"https:\/\/www.bio-honig.de\/cms\/\"},{\"@type\":\"ListItem\",\"position\":2,\"name\":\"Bl\u00fctenland Bienenh\u00f6fe\"}]},{\"@type\":\"WebSite\",\"@id\":\"https:\/\/www.bio-honig.de\/cms\/#website\",\"url\":\"https:\/\/www.bio-honig.de\/cms\/\",\"name\":\"Bl\u00fctenland Bienenh\u00f6fe\",\"description\":\"Bio-Honig von Heike Appel\",\"publisher\":{\"@id\":\"https:\/\/www.bio-honig.de\/cms\/#organization\"},\"potentialAction\":[{\"@type\":\"SearchAction\",\"target\":{\"@type\":\"EntryPoint\",\"urlTemplate\":\"https:\/\/www.bio-honig.de\/cms\/?s={search_term_string}\"},\"query-input\":{\"@type\":\"PropertyValueSpecification\",\"valueRequired\":true,\"valueName\":\"search_term_string\"}}],\"inLanguage\":\"de\"},{\"@type\":\"Organization\",\"@id\":\"https:\/\/www.bio-honig.de\/cms\/#organization\",\"name\":\"Bl\u00fctenland Bienenh\u00f6fe - Bioland Imkereiprodukte\",\"url\":\"https:\/\/www.bio-honig.de\/cms\/\",\"logo\":{\"@type\":\"ImageObject\",\"inLanguage\":\"de\",\"@id\":\"https:\/\/www.bio-honig.de\/cms\/#\/schema\/logo\/image\/\",\"url\":\"https:\/\/www.bio-honig.de\/cms\/wp-content\/uploads\/2018\/12\/Bildschirmfoto-2018-12-16-um-17.31.00.png\",\"contentUrl\":\"https:\/\/www.bio-honig.de\/cms\/wp-content\/uploads\/2018\/12\/Bildschirmfoto-2018-12-16-um-17.31.00.png\",\"width\":750,\"height\":206,\"caption\":\"Bl\u00fctenland Bienenh\u00f6fe - Bioland Imkereiprodukte\"},\"image\":{\"@id\":\"https:\/\/www.bio-honig.de\/cms\/#\/schema\/logo\/image\/\"}}]}<\/script>\n<!-- \/ Yoast SEO plugin. -->","yoast_head_json":{"title":"Bl\u00fctenland Bienenh\u00f6fe - Bl\u00fctenland Bienenh\u00f6fe","robots":{"index":"index","follow":"follow","max-snippet":"max-snippet:-1","max-image-preview":"max-image-preview:large","max-video-preview":"max-video-preview:-1"},"canonical":"https:\/\/www.bio-honig.de\/cms\/bluetenland-bienenhoefe\/","og_locale":"de_DE","og_type":"article","og_title":"Bl\u00fctenland Bienenh\u00f6fe - Bl\u00fctenland Bienenh\u00f6fe","og_description":"Die Honigbiene ist das \u00e4lteste Nutztier des Menschen. Schon in der Fr\u00fchzeit wurden lebende Bienenv\u00f6lker genutzt und der Honig wegen seines s\u00fc\u00dfen Geschmacks und Gesundheitwertes gesch\u00e4tzt. Die Honigbiene ist bis heute weitgehend ein Wildtier geblieben. Wenig Einflu\u00df haben wir darauf, wo die Bienen hinfliegen. Aber als Imker k\u00f6nnen wir die Qualit\u00e4t der Bienenprodukte entscheidend beinflussen. [&hellip;]","og_url":"https:\/\/www.bio-honig.de\/cms\/bluetenland-bienenhoefe\/","og_site_name":"Bl\u00fctenland Bienenh\u00f6fe","article_modified_time":"2022-09-28T17:44:06+00:00","twitter_card":"summary_large_image","twitter_misc":{"Gesch\u00e4tzte Lesezeit":"1\u00a0Minute"},"schema":{"@context":"https:\/\/schema.org","@graph":[{"@type":"WebPage","@id":"https:\/\/www.bio-honig.de\/cms\/bluetenland-bienenhoefe\/","url":"https:\/\/www.bio-honig.de\/cms\/bluetenland-bienenhoefe\/","name":"Bl\u00fctenland Bienenh\u00f6fe - Bl\u00fctenland Bienenh\u00f6fe","isPartOf":{"@id":"https:\/\/www.bio-honig.de\/cms\/#website"},"datePublished":"2015-10-01T05:30:40+00:00","dateModified":"2022-09-28T17:44:06+00:00","breadcrumb":{"@id":"https:\/\/www.bio-honig.de\/cms\/bluetenland-bienenhoefe\/#breadcrumb"},"inLanguage":"de","potentialAction":[{"@type":"ReadAction","target":["https:\/\/www.bio-honig.de\/cms\/bluetenland-bienenhoefe\/"]}]},{"@type":"BreadcrumbList","@id":"https:\/\/www.bio-honig.de\/cms\/bluetenland-bienenhoefe\/#breadcrumb","itemListElement":[{"@type":"ListItem","position":1,"name":"Startseite","item":"https:\/\/www.bio-honig.de\/cms\/"},{"@type":"ListItem","position":2,"name":"Bl\u00fctenland Bienenh\u00f6fe"}]},{"@type":"WebSite","@id":"https:\/\/www.bio-honig.de\/cms\/#website","url":"https:\/\/www.bio-honig.de\/cms\/","name":"Bl\u00fctenland Bienenh\u00f6fe","description":"Bio-Honig von Heike Appel","publisher":{"@id":"https:\/\/www.bio-honig.de\/cms\/#organization"},"potentialAction":[{"@type":"SearchAction","target":{"@type":"EntryPoint","urlTemplate":"https:\/\/www.bio-honig.de\/cms\/?s={search_term_string}"},"query-input":{"@type":"PropertyValueSpecification","valueRequired":true,"valueName":"search_term_string"}}],"inLanguage":"de"},{"@type":"Organization","@id":"https:\/\/www.bio-honig.de\/cms\/#organization","name":"Bl\u00fctenland Bienenh\u00f6fe - Bioland Imkereiprodukte","url":"https:\/\/www.bio-honig.de\/cms\/","logo":{"@type":"ImageObject","inLanguage":"de","@id":"https:\/\/www.bio-honig.de\/cms\/#\/schema\/logo\/image\/","url":"https:\/\/www.bio-honig.de\/cms\/wp-content\/uploads\/2018\/12\/Bildschirmfoto-2018-12-16-um-17.31.00.png","contentUrl":"https:\/\/www.bio-honig.de\/cms\/wp-content\/uploads\/2018\/12\/Bildschirmfoto-2018-12-16-um-17.31.00.png","width":750,"height":206,"caption":"Bl\u00fctenland Bienenh\u00f6fe - Bioland Imkereiprodukte"},"image":{"@id":"https:\/\/www.bio-honig.de\/cms\/#\/schema\/logo\/image\/"}}]}},"_links":{"self":[{"href":"https:\/\/www.bio-honig.de\/cms\/wp-json\/wp\/v2\/pages\/63","targetHints":{"allow":["GET"]}}],"collection":[{"href":"https:\/\/www.bio-honig.de\/cms\/wp-json\/wp\/v2\/pages"}],"about":[{"href":"https:\/\/www.bio-honig.de\/cms\/wp-json\/wp\/v2\/types\/page"}],"author":[{"embeddable":true,"href":"https:\/\/www.bio-honig.de\/cms\/wp-json\/wp\/v2\/users\/1"}],"replies":[{"embeddable":true,"href":"https:\/\/www.bio-honig.de\/cms\/wp-json\/wp\/v2\/comments?post=63"}],"version-history":[{"count":13,"href":"https:\/\/www.bio-honig.de\/cms\/wp-json\/wp\/v2\/pages\/63\/revisions"}],"predecessor-version":[{"id":2987,"href":"https:\/\/www.bio-honig.de\/cms\/wp-json\/wp\/v2\/pages\/63\/revisions\/2987"}],"wp:attachment":[{"href":"https:\/\/www.bio-honig.de\/cms\/wp-json\/wp\/v2\/media?parent=63"}],"curies":[{"name":"wp","href":"https:\/\/api.w.org\/{rel}","templated":true}]}}