{"id":6397,"date":"2024-07-25T14:37:07","date_gmt":"2024-07-25T12:37:07","guid":{"rendered":"https:\/\/www.bio-honig.de\/cms\/?page_id=6397"},"modified":"2024-07-26T16:19:32","modified_gmt":"2024-07-26T14:19:32","slug":"bluetenpollen-joghurt","status":"publish","type":"page","link":"https:\/\/www.bio-honig.de\/cms\/bluetenpollen-joghurt\/","title":{"rendered":"Bl\u00fctenpollen-Joghurt"},"content":{"rendered":"\n<p>Der Bl\u00fctenpollen-Joghurt ist eine k\u00f6stliche und gesunde Fr\u00fchst\u00fccksoption, die einfach zuzubereiten ist. Naturjoghurt bildet die Basis, w\u00e4hrend ein Essl\u00f6ffel Bl\u00fctenpollen f\u00fcr eine Extraportion Vitamine, Mineralstoffe und Proteine sorgt. Ein Teel\u00f6ffel Honig rundet den Geschmack ab und verleiht dem Joghurt eine angenehme S\u00fc\u00dfe. Frische Beeren wie Himbeeren oder Heidelbeeren sowie optional N\u00fcsse oder Samen sorgen f\u00fcr zus\u00e4tzlichen Geschmack und eine knackige Textur. Dieser Bl\u00fctenpollen-Joghurt ist nicht nur lecker, sondern auch eine n\u00e4hrstoffreiche Mahlzeit, die den Tag perfekt beginnt.<\/p>\n\n\n\n<p><strong>Zutaten:<\/strong><\/p>\n\n\n\n<ul class=\"wp-block-list\">\n<li>1 Tasse Naturjoghurt<\/li>\n\n\n\n<li>1 Essl\u00f6ffel Bl\u00fctenpollen<\/li>\n\n\n\n<li>1 Teel\u00f6ffel Honig<\/li>\n\n\n\n<li>Eine Handvoll frische Beeren (z.B. Himbeeren oder Heidelbeeren)<\/li>\n\n\n\n<li>N\u00fcsse oder Samen nach Wahl (optional)<\/li>\n<\/ul>\n\n\n\n<p><strong>Zubereitung:<\/strong><\/p>\n\n\n\n<ol class=\"wp-block-list\">\n<li>Den Joghurt in eine Sch\u00fcssel geben.<\/li>\n\n\n\n<li>Bl\u00fctenpollen und Honig unterr\u00fchren.<\/li>\n\n\n\n<li>Mit frischen Beeren und N\u00fcssen oder Samen bestreuen.<\/li>\n\n\n\n<li>Genie\u00dfen.<\/li>\n<\/ol>\n\n\n\n<h2 class=\"wp-block-heading\">Unbedingt dazu verwenden &#8211; unsere deutschen Bioland Bl\u00fctenpollen<\/h2>\n\n\n<div data-block-name=\"woocommerce\/handpicked-products\" data-columns=\"4\" data-products=\"[115,111]\" class=\"wc-block-grid wp-block-handpicked-products wp-block-woocommerce-handpicked-products wc-block-handpicked-products has-4-columns has-multiple-rows\"><ul class=\"wc-block-grid__products\"><li class=\"wc-block-grid__product\"><span class=\"flavor-badge flavor-badge--shade-6 flavor-badge--fest\"><span class=\"flavor-badge__sphere\"><\/span><span class=\"flavor-badge__text\">wohlschmeckend<\/span><\/span><span class=\"gtm4wp_productdata\" style=\"display:none; visibility:hidden;\" data-gtm4wp_product_data=\"{&quot;internal_id&quot;:115,&quot;item_id&quot;:115,&quot;item_name&quot;:&quot;Bio Bl\\u00fctenpollen aus Deutschland&quot;,&quot;sku&quot;:115,&quot;price&quot;:3,&quot;stocklevel&quot;:null,&quot;stockstatus&quot;:&quot;instock&quot;,&quot;google_business_vertical&quot;:&quot;retail&quot;,&quot;item_category&quot;:&quot;Bioland - Bl\\u00fctenpollen aus Deutschland&quot;,&quot;id&quot;:115,&quot;productlink&quot;:&quot;https:\\\/\\\/www.bio-honig.de\\\/cms\\\/produkt\\\/bio-bluetenpollen-aus-deutschland-kaufen-wohlschmeckend-bluetenland-bienenhoefe\\\/&quot;,&quot;item_list_name&quot;:&quot;General Product List&quot;,&quot;index&quot;:0,&quot;product_type&quot;:&quot;variable&quot;,&quot;item_brand&quot;:&quot;&quot;}\"><\/span>\n\t\t\t\t<a href=\"https:\/\/www.bio-honig.de\/cms\/produkt\/bio-bluetenpollen-aus-deutschland-kaufen-wohlschmeckend-bluetenland-bienenhoefe\/\" class=\"wc-block-grid__product-link\">\n\t\t\t\t\t\n\t\t\t\t\t<div class=\"wc-block-grid__product-image\"><img loading=\"lazy\" decoding=\"async\" width=\"300\" height=\"300\" src=\"https:\/\/www.bio-honig.de\/cms\/wp-content\/uploads\/2017\/04\/450g-Pollen-DSC_0004_091-300x300.jpg\" class=\"attachment-woocommerce_thumbnail size-woocommerce_thumbnail wvs-archive-product-image\" alt=\"Bio Bl&uuml;tenpollen aus Deutschland\" srcset=\"https:\/\/www.bio-honig.de\/cms\/wp-content\/uploads\/2017\/04\/450g-Pollen-DSC_0004_091-300x300.jpg 300w, https:\/\/www.bio-honig.de\/cms\/wp-content\/uploads\/2017\/04\/450g-Pollen-DSC_0004_091-100x100.jpg 100w, https:\/\/www.bio-honig.de\/cms\/wp-content\/uploads\/2017\/04\/450g-Pollen-DSC_0004_091-600x600.jpg 600w, https:\/\/www.bio-honig.de\/cms\/wp-content\/uploads\/2017\/04\/450g-Pollen-DSC_0004_091-150x150.jpg 150w, https:\/\/www.bio-honig.de\/cms\/wp-content\/uploads\/2017\/04\/450g-Pollen-DSC_0004_091-768x768.jpg 768w, https:\/\/www.bio-honig.de\/cms\/wp-content\/uploads\/2017\/04\/450g-Pollen-DSC_0004_091-1024x1024.jpg 1024w\" sizes=\"auto, (max-width: 300px) 100vw, 300px\"><\/div>\n\t\t\t\t\t<div class=\"wc-block-grid__product-title\">Bio Bl&uuml;tenpollen aus Deutschland<\/div>\n\t\t\t\t<\/a>\n\t\t\t\t<div class=\"wc-block-grid__product-price price\"><span class=\"woocommerce-Price-amount amount\">3,00&nbsp;<span class=\"woocommerce-Price-currencySymbol\">&euro;<\/span><\/span> &ndash; <span class=\"woocommerce-Price-amount amount\">35,80&nbsp;<span class=\"woocommerce-Price-currencySymbol\">&euro;<\/span><\/span><\/div><div class=\"mein-wrapper\"><p class=\"price price-unit smaller wc-gzd-additional-info wc-gzd-additional-info-loop\"><span class=\"woocommerce-Price-amount amount\">10,00&nbsp;<span class=\"woocommerce-Price-currencySymbol\">&euro;<\/span><\/span> &ndash; <span class=\"woocommerce-Price-amount amount\">79,56&nbsp;<span class=\"woocommerce-Price-currencySymbol\">&euro;<\/span><\/span> \/ <span class=\"unit-base\">100<\/span> <span class=\"unit\">g<\/span><\/p><p class=\"wc-gzd-additional-info wc-gzd-additional-info-loop tax-info\">inkl. MwSt.<\/p><p class=\"wc-gzd-additional-info wc-gzd-additional-info-loop shipping-costs-info\">zzgl. <a href=\"https:\/\/www.bio-honig.de\/cms\/versandarten\/\" target=\"_blank\">Versandkosten<\/a><\/p><p class=\"wc-gzd-additional-info delivery-time-info wc-gzd-additional-info-loop\"><span class=\"delivery-time-inner delivery-time-1-3-werktage\">Lieferzeit: <span class=\"delivery-time-data\">1-3 Werktage<\/span><\/span><\/p>\n\t\t\t\t<div class=\"wc-block-grid__product-rating\"><div class=\"star-rating\" role=\"img\" aria-label=\"Bewertet mit 4.93 von 5\"><span style=\"width:98.6%\">Bewertet mit <strong class=\"rating\">4.93<\/strong> von 5, basierend auf <span class=\"rating\">15<\/span> Kundenbewertungen<\/span><\/div><\/div><p class=\"wc-gzd-additional-info wc-gzd-additional-info-loop wc-gzd-rating-authenticity-status is-verified\">\n\t<a href=\"https:\/\/www.bio-honig.de\/cms\/echtheit-von-bewertungen\/\" target=\"_blank\">gepr&uuml;fte Gesamtbewertungen<\/a><\/p>\n\t\t\t\t<\/div><div class=\"wp-block-button wc-block-grid__product-add-to-cart\"><a href=\"https:\/\/www.bio-honig.de\/cms\/produkt\/bio-bluetenpollen-aus-deutschland-kaufen-wohlschmeckend-bluetenland-bienenhoefe\/\" aria-label=\"W&auml;hle Optionen f&uuml;r &bdquo;Bio Bl&uuml;tenpollen aus Deutschland&ldquo;\" data-quantity=\"1\" data-product_id=\"115\" data-product_sku=\"\" data-price=\"3\" rel=\"nofollow\" class=\"wp-block-button__link  add_to_cart_button\">Gr&ouml;&szlig;e w&auml;hlen<\/a><\/div>\n\t\t\t<\/li>\n<li class=\"wc-block-grid__product\"><span class=\"flavor-badge flavor-badge--shade-3 flavor-badge--fluessig\"><span class=\"flavor-badge__sphere\"><\/span><span class=\"flavor-badge__text\">lieblich<\/span><\/span><span class=\"gtm4wp_productdata\" style=\"display:none; visibility:hidden;\" data-gtm4wp_product_data=\"{&quot;internal_id&quot;:111,&quot;item_id&quot;:111,&quot;item_name&quot;:&quot;Akazienhonig aus Brandenburg&quot;,&quot;sku&quot;:111,&quot;price&quot;:3,&quot;stocklevel&quot;:null,&quot;stockstatus&quot;:&quot;instock&quot;,&quot;google_business_vertical&quot;:&quot;retail&quot;,&quot;item_category&quot;:&quot;Bioland - Honig aus Deutschland&quot;,&quot;id&quot;:111,&quot;productlink&quot;:&quot;https:\\\/\\\/www.bio-honig.de\\\/cms\\\/produkt\\\/bio-akazienhonig-kaufen-mild-fein-l-bluetenland-bienenhoefe\\\/&quot;,&quot;item_list_name&quot;:&quot;General Product List&quot;,&quot;index&quot;:0,&quot;product_type&quot;:&quot;variable&quot;,&quot;item_brand&quot;:&quot;&quot;}\"><\/span>\n\t\t\t\t<a href=\"https:\/\/www.bio-honig.de\/cms\/produkt\/bio-akazienhonig-kaufen-mild-fein-l-bluetenland-bienenhoefe\/\" class=\"wc-block-grid__product-link\">\n\t\t\t\t\t\n\t\t\t\t\t<div class=\"wc-block-grid__product-image\"><img loading=\"lazy\" decoding=\"async\" width=\"300\" height=\"300\" src=\"https:\/\/www.bio-honig.de\/cms\/wp-content\/uploads\/2016\/11\/500-g-Akazie-DSC_0005_060-300x300.jpg\" class=\"attachment-woocommerce_thumbnail size-woocommerce_thumbnail wvs-archive-product-image\" alt=\"Akazienhonig aus Brandenburg\" srcset=\"https:\/\/www.bio-honig.de\/cms\/wp-content\/uploads\/2016\/11\/500-g-Akazie-DSC_0005_060-300x300.jpg 300w, https:\/\/www.bio-honig.de\/cms\/wp-content\/uploads\/2016\/11\/500-g-Akazie-DSC_0005_060-100x100.jpg 100w, https:\/\/www.bio-honig.de\/cms\/wp-content\/uploads\/2016\/11\/500-g-Akazie-DSC_0005_060-600x600.jpg 600w, https:\/\/www.bio-honig.de\/cms\/wp-content\/uploads\/2016\/11\/500-g-Akazie-DSC_0005_060-150x150.jpg 150w, https:\/\/www.bio-honig.de\/cms\/wp-content\/uploads\/2016\/11\/500-g-Akazie-DSC_0005_060-768x768.jpg 768w, https:\/\/www.bio-honig.de\/cms\/wp-content\/uploads\/2016\/11\/500-g-Akazie-DSC_0005_060-1024x1024.jpg 1024w\" sizes=\"auto, (max-width: 300px) 100vw, 300px\"><\/div>\n\t\t\t\t\t<div class=\"wc-block-grid__product-title\">Akazienhonig aus Brandenburg<\/div>\n\t\t\t\t<\/a>\n\t\t\t\t<div class=\"wc-block-grid__product-price price\"><span class=\"woocommerce-Price-amount amount\">3,00&nbsp;<span class=\"woocommerce-Price-currencySymbol\">&euro;<\/span><\/span> &ndash; <span class=\"woocommerce-Price-amount amount\">19,50&nbsp;<span class=\"woocommerce-Price-currencySymbol\">&euro;<\/span><\/span><\/div><div class=\"mein-wrapper\"><p class=\"price price-unit smaller wc-gzd-additional-info wc-gzd-additional-info-loop\"><span class=\"woocommerce-Price-amount amount\">5,00&nbsp;<span class=\"woocommerce-Price-currencySymbol\">&euro;<\/span><\/span> &ndash; <span class=\"woocommerce-Price-amount amount\">1,95&nbsp;<span class=\"woocommerce-Price-currencySymbol\">&euro;<\/span><\/span> \/ <span class=\"unit-base\">100<\/span> <span class=\"unit\">g<\/span><\/p><p class=\"wc-gzd-additional-info wc-gzd-additional-info-loop tax-info\">inkl. MwSt.<\/p><p class=\"wc-gzd-additional-info wc-gzd-additional-info-loop shipping-costs-info\">zzgl. <a href=\"https:\/\/www.bio-honig.de\/cms\/versandarten\/\" target=\"_blank\">Versandkosten<\/a><\/p><p class=\"wc-gzd-additional-info delivery-time-info wc-gzd-additional-info-loop\"><span class=\"delivery-time-inner delivery-time-1-3-werktage\">Lieferzeit: <span class=\"delivery-time-data\">1-3 Werktage<\/span><\/span><\/p>\n\t\t\t\t<div class=\"wc-block-grid__product-rating\"><div class=\"star-rating\" role=\"img\" aria-label=\"Bewertet mit 4.97 von 5\"><span style=\"width:99.4%\">Bewertet mit <strong class=\"rating\">4.97<\/strong> von 5, basierend auf <span class=\"rating\">30<\/span> Kundenbewertungen<\/span><\/div><\/div><p class=\"wc-gzd-additional-info wc-gzd-additional-info-loop wc-gzd-rating-authenticity-status is-verified\">\n\t<a href=\"https:\/\/www.bio-honig.de\/cms\/echtheit-von-bewertungen\/\" target=\"_blank\">gepr&uuml;fte Gesamtbewertungen<\/a><\/p>\n\t\t\t\t<\/div><div class=\"wp-block-button wc-block-grid__product-add-to-cart\"><a href=\"https:\/\/www.bio-honig.de\/cms\/produkt\/bio-akazienhonig-kaufen-mild-fein-l-bluetenland-bienenhoefe\/\" aria-label=\"W&auml;hle Optionen f&uuml;r &bdquo;Akazienhonig aus Brandenburg&ldquo;\" data-quantity=\"1\" data-product_id=\"111\" data-product_sku=\"\" data-price=\"3\" rel=\"nofollow\" class=\"wp-block-button__link  add_to_cart_button\">Gr&ouml;&szlig;e w&auml;hlen<\/a><\/div>\n\t\t\t<\/li>\n<\/ul><\/div>\n\n\n<h4 class=\"wp-block-heading\">Noch mehr Rezepte f\u00fcr Bioland Bl\u00fctenpollen gef\u00e4llig?<\/h4>\n\n\n\n<ul class=\"wp-block-list\">\n<li><a href=\"https:\/\/www.bio-honig.de\/cms\/bluetenpollen-smoothie\/\">Bl\u00fctenpollen-Smoothie<\/a><\/li>\n\n\n\n<li><a href=\"https:\/\/www.bio-honig.de\/cms\/bluetenpollen-muesli\/\">Bl\u00fctenpollen-M\u00fcsli<\/a><\/li>\n\n\n\n<li><a href=\"https:\/\/www.bio-honig.de\/cms\/bluetenpollen-salatdressing\/\">Bl\u00fctenpollen-Salatdressing<\/a><\/li>\n\n\n\n<li><a href=\"https:\/\/www.bio-honig.de\/cms\/bluetenpollen-energiekugeln\/\">Bl\u00fctenpollen-Energiekugeln aus Haferflocken<\/a><\/li>\n<\/ul>\n","protected":false},"excerpt":{"rendered":"<p>Der Bl\u00fctenpollen-Joghurt ist eine k\u00f6stliche und gesunde Fr\u00fchst\u00fccksoption, die einfach zuzubereiten ist. Naturjoghurt bildet die Basis, w\u00e4hrend ein Essl\u00f6ffel Bl\u00fctenpollen f\u00fcr eine Extraportion Vitamine, Mineralstoffe und Proteine sorgt. Ein Teel\u00f6ffel Honig rundet den Geschmack ab und verleiht dem Joghurt eine angenehme S\u00fc\u00dfe. Frische Beeren wie Himbeeren oder Heidelbeeren sowie optional N\u00fcsse oder Samen sorgen f\u00fcr [&hellip;]<\/p>\n","protected":false},"author":1,"featured_media":0,"parent":0,"menu_order":0,"comment_status":"closed","ping_status":"closed","template":"","meta":{"footnotes":""},"class_list":["post-6397","page","type-page","status-publish","hentry"],"yoast_head":"<!-- This site is optimized with the Yoast SEO plugin v27.0 - https:\/\/yoast.com\/product\/yoast-seo-wordpress\/ -->\n<title>Bl\u00fctenpollen-Joghurt - Bl\u00fctenland Bienenh\u00f6fe<\/title>\n<meta name=\"robots\" content=\"index, follow, max-snippet:-1, max-image-preview:large, max-video-preview:-1\" \/>\n<link rel=\"canonical\" href=\"https:\/\/www.bio-honig.de\/cms\/bluetenpollen-joghurt\/\" \/>\n<meta property=\"og:locale\" content=\"de_DE\" \/>\n<meta property=\"og:type\" content=\"article\" \/>\n<meta property=\"og:title\" content=\"Bl\u00fctenpollen-Joghurt - Bl\u00fctenland Bienenh\u00f6fe\" \/>\n<meta property=\"og:description\" content=\"Der Bl\u00fctenpollen-Joghurt ist eine k\u00f6stliche und gesunde Fr\u00fchst\u00fccksoption, die einfach zuzubereiten ist. Naturjoghurt bildet die Basis, w\u00e4hrend ein Essl\u00f6ffel Bl\u00fctenpollen f\u00fcr eine Extraportion Vitamine, Mineralstoffe und Proteine sorgt. Ein Teel\u00f6ffel Honig rundet den Geschmack ab und verleiht dem Joghurt eine angenehme S\u00fc\u00dfe. Frische Beeren wie Himbeeren oder Heidelbeeren sowie optional N\u00fcsse oder Samen sorgen f\u00fcr [&hellip;]\" \/>\n<meta property=\"og:url\" content=\"https:\/\/www.bio-honig.de\/cms\/bluetenpollen-joghurt\/\" \/>\n<meta property=\"og:site_name\" content=\"Bl\u00fctenland Bienenh\u00f6fe\" \/>\n<meta property=\"article:modified_time\" content=\"2024-07-26T14:19:32+00:00\" \/>\n<meta name=\"twitter:card\" content=\"summary_large_image\" \/>\n<meta name=\"twitter:label1\" content=\"Gesch\u00e4tzte Lesezeit\" \/>\n\t<meta name=\"twitter:data1\" content=\"1\u00a0Minute\" \/>\n<script type=\"application\/ld+json\" class=\"yoast-schema-graph\">{\"@context\":\"https:\/\/schema.org\",\"@graph\":[{\"@type\":\"WebPage\",\"@id\":\"https:\/\/www.bio-honig.de\/cms\/bluetenpollen-joghurt\/\",\"url\":\"https:\/\/www.bio-honig.de\/cms\/bluetenpollen-joghurt\/\",\"name\":\"Bl\u00fctenpollen-Joghurt - Bl\u00fctenland Bienenh\u00f6fe\",\"isPartOf\":{\"@id\":\"https:\/\/www.bio-honig.de\/cms\/#website\"},\"datePublished\":\"2024-07-25T12:37:07+00:00\",\"dateModified\":\"2024-07-26T14:19:32+00:00\",\"breadcrumb\":{\"@id\":\"https:\/\/www.bio-honig.de\/cms\/bluetenpollen-joghurt\/#breadcrumb\"},\"inLanguage\":\"de\",\"potentialAction\":[{\"@type\":\"ReadAction\",\"target\":[\"https:\/\/www.bio-honig.de\/cms\/bluetenpollen-joghurt\/\"]}]},{\"@type\":\"BreadcrumbList\",\"@id\":\"https:\/\/www.bio-honig.de\/cms\/bluetenpollen-joghurt\/#breadcrumb\",\"itemListElement\":[{\"@type\":\"ListItem\",\"position\":1,\"name\":\"Startseite\",\"item\":\"https:\/\/www.bio-honig.de\/cms\/\"},{\"@type\":\"ListItem\",\"position\":2,\"name\":\"Bl\u00fctenpollen-Joghurt\"}]},{\"@type\":\"WebSite\",\"@id\":\"https:\/\/www.bio-honig.de\/cms\/#website\",\"url\":\"https:\/\/www.bio-honig.de\/cms\/\",\"name\":\"Bl\u00fctenland Bienenh\u00f6fe\",\"description\":\"Bio-Honig von Heike Appel\",\"publisher\":{\"@id\":\"https:\/\/www.bio-honig.de\/cms\/#organization\"},\"potentialAction\":[{\"@type\":\"SearchAction\",\"target\":{\"@type\":\"EntryPoint\",\"urlTemplate\":\"https:\/\/www.bio-honig.de\/cms\/?s={search_term_string}\"},\"query-input\":{\"@type\":\"PropertyValueSpecification\",\"valueRequired\":true,\"valueName\":\"search_term_string\"}}],\"inLanguage\":\"de\"},{\"@type\":\"Organization\",\"@id\":\"https:\/\/www.bio-honig.de\/cms\/#organization\",\"name\":\"Bl\u00fctenland Bienenh\u00f6fe - Bioland Imkereiprodukte\",\"url\":\"https:\/\/www.bio-honig.de\/cms\/\",\"logo\":{\"@type\":\"ImageObject\",\"inLanguage\":\"de\",\"@id\":\"https:\/\/www.bio-honig.de\/cms\/#\/schema\/logo\/image\/\",\"url\":\"https:\/\/www.bio-honig.de\/cms\/wp-content\/uploads\/2018\/12\/Bildschirmfoto-2018-12-16-um-17.31.00.png\",\"contentUrl\":\"https:\/\/www.bio-honig.de\/cms\/wp-content\/uploads\/2018\/12\/Bildschirmfoto-2018-12-16-um-17.31.00.png\",\"width\":750,\"height\":206,\"caption\":\"Bl\u00fctenland Bienenh\u00f6fe - Bioland Imkereiprodukte\"},\"image\":{\"@id\":\"https:\/\/www.bio-honig.de\/cms\/#\/schema\/logo\/image\/\"}}]}<\/script>\n<!-- \/ Yoast SEO plugin. -->","yoast_head_json":{"title":"Bl\u00fctenpollen-Joghurt - Bl\u00fctenland Bienenh\u00f6fe","robots":{"index":"index","follow":"follow","max-snippet":"max-snippet:-1","max-image-preview":"max-image-preview:large","max-video-preview":"max-video-preview:-1"},"canonical":"https:\/\/www.bio-honig.de\/cms\/bluetenpollen-joghurt\/","og_locale":"de_DE","og_type":"article","og_title":"Bl\u00fctenpollen-Joghurt - Bl\u00fctenland Bienenh\u00f6fe","og_description":"Der Bl\u00fctenpollen-Joghurt ist eine k\u00f6stliche und gesunde Fr\u00fchst\u00fccksoption, die einfach zuzubereiten ist. Naturjoghurt bildet die Basis, w\u00e4hrend ein Essl\u00f6ffel Bl\u00fctenpollen f\u00fcr eine Extraportion Vitamine, Mineralstoffe und Proteine sorgt. Ein Teel\u00f6ffel Honig rundet den Geschmack ab und verleiht dem Joghurt eine angenehme S\u00fc\u00dfe. Frische Beeren wie Himbeeren oder Heidelbeeren sowie optional N\u00fcsse oder Samen sorgen f\u00fcr [&hellip;]","og_url":"https:\/\/www.bio-honig.de\/cms\/bluetenpollen-joghurt\/","og_site_name":"Bl\u00fctenland Bienenh\u00f6fe","article_modified_time":"2024-07-26T14:19:32+00:00","twitter_card":"summary_large_image","twitter_misc":{"Gesch\u00e4tzte Lesezeit":"1\u00a0Minute"},"schema":{"@context":"https:\/\/schema.org","@graph":[{"@type":"WebPage","@id":"https:\/\/www.bio-honig.de\/cms\/bluetenpollen-joghurt\/","url":"https:\/\/www.bio-honig.de\/cms\/bluetenpollen-joghurt\/","name":"Bl\u00fctenpollen-Joghurt - Bl\u00fctenland Bienenh\u00f6fe","isPartOf":{"@id":"https:\/\/www.bio-honig.de\/cms\/#website"},"datePublished":"2024-07-25T12:37:07+00:00","dateModified":"2024-07-26T14:19:32+00:00","breadcrumb":{"@id":"https:\/\/www.bio-honig.de\/cms\/bluetenpollen-joghurt\/#breadcrumb"},"inLanguage":"de","potentialAction":[{"@type":"ReadAction","target":["https:\/\/www.bio-honig.de\/cms\/bluetenpollen-joghurt\/"]}]},{"@type":"BreadcrumbList","@id":"https:\/\/www.bio-honig.de\/cms\/bluetenpollen-joghurt\/#breadcrumb","itemListElement":[{"@type":"ListItem","position":1,"name":"Startseite","item":"https:\/\/www.bio-honig.de\/cms\/"},{"@type":"ListItem","position":2,"name":"Bl\u00fctenpollen-Joghurt"}]},{"@type":"WebSite","@id":"https:\/\/www.bio-honig.de\/cms\/#website","url":"https:\/\/www.bio-honig.de\/cms\/","name":"Bl\u00fctenland Bienenh\u00f6fe","description":"Bio-Honig von Heike Appel","publisher":{"@id":"https:\/\/www.bio-honig.de\/cms\/#organization"},"potentialAction":[{"@type":"SearchAction","target":{"@type":"EntryPoint","urlTemplate":"https:\/\/www.bio-honig.de\/cms\/?s={search_term_string}"},"query-input":{"@type":"PropertyValueSpecification","valueRequired":true,"valueName":"search_term_string"}}],"inLanguage":"de"},{"@type":"Organization","@id":"https:\/\/www.bio-honig.de\/cms\/#organization","name":"Bl\u00fctenland Bienenh\u00f6fe - Bioland Imkereiprodukte","url":"https:\/\/www.bio-honig.de\/cms\/","logo":{"@type":"ImageObject","inLanguage":"de","@id":"https:\/\/www.bio-honig.de\/cms\/#\/schema\/logo\/image\/","url":"https:\/\/www.bio-honig.de\/cms\/wp-content\/uploads\/2018\/12\/Bildschirmfoto-2018-12-16-um-17.31.00.png","contentUrl":"https:\/\/www.bio-honig.de\/cms\/wp-content\/uploads\/2018\/12\/Bildschirmfoto-2018-12-16-um-17.31.00.png","width":750,"height":206,"caption":"Bl\u00fctenland Bienenh\u00f6fe - Bioland Imkereiprodukte"},"image":{"@id":"https:\/\/www.bio-honig.de\/cms\/#\/schema\/logo\/image\/"}}]}},"_links":{"self":[{"href":"https:\/\/www.bio-honig.de\/cms\/wp-json\/wp\/v2\/pages\/6397","targetHints":{"allow":["GET"]}}],"collection":[{"href":"https:\/\/www.bio-honig.de\/cms\/wp-json\/wp\/v2\/pages"}],"about":[{"href":"https:\/\/www.bio-honig.de\/cms\/wp-json\/wp\/v2\/types\/page"}],"author":[{"embeddable":true,"href":"https:\/\/www.bio-honig.de\/cms\/wp-json\/wp\/v2\/users\/1"}],"replies":[{"embeddable":true,"href":"https:\/\/www.bio-honig.de\/cms\/wp-json\/wp\/v2\/comments?post=6397"}],"version-history":[{"count":4,"href":"https:\/\/www.bio-honig.de\/cms\/wp-json\/wp\/v2\/pages\/6397\/revisions"}],"predecessor-version":[{"id":6455,"href":"https:\/\/www.bio-honig.de\/cms\/wp-json\/wp\/v2\/pages\/6397\/revisions\/6455"}],"wp:attachment":[{"href":"https:\/\/www.bio-honig.de\/cms\/wp-json\/wp\/v2\/media?parent=6397"}],"curies":[{"name":"wp","href":"https:\/\/api.w.org\/{rel}","templated":true}]}}