{"id":86,"date":"2015-10-02T18:16:00","date_gmt":"2015-10-02T16:16:00","guid":{"rendered":"http:\/\/www.bio-honig.de\/cms\/?page_id=86"},"modified":"2023-11-23T09:21:40","modified_gmt":"2023-11-23T08:21:40","slug":"impressum-2","status":"publish","type":"page","link":"https:\/\/www.bio-honig.de\/cms\/impressum-2\/","title":{"rendered":"Impressum"},"content":{"rendered":"<p><strong>Bl\u00fctenland Bienenh\u00f6fe \u2028Bioland Imkereiprodukte Heike Appel\u2028<\/strong><\/p>\n<p>Leineweg 4<br \/>\nD-37213 Witzenhausen<br \/>\nTel.:\u00a0+49 (0) 5542 72055<br \/>\nFax: +49 (0) 5542 502800<br \/>\nE-Mail: mail@bio-honig.de<\/p>\n<p>DE-\u00d6KO-006<\/p>\n<p>Umsatzsteuer-Identifikationsnmmer gem\u00e4\u00df \u00a7 27 a Umsatzsteuergesetz: DE 195 390941<br \/>\nBitte beachten Sie auch die AGBs f\u00fcr unseren Versandhandel.<br \/>\nHaftungshinweis: Trotz sorgf\u00e4ltiger inhaltlicher Kontrolle \u00fcbernehmen wir keine Haftung f\u00fcr die Inhalte externer Links. F\u00fcr den Inhalt der verlinkten Seiten sind ausschlie\u00dflich deren Betreiber verantwortlich<a href=\"https:\/\/www.bio-honig.de\/cms\/die-wirkung-von-honig-auf-den-filmgenuss\/\">.<\/a><\/p>\n","protected":false},"excerpt":{"rendered":"<p>Bl\u00fctenland Bienenh\u00f6fe \u2028Bioland Imkereiprodukte Heike Appel\u2028 Leineweg 4 D-37213 Witzenhausen Tel.:\u00a0+49 (0) 5542 72055 Fax: +49 (0) 5542 502800 E-Mail: mail@bio-honig.de DE-\u00d6KO-006 Umsatzsteuer-Identifikationsnmmer gem\u00e4\u00df \u00a7 27 a Umsatzsteuergesetz: DE 195 390941 Bitte beachten Sie auch die AGBs f\u00fcr unseren Versandhandel. Haftungshinweis: Trotz sorgf\u00e4ltiger inhaltlicher Kontrolle \u00fcbernehmen wir keine Haftung f\u00fcr die Inhalte externer Links. F\u00fcr [&hellip;]<\/p>\n","protected":false},"author":1,"featured_media":0,"parent":0,"menu_order":0,"comment_status":"closed","ping_status":"closed","template":"","meta":{"footnotes":""},"class_list":["post-86","page","type-page","status-publish","hentry"],"yoast_head":"<!-- This site is optimized with the Yoast SEO plugin v27.3 - https:\/\/yoast.com\/product\/yoast-seo-wordpress\/ -->\n<title>Impressum - Bl\u00fctenland Bienenh\u00f6fe<\/title>\n<meta name=\"robots\" content=\"index, follow, max-snippet:-1, max-image-preview:large, max-video-preview:-1\" \/>\n<link rel=\"canonical\" href=\"https:\/\/www.bio-honig.de\/cms\/impressum-2\/\" \/>\n<meta property=\"og:locale\" content=\"de_DE\" \/>\n<meta property=\"og:type\" content=\"article\" \/>\n<meta property=\"og:title\" content=\"Impressum - Bl\u00fctenland Bienenh\u00f6fe\" \/>\n<meta property=\"og:description\" content=\"Bl\u00fctenland Bienenh\u00f6fe \u2028Bioland Imkereiprodukte Heike Appel\u2028 Leineweg 4 D-37213 Witzenhausen Tel.:\u00a0+49 (0) 5542 72055 Fax: +49 (0) 5542 502800 E-Mail: mail@bio-honig.de DE-\u00d6KO-006 Umsatzsteuer-Identifikationsnmmer gem\u00e4\u00df \u00a7 27 a Umsatzsteuergesetz: DE 195 390941 Bitte beachten Sie auch die AGBs f\u00fcr unseren Versandhandel. Haftungshinweis: Trotz sorgf\u00e4ltiger inhaltlicher Kontrolle \u00fcbernehmen wir keine Haftung f\u00fcr die Inhalte externer Links. F\u00fcr [&hellip;]\" \/>\n<meta property=\"og:url\" content=\"https:\/\/www.bio-honig.de\/cms\/impressum-2\/\" \/>\n<meta property=\"og:site_name\" content=\"Bl\u00fctenland Bienenh\u00f6fe\" \/>\n<meta property=\"article:modified_time\" content=\"2023-11-23T08:21:40+00:00\" \/>\n<meta name=\"twitter:card\" content=\"summary_large_image\" \/>\n<meta name=\"twitter:label1\" content=\"Gesch\u00e4tzte Lesezeit\" \/>\n\t<meta name=\"twitter:data1\" content=\"1\u00a0Minute\" \/>\n<script type=\"application\/ld+json\" class=\"yoast-schema-graph\">{\"@context\":\"https:\\\/\\\/schema.org\",\"@graph\":[{\"@type\":\"WebPage\",\"@id\":\"https:\\\/\\\/www.bio-honig.de\\\/cms\\\/impressum-2\\\/\",\"url\":\"https:\\\/\\\/www.bio-honig.de\\\/cms\\\/impressum-2\\\/\",\"name\":\"Impressum - Bl\u00fctenland Bienenh\u00f6fe\",\"isPartOf\":{\"@id\":\"https:\\\/\\\/www.bio-honig.de\\\/cms\\\/#website\"},\"datePublished\":\"2015-10-02T16:16:00+00:00\",\"dateModified\":\"2023-11-23T08:21:40+00:00\",\"breadcrumb\":{\"@id\":\"https:\\\/\\\/www.bio-honig.de\\\/cms\\\/impressum-2\\\/#breadcrumb\"},\"inLanguage\":\"de\",\"potentialAction\":[{\"@type\":\"ReadAction\",\"target\":[\"https:\\\/\\\/www.bio-honig.de\\\/cms\\\/impressum-2\\\/\"]}]},{\"@type\":\"BreadcrumbList\",\"@id\":\"https:\\\/\\\/www.bio-honig.de\\\/cms\\\/impressum-2\\\/#breadcrumb\",\"itemListElement\":[{\"@type\":\"ListItem\",\"position\":1,\"name\":\"Startseite\",\"item\":\"https:\\\/\\\/www.bio-honig.de\\\/cms\\\/\"},{\"@type\":\"ListItem\",\"position\":2,\"name\":\"Impressum\"}]},{\"@type\":\"WebSite\",\"@id\":\"https:\\\/\\\/www.bio-honig.de\\\/cms\\\/#website\",\"url\":\"https:\\\/\\\/www.bio-honig.de\\\/cms\\\/\",\"name\":\"Bl\u00fctenland Bienenh\u00f6fe\",\"description\":\"Bio-Honig von Heike Appel\",\"publisher\":{\"@id\":\"https:\\\/\\\/www.bio-honig.de\\\/cms\\\/#organization\"},\"potentialAction\":[{\"@type\":\"SearchAction\",\"target\":{\"@type\":\"EntryPoint\",\"urlTemplate\":\"https:\\\/\\\/www.bio-honig.de\\\/cms\\\/?s={search_term_string}\"},\"query-input\":{\"@type\":\"PropertyValueSpecification\",\"valueRequired\":true,\"valueName\":\"search_term_string\"}}],\"inLanguage\":\"de\"},{\"@type\":\"Organization\",\"@id\":\"https:\\\/\\\/www.bio-honig.de\\\/cms\\\/#organization\",\"name\":\"Bl\u00fctenland Bienenh\u00f6fe - Bioland Imkereiprodukte\",\"url\":\"https:\\\/\\\/www.bio-honig.de\\\/cms\\\/\",\"logo\":{\"@type\":\"ImageObject\",\"inLanguage\":\"de\",\"@id\":\"https:\\\/\\\/www.bio-honig.de\\\/cms\\\/#\\\/schema\\\/logo\\\/image\\\/\",\"url\":\"https:\\\/\\\/www.bio-honig.de\\\/cms\\\/wp-content\\\/uploads\\\/2018\\\/12\\\/Bildschirmfoto-2018-12-16-um-17.31.00.png\",\"contentUrl\":\"https:\\\/\\\/www.bio-honig.de\\\/cms\\\/wp-content\\\/uploads\\\/2018\\\/12\\\/Bildschirmfoto-2018-12-16-um-17.31.00.png\",\"width\":750,\"height\":206,\"caption\":\"Bl\u00fctenland Bienenh\u00f6fe - Bioland Imkereiprodukte\"},\"image\":{\"@id\":\"https:\\\/\\\/www.bio-honig.de\\\/cms\\\/#\\\/schema\\\/logo\\\/image\\\/\"}}]}<\/script>\n<!-- \/ Yoast SEO plugin. -->","yoast_head_json":{"title":"Impressum - Bl\u00fctenland Bienenh\u00f6fe","robots":{"index":"index","follow":"follow","max-snippet":"max-snippet:-1","max-image-preview":"max-image-preview:large","max-video-preview":"max-video-preview:-1"},"canonical":"https:\/\/www.bio-honig.de\/cms\/impressum-2\/","og_locale":"de_DE","og_type":"article","og_title":"Impressum - Bl\u00fctenland Bienenh\u00f6fe","og_description":"Bl\u00fctenland Bienenh\u00f6fe \u2028Bioland Imkereiprodukte Heike Appel\u2028 Leineweg 4 D-37213 Witzenhausen Tel.:\u00a0+49 (0) 5542 72055 Fax: +49 (0) 5542 502800 E-Mail: mail@bio-honig.de DE-\u00d6KO-006 Umsatzsteuer-Identifikationsnmmer gem\u00e4\u00df \u00a7 27 a Umsatzsteuergesetz: DE 195 390941 Bitte beachten Sie auch die AGBs f\u00fcr unseren Versandhandel. Haftungshinweis: Trotz sorgf\u00e4ltiger inhaltlicher Kontrolle \u00fcbernehmen wir keine Haftung f\u00fcr die Inhalte externer Links. F\u00fcr [&hellip;]","og_url":"https:\/\/www.bio-honig.de\/cms\/impressum-2\/","og_site_name":"Bl\u00fctenland Bienenh\u00f6fe","article_modified_time":"2023-11-23T08:21:40+00:00","twitter_card":"summary_large_image","twitter_misc":{"Gesch\u00e4tzte Lesezeit":"1\u00a0Minute"},"schema":{"@context":"https:\/\/schema.org","@graph":[{"@type":"WebPage","@id":"https:\/\/www.bio-honig.de\/cms\/impressum-2\/","url":"https:\/\/www.bio-honig.de\/cms\/impressum-2\/","name":"Impressum - Bl\u00fctenland Bienenh\u00f6fe","isPartOf":{"@id":"https:\/\/www.bio-honig.de\/cms\/#website"},"datePublished":"2015-10-02T16:16:00+00:00","dateModified":"2023-11-23T08:21:40+00:00","breadcrumb":{"@id":"https:\/\/www.bio-honig.de\/cms\/impressum-2\/#breadcrumb"},"inLanguage":"de","potentialAction":[{"@type":"ReadAction","target":["https:\/\/www.bio-honig.de\/cms\/impressum-2\/"]}]},{"@type":"BreadcrumbList","@id":"https:\/\/www.bio-honig.de\/cms\/impressum-2\/#breadcrumb","itemListElement":[{"@type":"ListItem","position":1,"name":"Startseite","item":"https:\/\/www.bio-honig.de\/cms\/"},{"@type":"ListItem","position":2,"name":"Impressum"}]},{"@type":"WebSite","@id":"https:\/\/www.bio-honig.de\/cms\/#website","url":"https:\/\/www.bio-honig.de\/cms\/","name":"Bl\u00fctenland Bienenh\u00f6fe","description":"Bio-Honig von Heike Appel","publisher":{"@id":"https:\/\/www.bio-honig.de\/cms\/#organization"},"potentialAction":[{"@type":"SearchAction","target":{"@type":"EntryPoint","urlTemplate":"https:\/\/www.bio-honig.de\/cms\/?s={search_term_string}"},"query-input":{"@type":"PropertyValueSpecification","valueRequired":true,"valueName":"search_term_string"}}],"inLanguage":"de"},{"@type":"Organization","@id":"https:\/\/www.bio-honig.de\/cms\/#organization","name":"Bl\u00fctenland Bienenh\u00f6fe - Bioland Imkereiprodukte","url":"https:\/\/www.bio-honig.de\/cms\/","logo":{"@type":"ImageObject","inLanguage":"de","@id":"https:\/\/www.bio-honig.de\/cms\/#\/schema\/logo\/image\/","url":"https:\/\/www.bio-honig.de\/cms\/wp-content\/uploads\/2018\/12\/Bildschirmfoto-2018-12-16-um-17.31.00.png","contentUrl":"https:\/\/www.bio-honig.de\/cms\/wp-content\/uploads\/2018\/12\/Bildschirmfoto-2018-12-16-um-17.31.00.png","width":750,"height":206,"caption":"Bl\u00fctenland Bienenh\u00f6fe - Bioland Imkereiprodukte"},"image":{"@id":"https:\/\/www.bio-honig.de\/cms\/#\/schema\/logo\/image\/"}}]}},"_links":{"self":[{"href":"https:\/\/www.bio-honig.de\/cms\/wp-json\/wp\/v2\/pages\/86","targetHints":{"allow":["GET"]}}],"collection":[{"href":"https:\/\/www.bio-honig.de\/cms\/wp-json\/wp\/v2\/pages"}],"about":[{"href":"https:\/\/www.bio-honig.de\/cms\/wp-json\/wp\/v2\/types\/page"}],"author":[{"embeddable":true,"href":"https:\/\/www.bio-honig.de\/cms\/wp-json\/wp\/v2\/users\/1"}],"replies":[{"embeddable":true,"href":"https:\/\/www.bio-honig.de\/cms\/wp-json\/wp\/v2\/comments?post=86"}],"version-history":[{"count":4,"href":"https:\/\/www.bio-honig.de\/cms\/wp-json\/wp\/v2\/pages\/86\/revisions"}],"predecessor-version":[{"id":4917,"href":"https:\/\/www.bio-honig.de\/cms\/wp-json\/wp\/v2\/pages\/86\/revisions\/4917"}],"wp:attachment":[{"href":"https:\/\/www.bio-honig.de\/cms\/wp-json\/wp\/v2\/media?parent=86"}],"curies":[{"name":"wp","href":"https:\/\/api.w.org\/{rel}","templated":true}]}}