{"id":111,"date":"2016-11-02T12:18:16","date_gmt":"2016-11-02T11:18:16","guid":{"rendered":"http:\/\/www.bio-honig.de\/cms\/?post_type=product&#038;p=111"},"modified":"2026-04-22T06:59:23","modified_gmt":"2026-04-22T04:59:23","slug":"bio-akazienhonig-kaufen-mild-fein-l-bluetenland-bienenhoefe","status":"publish","type":"product","link":"https:\/\/www.bio-honig.de\/cms\/produkt\/bio-akazienhonig-kaufen-mild-fein-l-bluetenland-bienenhoefe\/","title":{"rendered":"Akazienhonig aus Brandenburg"},"content":{"rendered":"<p>Akazienhonig: Knorrige B\u00e4ume schm\u00fccken sich Ende Mai mit wei\u00dfen duftenden Bl\u00fctentrauben. Die Akazie, die auch &#8222;Scheinakazie&#8220; und botanisch richtig Robinie hei\u00dft, ist ein wundersch\u00f6ner Trachtbaum und spendet den Bienen einen hellen, lieblichen Nektar, der von Natur aus sehr lange fl\u00fcssig bleibt.<\/p>\n","protected":false},"excerpt":{"rendered":"<p><strong>Ernteregion:<\/strong> Brandenburg<br \/>\n<strong>Konsistenz:<\/strong> fl\u00fcssig<br \/>\n<strong>Aroma:<\/strong> liebliches Bl\u00fctenduftaroma<br \/>\n<strong>Farbe:<\/strong> hellgelb<br \/>\n<strong>DE-\u00d6KO-006:<\/strong> Deutscher Bioland-Honig<\/p>\n<p><strong>Qualit\u00e4t:<\/strong> Echter Rohhonig<\/p>\n","protected":false},"featured_media":340,"comment_status":"closed","ping_status":"closed","template":"","meta":[],"product_brand":[],"product_cat":[181,17,190],"product_tag":[62,34,37,38],"class_list":{"0":"post-111","1":"product","2":"type-product","3":"status-publish","4":"has-post-thumbnail","6":"product_cat-fluessiger-bioland-honig-aus-deutschland","7":"product_cat-deutscher-bio-honig","8":"product_cat-alle-bio-honige","9":"product_tag-aus-deutschland","10":"product_tag-hellgelb","11":"product_tag-fluessig","12":"product_tag-liebliches-bluetenduftaroma","14":"first","15":"instock","16":"taxable","17":"shipping-taxable","18":"purchasable","19":"product-type-variable","20":"has-default-attributes","21":"wvs-archive-product-wrapper"},"yoast_head":"<!-- This site is optimized with the Yoast SEO plugin v27.3 - https:\/\/yoast.com\/product\/yoast-seo-wordpress\/ -->\n<title>Bio Akazienhonig aus Brandenburg - Bl\u00fctenland Bienenh\u00f6fe<\/title>\n<meta name=\"description\" content=\"Entdecke unseren milden Bio Akazienhonig - zart, hell und besonders fein im Geschmack. 100 % Bioland Qualit\u00e4t aus Deutschland.\" \/>\n<meta name=\"robots\" content=\"index, follow, max-snippet:-1, max-image-preview:large, max-video-preview:-1\" \/>\n<link rel=\"canonical\" href=\"https:\/\/www.bio-honig.de\/cms\/produkt\/bio-akazienhonig-kaufen-mild-fein-l-bluetenland-bienenhoefe\/\" \/>\n<meta property=\"og:locale\" content=\"de_DE\" \/>\n<meta property=\"og:type\" content=\"article\" \/>\n<meta property=\"og:title\" content=\"Bio Akazienhonig aus Brandenburg - Bl\u00fctenland Bienenh\u00f6fe\" \/>\n<meta property=\"og:description\" content=\"Entdecke unseren milden Bio Akazienhonig - zart, hell und besonders fein im Geschmack. 100 % Bioland Qualit\u00e4t aus Deutschland.\" \/>\n<meta property=\"og:url\" content=\"https:\/\/www.bio-honig.de\/cms\/produkt\/bio-akazienhonig-kaufen-mild-fein-l-bluetenland-bienenhoefe\/\" \/>\n<meta property=\"og:site_name\" content=\"Bl\u00fctenland Bienenh\u00f6fe\" \/>\n<meta property=\"article:modified_time\" content=\"2026-04-22T04:59:23+00:00\" \/>\n<meta property=\"og:image\" content=\"https:\/\/www.bio-honig.de\/cms\/wp-content\/uploads\/2016\/11\/500-g-Akazie-DSC_0005_060.jpg\" \/>\n\t<meta property=\"og:image:width\" content=\"3640\" \/>\n\t<meta property=\"og:image:height\" content=\"3640\" \/>\n\t<meta property=\"og:image:type\" content=\"image\/jpeg\" \/>\n<meta name=\"twitter:card\" content=\"summary_large_image\" \/>\n<meta name=\"twitter:label1\" content=\"Gesch\u00e4tzte Lesezeit\" \/>\n\t<meta name=\"twitter:data1\" content=\"1\u00a0Minute\" \/>\n<script type=\"application\/ld+json\" class=\"yoast-schema-graph\">{\"@context\":\"https:\\\/\\\/schema.org\",\"@graph\":[{\"@type\":\"WebPage\",\"@id\":\"https:\\\/\\\/www.bio-honig.de\\\/cms\\\/produkt\\\/bio-akazienhonig-kaufen-mild-fein-l-bluetenland-bienenhoefe\\\/\",\"url\":\"https:\\\/\\\/www.bio-honig.de\\\/cms\\\/produkt\\\/bio-akazienhonig-kaufen-mild-fein-l-bluetenland-bienenhoefe\\\/\",\"name\":\"Bio Akazienhonig aus Brandenburg - Bl\u00fctenland Bienenh\u00f6fe\",\"isPartOf\":{\"@id\":\"https:\\\/\\\/www.bio-honig.de\\\/cms\\\/#website\"},\"primaryImageOfPage\":{\"@id\":\"https:\\\/\\\/www.bio-honig.de\\\/cms\\\/produkt\\\/bio-akazienhonig-kaufen-mild-fein-l-bluetenland-bienenhoefe\\\/#primaryimage\"},\"image\":{\"@id\":\"https:\\\/\\\/www.bio-honig.de\\\/cms\\\/produkt\\\/bio-akazienhonig-kaufen-mild-fein-l-bluetenland-bienenhoefe\\\/#primaryimage\"},\"thumbnailUrl\":\"https:\\\/\\\/www.bio-honig.de\\\/cms\\\/wp-content\\\/uploads\\\/2016\\\/11\\\/500-g-Akazie-DSC_0005_060.jpg\",\"datePublished\":\"2016-11-02T11:18:16+00:00\",\"dateModified\":\"2026-04-22T04:59:23+00:00\",\"description\":\"Entdecke unseren milden Bio Akazienhonig - zart, hell und besonders fein im Geschmack. 100 % Bioland Qualit\u00e4t aus Deutschland.\",\"breadcrumb\":{\"@id\":\"https:\\\/\\\/www.bio-honig.de\\\/cms\\\/produkt\\\/bio-akazienhonig-kaufen-mild-fein-l-bluetenland-bienenhoefe\\\/#breadcrumb\"},\"inLanguage\":\"de\",\"potentialAction\":[{\"@type\":\"ReadAction\",\"target\":[\"https:\\\/\\\/www.bio-honig.de\\\/cms\\\/produkt\\\/bio-akazienhonig-kaufen-mild-fein-l-bluetenland-bienenhoefe\\\/\"]}]},{\"@type\":\"ImageObject\",\"inLanguage\":\"de\",\"@id\":\"https:\\\/\\\/www.bio-honig.de\\\/cms\\\/produkt\\\/bio-akazienhonig-kaufen-mild-fein-l-bluetenland-bienenhoefe\\\/#primaryimage\",\"url\":\"https:\\\/\\\/www.bio-honig.de\\\/cms\\\/wp-content\\\/uploads\\\/2016\\\/11\\\/500-g-Akazie-DSC_0005_060.jpg\",\"contentUrl\":\"https:\\\/\\\/www.bio-honig.de\\\/cms\\\/wp-content\\\/uploads\\\/2016\\\/11\\\/500-g-Akazie-DSC_0005_060.jpg\",\"width\":3640,\"height\":3640},{\"@type\":\"BreadcrumbList\",\"@id\":\"https:\\\/\\\/www.bio-honig.de\\\/cms\\\/produkt\\\/bio-akazienhonig-kaufen-mild-fein-l-bluetenland-bienenhoefe\\\/#breadcrumb\",\"itemListElement\":[{\"@type\":\"ListItem\",\"position\":1,\"name\":\"Startseite\",\"item\":\"https:\\\/\\\/www.bio-honig.de\\\/cms\\\/\"},{\"@type\":\"ListItem\",\"position\":2,\"name\":\"Produkte\",\"item\":\"https:\\\/\\\/www.bio-honig.de\\\/cms\\\/shop\\\/\"},{\"@type\":\"ListItem\",\"position\":3,\"name\":\"Akazienhonig aus Brandenburg\"}]},{\"@type\":\"WebSite\",\"@id\":\"https:\\\/\\\/www.bio-honig.de\\\/cms\\\/#website\",\"url\":\"https:\\\/\\\/www.bio-honig.de\\\/cms\\\/\",\"name\":\"Bl\u00fctenland Bienenh\u00f6fe\",\"description\":\"Bio-Honig von Heike Appel\",\"publisher\":{\"@id\":\"https:\\\/\\\/www.bio-honig.de\\\/cms\\\/#organization\"},\"potentialAction\":[{\"@type\":\"SearchAction\",\"target\":{\"@type\":\"EntryPoint\",\"urlTemplate\":\"https:\\\/\\\/www.bio-honig.de\\\/cms\\\/?s={search_term_string}\"},\"query-input\":{\"@type\":\"PropertyValueSpecification\",\"valueRequired\":true,\"valueName\":\"search_term_string\"}}],\"inLanguage\":\"de\"},{\"@type\":\"Organization\",\"@id\":\"https:\\\/\\\/www.bio-honig.de\\\/cms\\\/#organization\",\"name\":\"Bl\u00fctenland Bienenh\u00f6fe - Bioland Imkereiprodukte\",\"url\":\"https:\\\/\\\/www.bio-honig.de\\\/cms\\\/\",\"logo\":{\"@type\":\"ImageObject\",\"inLanguage\":\"de\",\"@id\":\"https:\\\/\\\/www.bio-honig.de\\\/cms\\\/#\\\/schema\\\/logo\\\/image\\\/\",\"url\":\"https:\\\/\\\/www.bio-honig.de\\\/cms\\\/wp-content\\\/uploads\\\/2018\\\/12\\\/Bildschirmfoto-2018-12-16-um-17.31.00.png\",\"contentUrl\":\"https:\\\/\\\/www.bio-honig.de\\\/cms\\\/wp-content\\\/uploads\\\/2018\\\/12\\\/Bildschirmfoto-2018-12-16-um-17.31.00.png\",\"width\":750,\"height\":206,\"caption\":\"Bl\u00fctenland Bienenh\u00f6fe - Bioland Imkereiprodukte\"},\"image\":{\"@id\":\"https:\\\/\\\/www.bio-honig.de\\\/cms\\\/#\\\/schema\\\/logo\\\/image\\\/\"}}]}<\/script>\n<!-- \/ Yoast SEO plugin. -->","yoast_head_json":{"title":"Bio Akazienhonig aus Brandenburg - Bl\u00fctenland Bienenh\u00f6fe","description":"Entdecke unseren milden Bio Akazienhonig - zart, hell und besonders fein im Geschmack. 100 % Bioland Qualit\u00e4t aus Deutschland.","robots":{"index":"index","follow":"follow","max-snippet":"max-snippet:-1","max-image-preview":"max-image-preview:large","max-video-preview":"max-video-preview:-1"},"canonical":"https:\/\/www.bio-honig.de\/cms\/produkt\/bio-akazienhonig-kaufen-mild-fein-l-bluetenland-bienenhoefe\/","og_locale":"de_DE","og_type":"article","og_title":"Bio Akazienhonig aus Brandenburg - Bl\u00fctenland Bienenh\u00f6fe","og_description":"Entdecke unseren milden Bio Akazienhonig - zart, hell und besonders fein im Geschmack. 100 % Bioland Qualit\u00e4t aus Deutschland.","og_url":"https:\/\/www.bio-honig.de\/cms\/produkt\/bio-akazienhonig-kaufen-mild-fein-l-bluetenland-bienenhoefe\/","og_site_name":"Bl\u00fctenland Bienenh\u00f6fe","article_modified_time":"2026-04-22T04:59:23+00:00","og_image":[{"width":3640,"height":3640,"url":"https:\/\/www.bio-honig.de\/cms\/wp-content\/uploads\/2016\/11\/500-g-Akazie-DSC_0005_060.jpg","type":"image\/jpeg"}],"twitter_card":"summary_large_image","twitter_misc":{"Gesch\u00e4tzte Lesezeit":"1\u00a0Minute"},"schema":{"@context":"https:\/\/schema.org","@graph":[{"@type":"WebPage","@id":"https:\/\/www.bio-honig.de\/cms\/produkt\/bio-akazienhonig-kaufen-mild-fein-l-bluetenland-bienenhoefe\/","url":"https:\/\/www.bio-honig.de\/cms\/produkt\/bio-akazienhonig-kaufen-mild-fein-l-bluetenland-bienenhoefe\/","name":"Bio Akazienhonig aus Brandenburg - Bl\u00fctenland Bienenh\u00f6fe","isPartOf":{"@id":"https:\/\/www.bio-honig.de\/cms\/#website"},"primaryImageOfPage":{"@id":"https:\/\/www.bio-honig.de\/cms\/produkt\/bio-akazienhonig-kaufen-mild-fein-l-bluetenland-bienenhoefe\/#primaryimage"},"image":{"@id":"https:\/\/www.bio-honig.de\/cms\/produkt\/bio-akazienhonig-kaufen-mild-fein-l-bluetenland-bienenhoefe\/#primaryimage"},"thumbnailUrl":"https:\/\/www.bio-honig.de\/cms\/wp-content\/uploads\/2016\/11\/500-g-Akazie-DSC_0005_060.jpg","datePublished":"2016-11-02T11:18:16+00:00","dateModified":"2026-04-22T04:59:23+00:00","description":"Entdecke unseren milden Bio Akazienhonig - zart, hell und besonders fein im Geschmack. 100 % Bioland Qualit\u00e4t aus Deutschland.","breadcrumb":{"@id":"https:\/\/www.bio-honig.de\/cms\/produkt\/bio-akazienhonig-kaufen-mild-fein-l-bluetenland-bienenhoefe\/#breadcrumb"},"inLanguage":"de","potentialAction":[{"@type":"ReadAction","target":["https:\/\/www.bio-honig.de\/cms\/produkt\/bio-akazienhonig-kaufen-mild-fein-l-bluetenland-bienenhoefe\/"]}]},{"@type":"ImageObject","inLanguage":"de","@id":"https:\/\/www.bio-honig.de\/cms\/produkt\/bio-akazienhonig-kaufen-mild-fein-l-bluetenland-bienenhoefe\/#primaryimage","url":"https:\/\/www.bio-honig.de\/cms\/wp-content\/uploads\/2016\/11\/500-g-Akazie-DSC_0005_060.jpg","contentUrl":"https:\/\/www.bio-honig.de\/cms\/wp-content\/uploads\/2016\/11\/500-g-Akazie-DSC_0005_060.jpg","width":3640,"height":3640},{"@type":"BreadcrumbList","@id":"https:\/\/www.bio-honig.de\/cms\/produkt\/bio-akazienhonig-kaufen-mild-fein-l-bluetenland-bienenhoefe\/#breadcrumb","itemListElement":[{"@type":"ListItem","position":1,"name":"Startseite","item":"https:\/\/www.bio-honig.de\/cms\/"},{"@type":"ListItem","position":2,"name":"Produkte","item":"https:\/\/www.bio-honig.de\/cms\/shop\/"},{"@type":"ListItem","position":3,"name":"Akazienhonig aus Brandenburg"}]},{"@type":"WebSite","@id":"https:\/\/www.bio-honig.de\/cms\/#website","url":"https:\/\/www.bio-honig.de\/cms\/","name":"Bl\u00fctenland Bienenh\u00f6fe","description":"Bio-Honig von Heike Appel","publisher":{"@id":"https:\/\/www.bio-honig.de\/cms\/#organization"},"potentialAction":[{"@type":"SearchAction","target":{"@type":"EntryPoint","urlTemplate":"https:\/\/www.bio-honig.de\/cms\/?s={search_term_string}"},"query-input":{"@type":"PropertyValueSpecification","valueRequired":true,"valueName":"search_term_string"}}],"inLanguage":"de"},{"@type":"Organization","@id":"https:\/\/www.bio-honig.de\/cms\/#organization","name":"Bl\u00fctenland Bienenh\u00f6fe - Bioland Imkereiprodukte","url":"https:\/\/www.bio-honig.de\/cms\/","logo":{"@type":"ImageObject","inLanguage":"de","@id":"https:\/\/www.bio-honig.de\/cms\/#\/schema\/logo\/image\/","url":"https:\/\/www.bio-honig.de\/cms\/wp-content\/uploads\/2018\/12\/Bildschirmfoto-2018-12-16-um-17.31.00.png","contentUrl":"https:\/\/www.bio-honig.de\/cms\/wp-content\/uploads\/2018\/12\/Bildschirmfoto-2018-12-16-um-17.31.00.png","width":750,"height":206,"caption":"Bl\u00fctenland Bienenh\u00f6fe - Bioland Imkereiprodukte"},"image":{"@id":"https:\/\/www.bio-honig.de\/cms\/#\/schema\/logo\/image\/"}}]}},"_links":{"self":[{"href":"https:\/\/www.bio-honig.de\/cms\/wp-json\/wp\/v2\/product\/111","targetHints":{"allow":["GET"]}}],"collection":[{"href":"https:\/\/www.bio-honig.de\/cms\/wp-json\/wp\/v2\/product"}],"about":[{"href":"https:\/\/www.bio-honig.de\/cms\/wp-json\/wp\/v2\/types\/product"}],"replies":[{"embeddable":true,"href":"https:\/\/www.bio-honig.de\/cms\/wp-json\/wp\/v2\/comments?post=111"}],"wp:featuredmedia":[{"embeddable":true,"href":"https:\/\/www.bio-honig.de\/cms\/wp-json\/wp\/v2\/media\/340"}],"wp:attachment":[{"href":"https:\/\/www.bio-honig.de\/cms\/wp-json\/wp\/v2\/media?parent=111"}],"wp:term":[{"taxonomy":"product_brand","embeddable":true,"href":"https:\/\/www.bio-honig.de\/cms\/wp-json\/wp\/v2\/product_brand?post=111"},{"taxonomy":"product_cat","embeddable":true,"href":"https:\/\/www.bio-honig.de\/cms\/wp-json\/wp\/v2\/product_cat?post=111"},{"taxonomy":"product_tag","embeddable":true,"href":"https:\/\/www.bio-honig.de\/cms\/wp-json\/wp\/v2\/product_tag?post=111"}],"curies":[{"name":"wp","href":"https:\/\/api.w.org\/{rel}","templated":true}]}}