{"id":121,"date":"2016-11-07T18:19:02","date_gmt":"2016-11-07T17:19:02","guid":{"rendered":"http:\/\/www.bio-honig.de\/cms\/?post_type=product&#038;p=121"},"modified":"2026-04-08T19:55:26","modified_gmt":"2026-04-08T17:55:26","slug":"bio-met-aus-sommerbluetenhonig-kaufen-feinwuerziges-aroma-bluetenland-bienenhoefe","status":"publish","type":"product","link":"https:\/\/www.bio-honig.de\/cms\/produkt\/bio-met-aus-sommerbluetenhonig-kaufen-feinwuerziges-aroma-bluetenland-bienenhoefe\/","title":{"rendered":"Met aus Sommerbl\u00fctenhonig"},"content":{"rendered":"<p>Met ist ein besonders veredelter \u201eHonigtropfen\u201c. Honig wird im Fass vergoren und \u2013 wie bei der Traubenweinherstellung \u2013 lieblich bis herb ausgebaut. Die Honigsorte gibt dem Met die besonderen Geschmacksnuancen. Met aus hellem Bl\u00fctenhonig bekommt einen leichten, blumigen Charakter. In einem Met aus Lindenhonig findet man das feine Minzeduftaroma der Lindenbl\u00fcten wieder. Wald- oder auch Heidehonig geben dem Met eine w\u00fcrzige Note und eine sch\u00f6ne kr\u00e4ftige Farbe. Mehrj\u00e4hrig gelagert gewinnt der Honigwein an Reife. Auch die einmal ge\u00f6ffnete Flasche bleibt lange haltbar.<\/p>\n<p>Geniessen Sie Met wie einen Sherry \u2013 gek\u00fchlt oder bei Zimmertemperatur \u2013 als Aperitif. Hei\u00dfer Met ist ein durchw\u00e4rmender Genu\u00df. Erw\u00e4rmen Sie den Met wie Gl\u00fchwein auf Trinktemperatur. So entfaltet sich das Aroma sehr sch\u00f6n, Sie brauchen keine Gew\u00fcrze zuzusetzen. Auch im Tee und in der kreativen K\u00fcche tut ein Schu\u00df Met gut!<\/p>\n<p>Ein sch\u00f6ner milder Honigwein aus Sommerbl\u00fctenhonig. 12% Vol.<\/p>\n<p>0,25 l Flasche oder 0,75 l Flasche<\/p>\n<p>Jahrgang 2022.<\/p>\n<p>Ernteregion: Deutschland<\/p>\n","protected":false},"excerpt":{"rendered":"<p>&nbsp;<\/p>\n<p>&nbsp;<\/p>\n","protected":false},"featured_media":4888,"comment_status":"closed","ping_status":"closed","template":"","meta":[],"product_brand":[],"product_cat":[18],"product_tag":[28,55,62],"class_list":{"0":"post-121","1":"product","2":"type-product","3":"status-publish","4":"has-post-thumbnail","6":"product_cat-bio-met","7":"product_tag-mild","8":"product_tag-aromatisch","9":"product_tag-aus-deutschland","11":"first","12":"instock","13":"taxable","14":"shipping-taxable","15":"purchasable","16":"product-type-variable","17":"has-default-attributes","18":"wvs-archive-product-wrapper"},"yoast_head":"<!-- This site is optimized with the Yoast SEO plugin v27.3 - https:\/\/yoast.com\/product\/yoast-seo-wordpress\/ -->\n<title>Bio Met aus Sommerbl\u00fctenhonig - Bl\u00fctenland Bienenh\u00f6fe<\/title>\n<meta name=\"description\" content=\"Feinaromatischer Met aus Bio Sommerbl\u00fctenhonig. 100 % Bioland Qualit\u00e4t aus Deutschland - naturbelassen, intensiv und besonders wertvoll.\" \/>\n<meta name=\"robots\" content=\"index, follow, max-snippet:-1, max-image-preview:large, max-video-preview:-1\" \/>\n<link rel=\"canonical\" href=\"https:\/\/www.bio-honig.de\/cms\/produkt\/bio-met-aus-sommerbluetenhonig-kaufen-feinwuerziges-aroma-bluetenland-bienenhoefe\/\" \/>\n<meta property=\"og:locale\" content=\"de_DE\" \/>\n<meta property=\"og:type\" content=\"article\" \/>\n<meta property=\"og:title\" content=\"Bio Met aus Sommerbl\u00fctenhonig - Bl\u00fctenland Bienenh\u00f6fe\" \/>\n<meta property=\"og:description\" content=\"Feinaromatischer Met aus Bio Sommerbl\u00fctenhonig. 100 % Bioland Qualit\u00e4t aus Deutschland - naturbelassen, intensiv und besonders wertvoll.\" \/>\n<meta property=\"og:url\" content=\"https:\/\/www.bio-honig.de\/cms\/produkt\/bio-met-aus-sommerbluetenhonig-kaufen-feinwuerziges-aroma-bluetenland-bienenhoefe\/\" \/>\n<meta property=\"og:site_name\" content=\"Bl\u00fctenland Bienenh\u00f6fe\" \/>\n<meta property=\"article:modified_time\" content=\"2026-04-08T17:55:26+00:00\" \/>\n<meta property=\"og:image\" content=\"https:\/\/www.bio-honig.de\/cms\/wp-content\/uploads\/2023\/11\/sommerblueten-honig-met-mild-und-fein.jpg\" \/>\n\t<meta property=\"og:image:width\" content=\"1200\" \/>\n\t<meta property=\"og:image:height\" content=\"1200\" \/>\n\t<meta property=\"og:image:type\" content=\"image\/jpeg\" \/>\n<meta name=\"twitter:card\" content=\"summary_large_image\" \/>\n<meta name=\"twitter:label1\" content=\"Gesch\u00e4tzte Lesezeit\" \/>\n\t<meta name=\"twitter:data1\" content=\"2\u00a0Minuten\" \/>\n<script type=\"application\/ld+json\" class=\"yoast-schema-graph\">{\"@context\":\"https:\\\/\\\/schema.org\",\"@graph\":[{\"@type\":\"WebPage\",\"@id\":\"https:\\\/\\\/www.bio-honig.de\\\/cms\\\/produkt\\\/bio-met-aus-sommerbluetenhonig-kaufen-feinwuerziges-aroma-bluetenland-bienenhoefe\\\/\",\"url\":\"https:\\\/\\\/www.bio-honig.de\\\/cms\\\/produkt\\\/bio-met-aus-sommerbluetenhonig-kaufen-feinwuerziges-aroma-bluetenland-bienenhoefe\\\/\",\"name\":\"Bio Met aus Sommerbl\u00fctenhonig - Bl\u00fctenland Bienenh\u00f6fe\",\"isPartOf\":{\"@id\":\"https:\\\/\\\/www.bio-honig.de\\\/cms\\\/#website\"},\"primaryImageOfPage\":{\"@id\":\"https:\\\/\\\/www.bio-honig.de\\\/cms\\\/produkt\\\/bio-met-aus-sommerbluetenhonig-kaufen-feinwuerziges-aroma-bluetenland-bienenhoefe\\\/#primaryimage\"},\"image\":{\"@id\":\"https:\\\/\\\/www.bio-honig.de\\\/cms\\\/produkt\\\/bio-met-aus-sommerbluetenhonig-kaufen-feinwuerziges-aroma-bluetenland-bienenhoefe\\\/#primaryimage\"},\"thumbnailUrl\":\"https:\\\/\\\/www.bio-honig.de\\\/cms\\\/wp-content\\\/uploads\\\/2023\\\/11\\\/sommerblueten-honig-met-mild-und-fein.jpg\",\"datePublished\":\"2016-11-07T17:19:02+00:00\",\"dateModified\":\"2026-04-08T17:55:26+00:00\",\"description\":\"Feinaromatischer Met aus Bio Sommerbl\u00fctenhonig. 100 % Bioland Qualit\u00e4t aus Deutschland - naturbelassen, intensiv und besonders wertvoll.\",\"breadcrumb\":{\"@id\":\"https:\\\/\\\/www.bio-honig.de\\\/cms\\\/produkt\\\/bio-met-aus-sommerbluetenhonig-kaufen-feinwuerziges-aroma-bluetenland-bienenhoefe\\\/#breadcrumb\"},\"inLanguage\":\"de\",\"potentialAction\":[{\"@type\":\"ReadAction\",\"target\":[\"https:\\\/\\\/www.bio-honig.de\\\/cms\\\/produkt\\\/bio-met-aus-sommerbluetenhonig-kaufen-feinwuerziges-aroma-bluetenland-bienenhoefe\\\/\"]}]},{\"@type\":\"ImageObject\",\"inLanguage\":\"de\",\"@id\":\"https:\\\/\\\/www.bio-honig.de\\\/cms\\\/produkt\\\/bio-met-aus-sommerbluetenhonig-kaufen-feinwuerziges-aroma-bluetenland-bienenhoefe\\\/#primaryimage\",\"url\":\"https:\\\/\\\/www.bio-honig.de\\\/cms\\\/wp-content\\\/uploads\\\/2023\\\/11\\\/sommerblueten-honig-met-mild-und-fein.jpg\",\"contentUrl\":\"https:\\\/\\\/www.bio-honig.de\\\/cms\\\/wp-content\\\/uploads\\\/2023\\\/11\\\/sommerblueten-honig-met-mild-und-fein.jpg\",\"width\":1200,\"height\":1200},{\"@type\":\"BreadcrumbList\",\"@id\":\"https:\\\/\\\/www.bio-honig.de\\\/cms\\\/produkt\\\/bio-met-aus-sommerbluetenhonig-kaufen-feinwuerziges-aroma-bluetenland-bienenhoefe\\\/#breadcrumb\",\"itemListElement\":[{\"@type\":\"ListItem\",\"position\":1,\"name\":\"Startseite\",\"item\":\"https:\\\/\\\/www.bio-honig.de\\\/cms\\\/\"},{\"@type\":\"ListItem\",\"position\":2,\"name\":\"Produkte\",\"item\":\"https:\\\/\\\/www.bio-honig.de\\\/cms\\\/shop\\\/\"},{\"@type\":\"ListItem\",\"position\":3,\"name\":\"Met aus Sommerbl\u00fctenhonig\"}]},{\"@type\":\"WebSite\",\"@id\":\"https:\\\/\\\/www.bio-honig.de\\\/cms\\\/#website\",\"url\":\"https:\\\/\\\/www.bio-honig.de\\\/cms\\\/\",\"name\":\"Bl\u00fctenland Bienenh\u00f6fe\",\"description\":\"Bio-Honig von Heike Appel\",\"publisher\":{\"@id\":\"https:\\\/\\\/www.bio-honig.de\\\/cms\\\/#organization\"},\"potentialAction\":[{\"@type\":\"SearchAction\",\"target\":{\"@type\":\"EntryPoint\",\"urlTemplate\":\"https:\\\/\\\/www.bio-honig.de\\\/cms\\\/?s={search_term_string}\"},\"query-input\":{\"@type\":\"PropertyValueSpecification\",\"valueRequired\":true,\"valueName\":\"search_term_string\"}}],\"inLanguage\":\"de\"},{\"@type\":\"Organization\",\"@id\":\"https:\\\/\\\/www.bio-honig.de\\\/cms\\\/#organization\",\"name\":\"Bl\u00fctenland Bienenh\u00f6fe - Bioland Imkereiprodukte\",\"url\":\"https:\\\/\\\/www.bio-honig.de\\\/cms\\\/\",\"logo\":{\"@type\":\"ImageObject\",\"inLanguage\":\"de\",\"@id\":\"https:\\\/\\\/www.bio-honig.de\\\/cms\\\/#\\\/schema\\\/logo\\\/image\\\/\",\"url\":\"https:\\\/\\\/www.bio-honig.de\\\/cms\\\/wp-content\\\/uploads\\\/2018\\\/12\\\/Bildschirmfoto-2018-12-16-um-17.31.00.png\",\"contentUrl\":\"https:\\\/\\\/www.bio-honig.de\\\/cms\\\/wp-content\\\/uploads\\\/2018\\\/12\\\/Bildschirmfoto-2018-12-16-um-17.31.00.png\",\"width\":750,\"height\":206,\"caption\":\"Bl\u00fctenland Bienenh\u00f6fe - Bioland Imkereiprodukte\"},\"image\":{\"@id\":\"https:\\\/\\\/www.bio-honig.de\\\/cms\\\/#\\\/schema\\\/logo\\\/image\\\/\"}}]}<\/script>\n<!-- \/ Yoast SEO plugin. -->","yoast_head_json":{"title":"Bio Met aus Sommerbl\u00fctenhonig - Bl\u00fctenland Bienenh\u00f6fe","description":"Feinaromatischer Met aus Bio Sommerbl\u00fctenhonig. 100 % Bioland Qualit\u00e4t aus Deutschland - naturbelassen, intensiv und besonders wertvoll.","robots":{"index":"index","follow":"follow","max-snippet":"max-snippet:-1","max-image-preview":"max-image-preview:large","max-video-preview":"max-video-preview:-1"},"canonical":"https:\/\/www.bio-honig.de\/cms\/produkt\/bio-met-aus-sommerbluetenhonig-kaufen-feinwuerziges-aroma-bluetenland-bienenhoefe\/","og_locale":"de_DE","og_type":"article","og_title":"Bio Met aus Sommerbl\u00fctenhonig - Bl\u00fctenland Bienenh\u00f6fe","og_description":"Feinaromatischer Met aus Bio Sommerbl\u00fctenhonig. 100 % Bioland Qualit\u00e4t aus Deutschland - naturbelassen, intensiv und besonders wertvoll.","og_url":"https:\/\/www.bio-honig.de\/cms\/produkt\/bio-met-aus-sommerbluetenhonig-kaufen-feinwuerziges-aroma-bluetenland-bienenhoefe\/","og_site_name":"Bl\u00fctenland Bienenh\u00f6fe","article_modified_time":"2026-04-08T17:55:26+00:00","og_image":[{"width":1200,"height":1200,"url":"https:\/\/www.bio-honig.de\/cms\/wp-content\/uploads\/2023\/11\/sommerblueten-honig-met-mild-und-fein.jpg","type":"image\/jpeg"}],"twitter_card":"summary_large_image","twitter_misc":{"Gesch\u00e4tzte Lesezeit":"2\u00a0Minuten"},"schema":{"@context":"https:\/\/schema.org","@graph":[{"@type":"WebPage","@id":"https:\/\/www.bio-honig.de\/cms\/produkt\/bio-met-aus-sommerbluetenhonig-kaufen-feinwuerziges-aroma-bluetenland-bienenhoefe\/","url":"https:\/\/www.bio-honig.de\/cms\/produkt\/bio-met-aus-sommerbluetenhonig-kaufen-feinwuerziges-aroma-bluetenland-bienenhoefe\/","name":"Bio Met aus Sommerbl\u00fctenhonig - Bl\u00fctenland Bienenh\u00f6fe","isPartOf":{"@id":"https:\/\/www.bio-honig.de\/cms\/#website"},"primaryImageOfPage":{"@id":"https:\/\/www.bio-honig.de\/cms\/produkt\/bio-met-aus-sommerbluetenhonig-kaufen-feinwuerziges-aroma-bluetenland-bienenhoefe\/#primaryimage"},"image":{"@id":"https:\/\/www.bio-honig.de\/cms\/produkt\/bio-met-aus-sommerbluetenhonig-kaufen-feinwuerziges-aroma-bluetenland-bienenhoefe\/#primaryimage"},"thumbnailUrl":"https:\/\/www.bio-honig.de\/cms\/wp-content\/uploads\/2023\/11\/sommerblueten-honig-met-mild-und-fein.jpg","datePublished":"2016-11-07T17:19:02+00:00","dateModified":"2026-04-08T17:55:26+00:00","description":"Feinaromatischer Met aus Bio Sommerbl\u00fctenhonig. 100 % Bioland Qualit\u00e4t aus Deutschland - naturbelassen, intensiv und besonders wertvoll.","breadcrumb":{"@id":"https:\/\/www.bio-honig.de\/cms\/produkt\/bio-met-aus-sommerbluetenhonig-kaufen-feinwuerziges-aroma-bluetenland-bienenhoefe\/#breadcrumb"},"inLanguage":"de","potentialAction":[{"@type":"ReadAction","target":["https:\/\/www.bio-honig.de\/cms\/produkt\/bio-met-aus-sommerbluetenhonig-kaufen-feinwuerziges-aroma-bluetenland-bienenhoefe\/"]}]},{"@type":"ImageObject","inLanguage":"de","@id":"https:\/\/www.bio-honig.de\/cms\/produkt\/bio-met-aus-sommerbluetenhonig-kaufen-feinwuerziges-aroma-bluetenland-bienenhoefe\/#primaryimage","url":"https:\/\/www.bio-honig.de\/cms\/wp-content\/uploads\/2023\/11\/sommerblueten-honig-met-mild-und-fein.jpg","contentUrl":"https:\/\/www.bio-honig.de\/cms\/wp-content\/uploads\/2023\/11\/sommerblueten-honig-met-mild-und-fein.jpg","width":1200,"height":1200},{"@type":"BreadcrumbList","@id":"https:\/\/www.bio-honig.de\/cms\/produkt\/bio-met-aus-sommerbluetenhonig-kaufen-feinwuerziges-aroma-bluetenland-bienenhoefe\/#breadcrumb","itemListElement":[{"@type":"ListItem","position":1,"name":"Startseite","item":"https:\/\/www.bio-honig.de\/cms\/"},{"@type":"ListItem","position":2,"name":"Produkte","item":"https:\/\/www.bio-honig.de\/cms\/shop\/"},{"@type":"ListItem","position":3,"name":"Met aus Sommerbl\u00fctenhonig"}]},{"@type":"WebSite","@id":"https:\/\/www.bio-honig.de\/cms\/#website","url":"https:\/\/www.bio-honig.de\/cms\/","name":"Bl\u00fctenland Bienenh\u00f6fe","description":"Bio-Honig von Heike Appel","publisher":{"@id":"https:\/\/www.bio-honig.de\/cms\/#organization"},"potentialAction":[{"@type":"SearchAction","target":{"@type":"EntryPoint","urlTemplate":"https:\/\/www.bio-honig.de\/cms\/?s={search_term_string}"},"query-input":{"@type":"PropertyValueSpecification","valueRequired":true,"valueName":"search_term_string"}}],"inLanguage":"de"},{"@type":"Organization","@id":"https:\/\/www.bio-honig.de\/cms\/#organization","name":"Bl\u00fctenland Bienenh\u00f6fe - Bioland Imkereiprodukte","url":"https:\/\/www.bio-honig.de\/cms\/","logo":{"@type":"ImageObject","inLanguage":"de","@id":"https:\/\/www.bio-honig.de\/cms\/#\/schema\/logo\/image\/","url":"https:\/\/www.bio-honig.de\/cms\/wp-content\/uploads\/2018\/12\/Bildschirmfoto-2018-12-16-um-17.31.00.png","contentUrl":"https:\/\/www.bio-honig.de\/cms\/wp-content\/uploads\/2018\/12\/Bildschirmfoto-2018-12-16-um-17.31.00.png","width":750,"height":206,"caption":"Bl\u00fctenland Bienenh\u00f6fe - Bioland Imkereiprodukte"},"image":{"@id":"https:\/\/www.bio-honig.de\/cms\/#\/schema\/logo\/image\/"}}]}},"_links":{"self":[{"href":"https:\/\/www.bio-honig.de\/cms\/wp-json\/wp\/v2\/product\/121","targetHints":{"allow":["GET"]}}],"collection":[{"href":"https:\/\/www.bio-honig.de\/cms\/wp-json\/wp\/v2\/product"}],"about":[{"href":"https:\/\/www.bio-honig.de\/cms\/wp-json\/wp\/v2\/types\/product"}],"replies":[{"embeddable":true,"href":"https:\/\/www.bio-honig.de\/cms\/wp-json\/wp\/v2\/comments?post=121"}],"wp:featuredmedia":[{"embeddable":true,"href":"https:\/\/www.bio-honig.de\/cms\/wp-json\/wp\/v2\/media\/4888"}],"wp:attachment":[{"href":"https:\/\/www.bio-honig.de\/cms\/wp-json\/wp\/v2\/media?parent=121"}],"wp:term":[{"taxonomy":"product_brand","embeddable":true,"href":"https:\/\/www.bio-honig.de\/cms\/wp-json\/wp\/v2\/product_brand?post=121"},{"taxonomy":"product_cat","embeddable":true,"href":"https:\/\/www.bio-honig.de\/cms\/wp-json\/wp\/v2\/product_cat?post=121"},{"taxonomy":"product_tag","embeddable":true,"href":"https:\/\/www.bio-honig.de\/cms\/wp-json\/wp\/v2\/product_tag?post=121"}],"curies":[{"name":"wp","href":"https:\/\/api.w.org\/{rel}","templated":true}]}}