{"id":128,"date":"2016-11-08T09:54:30","date_gmt":"2016-11-08T08:54:30","guid":{"rendered":"http:\/\/www.bio-honig.de\/cms\/produkt\/met-aus-heide-bluetenhonig\/"},"modified":"2025-08-05T09:30:52","modified_gmt":"2025-08-05T07:30:52","slug":"met-aus-heide-bluetenhonig","status":"publish","type":"product","link":"https:\/\/www.bio-honig.de\/cms\/produkt\/met-aus-heide-bluetenhonig\/","title":{"rendered":"Met aus Heide &#038; Bl\u00fctenhonig"},"content":{"rendered":"<p>Met ist ein besonders veredelter \u201eHonigtropfen\u201c. Honig wird im Fass vergoren und \u2013 wie bei der Traubenweinherstellung \u2013 lieblich bis herb ausgebaut. Die Honigsorte gibt dem Met die besonderen Geschmacksnuancen. Met aus hellem Bl\u00fctenhonig bekommt einen leichten, blumigen Charakter. In einem Met aus Lindenhonig findet man das feine Minzeduftaroma der Lindenbl\u00fcten wieder. Wald- oder auch Heidehonig geben dem Met eine w\u00fcrzige Note und eine sch\u00f6ne kr\u00e4ftige Farbe. Mehrj\u00e4hrig gelagert gewinnt der Honigwein an Reife. Auch die einmal ge\u00f6ffnete Flasche bleibt lange haltbar.<\/p>\n<p>Geniessen Sie Met wie einen Sherry \u2013 gek\u00fchlt oder bei Zimmertemperatur \u2013 als Aperitif. Hei\u00dfer Met ist ein durchw\u00e4rmender Genu\u00df. Erw\u00e4rmen Sie den Met wie Gl\u00fchwein auf Trinktemperatur. So entfaltet sich das Aroma sehr sch\u00f6n, Sie brauchen keine Gew\u00fcrze zuzusetzen. Auch im Tee und in der kreativen K\u00fcche tut ein Schu\u00df Met gut!<\/p>\n<p>Ein w\u00fcrziger Honigwein aus Heidehonig mit Bl\u00fctenhonig. 12% Vol.<\/p>\n<p>Jahrgang 2016.<\/p>\n<p>Ernteregion: Deutschland<\/p>\n<p>Farbe: rubinbraun-bernsteinfarben<\/p>\n<p>&nbsp;<\/p>\n<p>&nbsp;<\/p>\n","protected":false},"excerpt":{"rendered":"<p>Met ist ein besonders veredelter \u201eHonigtropfen\u201c. Honig wird im Fass vergoren und \u2013 wie bei der Traubenweinherstellung \u2013 lieblich bis herb ausgebaut. Die Honigsorte gibt dem Met die besonderen Geschmacksnuancen. Met aus hellem Bl\u00fctenhonig bekommt einen leichten, blumigen Charakter. In einem Met aus Lindenhonig findet man das feine Minzeduftaroma der Lindenbl\u00fcten wieder. Wald- oder auch [&hellip;]<\/p>\n","protected":false},"featured_media":4889,"comment_status":"closed","ping_status":"closed","template":"","meta":[],"product_brand":[],"product_cat":[18],"product_tag":[56,57,62,109],"class_list":{"0":"post-128","1":"product","2":"type-product","3":"status-publish","4":"has-post-thumbnail","6":"product_cat-bio-met","7":"product_tag-wuerzig","8":"product_tag-hocharomatisch","9":"product_tag-aus-deutschland","10":"product_tag-vollmundig","12":"first","13":"outofstock","14":"taxable","15":"shipping-taxable","16":"purchasable","17":"product-type-variable","18":"has-default-attributes","19":"wvs-archive-product-wrapper"},"yoast_head":"<!-- This site is optimized with the Yoast SEO plugin v27.3 - https:\/\/yoast.com\/product\/yoast-seo-wordpress\/ -->\n<title>Met aus Heide &amp; Bl\u00fctenhonig - Bl\u00fctenland Bienenh\u00f6fe<\/title>\n<meta name=\"robots\" content=\"index, follow, max-snippet:-1, max-image-preview:large, max-video-preview:-1\" \/>\n<link rel=\"canonical\" href=\"https:\/\/www.bio-honig.de\/cms\/produkt\/met-aus-heide-bluetenhonig\/\" \/>\n<meta property=\"og:locale\" content=\"de_DE\" \/>\n<meta property=\"og:type\" content=\"article\" \/>\n<meta property=\"og:title\" content=\"Met aus Heide &amp; Bl\u00fctenhonig - Bl\u00fctenland Bienenh\u00f6fe\" \/>\n<meta property=\"og:description\" content=\"Met ist ein besonders veredelter \u201eHonigtropfen\u201c. Honig wird im Fass vergoren und \u2013 wie bei der Traubenweinherstellung \u2013 lieblich bis herb ausgebaut. Die Honigsorte gibt dem Met die besonderen Geschmacksnuancen. Met aus hellem Bl\u00fctenhonig bekommt einen leichten, blumigen Charakter. In einem Met aus Lindenhonig findet man das feine Minzeduftaroma der Lindenbl\u00fcten wieder. Wald- oder auch [&hellip;]\" \/>\n<meta property=\"og:url\" content=\"https:\/\/www.bio-honig.de\/cms\/produkt\/met-aus-heide-bluetenhonig\/\" \/>\n<meta property=\"og:site_name\" content=\"Bl\u00fctenland Bienenh\u00f6fe\" \/>\n<meta property=\"article:modified_time\" content=\"2025-08-05T07:30:52+00:00\" \/>\n<meta property=\"og:image\" content=\"https:\/\/www.bio-honig.de\/cms\/wp-content\/uploads\/2016\/11\/sommerblueten-honig-met-feinherb.jpg\" \/>\n\t<meta property=\"og:image:width\" content=\"2000\" \/>\n\t<meta property=\"og:image:height\" content=\"2000\" \/>\n\t<meta property=\"og:image:type\" content=\"image\/jpeg\" \/>\n<meta name=\"twitter:card\" content=\"summary_large_image\" \/>\n<meta name=\"twitter:label1\" content=\"Gesch\u00e4tzte Lesezeit\" \/>\n\t<meta name=\"twitter:data1\" content=\"2\u00a0Minuten\" \/>\n<script type=\"application\/ld+json\" class=\"yoast-schema-graph\">{\"@context\":\"https:\\\/\\\/schema.org\",\"@graph\":[{\"@type\":\"WebPage\",\"@id\":\"https:\\\/\\\/www.bio-honig.de\\\/cms\\\/produkt\\\/met-aus-heide-bluetenhonig\\\/\",\"url\":\"https:\\\/\\\/www.bio-honig.de\\\/cms\\\/produkt\\\/met-aus-heide-bluetenhonig\\\/\",\"name\":\"Met aus Heide & Bl\u00fctenhonig - Bl\u00fctenland Bienenh\u00f6fe\",\"isPartOf\":{\"@id\":\"https:\\\/\\\/www.bio-honig.de\\\/cms\\\/#website\"},\"primaryImageOfPage\":{\"@id\":\"https:\\\/\\\/www.bio-honig.de\\\/cms\\\/produkt\\\/met-aus-heide-bluetenhonig\\\/#primaryimage\"},\"image\":{\"@id\":\"https:\\\/\\\/www.bio-honig.de\\\/cms\\\/produkt\\\/met-aus-heide-bluetenhonig\\\/#primaryimage\"},\"thumbnailUrl\":\"https:\\\/\\\/www.bio-honig.de\\\/cms\\\/wp-content\\\/uploads\\\/2016\\\/11\\\/sommerblueten-honig-met-feinherb.jpg\",\"datePublished\":\"2016-11-08T08:54:30+00:00\",\"dateModified\":\"2025-08-05T07:30:52+00:00\",\"breadcrumb\":{\"@id\":\"https:\\\/\\\/www.bio-honig.de\\\/cms\\\/produkt\\\/met-aus-heide-bluetenhonig\\\/#breadcrumb\"},\"inLanguage\":\"de\",\"potentialAction\":[{\"@type\":\"ReadAction\",\"target\":[\"https:\\\/\\\/www.bio-honig.de\\\/cms\\\/produkt\\\/met-aus-heide-bluetenhonig\\\/\"]}]},{\"@type\":\"ImageObject\",\"inLanguage\":\"de\",\"@id\":\"https:\\\/\\\/www.bio-honig.de\\\/cms\\\/produkt\\\/met-aus-heide-bluetenhonig\\\/#primaryimage\",\"url\":\"https:\\\/\\\/www.bio-honig.de\\\/cms\\\/wp-content\\\/uploads\\\/2016\\\/11\\\/sommerblueten-honig-met-feinherb.jpg\",\"contentUrl\":\"https:\\\/\\\/www.bio-honig.de\\\/cms\\\/wp-content\\\/uploads\\\/2016\\\/11\\\/sommerblueten-honig-met-feinherb.jpg\",\"width\":2000,\"height\":2000},{\"@type\":\"BreadcrumbList\",\"@id\":\"https:\\\/\\\/www.bio-honig.de\\\/cms\\\/produkt\\\/met-aus-heide-bluetenhonig\\\/#breadcrumb\",\"itemListElement\":[{\"@type\":\"ListItem\",\"position\":1,\"name\":\"Startseite\",\"item\":\"https:\\\/\\\/www.bio-honig.de\\\/cms\\\/\"},{\"@type\":\"ListItem\",\"position\":2,\"name\":\"Produkte\",\"item\":\"https:\\\/\\\/www.bio-honig.de\\\/cms\\\/shop\\\/\"},{\"@type\":\"ListItem\",\"position\":3,\"name\":\"Met aus Heide &#038; Bl\u00fctenhonig\"}]},{\"@type\":\"WebSite\",\"@id\":\"https:\\\/\\\/www.bio-honig.de\\\/cms\\\/#website\",\"url\":\"https:\\\/\\\/www.bio-honig.de\\\/cms\\\/\",\"name\":\"Bl\u00fctenland Bienenh\u00f6fe\",\"description\":\"Bio-Honig von Heike Appel\",\"publisher\":{\"@id\":\"https:\\\/\\\/www.bio-honig.de\\\/cms\\\/#organization\"},\"potentialAction\":[{\"@type\":\"SearchAction\",\"target\":{\"@type\":\"EntryPoint\",\"urlTemplate\":\"https:\\\/\\\/www.bio-honig.de\\\/cms\\\/?s={search_term_string}\"},\"query-input\":{\"@type\":\"PropertyValueSpecification\",\"valueRequired\":true,\"valueName\":\"search_term_string\"}}],\"inLanguage\":\"de\"},{\"@type\":\"Organization\",\"@id\":\"https:\\\/\\\/www.bio-honig.de\\\/cms\\\/#organization\",\"name\":\"Bl\u00fctenland Bienenh\u00f6fe - Bioland Imkereiprodukte\",\"url\":\"https:\\\/\\\/www.bio-honig.de\\\/cms\\\/\",\"logo\":{\"@type\":\"ImageObject\",\"inLanguage\":\"de\",\"@id\":\"https:\\\/\\\/www.bio-honig.de\\\/cms\\\/#\\\/schema\\\/logo\\\/image\\\/\",\"url\":\"https:\\\/\\\/www.bio-honig.de\\\/cms\\\/wp-content\\\/uploads\\\/2018\\\/12\\\/Bildschirmfoto-2018-12-16-um-17.31.00.png\",\"contentUrl\":\"https:\\\/\\\/www.bio-honig.de\\\/cms\\\/wp-content\\\/uploads\\\/2018\\\/12\\\/Bildschirmfoto-2018-12-16-um-17.31.00.png\",\"width\":750,\"height\":206,\"caption\":\"Bl\u00fctenland Bienenh\u00f6fe - Bioland Imkereiprodukte\"},\"image\":{\"@id\":\"https:\\\/\\\/www.bio-honig.de\\\/cms\\\/#\\\/schema\\\/logo\\\/image\\\/\"}}]}<\/script>\n<!-- \/ Yoast SEO plugin. -->","yoast_head_json":{"title":"Met aus Heide & Bl\u00fctenhonig - Bl\u00fctenland Bienenh\u00f6fe","robots":{"index":"index","follow":"follow","max-snippet":"max-snippet:-1","max-image-preview":"max-image-preview:large","max-video-preview":"max-video-preview:-1"},"canonical":"https:\/\/www.bio-honig.de\/cms\/produkt\/met-aus-heide-bluetenhonig\/","og_locale":"de_DE","og_type":"article","og_title":"Met aus Heide & Bl\u00fctenhonig - Bl\u00fctenland Bienenh\u00f6fe","og_description":"Met ist ein besonders veredelter \u201eHonigtropfen\u201c. Honig wird im Fass vergoren und \u2013 wie bei der Traubenweinherstellung \u2013 lieblich bis herb ausgebaut. Die Honigsorte gibt dem Met die besonderen Geschmacksnuancen. Met aus hellem Bl\u00fctenhonig bekommt einen leichten, blumigen Charakter. In einem Met aus Lindenhonig findet man das feine Minzeduftaroma der Lindenbl\u00fcten wieder. Wald- oder auch [&hellip;]","og_url":"https:\/\/www.bio-honig.de\/cms\/produkt\/met-aus-heide-bluetenhonig\/","og_site_name":"Bl\u00fctenland Bienenh\u00f6fe","article_modified_time":"2025-08-05T07:30:52+00:00","og_image":[{"width":2000,"height":2000,"url":"https:\/\/www.bio-honig.de\/cms\/wp-content\/uploads\/2016\/11\/sommerblueten-honig-met-feinherb.jpg","type":"image\/jpeg"}],"twitter_card":"summary_large_image","twitter_misc":{"Gesch\u00e4tzte Lesezeit":"2\u00a0Minuten"},"schema":{"@context":"https:\/\/schema.org","@graph":[{"@type":"WebPage","@id":"https:\/\/www.bio-honig.de\/cms\/produkt\/met-aus-heide-bluetenhonig\/","url":"https:\/\/www.bio-honig.de\/cms\/produkt\/met-aus-heide-bluetenhonig\/","name":"Met aus Heide & Bl\u00fctenhonig - Bl\u00fctenland Bienenh\u00f6fe","isPartOf":{"@id":"https:\/\/www.bio-honig.de\/cms\/#website"},"primaryImageOfPage":{"@id":"https:\/\/www.bio-honig.de\/cms\/produkt\/met-aus-heide-bluetenhonig\/#primaryimage"},"image":{"@id":"https:\/\/www.bio-honig.de\/cms\/produkt\/met-aus-heide-bluetenhonig\/#primaryimage"},"thumbnailUrl":"https:\/\/www.bio-honig.de\/cms\/wp-content\/uploads\/2016\/11\/sommerblueten-honig-met-feinherb.jpg","datePublished":"2016-11-08T08:54:30+00:00","dateModified":"2025-08-05T07:30:52+00:00","breadcrumb":{"@id":"https:\/\/www.bio-honig.de\/cms\/produkt\/met-aus-heide-bluetenhonig\/#breadcrumb"},"inLanguage":"de","potentialAction":[{"@type":"ReadAction","target":["https:\/\/www.bio-honig.de\/cms\/produkt\/met-aus-heide-bluetenhonig\/"]}]},{"@type":"ImageObject","inLanguage":"de","@id":"https:\/\/www.bio-honig.de\/cms\/produkt\/met-aus-heide-bluetenhonig\/#primaryimage","url":"https:\/\/www.bio-honig.de\/cms\/wp-content\/uploads\/2016\/11\/sommerblueten-honig-met-feinherb.jpg","contentUrl":"https:\/\/www.bio-honig.de\/cms\/wp-content\/uploads\/2016\/11\/sommerblueten-honig-met-feinherb.jpg","width":2000,"height":2000},{"@type":"BreadcrumbList","@id":"https:\/\/www.bio-honig.de\/cms\/produkt\/met-aus-heide-bluetenhonig\/#breadcrumb","itemListElement":[{"@type":"ListItem","position":1,"name":"Startseite","item":"https:\/\/www.bio-honig.de\/cms\/"},{"@type":"ListItem","position":2,"name":"Produkte","item":"https:\/\/www.bio-honig.de\/cms\/shop\/"},{"@type":"ListItem","position":3,"name":"Met aus Heide &#038; Bl\u00fctenhonig"}]},{"@type":"WebSite","@id":"https:\/\/www.bio-honig.de\/cms\/#website","url":"https:\/\/www.bio-honig.de\/cms\/","name":"Bl\u00fctenland Bienenh\u00f6fe","description":"Bio-Honig von Heike Appel","publisher":{"@id":"https:\/\/www.bio-honig.de\/cms\/#organization"},"potentialAction":[{"@type":"SearchAction","target":{"@type":"EntryPoint","urlTemplate":"https:\/\/www.bio-honig.de\/cms\/?s={search_term_string}"},"query-input":{"@type":"PropertyValueSpecification","valueRequired":true,"valueName":"search_term_string"}}],"inLanguage":"de"},{"@type":"Organization","@id":"https:\/\/www.bio-honig.de\/cms\/#organization","name":"Bl\u00fctenland Bienenh\u00f6fe - Bioland Imkereiprodukte","url":"https:\/\/www.bio-honig.de\/cms\/","logo":{"@type":"ImageObject","inLanguage":"de","@id":"https:\/\/www.bio-honig.de\/cms\/#\/schema\/logo\/image\/","url":"https:\/\/www.bio-honig.de\/cms\/wp-content\/uploads\/2018\/12\/Bildschirmfoto-2018-12-16-um-17.31.00.png","contentUrl":"https:\/\/www.bio-honig.de\/cms\/wp-content\/uploads\/2018\/12\/Bildschirmfoto-2018-12-16-um-17.31.00.png","width":750,"height":206,"caption":"Bl\u00fctenland Bienenh\u00f6fe - Bioland Imkereiprodukte"},"image":{"@id":"https:\/\/www.bio-honig.de\/cms\/#\/schema\/logo\/image\/"}}]}},"_links":{"self":[{"href":"https:\/\/www.bio-honig.de\/cms\/wp-json\/wp\/v2\/product\/128","targetHints":{"allow":["GET"]}}],"collection":[{"href":"https:\/\/www.bio-honig.de\/cms\/wp-json\/wp\/v2\/product"}],"about":[{"href":"https:\/\/www.bio-honig.de\/cms\/wp-json\/wp\/v2\/types\/product"}],"replies":[{"embeddable":true,"href":"https:\/\/www.bio-honig.de\/cms\/wp-json\/wp\/v2\/comments?post=128"}],"wp:featuredmedia":[{"embeddable":true,"href":"https:\/\/www.bio-honig.de\/cms\/wp-json\/wp\/v2\/media\/4889"}],"wp:attachment":[{"href":"https:\/\/www.bio-honig.de\/cms\/wp-json\/wp\/v2\/media?parent=128"}],"wp:term":[{"taxonomy":"product_brand","embeddable":true,"href":"https:\/\/www.bio-honig.de\/cms\/wp-json\/wp\/v2\/product_brand?post=128"},{"taxonomy":"product_cat","embeddable":true,"href":"https:\/\/www.bio-honig.de\/cms\/wp-json\/wp\/v2\/product_cat?post=128"},{"taxonomy":"product_tag","embeddable":true,"href":"https:\/\/www.bio-honig.de\/cms\/wp-json\/wp\/v2\/product_tag?post=128"}],"curies":[{"name":"wp","href":"https:\/\/api.w.org\/{rel}","templated":true}]}}