{"id":1436,"date":"2020-11-25T19:21:47","date_gmt":"2020-11-25T18:21:47","guid":{"rendered":"https:\/\/www.bio-honig.de\/cms\/?post_type=product&#038;p=1436"},"modified":"2026-04-07T07:48:53","modified_gmt":"2026-04-07T05:48:53","slug":"1-bienenwachskerze-kleiner-bienenkorb-ca-40-x-45-mm","status":"publish","type":"product","link":"https:\/\/www.bio-honig.de\/cms\/produkt\/1-bienenwachskerze-kleiner-bienenkorb-ca-40-x-45-mm\/","title":{"rendered":"Bienenwachskerze: kleiner Bienenkorb ca. 40 x 45 mm (G 3)"},"content":{"rendered":"<p><strong>1 Bienenwachskerze: kleiner Bienenkorb<\/strong> (massiv gegossen)<strong><br \/>\n<\/strong><\/p>\n<p><strong>Gr\u00f6\u00dfe: ca. 45&#215;50 mm<\/strong> (Dicke x H\u00f6he)<strong><br \/>\n<\/strong><\/p>\n<p><strong>Gewicht: ca. 40 g<\/strong><\/p>\n<p>&nbsp;<\/p>\n<p>&nbsp;<\/p>\n<p>Die Kerzen werden in Handarbeit aus <strong>100 % reinem Bienenwachs<\/strong> hergestellt. Es ist sehr sch\u00f6nes, gelbes, aromatisch duftendes Bienenwachs.<\/p>\n<p>&nbsp;<\/p>\n<p>Naturgem\u00e4\u00df sind leichte Abweichungen von den Gr\u00f6\u00dfenangaben m\u00f6glich.<\/p>\n<p>&nbsp;<\/p>\n<p><b>Bienenwachs ist ein wunderbarer Stoff<\/b>, der von den Bienen selbst erzeugt wird &#8211; aus ihren Wachsdr\u00fcsen &#8222;schwitzen&#8220; sie kleine wei\u00dfe Wachspl\u00e4ttchen, mit denen sie ihren Wabenbau errichten.<\/p>\n<p>Erst durch den eingelagerten Honig und Pollen und das Propolis (Kittharz), mit dem die Bienen ihre Waben \u00fcberziehen, bekommt das Wachs seine typische gelbe Farbe. <strong>Das Wachsaroma bestimmen die Bl\u00fcten, die von den Bienen besucht werden.<\/strong><\/p>\n<p>Das Bienenwachs ist nicht bio-zertifiziert. Bioland-Bienenwachs wird in den Bioland-Imkereien f\u00fcr die Erneuerung der Waben ben\u00f6tigt.<\/p>\n","protected":false},"excerpt":{"rendered":"<p>1 Bienenwachskerze: kleiner Bienenkorb (massiv gegossen) Gr\u00f6\u00dfe: ca. 45&#215;50 mm (Dicke x H\u00f6he) Gewicht: ca. 40 g &nbsp; &nbsp; Die Kerzen werden in Handarbeit aus 100 % reinem Bienenwachs hergestellt. Es ist sehr sch\u00f6nes, gelbes, aromatisch duftendes Bienenwachs. &nbsp; Naturgem\u00e4\u00df sind leichte Abweichungen von den Gr\u00f6\u00dfenangaben m\u00f6glich. &nbsp; Bienenwachs ist ein wunderbarer Stoff, der von [&hellip;]<\/p>\n","protected":false},"featured_media":1441,"comment_status":"closed","ping_status":"closed","template":"","meta":[],"product_brand":[],"product_cat":[193,19],"product_tag":[115,116,62],"class_list":{"0":"post-1436","1":"product","2":"type-product","3":"status-publish","4":"has-post-thumbnail","6":"product_cat-handgegossene-bienensachskerzen-in-schoenen-formen","7":"product_cat-bienenwachs-kerzen","8":"product_tag-goldgelb","9":"product_tag-duftend","10":"product_tag-aus-deutschland","12":"first","13":"instock","14":"taxable","15":"shipping-taxable","16":"purchasable","17":"product-type-simple"},"yoast_head":"<!-- This site is optimized with the Yoast SEO plugin v27.3 - https:\/\/yoast.com\/product\/yoast-seo-wordpress\/ -->\n<title>Bienenwachskerze: kleiner Bienenkorb ca. 40 x 45 mm (G 3) - Bl\u00fctenland Bienenh\u00f6fe<\/title>\n<meta name=\"robots\" content=\"index, follow, max-snippet:-1, max-image-preview:large, max-video-preview:-1\" \/>\n<link rel=\"canonical\" href=\"https:\/\/www.bio-honig.de\/cms\/produkt\/1-bienenwachskerze-kleiner-bienenkorb-ca-40-x-45-mm\/\" \/>\n<meta property=\"og:locale\" content=\"de_DE\" \/>\n<meta property=\"og:type\" content=\"article\" \/>\n<meta property=\"og:title\" content=\"Bienenwachskerze: kleiner Bienenkorb ca. 40 x 45 mm (G 3) - Bl\u00fctenland Bienenh\u00f6fe\" \/>\n<meta property=\"og:description\" content=\"1 Bienenwachskerze: kleiner Bienenkorb (massiv gegossen) Gr\u00f6\u00dfe: ca. 45&#215;50 mm (Dicke x H\u00f6he) Gewicht: ca. 40 g &nbsp; &nbsp; Die Kerzen werden in Handarbeit aus 100 % reinem Bienenwachs hergestellt. Es ist sehr sch\u00f6nes, gelbes, aromatisch duftendes Bienenwachs. &nbsp; Naturgem\u00e4\u00df sind leichte Abweichungen von den Gr\u00f6\u00dfenangaben m\u00f6glich. &nbsp; Bienenwachs ist ein wunderbarer Stoff, der von [&hellip;]\" \/>\n<meta property=\"og:url\" content=\"https:\/\/www.bio-honig.de\/cms\/produkt\/1-bienenwachskerze-kleiner-bienenkorb-ca-40-x-45-mm\/\" \/>\n<meta property=\"og:site_name\" content=\"Bl\u00fctenland Bienenh\u00f6fe\" \/>\n<meta property=\"article:modified_time\" content=\"2026-04-07T05:48:53+00:00\" \/>\n<meta property=\"og:image\" content=\"https:\/\/www.bio-honig.de\/cms\/wp-content\/uploads\/2020\/11\/G3-8.jpg\" \/>\n\t<meta property=\"og:image:width\" content=\"1365\" \/>\n\t<meta property=\"og:image:height\" content=\"1365\" \/>\n\t<meta property=\"og:image:type\" content=\"image\/jpeg\" \/>\n<meta name=\"twitter:card\" content=\"summary_large_image\" \/>\n<meta name=\"twitter:label1\" content=\"Gesch\u00e4tzte Lesezeit\" \/>\n\t<meta name=\"twitter:data1\" content=\"1\u00a0Minute\" \/>\n<script type=\"application\/ld+json\" class=\"yoast-schema-graph\">{\"@context\":\"https:\\\/\\\/schema.org\",\"@graph\":[{\"@type\":\"WebPage\",\"@id\":\"https:\\\/\\\/www.bio-honig.de\\\/cms\\\/produkt\\\/1-bienenwachskerze-kleiner-bienenkorb-ca-40-x-45-mm\\\/\",\"url\":\"https:\\\/\\\/www.bio-honig.de\\\/cms\\\/produkt\\\/1-bienenwachskerze-kleiner-bienenkorb-ca-40-x-45-mm\\\/\",\"name\":\"Bienenwachskerze: kleiner Bienenkorb ca. 40 x 45 mm (G 3) - Bl\u00fctenland Bienenh\u00f6fe\",\"isPartOf\":{\"@id\":\"https:\\\/\\\/www.bio-honig.de\\\/cms\\\/#website\"},\"primaryImageOfPage\":{\"@id\":\"https:\\\/\\\/www.bio-honig.de\\\/cms\\\/produkt\\\/1-bienenwachskerze-kleiner-bienenkorb-ca-40-x-45-mm\\\/#primaryimage\"},\"image\":{\"@id\":\"https:\\\/\\\/www.bio-honig.de\\\/cms\\\/produkt\\\/1-bienenwachskerze-kleiner-bienenkorb-ca-40-x-45-mm\\\/#primaryimage\"},\"thumbnailUrl\":\"https:\\\/\\\/www.bio-honig.de\\\/cms\\\/wp-content\\\/uploads\\\/2020\\\/11\\\/G3-8.jpg\",\"datePublished\":\"2020-11-25T18:21:47+00:00\",\"dateModified\":\"2026-04-07T05:48:53+00:00\",\"breadcrumb\":{\"@id\":\"https:\\\/\\\/www.bio-honig.de\\\/cms\\\/produkt\\\/1-bienenwachskerze-kleiner-bienenkorb-ca-40-x-45-mm\\\/#breadcrumb\"},\"inLanguage\":\"de\",\"potentialAction\":[{\"@type\":\"ReadAction\",\"target\":[\"https:\\\/\\\/www.bio-honig.de\\\/cms\\\/produkt\\\/1-bienenwachskerze-kleiner-bienenkorb-ca-40-x-45-mm\\\/\"]}]},{\"@type\":\"ImageObject\",\"inLanguage\":\"de\",\"@id\":\"https:\\\/\\\/www.bio-honig.de\\\/cms\\\/produkt\\\/1-bienenwachskerze-kleiner-bienenkorb-ca-40-x-45-mm\\\/#primaryimage\",\"url\":\"https:\\\/\\\/www.bio-honig.de\\\/cms\\\/wp-content\\\/uploads\\\/2020\\\/11\\\/G3-8.jpg\",\"contentUrl\":\"https:\\\/\\\/www.bio-honig.de\\\/cms\\\/wp-content\\\/uploads\\\/2020\\\/11\\\/G3-8.jpg\",\"width\":1365,\"height\":1365},{\"@type\":\"BreadcrumbList\",\"@id\":\"https:\\\/\\\/www.bio-honig.de\\\/cms\\\/produkt\\\/1-bienenwachskerze-kleiner-bienenkorb-ca-40-x-45-mm\\\/#breadcrumb\",\"itemListElement\":[{\"@type\":\"ListItem\",\"position\":1,\"name\":\"Startseite\",\"item\":\"https:\\\/\\\/www.bio-honig.de\\\/cms\\\/\"},{\"@type\":\"ListItem\",\"position\":2,\"name\":\"Produkte\",\"item\":\"https:\\\/\\\/www.bio-honig.de\\\/cms\\\/shop\\\/\"},{\"@type\":\"ListItem\",\"position\":3,\"name\":\"Bienenwachskerze: kleiner Bienenkorb ca. 40 x 45 mm (G 3)\"}]},{\"@type\":\"WebSite\",\"@id\":\"https:\\\/\\\/www.bio-honig.de\\\/cms\\\/#website\",\"url\":\"https:\\\/\\\/www.bio-honig.de\\\/cms\\\/\",\"name\":\"Bl\u00fctenland Bienenh\u00f6fe\",\"description\":\"Bio-Honig von Heike Appel\",\"publisher\":{\"@id\":\"https:\\\/\\\/www.bio-honig.de\\\/cms\\\/#organization\"},\"potentialAction\":[{\"@type\":\"SearchAction\",\"target\":{\"@type\":\"EntryPoint\",\"urlTemplate\":\"https:\\\/\\\/www.bio-honig.de\\\/cms\\\/?s={search_term_string}\"},\"query-input\":{\"@type\":\"PropertyValueSpecification\",\"valueRequired\":true,\"valueName\":\"search_term_string\"}}],\"inLanguage\":\"de\"},{\"@type\":\"Organization\",\"@id\":\"https:\\\/\\\/www.bio-honig.de\\\/cms\\\/#organization\",\"name\":\"Bl\u00fctenland Bienenh\u00f6fe - Bioland Imkereiprodukte\",\"url\":\"https:\\\/\\\/www.bio-honig.de\\\/cms\\\/\",\"logo\":{\"@type\":\"ImageObject\",\"inLanguage\":\"de\",\"@id\":\"https:\\\/\\\/www.bio-honig.de\\\/cms\\\/#\\\/schema\\\/logo\\\/image\\\/\",\"url\":\"https:\\\/\\\/www.bio-honig.de\\\/cms\\\/wp-content\\\/uploads\\\/2018\\\/12\\\/Bildschirmfoto-2018-12-16-um-17.31.00.png\",\"contentUrl\":\"https:\\\/\\\/www.bio-honig.de\\\/cms\\\/wp-content\\\/uploads\\\/2018\\\/12\\\/Bildschirmfoto-2018-12-16-um-17.31.00.png\",\"width\":750,\"height\":206,\"caption\":\"Bl\u00fctenland Bienenh\u00f6fe - Bioland Imkereiprodukte\"},\"image\":{\"@id\":\"https:\\\/\\\/www.bio-honig.de\\\/cms\\\/#\\\/schema\\\/logo\\\/image\\\/\"}}]}<\/script>\n<!-- \/ Yoast SEO plugin. -->","yoast_head_json":{"title":"Bienenwachskerze: kleiner Bienenkorb ca. 40 x 45 mm (G 3) - Bl\u00fctenland Bienenh\u00f6fe","robots":{"index":"index","follow":"follow","max-snippet":"max-snippet:-1","max-image-preview":"max-image-preview:large","max-video-preview":"max-video-preview:-1"},"canonical":"https:\/\/www.bio-honig.de\/cms\/produkt\/1-bienenwachskerze-kleiner-bienenkorb-ca-40-x-45-mm\/","og_locale":"de_DE","og_type":"article","og_title":"Bienenwachskerze: kleiner Bienenkorb ca. 40 x 45 mm (G 3) - Bl\u00fctenland Bienenh\u00f6fe","og_description":"1 Bienenwachskerze: kleiner Bienenkorb (massiv gegossen) Gr\u00f6\u00dfe: ca. 45&#215;50 mm (Dicke x H\u00f6he) Gewicht: ca. 40 g &nbsp; &nbsp; Die Kerzen werden in Handarbeit aus 100 % reinem Bienenwachs hergestellt. Es ist sehr sch\u00f6nes, gelbes, aromatisch duftendes Bienenwachs. &nbsp; Naturgem\u00e4\u00df sind leichte Abweichungen von den Gr\u00f6\u00dfenangaben m\u00f6glich. &nbsp; Bienenwachs ist ein wunderbarer Stoff, der von [&hellip;]","og_url":"https:\/\/www.bio-honig.de\/cms\/produkt\/1-bienenwachskerze-kleiner-bienenkorb-ca-40-x-45-mm\/","og_site_name":"Bl\u00fctenland Bienenh\u00f6fe","article_modified_time":"2026-04-07T05:48:53+00:00","og_image":[{"width":1365,"height":1365,"url":"https:\/\/www.bio-honig.de\/cms\/wp-content\/uploads\/2020\/11\/G3-8.jpg","type":"image\/jpeg"}],"twitter_card":"summary_large_image","twitter_misc":{"Gesch\u00e4tzte Lesezeit":"1\u00a0Minute"},"schema":{"@context":"https:\/\/schema.org","@graph":[{"@type":"WebPage","@id":"https:\/\/www.bio-honig.de\/cms\/produkt\/1-bienenwachskerze-kleiner-bienenkorb-ca-40-x-45-mm\/","url":"https:\/\/www.bio-honig.de\/cms\/produkt\/1-bienenwachskerze-kleiner-bienenkorb-ca-40-x-45-mm\/","name":"Bienenwachskerze: kleiner Bienenkorb ca. 40 x 45 mm (G 3) - Bl\u00fctenland Bienenh\u00f6fe","isPartOf":{"@id":"https:\/\/www.bio-honig.de\/cms\/#website"},"primaryImageOfPage":{"@id":"https:\/\/www.bio-honig.de\/cms\/produkt\/1-bienenwachskerze-kleiner-bienenkorb-ca-40-x-45-mm\/#primaryimage"},"image":{"@id":"https:\/\/www.bio-honig.de\/cms\/produkt\/1-bienenwachskerze-kleiner-bienenkorb-ca-40-x-45-mm\/#primaryimage"},"thumbnailUrl":"https:\/\/www.bio-honig.de\/cms\/wp-content\/uploads\/2020\/11\/G3-8.jpg","datePublished":"2020-11-25T18:21:47+00:00","dateModified":"2026-04-07T05:48:53+00:00","breadcrumb":{"@id":"https:\/\/www.bio-honig.de\/cms\/produkt\/1-bienenwachskerze-kleiner-bienenkorb-ca-40-x-45-mm\/#breadcrumb"},"inLanguage":"de","potentialAction":[{"@type":"ReadAction","target":["https:\/\/www.bio-honig.de\/cms\/produkt\/1-bienenwachskerze-kleiner-bienenkorb-ca-40-x-45-mm\/"]}]},{"@type":"ImageObject","inLanguage":"de","@id":"https:\/\/www.bio-honig.de\/cms\/produkt\/1-bienenwachskerze-kleiner-bienenkorb-ca-40-x-45-mm\/#primaryimage","url":"https:\/\/www.bio-honig.de\/cms\/wp-content\/uploads\/2020\/11\/G3-8.jpg","contentUrl":"https:\/\/www.bio-honig.de\/cms\/wp-content\/uploads\/2020\/11\/G3-8.jpg","width":1365,"height":1365},{"@type":"BreadcrumbList","@id":"https:\/\/www.bio-honig.de\/cms\/produkt\/1-bienenwachskerze-kleiner-bienenkorb-ca-40-x-45-mm\/#breadcrumb","itemListElement":[{"@type":"ListItem","position":1,"name":"Startseite","item":"https:\/\/www.bio-honig.de\/cms\/"},{"@type":"ListItem","position":2,"name":"Produkte","item":"https:\/\/www.bio-honig.de\/cms\/shop\/"},{"@type":"ListItem","position":3,"name":"Bienenwachskerze: kleiner Bienenkorb ca. 40 x 45 mm (G 3)"}]},{"@type":"WebSite","@id":"https:\/\/www.bio-honig.de\/cms\/#website","url":"https:\/\/www.bio-honig.de\/cms\/","name":"Bl\u00fctenland Bienenh\u00f6fe","description":"Bio-Honig von Heike Appel","publisher":{"@id":"https:\/\/www.bio-honig.de\/cms\/#organization"},"potentialAction":[{"@type":"SearchAction","target":{"@type":"EntryPoint","urlTemplate":"https:\/\/www.bio-honig.de\/cms\/?s={search_term_string}"},"query-input":{"@type":"PropertyValueSpecification","valueRequired":true,"valueName":"search_term_string"}}],"inLanguage":"de"},{"@type":"Organization","@id":"https:\/\/www.bio-honig.de\/cms\/#organization","name":"Bl\u00fctenland Bienenh\u00f6fe - Bioland Imkereiprodukte","url":"https:\/\/www.bio-honig.de\/cms\/","logo":{"@type":"ImageObject","inLanguage":"de","@id":"https:\/\/www.bio-honig.de\/cms\/#\/schema\/logo\/image\/","url":"https:\/\/www.bio-honig.de\/cms\/wp-content\/uploads\/2018\/12\/Bildschirmfoto-2018-12-16-um-17.31.00.png","contentUrl":"https:\/\/www.bio-honig.de\/cms\/wp-content\/uploads\/2018\/12\/Bildschirmfoto-2018-12-16-um-17.31.00.png","width":750,"height":206,"caption":"Bl\u00fctenland Bienenh\u00f6fe - Bioland Imkereiprodukte"},"image":{"@id":"https:\/\/www.bio-honig.de\/cms\/#\/schema\/logo\/image\/"}}]}},"_links":{"self":[{"href":"https:\/\/www.bio-honig.de\/cms\/wp-json\/wp\/v2\/product\/1436","targetHints":{"allow":["GET"]}}],"collection":[{"href":"https:\/\/www.bio-honig.de\/cms\/wp-json\/wp\/v2\/product"}],"about":[{"href":"https:\/\/www.bio-honig.de\/cms\/wp-json\/wp\/v2\/types\/product"}],"replies":[{"embeddable":true,"href":"https:\/\/www.bio-honig.de\/cms\/wp-json\/wp\/v2\/comments?post=1436"}],"wp:featuredmedia":[{"embeddable":true,"href":"https:\/\/www.bio-honig.de\/cms\/wp-json\/wp\/v2\/media\/1441"}],"wp:attachment":[{"href":"https:\/\/www.bio-honig.de\/cms\/wp-json\/wp\/v2\/media?parent=1436"}],"wp:term":[{"taxonomy":"product_brand","embeddable":true,"href":"https:\/\/www.bio-honig.de\/cms\/wp-json\/wp\/v2\/product_brand?post=1436"},{"taxonomy":"product_cat","embeddable":true,"href":"https:\/\/www.bio-honig.de\/cms\/wp-json\/wp\/v2\/product_cat?post=1436"},{"taxonomy":"product_tag","embeddable":true,"href":"https:\/\/www.bio-honig.de\/cms\/wp-json\/wp\/v2\/product_tag?post=1436"}],"curies":[{"name":"wp","href":"https:\/\/api.w.org\/{rel}","templated":true}]}}