{"id":1454,"date":"2020-11-25T20:35:15","date_gmt":"2020-11-25T19:35:15","guid":{"rendered":"https:\/\/www.bio-honig.de\/cms\/?post_type=product&#038;p=1454"},"modified":"2026-03-09T09:12:26","modified_gmt":"2026-03-09T08:12:26","slug":"1-bienenwachskerze-kleine-rosenkugel-ca-75-x-60-mm-g-18","status":"publish","type":"product","link":"https:\/\/www.bio-honig.de\/cms\/produkt\/1-bienenwachskerze-kleine-rosenkugel-ca-75-x-60-mm-g-18\/","title":{"rendered":"Bienenwachskerze: kleine Rosenkugel ca. 75 x 60 mm (G 18)"},"content":{"rendered":"<p><strong>1 Bienenwachskerze: kleine Rosenkugel <\/strong> (massiv gegossen)<strong><br \/>\n<\/strong><\/p>\n<p><strong>Gr\u00f6\u00dfe: ca. 76&#215;60 mm<\/strong> (Dicke x H\u00f6he)<strong><br \/>\n<\/strong><\/p>\n<p><strong>Gewicht: ca. 140 g<br \/>\n<\/strong><\/p>\n<p>&nbsp;<\/p>\n<p>&nbsp;<\/p>\n<p>Die Kerzen werden in Handarbeit aus <strong>100 % reinem Bienenwachs<\/strong> hergestellt. Es ist sehr sch\u00f6nes, gelbes, aromatisch duftendes Bienenwachs.<\/p>\n<p>&nbsp;<\/p>\n<p>Naturgem\u00e4\u00df sind leichte Abweichungen von den Gr\u00f6\u00dfenangaben m\u00f6glich.<\/p>\n<p>&nbsp;<\/p>\n<p><b>Bienenwachs ist ein wunderbarer Stoff<\/b>, der von den Bienen selbst erzeugt wird &#8211; aus ihren Wachsdr\u00fcsen &#8222;schwitzen&#8220; sie kleine wei\u00dfe Wachspl\u00e4ttchen, mit denen sie ihren Wabenbau errichten.<\/p>\n<p>Erst durch den eingelagerten Honig und Pollen und das Propolis (Kittharz), mit dem die Bienen ihre Waben \u00fcberziehen, bekommt das Wachs seine typische gelbe Farbe. <strong>Das Wachsaroma bestimmen die Bl\u00fcten, die von den Bienen besucht werden.<\/strong><\/p>\n<p>Das Bienenwachs ist nicht bio-zertifiziert. Bioland-Bienenwachs wird in den Bioland-Imkereien f\u00fcr die Erneuerung der Waben ben\u00f6tigt.<\/p>\n","protected":false},"excerpt":{"rendered":"<p>1 Bienenwachskerze: kleine Rosenkugel (massiv gegossen) Gr\u00f6\u00dfe: ca. 76&#215;60 mm (Dicke x H\u00f6he) Gewicht: ca. 140 g &nbsp; &nbsp; Die Kerzen werden in Handarbeit aus 100 % reinem Bienenwachs hergestellt. Es ist sehr sch\u00f6nes, gelbes, aromatisch duftendes Bienenwachs. &nbsp; Naturgem\u00e4\u00df sind leichte Abweichungen von den Gr\u00f6\u00dfenangaben m\u00f6glich. &nbsp; Bienenwachs ist ein wunderbarer Stoff, der von [&hellip;]<\/p>\n","protected":false},"featured_media":1439,"comment_status":"closed","ping_status":"closed","template":"","meta":[],"product_brand":[],"product_cat":[193,19],"product_tag":[62,116,115],"class_list":{"0":"post-1454","1":"product","2":"type-product","3":"status-publish","4":"has-post-thumbnail","6":"product_cat-handgegossene-bienensachskerzen-in-schoenen-formen","7":"product_cat-bienenwachs-kerzen","8":"product_tag-aus-deutschland","9":"product_tag-duftend","10":"product_tag-goldgelb","12":"first","13":"instock","14":"taxable","15":"shipping-taxable","16":"purchasable","17":"product-type-simple"},"yoast_head":"<!-- This site is optimized with the Yoast SEO plugin v27.0 - https:\/\/yoast.com\/product\/yoast-seo-wordpress\/ -->\n<title>Bienenwachskerze: kleine Rosenkugel ca. 75 x 60 mm (G 18) - Bl\u00fctenland Bienenh\u00f6fe<\/title>\n<meta name=\"robots\" content=\"index, follow, max-snippet:-1, max-image-preview:large, max-video-preview:-1\" \/>\n<link rel=\"canonical\" href=\"https:\/\/www.bio-honig.de\/cms\/produkt\/1-bienenwachskerze-kleine-rosenkugel-ca-75-x-60-mm-g-18\/\" \/>\n<meta property=\"og:locale\" content=\"de_DE\" \/>\n<meta property=\"og:type\" content=\"article\" \/>\n<meta property=\"og:title\" content=\"Bienenwachskerze: kleine Rosenkugel ca. 75 x 60 mm (G 18) - Bl\u00fctenland Bienenh\u00f6fe\" \/>\n<meta property=\"og:description\" content=\"1 Bienenwachskerze: kleine Rosenkugel (massiv gegossen) Gr\u00f6\u00dfe: ca. 76&#215;60 mm (Dicke x H\u00f6he) Gewicht: ca. 140 g &nbsp; &nbsp; Die Kerzen werden in Handarbeit aus 100 % reinem Bienenwachs hergestellt. Es ist sehr sch\u00f6nes, gelbes, aromatisch duftendes Bienenwachs. &nbsp; Naturgem\u00e4\u00df sind leichte Abweichungen von den Gr\u00f6\u00dfenangaben m\u00f6glich. &nbsp; Bienenwachs ist ein wunderbarer Stoff, der von [&hellip;]\" \/>\n<meta property=\"og:url\" content=\"https:\/\/www.bio-honig.de\/cms\/produkt\/1-bienenwachskerze-kleine-rosenkugel-ca-75-x-60-mm-g-18\/\" \/>\n<meta property=\"og:site_name\" content=\"Bl\u00fctenland Bienenh\u00f6fe\" \/>\n<meta property=\"article:modified_time\" content=\"2026-03-09T08:12:26+00:00\" \/>\n<meta property=\"og:image\" content=\"https:\/\/www.bio-honig.de\/cms\/wp-content\/uploads\/2020\/11\/G18-6.jpg\" \/>\n\t<meta property=\"og:image:width\" content=\"1365\" \/>\n\t<meta property=\"og:image:height\" content=\"1365\" \/>\n\t<meta property=\"og:image:type\" content=\"image\/jpeg\" \/>\n<meta name=\"twitter:card\" content=\"summary_large_image\" \/>\n<meta name=\"twitter:label1\" content=\"Gesch\u00e4tzte Lesezeit\" \/>\n\t<meta name=\"twitter:data1\" content=\"1\u00a0Minute\" \/>\n<script type=\"application\/ld+json\" class=\"yoast-schema-graph\">{\"@context\":\"https:\/\/schema.org\",\"@graph\":[{\"@type\":\"WebPage\",\"@id\":\"https:\/\/www.bio-honig.de\/cms\/produkt\/1-bienenwachskerze-kleine-rosenkugel-ca-75-x-60-mm-g-18\/\",\"url\":\"https:\/\/www.bio-honig.de\/cms\/produkt\/1-bienenwachskerze-kleine-rosenkugel-ca-75-x-60-mm-g-18\/\",\"name\":\"Bienenwachskerze: kleine Rosenkugel ca. 75 x 60 mm (G 18) - Bl\u00fctenland Bienenh\u00f6fe\",\"isPartOf\":{\"@id\":\"https:\/\/www.bio-honig.de\/cms\/#website\"},\"primaryImageOfPage\":{\"@id\":\"https:\/\/www.bio-honig.de\/cms\/produkt\/1-bienenwachskerze-kleine-rosenkugel-ca-75-x-60-mm-g-18\/#primaryimage\"},\"image\":{\"@id\":\"https:\/\/www.bio-honig.de\/cms\/produkt\/1-bienenwachskerze-kleine-rosenkugel-ca-75-x-60-mm-g-18\/#primaryimage\"},\"thumbnailUrl\":\"https:\/\/www.bio-honig.de\/cms\/wp-content\/uploads\/2020\/11\/G18-6.jpg\",\"datePublished\":\"2020-11-25T19:35:15+00:00\",\"dateModified\":\"2026-03-09T08:12:26+00:00\",\"breadcrumb\":{\"@id\":\"https:\/\/www.bio-honig.de\/cms\/produkt\/1-bienenwachskerze-kleine-rosenkugel-ca-75-x-60-mm-g-18\/#breadcrumb\"},\"inLanguage\":\"de\",\"potentialAction\":[{\"@type\":\"ReadAction\",\"target\":[\"https:\/\/www.bio-honig.de\/cms\/produkt\/1-bienenwachskerze-kleine-rosenkugel-ca-75-x-60-mm-g-18\/\"]}]},{\"@type\":\"ImageObject\",\"inLanguage\":\"de\",\"@id\":\"https:\/\/www.bio-honig.de\/cms\/produkt\/1-bienenwachskerze-kleine-rosenkugel-ca-75-x-60-mm-g-18\/#primaryimage\",\"url\":\"https:\/\/www.bio-honig.de\/cms\/wp-content\/uploads\/2020\/11\/G18-6.jpg\",\"contentUrl\":\"https:\/\/www.bio-honig.de\/cms\/wp-content\/uploads\/2020\/11\/G18-6.jpg\",\"width\":1365,\"height\":1365},{\"@type\":\"BreadcrumbList\",\"@id\":\"https:\/\/www.bio-honig.de\/cms\/produkt\/1-bienenwachskerze-kleine-rosenkugel-ca-75-x-60-mm-g-18\/#breadcrumb\",\"itemListElement\":[{\"@type\":\"ListItem\",\"position\":1,\"name\":\"Startseite\",\"item\":\"https:\/\/www.bio-honig.de\/cms\/\"},{\"@type\":\"ListItem\",\"position\":2,\"name\":\"Produkte\",\"item\":\"https:\/\/www.bio-honig.de\/cms\/shop\/\"},{\"@type\":\"ListItem\",\"position\":3,\"name\":\"Bienenwachskerze: kleine Rosenkugel ca. 75 x 60 mm (G 18)\"}]},{\"@type\":\"WebSite\",\"@id\":\"https:\/\/www.bio-honig.de\/cms\/#website\",\"url\":\"https:\/\/www.bio-honig.de\/cms\/\",\"name\":\"Bl\u00fctenland Bienenh\u00f6fe\",\"description\":\"Bio-Honig von Heike Appel\",\"publisher\":{\"@id\":\"https:\/\/www.bio-honig.de\/cms\/#organization\"},\"potentialAction\":[{\"@type\":\"SearchAction\",\"target\":{\"@type\":\"EntryPoint\",\"urlTemplate\":\"https:\/\/www.bio-honig.de\/cms\/?s={search_term_string}\"},\"query-input\":{\"@type\":\"PropertyValueSpecification\",\"valueRequired\":true,\"valueName\":\"search_term_string\"}}],\"inLanguage\":\"de\"},{\"@type\":\"Organization\",\"@id\":\"https:\/\/www.bio-honig.de\/cms\/#organization\",\"name\":\"Bl\u00fctenland Bienenh\u00f6fe - Bioland Imkereiprodukte\",\"url\":\"https:\/\/www.bio-honig.de\/cms\/\",\"logo\":{\"@type\":\"ImageObject\",\"inLanguage\":\"de\",\"@id\":\"https:\/\/www.bio-honig.de\/cms\/#\/schema\/logo\/image\/\",\"url\":\"https:\/\/www.bio-honig.de\/cms\/wp-content\/uploads\/2018\/12\/Bildschirmfoto-2018-12-16-um-17.31.00.png\",\"contentUrl\":\"https:\/\/www.bio-honig.de\/cms\/wp-content\/uploads\/2018\/12\/Bildschirmfoto-2018-12-16-um-17.31.00.png\",\"width\":750,\"height\":206,\"caption\":\"Bl\u00fctenland Bienenh\u00f6fe - Bioland Imkereiprodukte\"},\"image\":{\"@id\":\"https:\/\/www.bio-honig.de\/cms\/#\/schema\/logo\/image\/\"}}]}<\/script>\n<!-- \/ Yoast SEO plugin. -->","yoast_head_json":{"title":"Bienenwachskerze: kleine Rosenkugel ca. 75 x 60 mm (G 18) - Bl\u00fctenland Bienenh\u00f6fe","robots":{"index":"index","follow":"follow","max-snippet":"max-snippet:-1","max-image-preview":"max-image-preview:large","max-video-preview":"max-video-preview:-1"},"canonical":"https:\/\/www.bio-honig.de\/cms\/produkt\/1-bienenwachskerze-kleine-rosenkugel-ca-75-x-60-mm-g-18\/","og_locale":"de_DE","og_type":"article","og_title":"Bienenwachskerze: kleine Rosenkugel ca. 75 x 60 mm (G 18) - Bl\u00fctenland Bienenh\u00f6fe","og_description":"1 Bienenwachskerze: kleine Rosenkugel (massiv gegossen) Gr\u00f6\u00dfe: ca. 76&#215;60 mm (Dicke x H\u00f6he) Gewicht: ca. 140 g &nbsp; &nbsp; Die Kerzen werden in Handarbeit aus 100 % reinem Bienenwachs hergestellt. Es ist sehr sch\u00f6nes, gelbes, aromatisch duftendes Bienenwachs. &nbsp; Naturgem\u00e4\u00df sind leichte Abweichungen von den Gr\u00f6\u00dfenangaben m\u00f6glich. &nbsp; Bienenwachs ist ein wunderbarer Stoff, der von [&hellip;]","og_url":"https:\/\/www.bio-honig.de\/cms\/produkt\/1-bienenwachskerze-kleine-rosenkugel-ca-75-x-60-mm-g-18\/","og_site_name":"Bl\u00fctenland Bienenh\u00f6fe","article_modified_time":"2026-03-09T08:12:26+00:00","og_image":[{"width":1365,"height":1365,"url":"https:\/\/www.bio-honig.de\/cms\/wp-content\/uploads\/2020\/11\/G18-6.jpg","type":"image\/jpeg"}],"twitter_card":"summary_large_image","twitter_misc":{"Gesch\u00e4tzte Lesezeit":"1\u00a0Minute"},"schema":{"@context":"https:\/\/schema.org","@graph":[{"@type":"WebPage","@id":"https:\/\/www.bio-honig.de\/cms\/produkt\/1-bienenwachskerze-kleine-rosenkugel-ca-75-x-60-mm-g-18\/","url":"https:\/\/www.bio-honig.de\/cms\/produkt\/1-bienenwachskerze-kleine-rosenkugel-ca-75-x-60-mm-g-18\/","name":"Bienenwachskerze: kleine Rosenkugel ca. 75 x 60 mm (G 18) - Bl\u00fctenland Bienenh\u00f6fe","isPartOf":{"@id":"https:\/\/www.bio-honig.de\/cms\/#website"},"primaryImageOfPage":{"@id":"https:\/\/www.bio-honig.de\/cms\/produkt\/1-bienenwachskerze-kleine-rosenkugel-ca-75-x-60-mm-g-18\/#primaryimage"},"image":{"@id":"https:\/\/www.bio-honig.de\/cms\/produkt\/1-bienenwachskerze-kleine-rosenkugel-ca-75-x-60-mm-g-18\/#primaryimage"},"thumbnailUrl":"https:\/\/www.bio-honig.de\/cms\/wp-content\/uploads\/2020\/11\/G18-6.jpg","datePublished":"2020-11-25T19:35:15+00:00","dateModified":"2026-03-09T08:12:26+00:00","breadcrumb":{"@id":"https:\/\/www.bio-honig.de\/cms\/produkt\/1-bienenwachskerze-kleine-rosenkugel-ca-75-x-60-mm-g-18\/#breadcrumb"},"inLanguage":"de","potentialAction":[{"@type":"ReadAction","target":["https:\/\/www.bio-honig.de\/cms\/produkt\/1-bienenwachskerze-kleine-rosenkugel-ca-75-x-60-mm-g-18\/"]}]},{"@type":"ImageObject","inLanguage":"de","@id":"https:\/\/www.bio-honig.de\/cms\/produkt\/1-bienenwachskerze-kleine-rosenkugel-ca-75-x-60-mm-g-18\/#primaryimage","url":"https:\/\/www.bio-honig.de\/cms\/wp-content\/uploads\/2020\/11\/G18-6.jpg","contentUrl":"https:\/\/www.bio-honig.de\/cms\/wp-content\/uploads\/2020\/11\/G18-6.jpg","width":1365,"height":1365},{"@type":"BreadcrumbList","@id":"https:\/\/www.bio-honig.de\/cms\/produkt\/1-bienenwachskerze-kleine-rosenkugel-ca-75-x-60-mm-g-18\/#breadcrumb","itemListElement":[{"@type":"ListItem","position":1,"name":"Startseite","item":"https:\/\/www.bio-honig.de\/cms\/"},{"@type":"ListItem","position":2,"name":"Produkte","item":"https:\/\/www.bio-honig.de\/cms\/shop\/"},{"@type":"ListItem","position":3,"name":"Bienenwachskerze: kleine Rosenkugel ca. 75 x 60 mm (G 18)"}]},{"@type":"WebSite","@id":"https:\/\/www.bio-honig.de\/cms\/#website","url":"https:\/\/www.bio-honig.de\/cms\/","name":"Bl\u00fctenland Bienenh\u00f6fe","description":"Bio-Honig von Heike Appel","publisher":{"@id":"https:\/\/www.bio-honig.de\/cms\/#organization"},"potentialAction":[{"@type":"SearchAction","target":{"@type":"EntryPoint","urlTemplate":"https:\/\/www.bio-honig.de\/cms\/?s={search_term_string}"},"query-input":{"@type":"PropertyValueSpecification","valueRequired":true,"valueName":"search_term_string"}}],"inLanguage":"de"},{"@type":"Organization","@id":"https:\/\/www.bio-honig.de\/cms\/#organization","name":"Bl\u00fctenland Bienenh\u00f6fe - Bioland Imkereiprodukte","url":"https:\/\/www.bio-honig.de\/cms\/","logo":{"@type":"ImageObject","inLanguage":"de","@id":"https:\/\/www.bio-honig.de\/cms\/#\/schema\/logo\/image\/","url":"https:\/\/www.bio-honig.de\/cms\/wp-content\/uploads\/2018\/12\/Bildschirmfoto-2018-12-16-um-17.31.00.png","contentUrl":"https:\/\/www.bio-honig.de\/cms\/wp-content\/uploads\/2018\/12\/Bildschirmfoto-2018-12-16-um-17.31.00.png","width":750,"height":206,"caption":"Bl\u00fctenland Bienenh\u00f6fe - Bioland Imkereiprodukte"},"image":{"@id":"https:\/\/www.bio-honig.de\/cms\/#\/schema\/logo\/image\/"}}]}},"_links":{"self":[{"href":"https:\/\/www.bio-honig.de\/cms\/wp-json\/wp\/v2\/product\/1454","targetHints":{"allow":["GET"]}}],"collection":[{"href":"https:\/\/www.bio-honig.de\/cms\/wp-json\/wp\/v2\/product"}],"about":[{"href":"https:\/\/www.bio-honig.de\/cms\/wp-json\/wp\/v2\/types\/product"}],"replies":[{"embeddable":true,"href":"https:\/\/www.bio-honig.de\/cms\/wp-json\/wp\/v2\/comments?post=1454"}],"wp:featuredmedia":[{"embeddable":true,"href":"https:\/\/www.bio-honig.de\/cms\/wp-json\/wp\/v2\/media\/1439"}],"wp:attachment":[{"href":"https:\/\/www.bio-honig.de\/cms\/wp-json\/wp\/v2\/media?parent=1454"}],"wp:term":[{"taxonomy":"product_brand","embeddable":true,"href":"https:\/\/www.bio-honig.de\/cms\/wp-json\/wp\/v2\/product_brand?post=1454"},{"taxonomy":"product_cat","embeddable":true,"href":"https:\/\/www.bio-honig.de\/cms\/wp-json\/wp\/v2\/product_cat?post=1454"},{"taxonomy":"product_tag","embeddable":true,"href":"https:\/\/www.bio-honig.de\/cms\/wp-json\/wp\/v2\/product_tag?post=1454"}],"curies":[{"name":"wp","href":"https:\/\/api.w.org\/{rel}","templated":true}]}}