{"id":1540,"date":"2020-12-08T21:11:07","date_gmt":"2020-12-08T20:11:07","guid":{"rendered":"https:\/\/www.bio-honig.de\/cms\/?post_type=product&#038;p=1540"},"modified":"2026-04-14T19:02:43","modified_gmt":"2026-04-14T17:02:43","slug":"bio-fruehjahrsbluetenhonig-mit-obst-und-loewenzahnbluete-kaufen-bluetenland-bienenhoefe","status":"publish","type":"product","link":"https:\/\/www.bio-honig.de\/cms\/produkt\/bio-fruehjahrsbluetenhonig-mit-obst-und-loewenzahnbluete-kaufen-bluetenland-bienenhoefe\/","title":{"rendered":"Fr\u00fchjahrsbl\u00fctenhonig mit Obst- und L\u00f6wenzahnbl\u00fcte"},"content":{"rendered":"<p>Bio Fr\u00fchjahrsbl\u00fctenhonig mit Obst- und L\u00f6wenzahnbl\u00fcte: Gelbe L\u00f6wenzahnwiesen mit wei\u00df bl\u00fchenden Obstb\u00e4umen locken die Bienen in den ersten warmen Fr\u00fchlingstagen aus ihren Bienenk\u00e4sten heraus. Goldgelb ist der Nektar, den sie hier sammeln. Der w\u00fcrzige L\u00f6wenzahn, duftende Obstbl\u00fcte, Weiden- und Himbeerbl\u00fcte geben diesem Fr\u00fchjahrshonig sein harmonisches Aroma.<\/p>\n<p>&nbsp;<\/p>\n<p>&nbsp;<\/p>\n<p>&nbsp;<\/p>\n","protected":false},"excerpt":{"rendered":"<p><strong>Ernteregion:<\/strong> Sauerland<\/p>\n<p><strong>Aroma:<\/strong> aromatisch<\/p>\n<p><strong>Farbe:<\/strong> gelblich<\/p>\n<p><strong>Konsistenz:<\/strong> feincremig<\/p>\n","protected":false},"featured_media":1537,"comment_status":"closed","ping_status":"closed","template":"","meta":[],"product_brand":[],"product_cat":[182,190,17],"product_tag":[32,34,55,62],"class_list":{"0":"post-1540","1":"product","2":"type-product","3":"status-publish","4":"has-post-thumbnail","6":"product_cat-feincremiger-bio-honig","7":"product_cat-alle-bio-honige","8":"product_cat-deutscher-bio-honig","9":"product_tag-feincremig","10":"product_tag-hellgelb","11":"product_tag-aromatisch","12":"product_tag-aus-deutschland","14":"first","15":"instock","16":"taxable","17":"shipping-taxable","18":"purchasable","19":"product-type-variable","20":"wvs-archive-product-wrapper"},"yoast_head":"<!-- This site is optimized with the Yoast SEO plugin v27.3 - https:\/\/yoast.com\/product\/yoast-seo-wordpress\/ -->\n<title>Bio Fr\u00fchjahrsbl\u00fctenhonig mit Obst- und L\u00f6wenzahnbl\u00fcte - Bl\u00fctenland Bienenh\u00f6fe<\/title>\n<meta name=\"description\" content=\"Entdecke unseren aromatischen Bio Fr\u00fchjahrsbl\u00fctenhonig mit Obst- und L\u00f6wenzahnbl\u00fcte aus dem Sauerland - selten und k\u00f6stlich. 100 % Bioland Qualit\u00e4t.\" \/>\n<meta name=\"robots\" content=\"index, follow, max-snippet:-1, max-image-preview:large, max-video-preview:-1\" \/>\n<link rel=\"canonical\" href=\"https:\/\/www.bio-honig.de\/cms\/produkt\/bio-fruehjahrsbluetenhonig-mit-obst-und-loewenzahnbluete-kaufen-bluetenland-bienenhoefe\/\" \/>\n<meta property=\"og:locale\" content=\"de_DE\" \/>\n<meta property=\"og:type\" content=\"article\" \/>\n<meta property=\"og:title\" content=\"Bio Fr\u00fchjahrsbl\u00fctenhonig mit Obst- und L\u00f6wenzahnbl\u00fcte - Bl\u00fctenland Bienenh\u00f6fe\" \/>\n<meta property=\"og:description\" content=\"Entdecke unseren aromatischen Bio Fr\u00fchjahrsbl\u00fctenhonig mit Obst- und L\u00f6wenzahnbl\u00fcte aus dem Sauerland - selten und k\u00f6stlich. 100 % Bioland Qualit\u00e4t.\" \/>\n<meta property=\"og:url\" content=\"https:\/\/www.bio-honig.de\/cms\/produkt\/bio-fruehjahrsbluetenhonig-mit-obst-und-loewenzahnbluete-kaufen-bluetenland-bienenhoefe\/\" \/>\n<meta property=\"og:site_name\" content=\"Bl\u00fctenland Bienenh\u00f6fe\" \/>\n<meta property=\"article:modified_time\" content=\"2026-04-14T17:02:43+00:00\" \/>\n<meta property=\"og:image\" content=\"https:\/\/www.bio-honig.de\/cms\/wp-content\/uploads\/2020\/12\/DSC_0407-4-scaled.jpg\" \/>\n\t<meta property=\"og:image:width\" content=\"2560\" \/>\n\t<meta property=\"og:image:height\" content=\"2560\" \/>\n\t<meta property=\"og:image:type\" content=\"image\/jpeg\" \/>\n<meta name=\"twitter:card\" content=\"summary_large_image\" \/>\n<meta name=\"twitter:label1\" content=\"Gesch\u00e4tzte Lesezeit\" \/>\n\t<meta name=\"twitter:data1\" content=\"1\u00a0Minute\" \/>\n<script type=\"application\/ld+json\" class=\"yoast-schema-graph\">{\"@context\":\"https:\\\/\\\/schema.org\",\"@graph\":[{\"@type\":\"WebPage\",\"@id\":\"https:\\\/\\\/www.bio-honig.de\\\/cms\\\/produkt\\\/bio-fruehjahrsbluetenhonig-mit-obst-und-loewenzahnbluete-kaufen-bluetenland-bienenhoefe\\\/\",\"url\":\"https:\\\/\\\/www.bio-honig.de\\\/cms\\\/produkt\\\/bio-fruehjahrsbluetenhonig-mit-obst-und-loewenzahnbluete-kaufen-bluetenland-bienenhoefe\\\/\",\"name\":\"Bio Fr\u00fchjahrsbl\u00fctenhonig mit Obst- und L\u00f6wenzahnbl\u00fcte - Bl\u00fctenland Bienenh\u00f6fe\",\"isPartOf\":{\"@id\":\"https:\\\/\\\/www.bio-honig.de\\\/cms\\\/#website\"},\"primaryImageOfPage\":{\"@id\":\"https:\\\/\\\/www.bio-honig.de\\\/cms\\\/produkt\\\/bio-fruehjahrsbluetenhonig-mit-obst-und-loewenzahnbluete-kaufen-bluetenland-bienenhoefe\\\/#primaryimage\"},\"image\":{\"@id\":\"https:\\\/\\\/www.bio-honig.de\\\/cms\\\/produkt\\\/bio-fruehjahrsbluetenhonig-mit-obst-und-loewenzahnbluete-kaufen-bluetenland-bienenhoefe\\\/#primaryimage\"},\"thumbnailUrl\":\"https:\\\/\\\/www.bio-honig.de\\\/cms\\\/wp-content\\\/uploads\\\/2020\\\/12\\\/DSC_0407-4-scaled.jpg\",\"datePublished\":\"2020-12-08T20:11:07+00:00\",\"dateModified\":\"2026-04-14T17:02:43+00:00\",\"description\":\"Entdecke unseren aromatischen Bio Fr\u00fchjahrsbl\u00fctenhonig mit Obst- und L\u00f6wenzahnbl\u00fcte aus dem Sauerland - selten und k\u00f6stlich. 100 % Bioland Qualit\u00e4t.\",\"breadcrumb\":{\"@id\":\"https:\\\/\\\/www.bio-honig.de\\\/cms\\\/produkt\\\/bio-fruehjahrsbluetenhonig-mit-obst-und-loewenzahnbluete-kaufen-bluetenland-bienenhoefe\\\/#breadcrumb\"},\"inLanguage\":\"de\",\"potentialAction\":[{\"@type\":\"ReadAction\",\"target\":[\"https:\\\/\\\/www.bio-honig.de\\\/cms\\\/produkt\\\/bio-fruehjahrsbluetenhonig-mit-obst-und-loewenzahnbluete-kaufen-bluetenland-bienenhoefe\\\/\"]}]},{\"@type\":\"ImageObject\",\"inLanguage\":\"de\",\"@id\":\"https:\\\/\\\/www.bio-honig.de\\\/cms\\\/produkt\\\/bio-fruehjahrsbluetenhonig-mit-obst-und-loewenzahnbluete-kaufen-bluetenland-bienenhoefe\\\/#primaryimage\",\"url\":\"https:\\\/\\\/www.bio-honig.de\\\/cms\\\/wp-content\\\/uploads\\\/2020\\\/12\\\/DSC_0407-4-scaled.jpg\",\"contentUrl\":\"https:\\\/\\\/www.bio-honig.de\\\/cms\\\/wp-content\\\/uploads\\\/2020\\\/12\\\/DSC_0407-4-scaled.jpg\",\"width\":2560,\"height\":2560},{\"@type\":\"BreadcrumbList\",\"@id\":\"https:\\\/\\\/www.bio-honig.de\\\/cms\\\/produkt\\\/bio-fruehjahrsbluetenhonig-mit-obst-und-loewenzahnbluete-kaufen-bluetenland-bienenhoefe\\\/#breadcrumb\",\"itemListElement\":[{\"@type\":\"ListItem\",\"position\":1,\"name\":\"Startseite\",\"item\":\"https:\\\/\\\/www.bio-honig.de\\\/cms\\\/\"},{\"@type\":\"ListItem\",\"position\":2,\"name\":\"Produkte\",\"item\":\"https:\\\/\\\/www.bio-honig.de\\\/cms\\\/shop\\\/\"},{\"@type\":\"ListItem\",\"position\":3,\"name\":\"Fr\u00fchjahrsbl\u00fctenhonig mit Obst- und L\u00f6wenzahnbl\u00fcte\"}]},{\"@type\":\"WebSite\",\"@id\":\"https:\\\/\\\/www.bio-honig.de\\\/cms\\\/#website\",\"url\":\"https:\\\/\\\/www.bio-honig.de\\\/cms\\\/\",\"name\":\"Bl\u00fctenland Bienenh\u00f6fe\",\"description\":\"Bio-Honig von Heike Appel\",\"publisher\":{\"@id\":\"https:\\\/\\\/www.bio-honig.de\\\/cms\\\/#organization\"},\"potentialAction\":[{\"@type\":\"SearchAction\",\"target\":{\"@type\":\"EntryPoint\",\"urlTemplate\":\"https:\\\/\\\/www.bio-honig.de\\\/cms\\\/?s={search_term_string}\"},\"query-input\":{\"@type\":\"PropertyValueSpecification\",\"valueRequired\":true,\"valueName\":\"search_term_string\"}}],\"inLanguage\":\"de\"},{\"@type\":\"Organization\",\"@id\":\"https:\\\/\\\/www.bio-honig.de\\\/cms\\\/#organization\",\"name\":\"Bl\u00fctenland Bienenh\u00f6fe - Bioland Imkereiprodukte\",\"url\":\"https:\\\/\\\/www.bio-honig.de\\\/cms\\\/\",\"logo\":{\"@type\":\"ImageObject\",\"inLanguage\":\"de\",\"@id\":\"https:\\\/\\\/www.bio-honig.de\\\/cms\\\/#\\\/schema\\\/logo\\\/image\\\/\",\"url\":\"https:\\\/\\\/www.bio-honig.de\\\/cms\\\/wp-content\\\/uploads\\\/2018\\\/12\\\/Bildschirmfoto-2018-12-16-um-17.31.00.png\",\"contentUrl\":\"https:\\\/\\\/www.bio-honig.de\\\/cms\\\/wp-content\\\/uploads\\\/2018\\\/12\\\/Bildschirmfoto-2018-12-16-um-17.31.00.png\",\"width\":750,\"height\":206,\"caption\":\"Bl\u00fctenland Bienenh\u00f6fe - Bioland Imkereiprodukte\"},\"image\":{\"@id\":\"https:\\\/\\\/www.bio-honig.de\\\/cms\\\/#\\\/schema\\\/logo\\\/image\\\/\"}}]}<\/script>\n<!-- \/ Yoast SEO plugin. -->","yoast_head_json":{"title":"Bio Fr\u00fchjahrsbl\u00fctenhonig mit Obst- und L\u00f6wenzahnbl\u00fcte - Bl\u00fctenland Bienenh\u00f6fe","description":"Entdecke unseren aromatischen Bio Fr\u00fchjahrsbl\u00fctenhonig mit Obst- und L\u00f6wenzahnbl\u00fcte aus dem Sauerland - selten und k\u00f6stlich. 100 % Bioland Qualit\u00e4t.","robots":{"index":"index","follow":"follow","max-snippet":"max-snippet:-1","max-image-preview":"max-image-preview:large","max-video-preview":"max-video-preview:-1"},"canonical":"https:\/\/www.bio-honig.de\/cms\/produkt\/bio-fruehjahrsbluetenhonig-mit-obst-und-loewenzahnbluete-kaufen-bluetenland-bienenhoefe\/","og_locale":"de_DE","og_type":"article","og_title":"Bio Fr\u00fchjahrsbl\u00fctenhonig mit Obst- und L\u00f6wenzahnbl\u00fcte - Bl\u00fctenland Bienenh\u00f6fe","og_description":"Entdecke unseren aromatischen Bio Fr\u00fchjahrsbl\u00fctenhonig mit Obst- und L\u00f6wenzahnbl\u00fcte aus dem Sauerland - selten und k\u00f6stlich. 100 % Bioland Qualit\u00e4t.","og_url":"https:\/\/www.bio-honig.de\/cms\/produkt\/bio-fruehjahrsbluetenhonig-mit-obst-und-loewenzahnbluete-kaufen-bluetenland-bienenhoefe\/","og_site_name":"Bl\u00fctenland Bienenh\u00f6fe","article_modified_time":"2026-04-14T17:02:43+00:00","og_image":[{"width":2560,"height":2560,"url":"https:\/\/www.bio-honig.de\/cms\/wp-content\/uploads\/2020\/12\/DSC_0407-4-scaled.jpg","type":"image\/jpeg"}],"twitter_card":"summary_large_image","twitter_misc":{"Gesch\u00e4tzte Lesezeit":"1\u00a0Minute"},"schema":{"@context":"https:\/\/schema.org","@graph":[{"@type":"WebPage","@id":"https:\/\/www.bio-honig.de\/cms\/produkt\/bio-fruehjahrsbluetenhonig-mit-obst-und-loewenzahnbluete-kaufen-bluetenland-bienenhoefe\/","url":"https:\/\/www.bio-honig.de\/cms\/produkt\/bio-fruehjahrsbluetenhonig-mit-obst-und-loewenzahnbluete-kaufen-bluetenland-bienenhoefe\/","name":"Bio Fr\u00fchjahrsbl\u00fctenhonig mit Obst- und L\u00f6wenzahnbl\u00fcte - Bl\u00fctenland Bienenh\u00f6fe","isPartOf":{"@id":"https:\/\/www.bio-honig.de\/cms\/#website"},"primaryImageOfPage":{"@id":"https:\/\/www.bio-honig.de\/cms\/produkt\/bio-fruehjahrsbluetenhonig-mit-obst-und-loewenzahnbluete-kaufen-bluetenland-bienenhoefe\/#primaryimage"},"image":{"@id":"https:\/\/www.bio-honig.de\/cms\/produkt\/bio-fruehjahrsbluetenhonig-mit-obst-und-loewenzahnbluete-kaufen-bluetenland-bienenhoefe\/#primaryimage"},"thumbnailUrl":"https:\/\/www.bio-honig.de\/cms\/wp-content\/uploads\/2020\/12\/DSC_0407-4-scaled.jpg","datePublished":"2020-12-08T20:11:07+00:00","dateModified":"2026-04-14T17:02:43+00:00","description":"Entdecke unseren aromatischen Bio Fr\u00fchjahrsbl\u00fctenhonig mit Obst- und L\u00f6wenzahnbl\u00fcte aus dem Sauerland - selten und k\u00f6stlich. 100 % Bioland Qualit\u00e4t.","breadcrumb":{"@id":"https:\/\/www.bio-honig.de\/cms\/produkt\/bio-fruehjahrsbluetenhonig-mit-obst-und-loewenzahnbluete-kaufen-bluetenland-bienenhoefe\/#breadcrumb"},"inLanguage":"de","potentialAction":[{"@type":"ReadAction","target":["https:\/\/www.bio-honig.de\/cms\/produkt\/bio-fruehjahrsbluetenhonig-mit-obst-und-loewenzahnbluete-kaufen-bluetenland-bienenhoefe\/"]}]},{"@type":"ImageObject","inLanguage":"de","@id":"https:\/\/www.bio-honig.de\/cms\/produkt\/bio-fruehjahrsbluetenhonig-mit-obst-und-loewenzahnbluete-kaufen-bluetenland-bienenhoefe\/#primaryimage","url":"https:\/\/www.bio-honig.de\/cms\/wp-content\/uploads\/2020\/12\/DSC_0407-4-scaled.jpg","contentUrl":"https:\/\/www.bio-honig.de\/cms\/wp-content\/uploads\/2020\/12\/DSC_0407-4-scaled.jpg","width":2560,"height":2560},{"@type":"BreadcrumbList","@id":"https:\/\/www.bio-honig.de\/cms\/produkt\/bio-fruehjahrsbluetenhonig-mit-obst-und-loewenzahnbluete-kaufen-bluetenland-bienenhoefe\/#breadcrumb","itemListElement":[{"@type":"ListItem","position":1,"name":"Startseite","item":"https:\/\/www.bio-honig.de\/cms\/"},{"@type":"ListItem","position":2,"name":"Produkte","item":"https:\/\/www.bio-honig.de\/cms\/shop\/"},{"@type":"ListItem","position":3,"name":"Fr\u00fchjahrsbl\u00fctenhonig mit Obst- und L\u00f6wenzahnbl\u00fcte"}]},{"@type":"WebSite","@id":"https:\/\/www.bio-honig.de\/cms\/#website","url":"https:\/\/www.bio-honig.de\/cms\/","name":"Bl\u00fctenland Bienenh\u00f6fe","description":"Bio-Honig von Heike Appel","publisher":{"@id":"https:\/\/www.bio-honig.de\/cms\/#organization"},"potentialAction":[{"@type":"SearchAction","target":{"@type":"EntryPoint","urlTemplate":"https:\/\/www.bio-honig.de\/cms\/?s={search_term_string}"},"query-input":{"@type":"PropertyValueSpecification","valueRequired":true,"valueName":"search_term_string"}}],"inLanguage":"de"},{"@type":"Organization","@id":"https:\/\/www.bio-honig.de\/cms\/#organization","name":"Bl\u00fctenland Bienenh\u00f6fe - Bioland Imkereiprodukte","url":"https:\/\/www.bio-honig.de\/cms\/","logo":{"@type":"ImageObject","inLanguage":"de","@id":"https:\/\/www.bio-honig.de\/cms\/#\/schema\/logo\/image\/","url":"https:\/\/www.bio-honig.de\/cms\/wp-content\/uploads\/2018\/12\/Bildschirmfoto-2018-12-16-um-17.31.00.png","contentUrl":"https:\/\/www.bio-honig.de\/cms\/wp-content\/uploads\/2018\/12\/Bildschirmfoto-2018-12-16-um-17.31.00.png","width":750,"height":206,"caption":"Bl\u00fctenland Bienenh\u00f6fe - Bioland Imkereiprodukte"},"image":{"@id":"https:\/\/www.bio-honig.de\/cms\/#\/schema\/logo\/image\/"}}]}},"_links":{"self":[{"href":"https:\/\/www.bio-honig.de\/cms\/wp-json\/wp\/v2\/product\/1540","targetHints":{"allow":["GET"]}}],"collection":[{"href":"https:\/\/www.bio-honig.de\/cms\/wp-json\/wp\/v2\/product"}],"about":[{"href":"https:\/\/www.bio-honig.de\/cms\/wp-json\/wp\/v2\/types\/product"}],"replies":[{"embeddable":true,"href":"https:\/\/www.bio-honig.de\/cms\/wp-json\/wp\/v2\/comments?post=1540"}],"wp:featuredmedia":[{"embeddable":true,"href":"https:\/\/www.bio-honig.de\/cms\/wp-json\/wp\/v2\/media\/1537"}],"wp:attachment":[{"href":"https:\/\/www.bio-honig.de\/cms\/wp-json\/wp\/v2\/media?parent=1540"}],"wp:term":[{"taxonomy":"product_brand","embeddable":true,"href":"https:\/\/www.bio-honig.de\/cms\/wp-json\/wp\/v2\/product_brand?post=1540"},{"taxonomy":"product_cat","embeddable":true,"href":"https:\/\/www.bio-honig.de\/cms\/wp-json\/wp\/v2\/product_cat?post=1540"},{"taxonomy":"product_tag","embeddable":true,"href":"https:\/\/www.bio-honig.de\/cms\/wp-json\/wp\/v2\/product_tag?post=1540"}],"curies":[{"name":"wp","href":"https:\/\/api.w.org\/{rel}","templated":true}]}}