{"id":211,"date":"2016-11-23T10:36:47","date_gmt":"2016-11-23T09:36:47","guid":{"rendered":"http:\/\/www.bio-honig.de\/cms\/produkt\/waldhonig\/"},"modified":"2026-04-03T20:34:44","modified_gmt":"2026-04-03T18:34:44","slug":"bio-waldhonig-kaufen-fluessig-wuerzig-bluetenland-bienenhoefe","status":"publish","type":"product","link":"https:\/\/www.bio-honig.de\/cms\/produkt\/bio-waldhonig-kaufen-fluessig-wuerzig-bluetenland-bienenhoefe\/","title":{"rendered":"Waldhonig aus dem Schw\u00e4bischen Wald"},"content":{"rendered":"<div>\n<p>Bio Waldhonig: Wenn es im Wald summt, dann \u201ehonigt\u201c der Wald: Die Bienen sammeln winzige Honigtautr\u00f6pfchen von den dunkelgr\u00fcnen Blattnadeln der Fichten. Hocharomatisch ist der Honig in ihren Waben. Sein w\u00fcrziger Duft erinnert an einen sch\u00f6nen Sommertag im\u00a0 Wald!<\/p>\n<p>Der Schw\u00e4bische Waldhonig hat ein <strong>w\u00fcrzig-frisches<\/strong>, ausgesprochen harmonisches Aroma mit einer feinen, leicht<strong> nussigen Karamellnote<\/strong> \u2013 ein Gaumenschmeichler! Waldhonig bleibt von Natur aus sehr lange <strong>fl\u00fcssig<\/strong> im Glas. Waldhonig ist ein herrlicher Fr\u00fchst\u00fcckshonig \u2013 goldbraun gl\u00e4nzend auf dem Butterbr\u00f6tchen, mit Quark auf dem Vollkornbrot, mit Joghurt im M\u00fcsli. Oder einfach so pur auf dem L\u00f6ffel genascht.<\/p>\n<p>Vielen Gerichten k\u00f6nnen Sie mit Waldhonig eine feine, w\u00fcrzige Honignote verleihen: Salatsauce. Marinaden f\u00fcr Fisch und Fleisch. Fantastisches Geb\u00e4ck. Backen Sie gerne? Dann m\u00f6chte ich Ihnen, passend zum Herbst, eine knusprige <a href=\"https:\/\/www.bio-honig.de\/cms\/waldhonig-walnuss-tarte\/\">Waldhonig-Walnuss-Tarte<\/a> empfehlen!<\/p>\n<\/div>\n<div>\n<p>&nbsp;<\/p>\n<\/div>\n<p>&nbsp;<\/p>\n","protected":false},"excerpt":{"rendered":"<p><strong>Ernteregion:<\/strong> Schw\u00e4bischer Wald<\/p>\n<p><strong>Aroma:<\/strong> fein &#8211; w\u00fcrzig<\/p>\n<p><strong>Farbe:<\/strong> nu\u00dfbraun<\/p>\n<p><strong>Konsistenz:<\/strong> fl\u00fcssig<\/p>\n","protected":false},"featured_media":341,"comment_status":"closed","ping_status":"closed","template":"","meta":[],"product_brand":[],"product_cat":[190,181,183,17],"product_tag":[62,71,37,70],"class_list":{"0":"post-211","1":"product","2":"type-product","3":"status-publish","4":"has-post-thumbnail","6":"product_cat-alle-bio-honige","7":"product_cat-fluessiger-bioland-honig-aus-deutschland","8":"product_cat-wuerziger-bio-honig","9":"product_cat-deutscher-bio-honig","10":"product_tag-aus-deutschland","11":"product_tag-fein-wuerzig","12":"product_tag-fluessig","13":"product_tag-nussbraun","15":"first","16":"instock","17":"taxable","18":"shipping-taxable","19":"purchasable","20":"product-type-variable","21":"has-default-attributes","22":"wvs-archive-product-wrapper"},"yoast_head":"<!-- This site is optimized with the Yoast SEO plugin v27.0 - https:\/\/yoast.com\/product\/yoast-seo-wordpress\/ -->\n<title>Bio Waldhonig aus dem Schw\u00e4bischen Wald - Bl\u00fctenland Bienenh\u00f6fe<\/title>\n<meta name=\"description\" content=\"Kr\u00e4ftig-w\u00fcrziger Bio Waldhonig. Fl\u00fcssig. 100 % Bioland Qualit\u00e4t aus Deutschland - naturbelassen, intensiv und besonders wertvoll.\" \/>\n<meta name=\"robots\" content=\"index, follow, max-snippet:-1, max-image-preview:large, max-video-preview:-1\" \/>\n<link rel=\"canonical\" href=\"https:\/\/www.bio-honig.de\/cms\/produkt\/bio-waldhonig-kaufen-fluessig-wuerzig-bluetenland-bienenhoefe\/\" \/>\n<meta property=\"og:locale\" content=\"de_DE\" \/>\n<meta property=\"og:type\" content=\"article\" \/>\n<meta property=\"og:title\" content=\"Bio Waldhonig aus dem Schw\u00e4bischen Wald - Bl\u00fctenland Bienenh\u00f6fe\" \/>\n<meta property=\"og:description\" content=\"Kr\u00e4ftig-w\u00fcrziger Bio Waldhonig. Fl\u00fcssig. 100 % Bioland Qualit\u00e4t aus Deutschland - naturbelassen, intensiv und besonders wertvoll.\" \/>\n<meta property=\"og:url\" content=\"https:\/\/www.bio-honig.de\/cms\/produkt\/bio-waldhonig-kaufen-fluessig-wuerzig-bluetenland-bienenhoefe\/\" \/>\n<meta property=\"og:site_name\" content=\"Bl\u00fctenland Bienenh\u00f6fe\" \/>\n<meta property=\"article:modified_time\" content=\"2026-04-03T18:34:44+00:00\" \/>\n<meta property=\"og:image\" content=\"https:\/\/www.bio-honig.de\/cms\/wp-content\/uploads\/2016\/11\/500-g-Wald-DSC_0004-3_055-1024x1024.jpg\" \/>\n\t<meta property=\"og:image:width\" content=\"1024\" \/>\n\t<meta property=\"og:image:height\" content=\"1024\" \/>\n\t<meta property=\"og:image:type\" content=\"image\/jpeg\" \/>\n<meta name=\"twitter:card\" content=\"summary_large_image\" \/>\n<meta name=\"twitter:label1\" content=\"Gesch\u00e4tzte Lesezeit\" \/>\n\t<meta name=\"twitter:data1\" content=\"1\u00a0Minute\" \/>\n<script type=\"application\/ld+json\" class=\"yoast-schema-graph\">{\"@context\":\"https:\/\/schema.org\",\"@graph\":[{\"@type\":\"WebPage\",\"@id\":\"https:\/\/www.bio-honig.de\/cms\/produkt\/bio-waldhonig-kaufen-fluessig-wuerzig-bluetenland-bienenhoefe\/\",\"url\":\"https:\/\/www.bio-honig.de\/cms\/produkt\/bio-waldhonig-kaufen-fluessig-wuerzig-bluetenland-bienenhoefe\/\",\"name\":\"Bio Waldhonig aus dem Schw\u00e4bischen Wald - Bl\u00fctenland Bienenh\u00f6fe\",\"isPartOf\":{\"@id\":\"https:\/\/www.bio-honig.de\/cms\/#website\"},\"primaryImageOfPage\":{\"@id\":\"https:\/\/www.bio-honig.de\/cms\/produkt\/bio-waldhonig-kaufen-fluessig-wuerzig-bluetenland-bienenhoefe\/#primaryimage\"},\"image\":{\"@id\":\"https:\/\/www.bio-honig.de\/cms\/produkt\/bio-waldhonig-kaufen-fluessig-wuerzig-bluetenland-bienenhoefe\/#primaryimage\"},\"thumbnailUrl\":\"https:\/\/www.bio-honig.de\/cms\/wp-content\/uploads\/2016\/11\/500-g-Wald-DSC_0004-3_055.jpg\",\"datePublished\":\"2016-11-23T09:36:47+00:00\",\"dateModified\":\"2026-04-03T18:34:44+00:00\",\"description\":\"Kr\u00e4ftig-w\u00fcrziger Bio Waldhonig. Fl\u00fcssig. 100 % Bioland Qualit\u00e4t aus Deutschland - naturbelassen, intensiv und besonders wertvoll.\",\"breadcrumb\":{\"@id\":\"https:\/\/www.bio-honig.de\/cms\/produkt\/bio-waldhonig-kaufen-fluessig-wuerzig-bluetenland-bienenhoefe\/#breadcrumb\"},\"inLanguage\":\"de\",\"potentialAction\":[{\"@type\":\"ReadAction\",\"target\":[\"https:\/\/www.bio-honig.de\/cms\/produkt\/bio-waldhonig-kaufen-fluessig-wuerzig-bluetenland-bienenhoefe\/\"]}]},{\"@type\":\"ImageObject\",\"inLanguage\":\"de\",\"@id\":\"https:\/\/www.bio-honig.de\/cms\/produkt\/bio-waldhonig-kaufen-fluessig-wuerzig-bluetenland-bienenhoefe\/#primaryimage\",\"url\":\"https:\/\/www.bio-honig.de\/cms\/wp-content\/uploads\/2016\/11\/500-g-Wald-DSC_0004-3_055.jpg\",\"contentUrl\":\"https:\/\/www.bio-honig.de\/cms\/wp-content\/uploads\/2016\/11\/500-g-Wald-DSC_0004-3_055.jpg\",\"width\":3679,\"height\":3679},{\"@type\":\"BreadcrumbList\",\"@id\":\"https:\/\/www.bio-honig.de\/cms\/produkt\/bio-waldhonig-kaufen-fluessig-wuerzig-bluetenland-bienenhoefe\/#breadcrumb\",\"itemListElement\":[{\"@type\":\"ListItem\",\"position\":1,\"name\":\"Startseite\",\"item\":\"https:\/\/www.bio-honig.de\/cms\/\"},{\"@type\":\"ListItem\",\"position\":2,\"name\":\"Produkte\",\"item\":\"https:\/\/www.bio-honig.de\/cms\/shop\/\"},{\"@type\":\"ListItem\",\"position\":3,\"name\":\"Waldhonig aus dem Schw\u00e4bischen Wald\"}]},{\"@type\":\"WebSite\",\"@id\":\"https:\/\/www.bio-honig.de\/cms\/#website\",\"url\":\"https:\/\/www.bio-honig.de\/cms\/\",\"name\":\"Bl\u00fctenland Bienenh\u00f6fe\",\"description\":\"Bio-Honig von Heike Appel\",\"publisher\":{\"@id\":\"https:\/\/www.bio-honig.de\/cms\/#organization\"},\"potentialAction\":[{\"@type\":\"SearchAction\",\"target\":{\"@type\":\"EntryPoint\",\"urlTemplate\":\"https:\/\/www.bio-honig.de\/cms\/?s={search_term_string}\"},\"query-input\":{\"@type\":\"PropertyValueSpecification\",\"valueRequired\":true,\"valueName\":\"search_term_string\"}}],\"inLanguage\":\"de\"},{\"@type\":\"Organization\",\"@id\":\"https:\/\/www.bio-honig.de\/cms\/#organization\",\"name\":\"Bl\u00fctenland Bienenh\u00f6fe - Bioland Imkereiprodukte\",\"url\":\"https:\/\/www.bio-honig.de\/cms\/\",\"logo\":{\"@type\":\"ImageObject\",\"inLanguage\":\"de\",\"@id\":\"https:\/\/www.bio-honig.de\/cms\/#\/schema\/logo\/image\/\",\"url\":\"https:\/\/www.bio-honig.de\/cms\/wp-content\/uploads\/2018\/12\/Bildschirmfoto-2018-12-16-um-17.31.00.png\",\"contentUrl\":\"https:\/\/www.bio-honig.de\/cms\/wp-content\/uploads\/2018\/12\/Bildschirmfoto-2018-12-16-um-17.31.00.png\",\"width\":750,\"height\":206,\"caption\":\"Bl\u00fctenland Bienenh\u00f6fe - Bioland Imkereiprodukte\"},\"image\":{\"@id\":\"https:\/\/www.bio-honig.de\/cms\/#\/schema\/logo\/image\/\"}}]}<\/script>\n<!-- \/ Yoast SEO plugin. -->","yoast_head_json":{"title":"Bio Waldhonig aus dem Schw\u00e4bischen Wald - Bl\u00fctenland Bienenh\u00f6fe","description":"Kr\u00e4ftig-w\u00fcrziger Bio Waldhonig. Fl\u00fcssig. 100 % Bioland Qualit\u00e4t aus Deutschland - naturbelassen, intensiv und besonders wertvoll.","robots":{"index":"index","follow":"follow","max-snippet":"max-snippet:-1","max-image-preview":"max-image-preview:large","max-video-preview":"max-video-preview:-1"},"canonical":"https:\/\/www.bio-honig.de\/cms\/produkt\/bio-waldhonig-kaufen-fluessig-wuerzig-bluetenland-bienenhoefe\/","og_locale":"de_DE","og_type":"article","og_title":"Bio Waldhonig aus dem Schw\u00e4bischen Wald - Bl\u00fctenland Bienenh\u00f6fe","og_description":"Kr\u00e4ftig-w\u00fcrziger Bio Waldhonig. Fl\u00fcssig. 100 % Bioland Qualit\u00e4t aus Deutschland - naturbelassen, intensiv und besonders wertvoll.","og_url":"https:\/\/www.bio-honig.de\/cms\/produkt\/bio-waldhonig-kaufen-fluessig-wuerzig-bluetenland-bienenhoefe\/","og_site_name":"Bl\u00fctenland Bienenh\u00f6fe","article_modified_time":"2026-04-03T18:34:44+00:00","og_image":[{"width":1024,"height":1024,"url":"https:\/\/www.bio-honig.de\/cms\/wp-content\/uploads\/2016\/11\/500-g-Wald-DSC_0004-3_055-1024x1024.jpg","type":"image\/jpeg"}],"twitter_card":"summary_large_image","twitter_misc":{"Gesch\u00e4tzte Lesezeit":"1\u00a0Minute"},"schema":{"@context":"https:\/\/schema.org","@graph":[{"@type":"WebPage","@id":"https:\/\/www.bio-honig.de\/cms\/produkt\/bio-waldhonig-kaufen-fluessig-wuerzig-bluetenland-bienenhoefe\/","url":"https:\/\/www.bio-honig.de\/cms\/produkt\/bio-waldhonig-kaufen-fluessig-wuerzig-bluetenland-bienenhoefe\/","name":"Bio Waldhonig aus dem Schw\u00e4bischen Wald - Bl\u00fctenland Bienenh\u00f6fe","isPartOf":{"@id":"https:\/\/www.bio-honig.de\/cms\/#website"},"primaryImageOfPage":{"@id":"https:\/\/www.bio-honig.de\/cms\/produkt\/bio-waldhonig-kaufen-fluessig-wuerzig-bluetenland-bienenhoefe\/#primaryimage"},"image":{"@id":"https:\/\/www.bio-honig.de\/cms\/produkt\/bio-waldhonig-kaufen-fluessig-wuerzig-bluetenland-bienenhoefe\/#primaryimage"},"thumbnailUrl":"https:\/\/www.bio-honig.de\/cms\/wp-content\/uploads\/2016\/11\/500-g-Wald-DSC_0004-3_055.jpg","datePublished":"2016-11-23T09:36:47+00:00","dateModified":"2026-04-03T18:34:44+00:00","description":"Kr\u00e4ftig-w\u00fcrziger Bio Waldhonig. Fl\u00fcssig. 100 % Bioland Qualit\u00e4t aus Deutschland - naturbelassen, intensiv und besonders wertvoll.","breadcrumb":{"@id":"https:\/\/www.bio-honig.de\/cms\/produkt\/bio-waldhonig-kaufen-fluessig-wuerzig-bluetenland-bienenhoefe\/#breadcrumb"},"inLanguage":"de","potentialAction":[{"@type":"ReadAction","target":["https:\/\/www.bio-honig.de\/cms\/produkt\/bio-waldhonig-kaufen-fluessig-wuerzig-bluetenland-bienenhoefe\/"]}]},{"@type":"ImageObject","inLanguage":"de","@id":"https:\/\/www.bio-honig.de\/cms\/produkt\/bio-waldhonig-kaufen-fluessig-wuerzig-bluetenland-bienenhoefe\/#primaryimage","url":"https:\/\/www.bio-honig.de\/cms\/wp-content\/uploads\/2016\/11\/500-g-Wald-DSC_0004-3_055.jpg","contentUrl":"https:\/\/www.bio-honig.de\/cms\/wp-content\/uploads\/2016\/11\/500-g-Wald-DSC_0004-3_055.jpg","width":3679,"height":3679},{"@type":"BreadcrumbList","@id":"https:\/\/www.bio-honig.de\/cms\/produkt\/bio-waldhonig-kaufen-fluessig-wuerzig-bluetenland-bienenhoefe\/#breadcrumb","itemListElement":[{"@type":"ListItem","position":1,"name":"Startseite","item":"https:\/\/www.bio-honig.de\/cms\/"},{"@type":"ListItem","position":2,"name":"Produkte","item":"https:\/\/www.bio-honig.de\/cms\/shop\/"},{"@type":"ListItem","position":3,"name":"Waldhonig aus dem Schw\u00e4bischen Wald"}]},{"@type":"WebSite","@id":"https:\/\/www.bio-honig.de\/cms\/#website","url":"https:\/\/www.bio-honig.de\/cms\/","name":"Bl\u00fctenland Bienenh\u00f6fe","description":"Bio-Honig von Heike Appel","publisher":{"@id":"https:\/\/www.bio-honig.de\/cms\/#organization"},"potentialAction":[{"@type":"SearchAction","target":{"@type":"EntryPoint","urlTemplate":"https:\/\/www.bio-honig.de\/cms\/?s={search_term_string}"},"query-input":{"@type":"PropertyValueSpecification","valueRequired":true,"valueName":"search_term_string"}}],"inLanguage":"de"},{"@type":"Organization","@id":"https:\/\/www.bio-honig.de\/cms\/#organization","name":"Bl\u00fctenland Bienenh\u00f6fe - Bioland Imkereiprodukte","url":"https:\/\/www.bio-honig.de\/cms\/","logo":{"@type":"ImageObject","inLanguage":"de","@id":"https:\/\/www.bio-honig.de\/cms\/#\/schema\/logo\/image\/","url":"https:\/\/www.bio-honig.de\/cms\/wp-content\/uploads\/2018\/12\/Bildschirmfoto-2018-12-16-um-17.31.00.png","contentUrl":"https:\/\/www.bio-honig.de\/cms\/wp-content\/uploads\/2018\/12\/Bildschirmfoto-2018-12-16-um-17.31.00.png","width":750,"height":206,"caption":"Bl\u00fctenland Bienenh\u00f6fe - Bioland Imkereiprodukte"},"image":{"@id":"https:\/\/www.bio-honig.de\/cms\/#\/schema\/logo\/image\/"}}]}},"_links":{"self":[{"href":"https:\/\/www.bio-honig.de\/cms\/wp-json\/wp\/v2\/product\/211","targetHints":{"allow":["GET"]}}],"collection":[{"href":"https:\/\/www.bio-honig.de\/cms\/wp-json\/wp\/v2\/product"}],"about":[{"href":"https:\/\/www.bio-honig.de\/cms\/wp-json\/wp\/v2\/types\/product"}],"replies":[{"embeddable":true,"href":"https:\/\/www.bio-honig.de\/cms\/wp-json\/wp\/v2\/comments?post=211"}],"wp:featuredmedia":[{"embeddable":true,"href":"https:\/\/www.bio-honig.de\/cms\/wp-json\/wp\/v2\/media\/341"}],"wp:attachment":[{"href":"https:\/\/www.bio-honig.de\/cms\/wp-json\/wp\/v2\/media?parent=211"}],"wp:term":[{"taxonomy":"product_brand","embeddable":true,"href":"https:\/\/www.bio-honig.de\/cms\/wp-json\/wp\/v2\/product_brand?post=211"},{"taxonomy":"product_cat","embeddable":true,"href":"https:\/\/www.bio-honig.de\/cms\/wp-json\/wp\/v2\/product_cat?post=211"},{"taxonomy":"product_tag","embeddable":true,"href":"https:\/\/www.bio-honig.de\/cms\/wp-json\/wp\/v2\/product_tag?post=211"}],"curies":[{"name":"wp","href":"https:\/\/api.w.org\/{rel}","templated":true}]}}