{"id":225,"date":"2016-12-02T19:53:02","date_gmt":"2016-12-02T18:53:02","guid":{"rendered":"http:\/\/www.bio-honig.de\/cms\/produkt\/kornblumenhonig-mit-wildbluete\/"},"modified":"2026-04-02T13:22:17","modified_gmt":"2026-04-02T11:22:17","slug":"bio-kornblumenhonig-kaufen-hocharomatisch-feincremig-bluetenland-bienenhoefe","status":"publish","type":"product","link":"https:\/\/www.bio-honig.de\/cms\/produkt\/bio-kornblumenhonig-kaufen-hocharomatisch-feincremig-bluetenland-bienenhoefe\/","title":{"rendered":"Kornblumenhonig von der Mecklenburger Seenplatte"},"content":{"rendered":"<p>Bio Kornblumenhonig: Die Kornblume bl\u00fcht als wundersch\u00f6nes Wildkraut im Juni auf vielen Getreidefeldern der Mecklenburger Seenplatte: In blauen Bl\u00fctenmeeren und bunten Feldrainen sammeln die Bienen einen blumig duftenden, hocharomatischen Honig.<\/p>\n<p>&nbsp;<\/p>\n<p>&nbsp;<\/p>\n<p>&nbsp;<\/p>\n","protected":false},"excerpt":{"rendered":"<p><strong>Ernteregion:<\/strong> Mecklenburger Seen<\/p>\n<p><strong>Aroma:<\/strong> hocharomatisch<\/p>\n<p><strong>Farbe:<\/strong> gelb &#8211; br\u00e4unlich, manchmal mit leichtem Gr\u00fcnschimmer<\/p>\n<p><strong>Konsistenz:<\/strong> feincremig<\/p>\n","protected":false},"featured_media":380,"comment_status":"closed","ping_status":"closed","template":"","meta":[],"product_brand":[],"product_cat":[190,182,17],"product_tag":[62,32,74,57],"class_list":{"0":"post-225","1":"product","2":"type-product","3":"status-publish","4":"has-post-thumbnail","6":"product_cat-alle-bio-honige","7":"product_cat-feincremiger-bio-honig","8":"product_cat-deutscher-bio-honig","9":"product_tag-aus-deutschland","10":"product_tag-feincremig","11":"product_tag-gelb-braun","12":"product_tag-hocharomatisch","14":"first","15":"instock","16":"taxable","17":"shipping-taxable","18":"purchasable","19":"product-type-variable","20":"has-default-attributes","21":"wvs-archive-product-wrapper"},"yoast_head":"<!-- This site is optimized with the Yoast SEO plugin v27.0 - https:\/\/yoast.com\/product\/yoast-seo-wordpress\/ -->\n<title>Bio Kornblumenhonig von der Mecklenburger Seenplatte - Bl\u00fctenland Bienenh\u00f6fe<\/title>\n<meta name=\"description\" content=\"Hocharomatischer Bio Kornblumenhonig von der Mecklenburger Seenplatte. 100 % Bioland Qualit\u00e4t - naturbelassen, intensiv und besonders wertvoll.\" \/>\n<meta name=\"robots\" content=\"index, follow, max-snippet:-1, max-image-preview:large, max-video-preview:-1\" \/>\n<link rel=\"canonical\" href=\"https:\/\/www.bio-honig.de\/cms\/produkt\/bio-kornblumenhonig-kaufen-hocharomatisch-feincremig-bluetenland-bienenhoefe\/\" \/>\n<meta property=\"og:locale\" content=\"de_DE\" \/>\n<meta property=\"og:type\" content=\"article\" \/>\n<meta property=\"og:title\" content=\"Bio Kornblumenhonig von der Mecklenburger Seenplatte - Bl\u00fctenland Bienenh\u00f6fe\" \/>\n<meta property=\"og:description\" content=\"Hocharomatischer Bio Kornblumenhonig von der Mecklenburger Seenplatte. 100 % Bioland Qualit\u00e4t - naturbelassen, intensiv und besonders wertvoll.\" \/>\n<meta property=\"og:url\" content=\"https:\/\/www.bio-honig.de\/cms\/produkt\/bio-kornblumenhonig-kaufen-hocharomatisch-feincremig-bluetenland-bienenhoefe\/\" \/>\n<meta property=\"og:site_name\" content=\"Bl\u00fctenland Bienenh\u00f6fe\" \/>\n<meta property=\"article:modified_time\" content=\"2026-04-02T11:22:17+00:00\" \/>\n<meta property=\"og:image\" content=\"https:\/\/www.bio-honig.de\/cms\/wp-content\/uploads\/2017\/04\/500-g-KornblumeWildbl\u00fcte-DSC_0030_111-1024x1024.jpg\" \/>\n\t<meta property=\"og:image:width\" content=\"1024\" \/>\n\t<meta property=\"og:image:height\" content=\"1024\" \/>\n\t<meta property=\"og:image:type\" content=\"image\/jpeg\" \/>\n<meta name=\"twitter:card\" content=\"summary_large_image\" \/>\n<meta name=\"twitter:label1\" content=\"Gesch\u00e4tzte Lesezeit\" \/>\n\t<meta name=\"twitter:data1\" content=\"1\u00a0Minute\" \/>\n<script type=\"application\/ld+json\" class=\"yoast-schema-graph\">{\"@context\":\"https:\/\/schema.org\",\"@graph\":[{\"@type\":\"WebPage\",\"@id\":\"https:\/\/www.bio-honig.de\/cms\/produkt\/bio-kornblumenhonig-kaufen-hocharomatisch-feincremig-bluetenland-bienenhoefe\/\",\"url\":\"https:\/\/www.bio-honig.de\/cms\/produkt\/bio-kornblumenhonig-kaufen-hocharomatisch-feincremig-bluetenland-bienenhoefe\/\",\"name\":\"Bio Kornblumenhonig von der Mecklenburger Seenplatte - Bl\u00fctenland Bienenh\u00f6fe\",\"isPartOf\":{\"@id\":\"https:\/\/www.bio-honig.de\/cms\/#website\"},\"primaryImageOfPage\":{\"@id\":\"https:\/\/www.bio-honig.de\/cms\/produkt\/bio-kornblumenhonig-kaufen-hocharomatisch-feincremig-bluetenland-bienenhoefe\/#primaryimage\"},\"image\":{\"@id\":\"https:\/\/www.bio-honig.de\/cms\/produkt\/bio-kornblumenhonig-kaufen-hocharomatisch-feincremig-bluetenland-bienenhoefe\/#primaryimage\"},\"thumbnailUrl\":\"https:\/\/www.bio-honig.de\/cms\/wp-content\/uploads\/2017\/04\/500-g-KornblumeWildbl\u00fcte-DSC_0030_111.jpg\",\"datePublished\":\"2016-12-02T18:53:02+00:00\",\"dateModified\":\"2026-04-02T11:22:17+00:00\",\"description\":\"Hocharomatischer Bio Kornblumenhonig von der Mecklenburger Seenplatte. 100 % Bioland Qualit\u00e4t - naturbelassen, intensiv und besonders wertvoll.\",\"breadcrumb\":{\"@id\":\"https:\/\/www.bio-honig.de\/cms\/produkt\/bio-kornblumenhonig-kaufen-hocharomatisch-feincremig-bluetenland-bienenhoefe\/#breadcrumb\"},\"inLanguage\":\"de\",\"potentialAction\":[{\"@type\":\"ReadAction\",\"target\":[\"https:\/\/www.bio-honig.de\/cms\/produkt\/bio-kornblumenhonig-kaufen-hocharomatisch-feincremig-bluetenland-bienenhoefe\/\"]}]},{\"@type\":\"ImageObject\",\"inLanguage\":\"de\",\"@id\":\"https:\/\/www.bio-honig.de\/cms\/produkt\/bio-kornblumenhonig-kaufen-hocharomatisch-feincremig-bluetenland-bienenhoefe\/#primaryimage\",\"url\":\"https:\/\/www.bio-honig.de\/cms\/wp-content\/uploads\/2017\/04\/500-g-KornblumeWildbl\u00fcte-DSC_0030_111.jpg\",\"contentUrl\":\"https:\/\/www.bio-honig.de\/cms\/wp-content\/uploads\/2017\/04\/500-g-KornblumeWildbl\u00fcte-DSC_0030_111.jpg\",\"width\":3709,\"height\":3709},{\"@type\":\"BreadcrumbList\",\"@id\":\"https:\/\/www.bio-honig.de\/cms\/produkt\/bio-kornblumenhonig-kaufen-hocharomatisch-feincremig-bluetenland-bienenhoefe\/#breadcrumb\",\"itemListElement\":[{\"@type\":\"ListItem\",\"position\":1,\"name\":\"Startseite\",\"item\":\"https:\/\/www.bio-honig.de\/cms\/\"},{\"@type\":\"ListItem\",\"position\":2,\"name\":\"Produkte\",\"item\":\"https:\/\/www.bio-honig.de\/cms\/shop\/\"},{\"@type\":\"ListItem\",\"position\":3,\"name\":\"Kornblumenhonig von der Mecklenburger Seenplatte\"}]},{\"@type\":\"WebSite\",\"@id\":\"https:\/\/www.bio-honig.de\/cms\/#website\",\"url\":\"https:\/\/www.bio-honig.de\/cms\/\",\"name\":\"Bl\u00fctenland Bienenh\u00f6fe\",\"description\":\"Bio-Honig von Heike Appel\",\"publisher\":{\"@id\":\"https:\/\/www.bio-honig.de\/cms\/#organization\"},\"potentialAction\":[{\"@type\":\"SearchAction\",\"target\":{\"@type\":\"EntryPoint\",\"urlTemplate\":\"https:\/\/www.bio-honig.de\/cms\/?s={search_term_string}\"},\"query-input\":{\"@type\":\"PropertyValueSpecification\",\"valueRequired\":true,\"valueName\":\"search_term_string\"}}],\"inLanguage\":\"de\"},{\"@type\":\"Organization\",\"@id\":\"https:\/\/www.bio-honig.de\/cms\/#organization\",\"name\":\"Bl\u00fctenland Bienenh\u00f6fe - Bioland Imkereiprodukte\",\"url\":\"https:\/\/www.bio-honig.de\/cms\/\",\"logo\":{\"@type\":\"ImageObject\",\"inLanguage\":\"de\",\"@id\":\"https:\/\/www.bio-honig.de\/cms\/#\/schema\/logo\/image\/\",\"url\":\"https:\/\/www.bio-honig.de\/cms\/wp-content\/uploads\/2018\/12\/Bildschirmfoto-2018-12-16-um-17.31.00.png\",\"contentUrl\":\"https:\/\/www.bio-honig.de\/cms\/wp-content\/uploads\/2018\/12\/Bildschirmfoto-2018-12-16-um-17.31.00.png\",\"width\":750,\"height\":206,\"caption\":\"Bl\u00fctenland Bienenh\u00f6fe - Bioland Imkereiprodukte\"},\"image\":{\"@id\":\"https:\/\/www.bio-honig.de\/cms\/#\/schema\/logo\/image\/\"}}]}<\/script>\n<!-- \/ Yoast SEO plugin. -->","yoast_head_json":{"title":"Bio Kornblumenhonig von der Mecklenburger Seenplatte - Bl\u00fctenland Bienenh\u00f6fe","description":"Hocharomatischer Bio Kornblumenhonig von der Mecklenburger Seenplatte. 100 % Bioland Qualit\u00e4t - naturbelassen, intensiv und besonders wertvoll.","robots":{"index":"index","follow":"follow","max-snippet":"max-snippet:-1","max-image-preview":"max-image-preview:large","max-video-preview":"max-video-preview:-1"},"canonical":"https:\/\/www.bio-honig.de\/cms\/produkt\/bio-kornblumenhonig-kaufen-hocharomatisch-feincremig-bluetenland-bienenhoefe\/","og_locale":"de_DE","og_type":"article","og_title":"Bio Kornblumenhonig von der Mecklenburger Seenplatte - Bl\u00fctenland Bienenh\u00f6fe","og_description":"Hocharomatischer Bio Kornblumenhonig von der Mecklenburger Seenplatte. 100 % Bioland Qualit\u00e4t - naturbelassen, intensiv und besonders wertvoll.","og_url":"https:\/\/www.bio-honig.de\/cms\/produkt\/bio-kornblumenhonig-kaufen-hocharomatisch-feincremig-bluetenland-bienenhoefe\/","og_site_name":"Bl\u00fctenland Bienenh\u00f6fe","article_modified_time":"2026-04-02T11:22:17+00:00","og_image":[{"width":1024,"height":1024,"url":"https:\/\/www.bio-honig.de\/cms\/wp-content\/uploads\/2017\/04\/500-g-KornblumeWildbl\u00fcte-DSC_0030_111-1024x1024.jpg","type":"image\/jpeg"}],"twitter_card":"summary_large_image","twitter_misc":{"Gesch\u00e4tzte Lesezeit":"1\u00a0Minute"},"schema":{"@context":"https:\/\/schema.org","@graph":[{"@type":"WebPage","@id":"https:\/\/www.bio-honig.de\/cms\/produkt\/bio-kornblumenhonig-kaufen-hocharomatisch-feincremig-bluetenland-bienenhoefe\/","url":"https:\/\/www.bio-honig.de\/cms\/produkt\/bio-kornblumenhonig-kaufen-hocharomatisch-feincremig-bluetenland-bienenhoefe\/","name":"Bio Kornblumenhonig von der Mecklenburger Seenplatte - Bl\u00fctenland Bienenh\u00f6fe","isPartOf":{"@id":"https:\/\/www.bio-honig.de\/cms\/#website"},"primaryImageOfPage":{"@id":"https:\/\/www.bio-honig.de\/cms\/produkt\/bio-kornblumenhonig-kaufen-hocharomatisch-feincremig-bluetenland-bienenhoefe\/#primaryimage"},"image":{"@id":"https:\/\/www.bio-honig.de\/cms\/produkt\/bio-kornblumenhonig-kaufen-hocharomatisch-feincremig-bluetenland-bienenhoefe\/#primaryimage"},"thumbnailUrl":"https:\/\/www.bio-honig.de\/cms\/wp-content\/uploads\/2017\/04\/500-g-KornblumeWildbl\u00fcte-DSC_0030_111.jpg","datePublished":"2016-12-02T18:53:02+00:00","dateModified":"2026-04-02T11:22:17+00:00","description":"Hocharomatischer Bio Kornblumenhonig von der Mecklenburger Seenplatte. 100 % Bioland Qualit\u00e4t - naturbelassen, intensiv und besonders wertvoll.","breadcrumb":{"@id":"https:\/\/www.bio-honig.de\/cms\/produkt\/bio-kornblumenhonig-kaufen-hocharomatisch-feincremig-bluetenland-bienenhoefe\/#breadcrumb"},"inLanguage":"de","potentialAction":[{"@type":"ReadAction","target":["https:\/\/www.bio-honig.de\/cms\/produkt\/bio-kornblumenhonig-kaufen-hocharomatisch-feincremig-bluetenland-bienenhoefe\/"]}]},{"@type":"ImageObject","inLanguage":"de","@id":"https:\/\/www.bio-honig.de\/cms\/produkt\/bio-kornblumenhonig-kaufen-hocharomatisch-feincremig-bluetenland-bienenhoefe\/#primaryimage","url":"https:\/\/www.bio-honig.de\/cms\/wp-content\/uploads\/2017\/04\/500-g-KornblumeWildbl\u00fcte-DSC_0030_111.jpg","contentUrl":"https:\/\/www.bio-honig.de\/cms\/wp-content\/uploads\/2017\/04\/500-g-KornblumeWildbl\u00fcte-DSC_0030_111.jpg","width":3709,"height":3709},{"@type":"BreadcrumbList","@id":"https:\/\/www.bio-honig.de\/cms\/produkt\/bio-kornblumenhonig-kaufen-hocharomatisch-feincremig-bluetenland-bienenhoefe\/#breadcrumb","itemListElement":[{"@type":"ListItem","position":1,"name":"Startseite","item":"https:\/\/www.bio-honig.de\/cms\/"},{"@type":"ListItem","position":2,"name":"Produkte","item":"https:\/\/www.bio-honig.de\/cms\/shop\/"},{"@type":"ListItem","position":3,"name":"Kornblumenhonig von der Mecklenburger Seenplatte"}]},{"@type":"WebSite","@id":"https:\/\/www.bio-honig.de\/cms\/#website","url":"https:\/\/www.bio-honig.de\/cms\/","name":"Bl\u00fctenland Bienenh\u00f6fe","description":"Bio-Honig von Heike Appel","publisher":{"@id":"https:\/\/www.bio-honig.de\/cms\/#organization"},"potentialAction":[{"@type":"SearchAction","target":{"@type":"EntryPoint","urlTemplate":"https:\/\/www.bio-honig.de\/cms\/?s={search_term_string}"},"query-input":{"@type":"PropertyValueSpecification","valueRequired":true,"valueName":"search_term_string"}}],"inLanguage":"de"},{"@type":"Organization","@id":"https:\/\/www.bio-honig.de\/cms\/#organization","name":"Bl\u00fctenland Bienenh\u00f6fe - Bioland Imkereiprodukte","url":"https:\/\/www.bio-honig.de\/cms\/","logo":{"@type":"ImageObject","inLanguage":"de","@id":"https:\/\/www.bio-honig.de\/cms\/#\/schema\/logo\/image\/","url":"https:\/\/www.bio-honig.de\/cms\/wp-content\/uploads\/2018\/12\/Bildschirmfoto-2018-12-16-um-17.31.00.png","contentUrl":"https:\/\/www.bio-honig.de\/cms\/wp-content\/uploads\/2018\/12\/Bildschirmfoto-2018-12-16-um-17.31.00.png","width":750,"height":206,"caption":"Bl\u00fctenland Bienenh\u00f6fe - Bioland Imkereiprodukte"},"image":{"@id":"https:\/\/www.bio-honig.de\/cms\/#\/schema\/logo\/image\/"}}]}},"_links":{"self":[{"href":"https:\/\/www.bio-honig.de\/cms\/wp-json\/wp\/v2\/product\/225","targetHints":{"allow":["GET"]}}],"collection":[{"href":"https:\/\/www.bio-honig.de\/cms\/wp-json\/wp\/v2\/product"}],"about":[{"href":"https:\/\/www.bio-honig.de\/cms\/wp-json\/wp\/v2\/types\/product"}],"replies":[{"embeddable":true,"href":"https:\/\/www.bio-honig.de\/cms\/wp-json\/wp\/v2\/comments?post=225"}],"wp:featuredmedia":[{"embeddable":true,"href":"https:\/\/www.bio-honig.de\/cms\/wp-json\/wp\/v2\/media\/380"}],"wp:attachment":[{"href":"https:\/\/www.bio-honig.de\/cms\/wp-json\/wp\/v2\/media?parent=225"}],"wp:term":[{"taxonomy":"product_brand","embeddable":true,"href":"https:\/\/www.bio-honig.de\/cms\/wp-json\/wp\/v2\/product_brand?post=225"},{"taxonomy":"product_cat","embeddable":true,"href":"https:\/\/www.bio-honig.de\/cms\/wp-json\/wp\/v2\/product_cat?post=225"},{"taxonomy":"product_tag","embeddable":true,"href":"https:\/\/www.bio-honig.de\/cms\/wp-json\/wp\/v2\/product_tag?post=225"}],"curies":[{"name":"wp","href":"https:\/\/api.w.org\/{rel}","templated":true}]}}