{"id":233,"date":"2016-12-02T20:06:52","date_gmt":"2016-12-02T19:06:52","guid":{"rendered":"http:\/\/www.bio-honig.de\/cms\/produkt\/waldbluetenhonig\/"},"modified":"2026-04-02T19:52:05","modified_gmt":"2026-04-02T17:52:05","slug":"bio-waldbluetenhonig-cremig-feinwuerzig-bluetenland-bienenhoefe","status":"publish","type":"product","link":"https:\/\/www.bio-honig.de\/cms\/produkt\/bio-waldbluetenhonig-cremig-feinwuerzig-bluetenland-bienenhoefe\/","title":{"rendered":"Waldbl\u00fctenhonig vom Hohen Mei\u00dfner"},"content":{"rendered":"<p>Bio Waldbl\u00fctenhonig: Tauchen Sie ein in die Tiefen der deutschen W\u00e4lder mit unserem einzigartigen Waldbl\u00fctenhonig vom Hohen Mei\u00dfner. Aktuell bringen wir Ihnen den k\u00f6stlichen Nektar direkt aus den gr\u00fcnen Ausl\u00e4ufern des Sauerlands.<\/p>\n<p>Der exklusive Honig begeistert mit einem fein-w\u00fcrzigen Aroma, das Ihre Geschmacksknospen auf eine unvergessliche Reise durch die Natur f\u00fchrt. Beim \u00d6ffnen des Glases entstr\u00f6mt der verf\u00fchrerische Duft des Honigs von Himbeeren, Brombeeren und Weidenr\u00f6schen \u2013 ein Erlebnis, das den klassischen Waldhonig mit einer feinen, fruchtigen Note vereint.<\/p>\n<p>Die karamellbraune Farbe verhei\u00dft puren Genuss und spiegelt die unber\u00fchrte Natur unserer Ernteregionen wider. Genie\u00dfen Sie die cremige Konsistenz, die sich ideal auf Ihrem Fr\u00fchst\u00fccksbr\u00f6tchen verteilt oder als besondere Zutat in Ihrem Tee verfeinert.<\/p>\n<p>Unser Waldbl\u00fctenhonig ist nicht nur ein Geschmackserlebnis, sondern auch ein Produkt h\u00f6chster Qualit\u00e4t. Als zertifizierter Deutscher Bioland-Honig mit dem Pr\u00fcfzeichen DE-\u00d6KO-006 garantieren wir Ihnen einen Honig, der im Einklang mit der Natur produziert wird.<\/p>\n<p>Verf\u00fcgbar in den Mengen 60 g, 250 g und 500 g \u2013 je nach Bedarf und Lust auf Genuss. Entdecken Sie mit uns die k\u00f6stlichen Geheimnisse der deutschen W\u00e4lder!<\/p>\n","protected":false},"excerpt":{"rendered":"<p><strong>Ernteregion:<\/strong> Hoher Mei\u00dfner oder Sauerland (aktuell liefern wir Ihnen Waldbl\u00fctenhonig aus dem Sauerland)<\/p>\n<p><strong>Aroma:<\/strong> fein &#8211; w\u00fcrzig<\/p>\n<p><strong>Farbe:<\/strong> karamellbraun<\/p>\n<p><strong>Konsistenz:<\/strong> cremig<\/p>\n","protected":false},"featured_media":352,"comment_status":"closed","ping_status":"closed","template":"","meta":[],"product_brand":[],"product_cat":[190,183,17],"product_tag":[62,77,71,76],"class_list":{"0":"post-233","1":"product","2":"type-product","3":"status-publish","4":"has-post-thumbnail","6":"product_cat-alle-bio-honige","7":"product_cat-wuerziger-bio-honig","8":"product_cat-deutscher-bio-honig","9":"product_tag-aus-deutschland","10":"product_tag-cremig","11":"product_tag-fein-wuerzig","12":"product_tag-karamellbraun","14":"first","15":"instock","16":"taxable","17":"shipping-taxable","18":"purchasable","19":"product-type-variable","20":"has-default-attributes","21":"wvs-archive-product-wrapper"},"yoast_head":"<!-- This site is optimized with the Yoast SEO plugin v27.0 - https:\/\/yoast.com\/product\/yoast-seo-wordpress\/ -->\n<title>Bio Waldbl\u00fctenhonig vom Hohen Mei\u00dfner - Bl\u00fctenland Bienenh\u00f6fe<\/title>\n<meta name=\"description\" content=\"Entdecke unseren feinw\u00fcrzigen Waldbl\u00fctenhonig aus dem Schw\u00e4bischen Wald - cremig, naturbelassen und besonders wertvoll. 100 % Bioland Qualit\u00e4t.\" \/>\n<meta name=\"robots\" content=\"index, follow, max-snippet:-1, max-image-preview:large, max-video-preview:-1\" \/>\n<link rel=\"canonical\" href=\"https:\/\/www.bio-honig.de\/cms\/produkt\/bio-waldbluetenhonig-cremig-feinwuerzig-bluetenland-bienenhoefe\/\" \/>\n<meta property=\"og:locale\" content=\"de_DE\" \/>\n<meta property=\"og:type\" content=\"article\" \/>\n<meta property=\"og:title\" content=\"Bio Waldbl\u00fctenhonig vom Hohen Mei\u00dfner - Bl\u00fctenland Bienenh\u00f6fe\" \/>\n<meta property=\"og:description\" content=\"Entdecke unseren feinw\u00fcrzigen Waldbl\u00fctenhonig aus dem Schw\u00e4bischen Wald - cremig, naturbelassen und besonders wertvoll. 100 % Bioland Qualit\u00e4t.\" \/>\n<meta property=\"og:url\" content=\"https:\/\/www.bio-honig.de\/cms\/produkt\/bio-waldbluetenhonig-cremig-feinwuerzig-bluetenland-bienenhoefe\/\" \/>\n<meta property=\"og:site_name\" content=\"Bl\u00fctenland Bienenh\u00f6fe\" \/>\n<meta property=\"article:modified_time\" content=\"2026-04-02T17:52:05+00:00\" \/>\n<meta property=\"og:image\" content=\"https:\/\/www.bio-honig.de\/cms\/wp-content\/uploads\/2017\/04\/500-g-Waldbl\u00fcte-DSC_0018_081.jpg\" \/>\n\t<meta property=\"og:image:width\" content=\"3660\" \/>\n\t<meta property=\"og:image:height\" content=\"3661\" \/>\n\t<meta property=\"og:image:type\" content=\"image\/jpeg\" \/>\n<meta name=\"twitter:card\" content=\"summary_large_image\" \/>\n<meta name=\"twitter:label1\" content=\"Gesch\u00e4tzte Lesezeit\" \/>\n\t<meta name=\"twitter:data1\" content=\"2\u00a0Minuten\" \/>\n<script type=\"application\/ld+json\" class=\"yoast-schema-graph\">{\"@context\":\"https:\/\/schema.org\",\"@graph\":[{\"@type\":\"WebPage\",\"@id\":\"https:\/\/www.bio-honig.de\/cms\/produkt\/bio-waldbluetenhonig-cremig-feinwuerzig-bluetenland-bienenhoefe\/\",\"url\":\"https:\/\/www.bio-honig.de\/cms\/produkt\/bio-waldbluetenhonig-cremig-feinwuerzig-bluetenland-bienenhoefe\/\",\"name\":\"Bio Waldbl\u00fctenhonig vom Hohen Mei\u00dfner - Bl\u00fctenland Bienenh\u00f6fe\",\"isPartOf\":{\"@id\":\"https:\/\/www.bio-honig.de\/cms\/#website\"},\"primaryImageOfPage\":{\"@id\":\"https:\/\/www.bio-honig.de\/cms\/produkt\/bio-waldbluetenhonig-cremig-feinwuerzig-bluetenland-bienenhoefe\/#primaryimage\"},\"image\":{\"@id\":\"https:\/\/www.bio-honig.de\/cms\/produkt\/bio-waldbluetenhonig-cremig-feinwuerzig-bluetenland-bienenhoefe\/#primaryimage\"},\"thumbnailUrl\":\"https:\/\/www.bio-honig.de\/cms\/wp-content\/uploads\/2017\/04\/500-g-Waldbl\u00fcte-DSC_0018_081.jpg\",\"datePublished\":\"2016-12-02T19:06:52+00:00\",\"dateModified\":\"2026-04-02T17:52:05+00:00\",\"description\":\"Entdecke unseren feinw\u00fcrzigen Waldbl\u00fctenhonig aus dem Schw\u00e4bischen Wald - cremig, naturbelassen und besonders wertvoll. 100 % Bioland Qualit\u00e4t.\",\"breadcrumb\":{\"@id\":\"https:\/\/www.bio-honig.de\/cms\/produkt\/bio-waldbluetenhonig-cremig-feinwuerzig-bluetenland-bienenhoefe\/#breadcrumb\"},\"inLanguage\":\"de\",\"potentialAction\":[{\"@type\":\"ReadAction\",\"target\":[\"https:\/\/www.bio-honig.de\/cms\/produkt\/bio-waldbluetenhonig-cremig-feinwuerzig-bluetenland-bienenhoefe\/\"]}]},{\"@type\":\"ImageObject\",\"inLanguage\":\"de\",\"@id\":\"https:\/\/www.bio-honig.de\/cms\/produkt\/bio-waldbluetenhonig-cremig-feinwuerzig-bluetenland-bienenhoefe\/#primaryimage\",\"url\":\"https:\/\/www.bio-honig.de\/cms\/wp-content\/uploads\/2017\/04\/500-g-Waldbl\u00fcte-DSC_0018_081.jpg\",\"contentUrl\":\"https:\/\/www.bio-honig.de\/cms\/wp-content\/uploads\/2017\/04\/500-g-Waldbl\u00fcte-DSC_0018_081.jpg\",\"width\":3660,\"height\":3661},{\"@type\":\"BreadcrumbList\",\"@id\":\"https:\/\/www.bio-honig.de\/cms\/produkt\/bio-waldbluetenhonig-cremig-feinwuerzig-bluetenland-bienenhoefe\/#breadcrumb\",\"itemListElement\":[{\"@type\":\"ListItem\",\"position\":1,\"name\":\"Startseite\",\"item\":\"https:\/\/www.bio-honig.de\/cms\/\"},{\"@type\":\"ListItem\",\"position\":2,\"name\":\"Produkte\",\"item\":\"https:\/\/www.bio-honig.de\/cms\/shop\/\"},{\"@type\":\"ListItem\",\"position\":3,\"name\":\"Waldbl\u00fctenhonig vom Hohen Mei\u00dfner\"}]},{\"@type\":\"WebSite\",\"@id\":\"https:\/\/www.bio-honig.de\/cms\/#website\",\"url\":\"https:\/\/www.bio-honig.de\/cms\/\",\"name\":\"Bl\u00fctenland Bienenh\u00f6fe\",\"description\":\"Bio-Honig von Heike Appel\",\"publisher\":{\"@id\":\"https:\/\/www.bio-honig.de\/cms\/#organization\"},\"potentialAction\":[{\"@type\":\"SearchAction\",\"target\":{\"@type\":\"EntryPoint\",\"urlTemplate\":\"https:\/\/www.bio-honig.de\/cms\/?s={search_term_string}\"},\"query-input\":{\"@type\":\"PropertyValueSpecification\",\"valueRequired\":true,\"valueName\":\"search_term_string\"}}],\"inLanguage\":\"de\"},{\"@type\":\"Organization\",\"@id\":\"https:\/\/www.bio-honig.de\/cms\/#organization\",\"name\":\"Bl\u00fctenland Bienenh\u00f6fe - Bioland Imkereiprodukte\",\"url\":\"https:\/\/www.bio-honig.de\/cms\/\",\"logo\":{\"@type\":\"ImageObject\",\"inLanguage\":\"de\",\"@id\":\"https:\/\/www.bio-honig.de\/cms\/#\/schema\/logo\/image\/\",\"url\":\"https:\/\/www.bio-honig.de\/cms\/wp-content\/uploads\/2018\/12\/Bildschirmfoto-2018-12-16-um-17.31.00.png\",\"contentUrl\":\"https:\/\/www.bio-honig.de\/cms\/wp-content\/uploads\/2018\/12\/Bildschirmfoto-2018-12-16-um-17.31.00.png\",\"width\":750,\"height\":206,\"caption\":\"Bl\u00fctenland Bienenh\u00f6fe - Bioland Imkereiprodukte\"},\"image\":{\"@id\":\"https:\/\/www.bio-honig.de\/cms\/#\/schema\/logo\/image\/\"}}]}<\/script>\n<!-- \/ Yoast SEO plugin. -->","yoast_head_json":{"title":"Bio Waldbl\u00fctenhonig vom Hohen Mei\u00dfner - Bl\u00fctenland Bienenh\u00f6fe","description":"Entdecke unseren feinw\u00fcrzigen Waldbl\u00fctenhonig aus dem Schw\u00e4bischen Wald - cremig, naturbelassen und besonders wertvoll. 100 % Bioland Qualit\u00e4t.","robots":{"index":"index","follow":"follow","max-snippet":"max-snippet:-1","max-image-preview":"max-image-preview:large","max-video-preview":"max-video-preview:-1"},"canonical":"https:\/\/www.bio-honig.de\/cms\/produkt\/bio-waldbluetenhonig-cremig-feinwuerzig-bluetenland-bienenhoefe\/","og_locale":"de_DE","og_type":"article","og_title":"Bio Waldbl\u00fctenhonig vom Hohen Mei\u00dfner - Bl\u00fctenland Bienenh\u00f6fe","og_description":"Entdecke unseren feinw\u00fcrzigen Waldbl\u00fctenhonig aus dem Schw\u00e4bischen Wald - cremig, naturbelassen und besonders wertvoll. 100 % Bioland Qualit\u00e4t.","og_url":"https:\/\/www.bio-honig.de\/cms\/produkt\/bio-waldbluetenhonig-cremig-feinwuerzig-bluetenland-bienenhoefe\/","og_site_name":"Bl\u00fctenland Bienenh\u00f6fe","article_modified_time":"2026-04-02T17:52:05+00:00","og_image":[{"width":3660,"height":3661,"url":"https:\/\/www.bio-honig.de\/cms\/wp-content\/uploads\/2017\/04\/500-g-Waldbl\u00fcte-DSC_0018_081.jpg","type":"image\/jpeg"}],"twitter_card":"summary_large_image","twitter_misc":{"Gesch\u00e4tzte Lesezeit":"2\u00a0Minuten"},"schema":{"@context":"https:\/\/schema.org","@graph":[{"@type":"WebPage","@id":"https:\/\/www.bio-honig.de\/cms\/produkt\/bio-waldbluetenhonig-cremig-feinwuerzig-bluetenland-bienenhoefe\/","url":"https:\/\/www.bio-honig.de\/cms\/produkt\/bio-waldbluetenhonig-cremig-feinwuerzig-bluetenland-bienenhoefe\/","name":"Bio Waldbl\u00fctenhonig vom Hohen Mei\u00dfner - Bl\u00fctenland Bienenh\u00f6fe","isPartOf":{"@id":"https:\/\/www.bio-honig.de\/cms\/#website"},"primaryImageOfPage":{"@id":"https:\/\/www.bio-honig.de\/cms\/produkt\/bio-waldbluetenhonig-cremig-feinwuerzig-bluetenland-bienenhoefe\/#primaryimage"},"image":{"@id":"https:\/\/www.bio-honig.de\/cms\/produkt\/bio-waldbluetenhonig-cremig-feinwuerzig-bluetenland-bienenhoefe\/#primaryimage"},"thumbnailUrl":"https:\/\/www.bio-honig.de\/cms\/wp-content\/uploads\/2017\/04\/500-g-Waldbl\u00fcte-DSC_0018_081.jpg","datePublished":"2016-12-02T19:06:52+00:00","dateModified":"2026-04-02T17:52:05+00:00","description":"Entdecke unseren feinw\u00fcrzigen Waldbl\u00fctenhonig aus dem Schw\u00e4bischen Wald - cremig, naturbelassen und besonders wertvoll. 100 % Bioland Qualit\u00e4t.","breadcrumb":{"@id":"https:\/\/www.bio-honig.de\/cms\/produkt\/bio-waldbluetenhonig-cremig-feinwuerzig-bluetenland-bienenhoefe\/#breadcrumb"},"inLanguage":"de","potentialAction":[{"@type":"ReadAction","target":["https:\/\/www.bio-honig.de\/cms\/produkt\/bio-waldbluetenhonig-cremig-feinwuerzig-bluetenland-bienenhoefe\/"]}]},{"@type":"ImageObject","inLanguage":"de","@id":"https:\/\/www.bio-honig.de\/cms\/produkt\/bio-waldbluetenhonig-cremig-feinwuerzig-bluetenland-bienenhoefe\/#primaryimage","url":"https:\/\/www.bio-honig.de\/cms\/wp-content\/uploads\/2017\/04\/500-g-Waldbl\u00fcte-DSC_0018_081.jpg","contentUrl":"https:\/\/www.bio-honig.de\/cms\/wp-content\/uploads\/2017\/04\/500-g-Waldbl\u00fcte-DSC_0018_081.jpg","width":3660,"height":3661},{"@type":"BreadcrumbList","@id":"https:\/\/www.bio-honig.de\/cms\/produkt\/bio-waldbluetenhonig-cremig-feinwuerzig-bluetenland-bienenhoefe\/#breadcrumb","itemListElement":[{"@type":"ListItem","position":1,"name":"Startseite","item":"https:\/\/www.bio-honig.de\/cms\/"},{"@type":"ListItem","position":2,"name":"Produkte","item":"https:\/\/www.bio-honig.de\/cms\/shop\/"},{"@type":"ListItem","position":3,"name":"Waldbl\u00fctenhonig vom Hohen Mei\u00dfner"}]},{"@type":"WebSite","@id":"https:\/\/www.bio-honig.de\/cms\/#website","url":"https:\/\/www.bio-honig.de\/cms\/","name":"Bl\u00fctenland Bienenh\u00f6fe","description":"Bio-Honig von Heike Appel","publisher":{"@id":"https:\/\/www.bio-honig.de\/cms\/#organization"},"potentialAction":[{"@type":"SearchAction","target":{"@type":"EntryPoint","urlTemplate":"https:\/\/www.bio-honig.de\/cms\/?s={search_term_string}"},"query-input":{"@type":"PropertyValueSpecification","valueRequired":true,"valueName":"search_term_string"}}],"inLanguage":"de"},{"@type":"Organization","@id":"https:\/\/www.bio-honig.de\/cms\/#organization","name":"Bl\u00fctenland Bienenh\u00f6fe - Bioland Imkereiprodukte","url":"https:\/\/www.bio-honig.de\/cms\/","logo":{"@type":"ImageObject","inLanguage":"de","@id":"https:\/\/www.bio-honig.de\/cms\/#\/schema\/logo\/image\/","url":"https:\/\/www.bio-honig.de\/cms\/wp-content\/uploads\/2018\/12\/Bildschirmfoto-2018-12-16-um-17.31.00.png","contentUrl":"https:\/\/www.bio-honig.de\/cms\/wp-content\/uploads\/2018\/12\/Bildschirmfoto-2018-12-16-um-17.31.00.png","width":750,"height":206,"caption":"Bl\u00fctenland Bienenh\u00f6fe - Bioland Imkereiprodukte"},"image":{"@id":"https:\/\/www.bio-honig.de\/cms\/#\/schema\/logo\/image\/"}}]}},"_links":{"self":[{"href":"https:\/\/www.bio-honig.de\/cms\/wp-json\/wp\/v2\/product\/233","targetHints":{"allow":["GET"]}}],"collection":[{"href":"https:\/\/www.bio-honig.de\/cms\/wp-json\/wp\/v2\/product"}],"about":[{"href":"https:\/\/www.bio-honig.de\/cms\/wp-json\/wp\/v2\/types\/product"}],"replies":[{"embeddable":true,"href":"https:\/\/www.bio-honig.de\/cms\/wp-json\/wp\/v2\/comments?post=233"}],"wp:featuredmedia":[{"embeddable":true,"href":"https:\/\/www.bio-honig.de\/cms\/wp-json\/wp\/v2\/media\/352"}],"wp:attachment":[{"href":"https:\/\/www.bio-honig.de\/cms\/wp-json\/wp\/v2\/media?parent=233"}],"wp:term":[{"taxonomy":"product_brand","embeddable":true,"href":"https:\/\/www.bio-honig.de\/cms\/wp-json\/wp\/v2\/product_brand?post=233"},{"taxonomy":"product_cat","embeddable":true,"href":"https:\/\/www.bio-honig.de\/cms\/wp-json\/wp\/v2\/product_cat?post=233"},{"taxonomy":"product_tag","embeddable":true,"href":"https:\/\/www.bio-honig.de\/cms\/wp-json\/wp\/v2\/product_tag?post=233"}],"curies":[{"name":"wp","href":"https:\/\/api.w.org\/{rel}","templated":true}]}}