{"id":237,"date":"2016-12-02T20:11:52","date_gmt":"2016-12-02T19:11:52","guid":{"rendered":"http:\/\/www.bio-honig.de\/cms\/produkt\/heidehonig\/"},"modified":"2026-04-04T15:24:04","modified_gmt":"2026-04-04T13:24:04","slug":"bio-heidehonig-aus-deutschland-kaufen-wuerzig-herb-bluetenland-bienenhoefe","status":"publish","type":"product","link":"https:\/\/www.bio-honig.de\/cms\/produkt\/bio-heidehonig-aus-deutschland-kaufen-wuerzig-herb-bluetenland-bienenhoefe\/","title":{"rendered":"Heidehonig aus der Colbitz-Letzlinger Heide"},"content":{"rendered":"<p>Bio Heidehonig: Die Heide ist f\u00fcr die Bienen die letzte Tracht im Jahr. Im sp\u00e4ten Sommer bl\u00fcht und honigt sie erst, ihr Honig ist r\u00f6tlich bernsteinfarben, au\u00dfergew\u00f6hnlich intensiv in Duft und im Geschmack. Der kr\u00e4ftigste Honig aus dem Norden!<\/p>\n<p>&nbsp;<\/p>\n<p>&nbsp;<\/p>\n","protected":false},"excerpt":{"rendered":"<p><strong>Ernteregion:<\/strong> Colbitz-Letzlinger Heide<\/p>\n<p><strong>Aroma:<\/strong> w\u00fcrzig &#8211; herb<\/p>\n<p><strong>Farbe:<\/strong> rubin &#8211; bernsteinfarben<\/p>\n<p><strong>Konsistenz:<\/strong> cremig bis kristallin<\/p>\n","protected":false},"featured_media":345,"comment_status":"closed","ping_status":"closed","template":"","meta":[],"product_brand":[],"product_cat":[190,183,17],"product_tag":[62,77,79,78],"class_list":{"0":"post-237","1":"product","2":"type-product","3":"status-publish","4":"has-post-thumbnail","6":"product_cat-alle-bio-honige","7":"product_cat-wuerziger-bio-honig","8":"product_cat-deutscher-bio-honig","9":"product_tag-aus-deutschland","10":"product_tag-cremig","11":"product_tag-rubin-bernsteinfarben","12":"product_tag-wuerzig-herb","14":"first","15":"instock","16":"taxable","17":"shipping-taxable","18":"purchasable","19":"product-type-variable","20":"has-default-attributes","21":"wvs-archive-product-wrapper"},"yoast_head":"<!-- This site is optimized with the Yoast SEO plugin v27.0 - https:\/\/yoast.com\/product\/yoast-seo-wordpress\/ -->\n<title>Bio Heidehonig aus der Colbitz-Letzlinger Heide - Bl\u00fctenland Bienenh\u00f6fe<\/title>\n<meta name=\"description\" content=\"Echter Bio Heidehonig aus Deutschland. W\u00fcrzig-herb, au\u00dfergew\u00f6hnlich intensiv und besonders wertvoll. 100 % Bioland Qualit\u00e4t.\" \/>\n<meta name=\"robots\" content=\"index, follow, max-snippet:-1, max-image-preview:large, max-video-preview:-1\" \/>\n<link rel=\"canonical\" href=\"https:\/\/www.bio-honig.de\/cms\/produkt\/bio-heidehonig-aus-deutschland-kaufen-wuerzig-herb-bluetenland-bienenhoefe\/\" \/>\n<meta property=\"og:locale\" content=\"de_DE\" \/>\n<meta property=\"og:type\" content=\"article\" \/>\n<meta property=\"og:title\" content=\"Bio Heidehonig aus der Colbitz-Letzlinger Heide - Bl\u00fctenland Bienenh\u00f6fe\" \/>\n<meta property=\"og:description\" content=\"Echter Bio Heidehonig aus Deutschland. W\u00fcrzig-herb, au\u00dfergew\u00f6hnlich intensiv und besonders wertvoll. 100 % Bioland Qualit\u00e4t.\" \/>\n<meta property=\"og:url\" content=\"https:\/\/www.bio-honig.de\/cms\/produkt\/bio-heidehonig-aus-deutschland-kaufen-wuerzig-herb-bluetenland-bienenhoefe\/\" \/>\n<meta property=\"og:site_name\" content=\"Bl\u00fctenland Bienenh\u00f6fe\" \/>\n<meta property=\"article:modified_time\" content=\"2026-04-04T13:24:04+00:00\" \/>\n<meta property=\"og:image\" content=\"https:\/\/www.bio-honig.de\/cms\/wp-content\/uploads\/2017\/04\/500-g-Heide-DSC_0026_072-1024x1024.jpg\" \/>\n\t<meta property=\"og:image:width\" content=\"1024\" \/>\n\t<meta property=\"og:image:height\" content=\"1024\" \/>\n\t<meta property=\"og:image:type\" content=\"image\/jpeg\" \/>\n<meta name=\"twitter:card\" content=\"summary_large_image\" \/>\n<meta name=\"twitter:label1\" content=\"Gesch\u00e4tzte Lesezeit\" \/>\n\t<meta name=\"twitter:data1\" content=\"1\u00a0Minute\" \/>\n<script type=\"application\/ld+json\" class=\"yoast-schema-graph\">{\"@context\":\"https:\/\/schema.org\",\"@graph\":[{\"@type\":\"WebPage\",\"@id\":\"https:\/\/www.bio-honig.de\/cms\/produkt\/bio-heidehonig-aus-deutschland-kaufen-wuerzig-herb-bluetenland-bienenhoefe\/\",\"url\":\"https:\/\/www.bio-honig.de\/cms\/produkt\/bio-heidehonig-aus-deutschland-kaufen-wuerzig-herb-bluetenland-bienenhoefe\/\",\"name\":\"Bio Heidehonig aus der Colbitz-Letzlinger Heide - Bl\u00fctenland Bienenh\u00f6fe\",\"isPartOf\":{\"@id\":\"https:\/\/www.bio-honig.de\/cms\/#website\"},\"primaryImageOfPage\":{\"@id\":\"https:\/\/www.bio-honig.de\/cms\/produkt\/bio-heidehonig-aus-deutschland-kaufen-wuerzig-herb-bluetenland-bienenhoefe\/#primaryimage\"},\"image\":{\"@id\":\"https:\/\/www.bio-honig.de\/cms\/produkt\/bio-heidehonig-aus-deutschland-kaufen-wuerzig-herb-bluetenland-bienenhoefe\/#primaryimage\"},\"thumbnailUrl\":\"https:\/\/www.bio-honig.de\/cms\/wp-content\/uploads\/2017\/04\/500-g-Heide-DSC_0026_072.jpg\",\"datePublished\":\"2016-12-02T19:11:52+00:00\",\"dateModified\":\"2026-04-04T13:24:04+00:00\",\"description\":\"Echter Bio Heidehonig aus Deutschland. W\u00fcrzig-herb, au\u00dfergew\u00f6hnlich intensiv und besonders wertvoll. 100 % Bioland Qualit\u00e4t.\",\"breadcrumb\":{\"@id\":\"https:\/\/www.bio-honig.de\/cms\/produkt\/bio-heidehonig-aus-deutschland-kaufen-wuerzig-herb-bluetenland-bienenhoefe\/#breadcrumb\"},\"inLanguage\":\"de\",\"potentialAction\":[{\"@type\":\"ReadAction\",\"target\":[\"https:\/\/www.bio-honig.de\/cms\/produkt\/bio-heidehonig-aus-deutschland-kaufen-wuerzig-herb-bluetenland-bienenhoefe\/\"]}]},{\"@type\":\"ImageObject\",\"inLanguage\":\"de\",\"@id\":\"https:\/\/www.bio-honig.de\/cms\/produkt\/bio-heidehonig-aus-deutschland-kaufen-wuerzig-herb-bluetenland-bienenhoefe\/#primaryimage\",\"url\":\"https:\/\/www.bio-honig.de\/cms\/wp-content\/uploads\/2017\/04\/500-g-Heide-DSC_0026_072.jpg\",\"contentUrl\":\"https:\/\/www.bio-honig.de\/cms\/wp-content\/uploads\/2017\/04\/500-g-Heide-DSC_0026_072.jpg\",\"width\":3679,\"height\":3679},{\"@type\":\"BreadcrumbList\",\"@id\":\"https:\/\/www.bio-honig.de\/cms\/produkt\/bio-heidehonig-aus-deutschland-kaufen-wuerzig-herb-bluetenland-bienenhoefe\/#breadcrumb\",\"itemListElement\":[{\"@type\":\"ListItem\",\"position\":1,\"name\":\"Startseite\",\"item\":\"https:\/\/www.bio-honig.de\/cms\/\"},{\"@type\":\"ListItem\",\"position\":2,\"name\":\"Produkte\",\"item\":\"https:\/\/www.bio-honig.de\/cms\/shop\/\"},{\"@type\":\"ListItem\",\"position\":3,\"name\":\"Heidehonig aus der Colbitz-Letzlinger Heide\"}]},{\"@type\":\"WebSite\",\"@id\":\"https:\/\/www.bio-honig.de\/cms\/#website\",\"url\":\"https:\/\/www.bio-honig.de\/cms\/\",\"name\":\"Bl\u00fctenland Bienenh\u00f6fe\",\"description\":\"Bio-Honig von Heike Appel\",\"publisher\":{\"@id\":\"https:\/\/www.bio-honig.de\/cms\/#organization\"},\"potentialAction\":[{\"@type\":\"SearchAction\",\"target\":{\"@type\":\"EntryPoint\",\"urlTemplate\":\"https:\/\/www.bio-honig.de\/cms\/?s={search_term_string}\"},\"query-input\":{\"@type\":\"PropertyValueSpecification\",\"valueRequired\":true,\"valueName\":\"search_term_string\"}}],\"inLanguage\":\"de\"},{\"@type\":\"Organization\",\"@id\":\"https:\/\/www.bio-honig.de\/cms\/#organization\",\"name\":\"Bl\u00fctenland Bienenh\u00f6fe - Bioland Imkereiprodukte\",\"url\":\"https:\/\/www.bio-honig.de\/cms\/\",\"logo\":{\"@type\":\"ImageObject\",\"inLanguage\":\"de\",\"@id\":\"https:\/\/www.bio-honig.de\/cms\/#\/schema\/logo\/image\/\",\"url\":\"https:\/\/www.bio-honig.de\/cms\/wp-content\/uploads\/2018\/12\/Bildschirmfoto-2018-12-16-um-17.31.00.png\",\"contentUrl\":\"https:\/\/www.bio-honig.de\/cms\/wp-content\/uploads\/2018\/12\/Bildschirmfoto-2018-12-16-um-17.31.00.png\",\"width\":750,\"height\":206,\"caption\":\"Bl\u00fctenland Bienenh\u00f6fe - Bioland Imkereiprodukte\"},\"image\":{\"@id\":\"https:\/\/www.bio-honig.de\/cms\/#\/schema\/logo\/image\/\"}}]}<\/script>\n<!-- \/ Yoast SEO plugin. -->","yoast_head_json":{"title":"Bio Heidehonig aus der Colbitz-Letzlinger Heide - Bl\u00fctenland Bienenh\u00f6fe","description":"Echter Bio Heidehonig aus Deutschland. W\u00fcrzig-herb, au\u00dfergew\u00f6hnlich intensiv und besonders wertvoll. 100 % Bioland Qualit\u00e4t.","robots":{"index":"index","follow":"follow","max-snippet":"max-snippet:-1","max-image-preview":"max-image-preview:large","max-video-preview":"max-video-preview:-1"},"canonical":"https:\/\/www.bio-honig.de\/cms\/produkt\/bio-heidehonig-aus-deutschland-kaufen-wuerzig-herb-bluetenland-bienenhoefe\/","og_locale":"de_DE","og_type":"article","og_title":"Bio Heidehonig aus der Colbitz-Letzlinger Heide - Bl\u00fctenland Bienenh\u00f6fe","og_description":"Echter Bio Heidehonig aus Deutschland. W\u00fcrzig-herb, au\u00dfergew\u00f6hnlich intensiv und besonders wertvoll. 100 % Bioland Qualit\u00e4t.","og_url":"https:\/\/www.bio-honig.de\/cms\/produkt\/bio-heidehonig-aus-deutschland-kaufen-wuerzig-herb-bluetenland-bienenhoefe\/","og_site_name":"Bl\u00fctenland Bienenh\u00f6fe","article_modified_time":"2026-04-04T13:24:04+00:00","og_image":[{"width":1024,"height":1024,"url":"https:\/\/www.bio-honig.de\/cms\/wp-content\/uploads\/2017\/04\/500-g-Heide-DSC_0026_072-1024x1024.jpg","type":"image\/jpeg"}],"twitter_card":"summary_large_image","twitter_misc":{"Gesch\u00e4tzte Lesezeit":"1\u00a0Minute"},"schema":{"@context":"https:\/\/schema.org","@graph":[{"@type":"WebPage","@id":"https:\/\/www.bio-honig.de\/cms\/produkt\/bio-heidehonig-aus-deutschland-kaufen-wuerzig-herb-bluetenland-bienenhoefe\/","url":"https:\/\/www.bio-honig.de\/cms\/produkt\/bio-heidehonig-aus-deutschland-kaufen-wuerzig-herb-bluetenland-bienenhoefe\/","name":"Bio Heidehonig aus der Colbitz-Letzlinger Heide - Bl\u00fctenland Bienenh\u00f6fe","isPartOf":{"@id":"https:\/\/www.bio-honig.de\/cms\/#website"},"primaryImageOfPage":{"@id":"https:\/\/www.bio-honig.de\/cms\/produkt\/bio-heidehonig-aus-deutschland-kaufen-wuerzig-herb-bluetenland-bienenhoefe\/#primaryimage"},"image":{"@id":"https:\/\/www.bio-honig.de\/cms\/produkt\/bio-heidehonig-aus-deutschland-kaufen-wuerzig-herb-bluetenland-bienenhoefe\/#primaryimage"},"thumbnailUrl":"https:\/\/www.bio-honig.de\/cms\/wp-content\/uploads\/2017\/04\/500-g-Heide-DSC_0026_072.jpg","datePublished":"2016-12-02T19:11:52+00:00","dateModified":"2026-04-04T13:24:04+00:00","description":"Echter Bio Heidehonig aus Deutschland. W\u00fcrzig-herb, au\u00dfergew\u00f6hnlich intensiv und besonders wertvoll. 100 % Bioland Qualit\u00e4t.","breadcrumb":{"@id":"https:\/\/www.bio-honig.de\/cms\/produkt\/bio-heidehonig-aus-deutschland-kaufen-wuerzig-herb-bluetenland-bienenhoefe\/#breadcrumb"},"inLanguage":"de","potentialAction":[{"@type":"ReadAction","target":["https:\/\/www.bio-honig.de\/cms\/produkt\/bio-heidehonig-aus-deutschland-kaufen-wuerzig-herb-bluetenland-bienenhoefe\/"]}]},{"@type":"ImageObject","inLanguage":"de","@id":"https:\/\/www.bio-honig.de\/cms\/produkt\/bio-heidehonig-aus-deutschland-kaufen-wuerzig-herb-bluetenland-bienenhoefe\/#primaryimage","url":"https:\/\/www.bio-honig.de\/cms\/wp-content\/uploads\/2017\/04\/500-g-Heide-DSC_0026_072.jpg","contentUrl":"https:\/\/www.bio-honig.de\/cms\/wp-content\/uploads\/2017\/04\/500-g-Heide-DSC_0026_072.jpg","width":3679,"height":3679},{"@type":"BreadcrumbList","@id":"https:\/\/www.bio-honig.de\/cms\/produkt\/bio-heidehonig-aus-deutschland-kaufen-wuerzig-herb-bluetenland-bienenhoefe\/#breadcrumb","itemListElement":[{"@type":"ListItem","position":1,"name":"Startseite","item":"https:\/\/www.bio-honig.de\/cms\/"},{"@type":"ListItem","position":2,"name":"Produkte","item":"https:\/\/www.bio-honig.de\/cms\/shop\/"},{"@type":"ListItem","position":3,"name":"Heidehonig aus der Colbitz-Letzlinger Heide"}]},{"@type":"WebSite","@id":"https:\/\/www.bio-honig.de\/cms\/#website","url":"https:\/\/www.bio-honig.de\/cms\/","name":"Bl\u00fctenland Bienenh\u00f6fe","description":"Bio-Honig von Heike Appel","publisher":{"@id":"https:\/\/www.bio-honig.de\/cms\/#organization"},"potentialAction":[{"@type":"SearchAction","target":{"@type":"EntryPoint","urlTemplate":"https:\/\/www.bio-honig.de\/cms\/?s={search_term_string}"},"query-input":{"@type":"PropertyValueSpecification","valueRequired":true,"valueName":"search_term_string"}}],"inLanguage":"de"},{"@type":"Organization","@id":"https:\/\/www.bio-honig.de\/cms\/#organization","name":"Bl\u00fctenland Bienenh\u00f6fe - Bioland Imkereiprodukte","url":"https:\/\/www.bio-honig.de\/cms\/","logo":{"@type":"ImageObject","inLanguage":"de","@id":"https:\/\/www.bio-honig.de\/cms\/#\/schema\/logo\/image\/","url":"https:\/\/www.bio-honig.de\/cms\/wp-content\/uploads\/2018\/12\/Bildschirmfoto-2018-12-16-um-17.31.00.png","contentUrl":"https:\/\/www.bio-honig.de\/cms\/wp-content\/uploads\/2018\/12\/Bildschirmfoto-2018-12-16-um-17.31.00.png","width":750,"height":206,"caption":"Bl\u00fctenland Bienenh\u00f6fe - Bioland Imkereiprodukte"},"image":{"@id":"https:\/\/www.bio-honig.de\/cms\/#\/schema\/logo\/image\/"}}]}},"_links":{"self":[{"href":"https:\/\/www.bio-honig.de\/cms\/wp-json\/wp\/v2\/product\/237","targetHints":{"allow":["GET"]}}],"collection":[{"href":"https:\/\/www.bio-honig.de\/cms\/wp-json\/wp\/v2\/product"}],"about":[{"href":"https:\/\/www.bio-honig.de\/cms\/wp-json\/wp\/v2\/types\/product"}],"replies":[{"embeddable":true,"href":"https:\/\/www.bio-honig.de\/cms\/wp-json\/wp\/v2\/comments?post=237"}],"wp:featuredmedia":[{"embeddable":true,"href":"https:\/\/www.bio-honig.de\/cms\/wp-json\/wp\/v2\/media\/345"}],"wp:attachment":[{"href":"https:\/\/www.bio-honig.de\/cms\/wp-json\/wp\/v2\/media?parent=237"}],"wp:term":[{"taxonomy":"product_brand","embeddable":true,"href":"https:\/\/www.bio-honig.de\/cms\/wp-json\/wp\/v2\/product_brand?post=237"},{"taxonomy":"product_cat","embeddable":true,"href":"https:\/\/www.bio-honig.de\/cms\/wp-json\/wp\/v2\/product_cat?post=237"},{"taxonomy":"product_tag","embeddable":true,"href":"https:\/\/www.bio-honig.de\/cms\/wp-json\/wp\/v2\/product_tag?post=237"}],"curies":[{"name":"wp","href":"https:\/\/api.w.org\/{rel}","templated":true}]}}