{"id":245,"date":"2016-12-02T20:20:09","date_gmt":"2016-12-02T19:20:09","guid":{"rendered":"http:\/\/www.bio-honig.de\/cms\/produkt\/edelkastanienhonig\/"},"modified":"2026-04-07T18:39:18","modified_gmt":"2026-04-07T16:39:18","slug":"bio-edelkastanienhonig-kaufen-herb-wuerzig-bluetenland-bienenhoefe","status":"publish","type":"product","link":"https:\/\/www.bio-honig.de\/cms\/produkt\/bio-edelkastanienhonig-kaufen-herb-wuerzig-bluetenland-bienenhoefe\/","title":{"rendered":"Edelkastanienhonig aus dem Pf\u00e4lzer Wald"},"content":{"rendered":"<p>Bio Edelkastanienhonig: An der s\u00fcdlichen Weinstrasse fliegen die Bienen in Edelkastanienw\u00e4lder, die im Juni oberhalb der Weinberge bl\u00fchen. Der delikate Honig erinnert in Geschmack und auch in der Farbe etwas an Maronen \u2013 ein sehr ausgefallener Honig f\u00fcr die Liebhaber kr\u00e4ftig-herber Gen\u00fcsse des S\u00fcdens.<\/p>\n<p>&nbsp;<\/p>\n<p>&nbsp;<\/p>\n<p>&nbsp;<\/p>\n<p>&nbsp;<\/p>\n<p>&nbsp;<\/p>\n<p>&nbsp;<\/p>\n","protected":false},"excerpt":{"rendered":"<p><strong>Ernteregion:<\/strong> Pf\u00e4lzer Wald<\/p>\n<p><strong>Aroma:<\/strong> herb &#8211; w\u00fcrzig<\/p>\n<p><strong>Farbe:<\/strong> kastanienbraun<\/p>\n<p><strong>Konsistenz:<\/strong> fl\u00fcssig<\/p>\n","protected":false},"featured_media":395,"comment_status":"closed","ping_status":"closed","template":"","meta":[],"product_brand":[],"product_cat":[190,183,17],"product_tag":[62,77,82,81],"class_list":{"0":"post-245","1":"product","2":"type-product","3":"status-publish","4":"has-post-thumbnail","6":"product_cat-alle-bio-honige","7":"product_cat-wuerziger-bio-honig","8":"product_cat-deutscher-bio-honig","9":"product_tag-aus-deutschland","10":"product_tag-cremig","11":"product_tag-herb-wuerzig","12":"product_tag-kastanienbraun","14":"first","15":"instock","16":"taxable","17":"shipping-taxable","18":"purchasable","19":"product-type-variable","20":"has-default-attributes","21":"wvs-archive-product-wrapper"},"yoast_head":"<!-- This site is optimized with the Yoast SEO plugin v27.0 - https:\/\/yoast.com\/product\/yoast-seo-wordpress\/ -->\n<title>Bio Edelkastanienhonig aus dem Pf\u00e4lzer Wald - Bl\u00fctenland Bienenh\u00f6fe<\/title>\n<meta name=\"description\" content=\"Entdecke unseren herb-w\u00fcrzigen Bio Edelkastanienhonig - naturbelassen, intensiv und besonders wertvoll. 100 % Bioland Qualit\u00e4t aus Deutschland.\" \/>\n<meta name=\"robots\" content=\"index, follow, max-snippet:-1, max-image-preview:large, max-video-preview:-1\" \/>\n<link rel=\"canonical\" href=\"https:\/\/www.bio-honig.de\/cms\/produkt\/bio-edelkastanienhonig-kaufen-herb-wuerzig-bluetenland-bienenhoefe\/\" \/>\n<meta property=\"og:locale\" content=\"de_DE\" \/>\n<meta property=\"og:type\" content=\"article\" \/>\n<meta property=\"og:title\" content=\"Bio Edelkastanienhonig aus dem Pf\u00e4lzer Wald - Bl\u00fctenland Bienenh\u00f6fe\" \/>\n<meta property=\"og:description\" content=\"Entdecke unseren herb-w\u00fcrzigen Bio Edelkastanienhonig - naturbelassen, intensiv und besonders wertvoll. 100 % Bioland Qualit\u00e4t aus Deutschland.\" \/>\n<meta property=\"og:url\" content=\"https:\/\/www.bio-honig.de\/cms\/produkt\/bio-edelkastanienhonig-kaufen-herb-wuerzig-bluetenland-bienenhoefe\/\" \/>\n<meta property=\"og:site_name\" content=\"Bl\u00fctenland Bienenh\u00f6fe\" \/>\n<meta property=\"article:modified_time\" content=\"2026-04-07T16:39:18+00:00\" \/>\n<meta property=\"og:image\" content=\"https:\/\/www.bio-honig.de\/cms\/wp-content\/uploads\/2017\/05\/500-g-x-Edelkastanie-fl\u00fcssig-DSC_0005-3_066_157-e1504937897978.jpg\" \/>\n\t<meta property=\"og:image:width\" content=\"576\" \/>\n\t<meta property=\"og:image:height\" content=\"576\" \/>\n\t<meta property=\"og:image:type\" content=\"image\/jpeg\" \/>\n<meta name=\"twitter:card\" content=\"summary_large_image\" \/>\n<meta name=\"twitter:label1\" content=\"Gesch\u00e4tzte Lesezeit\" \/>\n\t<meta name=\"twitter:data1\" content=\"1\u00a0Minute\" \/>\n<script type=\"application\/ld+json\" class=\"yoast-schema-graph\">{\"@context\":\"https:\/\/schema.org\",\"@graph\":[{\"@type\":\"WebPage\",\"@id\":\"https:\/\/www.bio-honig.de\/cms\/produkt\/bio-edelkastanienhonig-kaufen-herb-wuerzig-bluetenland-bienenhoefe\/\",\"url\":\"https:\/\/www.bio-honig.de\/cms\/produkt\/bio-edelkastanienhonig-kaufen-herb-wuerzig-bluetenland-bienenhoefe\/\",\"name\":\"Bio Edelkastanienhonig aus dem Pf\u00e4lzer Wald - Bl\u00fctenland Bienenh\u00f6fe\",\"isPartOf\":{\"@id\":\"https:\/\/www.bio-honig.de\/cms\/#website\"},\"primaryImageOfPage\":{\"@id\":\"https:\/\/www.bio-honig.de\/cms\/produkt\/bio-edelkastanienhonig-kaufen-herb-wuerzig-bluetenland-bienenhoefe\/#primaryimage\"},\"image\":{\"@id\":\"https:\/\/www.bio-honig.de\/cms\/produkt\/bio-edelkastanienhonig-kaufen-herb-wuerzig-bluetenland-bienenhoefe\/#primaryimage\"},\"thumbnailUrl\":\"https:\/\/www.bio-honig.de\/cms\/wp-content\/uploads\/2017\/05\/500-g-x-Edelkastanie-fl\u00fcssig-DSC_0005-3_066_157-e1504937897978.jpg\",\"datePublished\":\"2016-12-02T19:20:09+00:00\",\"dateModified\":\"2026-04-07T16:39:18+00:00\",\"description\":\"Entdecke unseren herb-w\u00fcrzigen Bio Edelkastanienhonig - naturbelassen, intensiv und besonders wertvoll. 100 % Bioland Qualit\u00e4t aus Deutschland.\",\"breadcrumb\":{\"@id\":\"https:\/\/www.bio-honig.de\/cms\/produkt\/bio-edelkastanienhonig-kaufen-herb-wuerzig-bluetenland-bienenhoefe\/#breadcrumb\"},\"inLanguage\":\"de\",\"potentialAction\":[{\"@type\":\"ReadAction\",\"target\":[\"https:\/\/www.bio-honig.de\/cms\/produkt\/bio-edelkastanienhonig-kaufen-herb-wuerzig-bluetenland-bienenhoefe\/\"]}]},{\"@type\":\"ImageObject\",\"inLanguage\":\"de\",\"@id\":\"https:\/\/www.bio-honig.de\/cms\/produkt\/bio-edelkastanienhonig-kaufen-herb-wuerzig-bluetenland-bienenhoefe\/#primaryimage\",\"url\":\"https:\/\/www.bio-honig.de\/cms\/wp-content\/uploads\/2017\/05\/500-g-x-Edelkastanie-fl\u00fcssig-DSC_0005-3_066_157-e1504937897978.jpg\",\"contentUrl\":\"https:\/\/www.bio-honig.de\/cms\/wp-content\/uploads\/2017\/05\/500-g-x-Edelkastanie-fl\u00fcssig-DSC_0005-3_066_157-e1504937897978.jpg\",\"width\":576,\"height\":576},{\"@type\":\"BreadcrumbList\",\"@id\":\"https:\/\/www.bio-honig.de\/cms\/produkt\/bio-edelkastanienhonig-kaufen-herb-wuerzig-bluetenland-bienenhoefe\/#breadcrumb\",\"itemListElement\":[{\"@type\":\"ListItem\",\"position\":1,\"name\":\"Startseite\",\"item\":\"https:\/\/www.bio-honig.de\/cms\/\"},{\"@type\":\"ListItem\",\"position\":2,\"name\":\"Produkte\",\"item\":\"https:\/\/www.bio-honig.de\/cms\/shop\/\"},{\"@type\":\"ListItem\",\"position\":3,\"name\":\"Edelkastanienhonig aus dem Pf\u00e4lzer Wald\"}]},{\"@type\":\"WebSite\",\"@id\":\"https:\/\/www.bio-honig.de\/cms\/#website\",\"url\":\"https:\/\/www.bio-honig.de\/cms\/\",\"name\":\"Bl\u00fctenland Bienenh\u00f6fe\",\"description\":\"Bio-Honig von Heike Appel\",\"publisher\":{\"@id\":\"https:\/\/www.bio-honig.de\/cms\/#organization\"},\"potentialAction\":[{\"@type\":\"SearchAction\",\"target\":{\"@type\":\"EntryPoint\",\"urlTemplate\":\"https:\/\/www.bio-honig.de\/cms\/?s={search_term_string}\"},\"query-input\":{\"@type\":\"PropertyValueSpecification\",\"valueRequired\":true,\"valueName\":\"search_term_string\"}}],\"inLanguage\":\"de\"},{\"@type\":\"Organization\",\"@id\":\"https:\/\/www.bio-honig.de\/cms\/#organization\",\"name\":\"Bl\u00fctenland Bienenh\u00f6fe - Bioland Imkereiprodukte\",\"url\":\"https:\/\/www.bio-honig.de\/cms\/\",\"logo\":{\"@type\":\"ImageObject\",\"inLanguage\":\"de\",\"@id\":\"https:\/\/www.bio-honig.de\/cms\/#\/schema\/logo\/image\/\",\"url\":\"https:\/\/www.bio-honig.de\/cms\/wp-content\/uploads\/2018\/12\/Bildschirmfoto-2018-12-16-um-17.31.00.png\",\"contentUrl\":\"https:\/\/www.bio-honig.de\/cms\/wp-content\/uploads\/2018\/12\/Bildschirmfoto-2018-12-16-um-17.31.00.png\",\"width\":750,\"height\":206,\"caption\":\"Bl\u00fctenland Bienenh\u00f6fe - Bioland Imkereiprodukte\"},\"image\":{\"@id\":\"https:\/\/www.bio-honig.de\/cms\/#\/schema\/logo\/image\/\"}}]}<\/script>\n<!-- \/ Yoast SEO plugin. -->","yoast_head_json":{"title":"Bio Edelkastanienhonig aus dem Pf\u00e4lzer Wald - Bl\u00fctenland Bienenh\u00f6fe","description":"Entdecke unseren herb-w\u00fcrzigen Bio Edelkastanienhonig - naturbelassen, intensiv und besonders wertvoll. 100 % Bioland Qualit\u00e4t aus Deutschland.","robots":{"index":"index","follow":"follow","max-snippet":"max-snippet:-1","max-image-preview":"max-image-preview:large","max-video-preview":"max-video-preview:-1"},"canonical":"https:\/\/www.bio-honig.de\/cms\/produkt\/bio-edelkastanienhonig-kaufen-herb-wuerzig-bluetenland-bienenhoefe\/","og_locale":"de_DE","og_type":"article","og_title":"Bio Edelkastanienhonig aus dem Pf\u00e4lzer Wald - Bl\u00fctenland Bienenh\u00f6fe","og_description":"Entdecke unseren herb-w\u00fcrzigen Bio Edelkastanienhonig - naturbelassen, intensiv und besonders wertvoll. 100 % Bioland Qualit\u00e4t aus Deutschland.","og_url":"https:\/\/www.bio-honig.de\/cms\/produkt\/bio-edelkastanienhonig-kaufen-herb-wuerzig-bluetenland-bienenhoefe\/","og_site_name":"Bl\u00fctenland Bienenh\u00f6fe","article_modified_time":"2026-04-07T16:39:18+00:00","og_image":[{"width":576,"height":576,"url":"https:\/\/www.bio-honig.de\/cms\/wp-content\/uploads\/2017\/05\/500-g-x-Edelkastanie-fl\u00fcssig-DSC_0005-3_066_157-e1504937897978.jpg","type":"image\/jpeg"}],"twitter_card":"summary_large_image","twitter_misc":{"Gesch\u00e4tzte Lesezeit":"1\u00a0Minute"},"schema":{"@context":"https:\/\/schema.org","@graph":[{"@type":"WebPage","@id":"https:\/\/www.bio-honig.de\/cms\/produkt\/bio-edelkastanienhonig-kaufen-herb-wuerzig-bluetenland-bienenhoefe\/","url":"https:\/\/www.bio-honig.de\/cms\/produkt\/bio-edelkastanienhonig-kaufen-herb-wuerzig-bluetenland-bienenhoefe\/","name":"Bio Edelkastanienhonig aus dem Pf\u00e4lzer Wald - Bl\u00fctenland Bienenh\u00f6fe","isPartOf":{"@id":"https:\/\/www.bio-honig.de\/cms\/#website"},"primaryImageOfPage":{"@id":"https:\/\/www.bio-honig.de\/cms\/produkt\/bio-edelkastanienhonig-kaufen-herb-wuerzig-bluetenland-bienenhoefe\/#primaryimage"},"image":{"@id":"https:\/\/www.bio-honig.de\/cms\/produkt\/bio-edelkastanienhonig-kaufen-herb-wuerzig-bluetenland-bienenhoefe\/#primaryimage"},"thumbnailUrl":"https:\/\/www.bio-honig.de\/cms\/wp-content\/uploads\/2017\/05\/500-g-x-Edelkastanie-fl\u00fcssig-DSC_0005-3_066_157-e1504937897978.jpg","datePublished":"2016-12-02T19:20:09+00:00","dateModified":"2026-04-07T16:39:18+00:00","description":"Entdecke unseren herb-w\u00fcrzigen Bio Edelkastanienhonig - naturbelassen, intensiv und besonders wertvoll. 100 % Bioland Qualit\u00e4t aus Deutschland.","breadcrumb":{"@id":"https:\/\/www.bio-honig.de\/cms\/produkt\/bio-edelkastanienhonig-kaufen-herb-wuerzig-bluetenland-bienenhoefe\/#breadcrumb"},"inLanguage":"de","potentialAction":[{"@type":"ReadAction","target":["https:\/\/www.bio-honig.de\/cms\/produkt\/bio-edelkastanienhonig-kaufen-herb-wuerzig-bluetenland-bienenhoefe\/"]}]},{"@type":"ImageObject","inLanguage":"de","@id":"https:\/\/www.bio-honig.de\/cms\/produkt\/bio-edelkastanienhonig-kaufen-herb-wuerzig-bluetenland-bienenhoefe\/#primaryimage","url":"https:\/\/www.bio-honig.de\/cms\/wp-content\/uploads\/2017\/05\/500-g-x-Edelkastanie-fl\u00fcssig-DSC_0005-3_066_157-e1504937897978.jpg","contentUrl":"https:\/\/www.bio-honig.de\/cms\/wp-content\/uploads\/2017\/05\/500-g-x-Edelkastanie-fl\u00fcssig-DSC_0005-3_066_157-e1504937897978.jpg","width":576,"height":576},{"@type":"BreadcrumbList","@id":"https:\/\/www.bio-honig.de\/cms\/produkt\/bio-edelkastanienhonig-kaufen-herb-wuerzig-bluetenland-bienenhoefe\/#breadcrumb","itemListElement":[{"@type":"ListItem","position":1,"name":"Startseite","item":"https:\/\/www.bio-honig.de\/cms\/"},{"@type":"ListItem","position":2,"name":"Produkte","item":"https:\/\/www.bio-honig.de\/cms\/shop\/"},{"@type":"ListItem","position":3,"name":"Edelkastanienhonig aus dem Pf\u00e4lzer Wald"}]},{"@type":"WebSite","@id":"https:\/\/www.bio-honig.de\/cms\/#website","url":"https:\/\/www.bio-honig.de\/cms\/","name":"Bl\u00fctenland Bienenh\u00f6fe","description":"Bio-Honig von Heike Appel","publisher":{"@id":"https:\/\/www.bio-honig.de\/cms\/#organization"},"potentialAction":[{"@type":"SearchAction","target":{"@type":"EntryPoint","urlTemplate":"https:\/\/www.bio-honig.de\/cms\/?s={search_term_string}"},"query-input":{"@type":"PropertyValueSpecification","valueRequired":true,"valueName":"search_term_string"}}],"inLanguage":"de"},{"@type":"Organization","@id":"https:\/\/www.bio-honig.de\/cms\/#organization","name":"Bl\u00fctenland Bienenh\u00f6fe - Bioland Imkereiprodukte","url":"https:\/\/www.bio-honig.de\/cms\/","logo":{"@type":"ImageObject","inLanguage":"de","@id":"https:\/\/www.bio-honig.de\/cms\/#\/schema\/logo\/image\/","url":"https:\/\/www.bio-honig.de\/cms\/wp-content\/uploads\/2018\/12\/Bildschirmfoto-2018-12-16-um-17.31.00.png","contentUrl":"https:\/\/www.bio-honig.de\/cms\/wp-content\/uploads\/2018\/12\/Bildschirmfoto-2018-12-16-um-17.31.00.png","width":750,"height":206,"caption":"Bl\u00fctenland Bienenh\u00f6fe - Bioland Imkereiprodukte"},"image":{"@id":"https:\/\/www.bio-honig.de\/cms\/#\/schema\/logo\/image\/"}}]}},"_links":{"self":[{"href":"https:\/\/www.bio-honig.de\/cms\/wp-json\/wp\/v2\/product\/245","targetHints":{"allow":["GET"]}}],"collection":[{"href":"https:\/\/www.bio-honig.de\/cms\/wp-json\/wp\/v2\/product"}],"about":[{"href":"https:\/\/www.bio-honig.de\/cms\/wp-json\/wp\/v2\/types\/product"}],"replies":[{"embeddable":true,"href":"https:\/\/www.bio-honig.de\/cms\/wp-json\/wp\/v2\/comments?post=245"}],"wp:featuredmedia":[{"embeddable":true,"href":"https:\/\/www.bio-honig.de\/cms\/wp-json\/wp\/v2\/media\/395"}],"wp:attachment":[{"href":"https:\/\/www.bio-honig.de\/cms\/wp-json\/wp\/v2\/media?parent=245"}],"wp:term":[{"taxonomy":"product_brand","embeddable":true,"href":"https:\/\/www.bio-honig.de\/cms\/wp-json\/wp\/v2\/product_brand?post=245"},{"taxonomy":"product_cat","embeddable":true,"href":"https:\/\/www.bio-honig.de\/cms\/wp-json\/wp\/v2\/product_cat?post=245"},{"taxonomy":"product_tag","embeddable":true,"href":"https:\/\/www.bio-honig.de\/cms\/wp-json\/wp\/v2\/product_tag?post=245"}],"curies":[{"name":"wp","href":"https:\/\/api.w.org\/{rel}","templated":true}]}}