{"id":249,"date":"2016-12-02T20:33:06","date_gmt":"2016-12-02T19:33:06","guid":{"rendered":"http:\/\/www.bio-honig.de\/cms\/produkt\/honig-sanddorn\/"},"modified":"2026-04-07T14:21:13","modified_gmt":"2026-04-07T12:21:13","slug":"bio-honig-sanddorn-kaufen-fruchtig-und-fein-bluetenland-bienenhoefe","status":"publish","type":"product","link":"https:\/\/www.bio-honig.de\/cms\/produkt\/bio-honig-sanddorn-kaufen-fruchtig-und-fein-bluetenland-bienenhoefe\/","title":{"rendered":"Honig &#038; Sanddorn aus Brandenburg und Mecklenburg"},"content":{"rendered":"<p>Bio Honig &amp; Sanddorn: Bio-Sanddornbeeren von der Mecklenburger Ostseek\u00fcste \u00fcberraschen in feinem Bl\u00fctenhonig mit einem runden, fruchtigen Aroma.<\/p>\n<p>Zutaten: Bl\u00fctenhonig*, Sanddornzubereitung*<\/p>\n<p>* aus kontrolliert \u00f6kologischem Anbau<\/p>\n<p>Brotaufstrich<\/p>\n<p>&nbsp;<\/p>\n<p>&nbsp;<\/p>\n<p>&nbsp;<\/p>\n","protected":false},"excerpt":{"rendered":"<p><strong>Ernteregion:<\/strong> Brandenburg, Mecklenburg<\/p>\n<p><strong>Aroma:<\/strong> fruchtig<\/p>\n<p><strong>Farbe:<\/strong> orange<\/p>\n<p><strong>Konsistenz:<\/strong> cremig<\/p>\n","protected":false},"featured_media":365,"comment_status":"closed","ping_status":"closed","template":"","meta":[],"product_brand":[],"product_cat":[45],"product_tag":[32,58,62,83],"class_list":{"0":"post-249","1":"product","2":"type-product","3":"status-publish","4":"has-post-thumbnail","6":"product_cat-honigmischungen","7":"product_tag-feincremig","8":"product_tag-fruchtig","9":"product_tag-aus-deutschland","10":"product_tag-orange","12":"first","13":"instock","14":"taxable","15":"shipping-taxable","16":"purchasable","17":"product-type-variable","18":"has-default-attributes","19":"wvs-archive-product-wrapper"},"yoast_head":"<!-- This site is optimized with the Yoast SEO plugin v27.3 - https:\/\/yoast.com\/product\/yoast-seo-wordpress\/ -->\n<title>Bio Honig &amp; Sanddorn aus Brandenburg und Mecklenburg - Bl\u00fctenland Bienenh\u00f6fe<\/title>\n<meta name=\"description\" content=\"Entdecke unsern Honig &amp; Sanddorn - aromatisch, cremig und besonders fruchtig im Geschmack. 100 % Bioland Qualit\u00e4t aus Deutschland.\" \/>\n<meta name=\"robots\" content=\"index, follow, max-snippet:-1, max-image-preview:large, max-video-preview:-1\" \/>\n<link rel=\"canonical\" href=\"https:\/\/www.bio-honig.de\/cms\/produkt\/bio-honig-sanddorn-kaufen-fruchtig-und-fein-bluetenland-bienenhoefe\/\" \/>\n<meta property=\"og:locale\" content=\"de_DE\" \/>\n<meta property=\"og:type\" content=\"article\" \/>\n<meta property=\"og:title\" content=\"Bio Honig &amp; Sanddorn aus Brandenburg und Mecklenburg - Bl\u00fctenland Bienenh\u00f6fe\" \/>\n<meta property=\"og:description\" content=\"Entdecke unsern Honig &amp; Sanddorn - aromatisch, cremig und besonders fruchtig im Geschmack. 100 % Bioland Qualit\u00e4t aus Deutschland.\" \/>\n<meta property=\"og:url\" content=\"https:\/\/www.bio-honig.de\/cms\/produkt\/bio-honig-sanddorn-kaufen-fruchtig-und-fein-bluetenland-bienenhoefe\/\" \/>\n<meta property=\"og:site_name\" content=\"Bl\u00fctenland Bienenh\u00f6fe\" \/>\n<meta property=\"article:modified_time\" content=\"2026-04-07T12:21:13+00:00\" \/>\n<meta property=\"og:image\" content=\"https:\/\/www.bio-honig.de\/cms\/wp-content\/uploads\/2017\/04\/250-g-HonigSanddorn-DSC_0008_058.jpg\" \/>\n\t<meta property=\"og:image:width\" content=\"3363\" \/>\n\t<meta property=\"og:image:height\" content=\"3363\" \/>\n\t<meta property=\"og:image:type\" content=\"image\/jpeg\" \/>\n<meta name=\"twitter:card\" content=\"summary_large_image\" \/>\n<meta name=\"twitter:label1\" content=\"Gesch\u00e4tzte Lesezeit\" \/>\n\t<meta name=\"twitter:data1\" content=\"1\u00a0Minute\" \/>\n<script type=\"application\/ld+json\" class=\"yoast-schema-graph\">{\"@context\":\"https:\\\/\\\/schema.org\",\"@graph\":[{\"@type\":\"WebPage\",\"@id\":\"https:\\\/\\\/www.bio-honig.de\\\/cms\\\/produkt\\\/bio-honig-sanddorn-kaufen-fruchtig-und-fein-bluetenland-bienenhoefe\\\/\",\"url\":\"https:\\\/\\\/www.bio-honig.de\\\/cms\\\/produkt\\\/bio-honig-sanddorn-kaufen-fruchtig-und-fein-bluetenland-bienenhoefe\\\/\",\"name\":\"Bio Honig & Sanddorn aus Brandenburg und Mecklenburg - Bl\u00fctenland Bienenh\u00f6fe\",\"isPartOf\":{\"@id\":\"https:\\\/\\\/www.bio-honig.de\\\/cms\\\/#website\"},\"primaryImageOfPage\":{\"@id\":\"https:\\\/\\\/www.bio-honig.de\\\/cms\\\/produkt\\\/bio-honig-sanddorn-kaufen-fruchtig-und-fein-bluetenland-bienenhoefe\\\/#primaryimage\"},\"image\":{\"@id\":\"https:\\\/\\\/www.bio-honig.de\\\/cms\\\/produkt\\\/bio-honig-sanddorn-kaufen-fruchtig-und-fein-bluetenland-bienenhoefe\\\/#primaryimage\"},\"thumbnailUrl\":\"https:\\\/\\\/www.bio-honig.de\\\/cms\\\/wp-content\\\/uploads\\\/2017\\\/04\\\/250-g-HonigSanddorn-DSC_0008_058.jpg\",\"datePublished\":\"2016-12-02T19:33:06+00:00\",\"dateModified\":\"2026-04-07T12:21:13+00:00\",\"description\":\"Entdecke unsern Honig & Sanddorn - aromatisch, cremig und besonders fruchtig im Geschmack. 100 % Bioland Qualit\u00e4t aus Deutschland.\",\"breadcrumb\":{\"@id\":\"https:\\\/\\\/www.bio-honig.de\\\/cms\\\/produkt\\\/bio-honig-sanddorn-kaufen-fruchtig-und-fein-bluetenland-bienenhoefe\\\/#breadcrumb\"},\"inLanguage\":\"de\",\"potentialAction\":[{\"@type\":\"ReadAction\",\"target\":[\"https:\\\/\\\/www.bio-honig.de\\\/cms\\\/produkt\\\/bio-honig-sanddorn-kaufen-fruchtig-und-fein-bluetenland-bienenhoefe\\\/\"]}]},{\"@type\":\"ImageObject\",\"inLanguage\":\"de\",\"@id\":\"https:\\\/\\\/www.bio-honig.de\\\/cms\\\/produkt\\\/bio-honig-sanddorn-kaufen-fruchtig-und-fein-bluetenland-bienenhoefe\\\/#primaryimage\",\"url\":\"https:\\\/\\\/www.bio-honig.de\\\/cms\\\/wp-content\\\/uploads\\\/2017\\\/04\\\/250-g-HonigSanddorn-DSC_0008_058.jpg\",\"contentUrl\":\"https:\\\/\\\/www.bio-honig.de\\\/cms\\\/wp-content\\\/uploads\\\/2017\\\/04\\\/250-g-HonigSanddorn-DSC_0008_058.jpg\",\"width\":3363,\"height\":3363},{\"@type\":\"BreadcrumbList\",\"@id\":\"https:\\\/\\\/www.bio-honig.de\\\/cms\\\/produkt\\\/bio-honig-sanddorn-kaufen-fruchtig-und-fein-bluetenland-bienenhoefe\\\/#breadcrumb\",\"itemListElement\":[{\"@type\":\"ListItem\",\"position\":1,\"name\":\"Startseite\",\"item\":\"https:\\\/\\\/www.bio-honig.de\\\/cms\\\/\"},{\"@type\":\"ListItem\",\"position\":2,\"name\":\"Produkte\",\"item\":\"https:\\\/\\\/www.bio-honig.de\\\/cms\\\/shop\\\/\"},{\"@type\":\"ListItem\",\"position\":3,\"name\":\"Honig &#038; Sanddorn aus Brandenburg und Mecklenburg\"}]},{\"@type\":\"WebSite\",\"@id\":\"https:\\\/\\\/www.bio-honig.de\\\/cms\\\/#website\",\"url\":\"https:\\\/\\\/www.bio-honig.de\\\/cms\\\/\",\"name\":\"Bl\u00fctenland Bienenh\u00f6fe\",\"description\":\"Bio-Honig von Heike Appel\",\"publisher\":{\"@id\":\"https:\\\/\\\/www.bio-honig.de\\\/cms\\\/#organization\"},\"potentialAction\":[{\"@type\":\"SearchAction\",\"target\":{\"@type\":\"EntryPoint\",\"urlTemplate\":\"https:\\\/\\\/www.bio-honig.de\\\/cms\\\/?s={search_term_string}\"},\"query-input\":{\"@type\":\"PropertyValueSpecification\",\"valueRequired\":true,\"valueName\":\"search_term_string\"}}],\"inLanguage\":\"de\"},{\"@type\":\"Organization\",\"@id\":\"https:\\\/\\\/www.bio-honig.de\\\/cms\\\/#organization\",\"name\":\"Bl\u00fctenland Bienenh\u00f6fe - Bioland Imkereiprodukte\",\"url\":\"https:\\\/\\\/www.bio-honig.de\\\/cms\\\/\",\"logo\":{\"@type\":\"ImageObject\",\"inLanguage\":\"de\",\"@id\":\"https:\\\/\\\/www.bio-honig.de\\\/cms\\\/#\\\/schema\\\/logo\\\/image\\\/\",\"url\":\"https:\\\/\\\/www.bio-honig.de\\\/cms\\\/wp-content\\\/uploads\\\/2018\\\/12\\\/Bildschirmfoto-2018-12-16-um-17.31.00.png\",\"contentUrl\":\"https:\\\/\\\/www.bio-honig.de\\\/cms\\\/wp-content\\\/uploads\\\/2018\\\/12\\\/Bildschirmfoto-2018-12-16-um-17.31.00.png\",\"width\":750,\"height\":206,\"caption\":\"Bl\u00fctenland Bienenh\u00f6fe - Bioland Imkereiprodukte\"},\"image\":{\"@id\":\"https:\\\/\\\/www.bio-honig.de\\\/cms\\\/#\\\/schema\\\/logo\\\/image\\\/\"}}]}<\/script>\n<!-- \/ Yoast SEO plugin. -->","yoast_head_json":{"title":"Bio Honig & Sanddorn aus Brandenburg und Mecklenburg - Bl\u00fctenland Bienenh\u00f6fe","description":"Entdecke unsern Honig & Sanddorn - aromatisch, cremig und besonders fruchtig im Geschmack. 100 % Bioland Qualit\u00e4t aus Deutschland.","robots":{"index":"index","follow":"follow","max-snippet":"max-snippet:-1","max-image-preview":"max-image-preview:large","max-video-preview":"max-video-preview:-1"},"canonical":"https:\/\/www.bio-honig.de\/cms\/produkt\/bio-honig-sanddorn-kaufen-fruchtig-und-fein-bluetenland-bienenhoefe\/","og_locale":"de_DE","og_type":"article","og_title":"Bio Honig & Sanddorn aus Brandenburg und Mecklenburg - Bl\u00fctenland Bienenh\u00f6fe","og_description":"Entdecke unsern Honig & Sanddorn - aromatisch, cremig und besonders fruchtig im Geschmack. 100 % Bioland Qualit\u00e4t aus Deutschland.","og_url":"https:\/\/www.bio-honig.de\/cms\/produkt\/bio-honig-sanddorn-kaufen-fruchtig-und-fein-bluetenland-bienenhoefe\/","og_site_name":"Bl\u00fctenland Bienenh\u00f6fe","article_modified_time":"2026-04-07T12:21:13+00:00","og_image":[{"width":3363,"height":3363,"url":"https:\/\/www.bio-honig.de\/cms\/wp-content\/uploads\/2017\/04\/250-g-HonigSanddorn-DSC_0008_058.jpg","type":"image\/jpeg"}],"twitter_card":"summary_large_image","twitter_misc":{"Gesch\u00e4tzte Lesezeit":"1\u00a0Minute"},"schema":{"@context":"https:\/\/schema.org","@graph":[{"@type":"WebPage","@id":"https:\/\/www.bio-honig.de\/cms\/produkt\/bio-honig-sanddorn-kaufen-fruchtig-und-fein-bluetenland-bienenhoefe\/","url":"https:\/\/www.bio-honig.de\/cms\/produkt\/bio-honig-sanddorn-kaufen-fruchtig-und-fein-bluetenland-bienenhoefe\/","name":"Bio Honig & Sanddorn aus Brandenburg und Mecklenburg - Bl\u00fctenland Bienenh\u00f6fe","isPartOf":{"@id":"https:\/\/www.bio-honig.de\/cms\/#website"},"primaryImageOfPage":{"@id":"https:\/\/www.bio-honig.de\/cms\/produkt\/bio-honig-sanddorn-kaufen-fruchtig-und-fein-bluetenland-bienenhoefe\/#primaryimage"},"image":{"@id":"https:\/\/www.bio-honig.de\/cms\/produkt\/bio-honig-sanddorn-kaufen-fruchtig-und-fein-bluetenland-bienenhoefe\/#primaryimage"},"thumbnailUrl":"https:\/\/www.bio-honig.de\/cms\/wp-content\/uploads\/2017\/04\/250-g-HonigSanddorn-DSC_0008_058.jpg","datePublished":"2016-12-02T19:33:06+00:00","dateModified":"2026-04-07T12:21:13+00:00","description":"Entdecke unsern Honig & Sanddorn - aromatisch, cremig und besonders fruchtig im Geschmack. 100 % Bioland Qualit\u00e4t aus Deutschland.","breadcrumb":{"@id":"https:\/\/www.bio-honig.de\/cms\/produkt\/bio-honig-sanddorn-kaufen-fruchtig-und-fein-bluetenland-bienenhoefe\/#breadcrumb"},"inLanguage":"de","potentialAction":[{"@type":"ReadAction","target":["https:\/\/www.bio-honig.de\/cms\/produkt\/bio-honig-sanddorn-kaufen-fruchtig-und-fein-bluetenland-bienenhoefe\/"]}]},{"@type":"ImageObject","inLanguage":"de","@id":"https:\/\/www.bio-honig.de\/cms\/produkt\/bio-honig-sanddorn-kaufen-fruchtig-und-fein-bluetenland-bienenhoefe\/#primaryimage","url":"https:\/\/www.bio-honig.de\/cms\/wp-content\/uploads\/2017\/04\/250-g-HonigSanddorn-DSC_0008_058.jpg","contentUrl":"https:\/\/www.bio-honig.de\/cms\/wp-content\/uploads\/2017\/04\/250-g-HonigSanddorn-DSC_0008_058.jpg","width":3363,"height":3363},{"@type":"BreadcrumbList","@id":"https:\/\/www.bio-honig.de\/cms\/produkt\/bio-honig-sanddorn-kaufen-fruchtig-und-fein-bluetenland-bienenhoefe\/#breadcrumb","itemListElement":[{"@type":"ListItem","position":1,"name":"Startseite","item":"https:\/\/www.bio-honig.de\/cms\/"},{"@type":"ListItem","position":2,"name":"Produkte","item":"https:\/\/www.bio-honig.de\/cms\/shop\/"},{"@type":"ListItem","position":3,"name":"Honig &#038; Sanddorn aus Brandenburg und Mecklenburg"}]},{"@type":"WebSite","@id":"https:\/\/www.bio-honig.de\/cms\/#website","url":"https:\/\/www.bio-honig.de\/cms\/","name":"Bl\u00fctenland Bienenh\u00f6fe","description":"Bio-Honig von Heike Appel","publisher":{"@id":"https:\/\/www.bio-honig.de\/cms\/#organization"},"potentialAction":[{"@type":"SearchAction","target":{"@type":"EntryPoint","urlTemplate":"https:\/\/www.bio-honig.de\/cms\/?s={search_term_string}"},"query-input":{"@type":"PropertyValueSpecification","valueRequired":true,"valueName":"search_term_string"}}],"inLanguage":"de"},{"@type":"Organization","@id":"https:\/\/www.bio-honig.de\/cms\/#organization","name":"Bl\u00fctenland Bienenh\u00f6fe - Bioland Imkereiprodukte","url":"https:\/\/www.bio-honig.de\/cms\/","logo":{"@type":"ImageObject","inLanguage":"de","@id":"https:\/\/www.bio-honig.de\/cms\/#\/schema\/logo\/image\/","url":"https:\/\/www.bio-honig.de\/cms\/wp-content\/uploads\/2018\/12\/Bildschirmfoto-2018-12-16-um-17.31.00.png","contentUrl":"https:\/\/www.bio-honig.de\/cms\/wp-content\/uploads\/2018\/12\/Bildschirmfoto-2018-12-16-um-17.31.00.png","width":750,"height":206,"caption":"Bl\u00fctenland Bienenh\u00f6fe - Bioland Imkereiprodukte"},"image":{"@id":"https:\/\/www.bio-honig.de\/cms\/#\/schema\/logo\/image\/"}}]}},"_links":{"self":[{"href":"https:\/\/www.bio-honig.de\/cms\/wp-json\/wp\/v2\/product\/249","targetHints":{"allow":["GET"]}}],"collection":[{"href":"https:\/\/www.bio-honig.de\/cms\/wp-json\/wp\/v2\/product"}],"about":[{"href":"https:\/\/www.bio-honig.de\/cms\/wp-json\/wp\/v2\/types\/product"}],"replies":[{"embeddable":true,"href":"https:\/\/www.bio-honig.de\/cms\/wp-json\/wp\/v2\/comments?post=249"}],"wp:featuredmedia":[{"embeddable":true,"href":"https:\/\/www.bio-honig.de\/cms\/wp-json\/wp\/v2\/media\/365"}],"wp:attachment":[{"href":"https:\/\/www.bio-honig.de\/cms\/wp-json\/wp\/v2\/media?parent=249"}],"wp:term":[{"taxonomy":"product_brand","embeddable":true,"href":"https:\/\/www.bio-honig.de\/cms\/wp-json\/wp\/v2\/product_brand?post=249"},{"taxonomy":"product_cat","embeddable":true,"href":"https:\/\/www.bio-honig.de\/cms\/wp-json\/wp\/v2\/product_cat?post=249"},{"taxonomy":"product_tag","embeddable":true,"href":"https:\/\/www.bio-honig.de\/cms\/wp-json\/wp\/v2\/product_tag?post=249"}],"curies":[{"name":"wp","href":"https:\/\/api.w.org\/{rel}","templated":true}]}}