{"id":3602,"date":"2023-02-16T17:57:21","date_gmt":"2023-02-16T16:57:21","guid":{"rendered":"https:\/\/www.bio-honig.de\/cms\/?post_type=product&#038;p=3602"},"modified":"2026-04-02T12:30:43","modified_gmt":"2026-04-02T10:30:43","slug":"bio-maibluetenhonig-kaufen-wonnig-aromatisch-bluetenland-bienenhoefe","status":"publish","type":"product","link":"https:\/\/www.bio-honig.de\/cms\/produkt\/bio-maibluetenhonig-kaufen-wonnig-aromatisch-bluetenland-bienenhoefe\/","title":{"rendered":"Maibl\u00fctenhonig aus der Badischen Rheinaue"},"content":{"rendered":"<p>Bio Maibl\u00fctenhonig: Im Wonnemonat Mai lockt der badische Dschungel die Bienen: Von ihren hochwassersicheren Pl\u00e4tzen fliegen sie in die tieferliegende Auenlandschaft am Oberrhein. \u00dcppig bl\u00fchen hier echte &#8222;Maib\u00e4ume&#8220; wie Akazien, Ahorn, Weiden und Kreuzdorn. Die Bienen tragen einen charmant duftenden, feinaromatischen Honig in ihre Waben ein, der sehr charakteristisch f\u00fcr diese wilde Landschaft ist.<\/p>\n<p>&nbsp;<\/p>\n<p>&nbsp;<\/p>\n","protected":false},"excerpt":{"rendered":"<p><strong>Ernteregion:<\/strong> Badische Rheinaue<br \/>\n<strong>Aroma:<\/strong> wonnig &#8211; aromatisch<br \/>\n<strong>Farbe:<\/strong> karamellfarben<\/p>\n<p><strong>Konsistenz:<\/strong> cremig<\/p>\n<p>&nbsp;<\/p>\n","protected":false},"featured_media":9544,"comment_status":"closed","ping_status":"closed","template":"","meta":[],"product_brand":[],"product_cat":[190,17],"product_tag":[62,77,179,178],"class_list":{"0":"post-3602","1":"product","2":"type-product","3":"status-publish","4":"has-post-thumbnail","6":"product_cat-alle-bio-honige","7":"product_cat-deutscher-bio-honig","8":"product_tag-aus-deutschland","9":"product_tag-cremig","10":"product_tag-hell-karamellfarben","11":"product_tag-wonnig-aromatisch","13":"first","14":"instock","15":"taxable","16":"shipping-taxable","17":"purchasable","18":"product-type-variable","19":"has-default-attributes","20":"wvs-archive-product-wrapper"},"yoast_head":"<!-- This site is optimized with the Yoast SEO plugin v27.0 - https:\/\/yoast.com\/product\/yoast-seo-wordpress\/ -->\n<title>Bio Maibl\u00fctenhonig aus der Badischen Rheinaue - Bl\u00fctenland Bienenh\u00f6fe<\/title>\n<meta name=\"description\" content=\"Entdecke unseren feinen Maibl\u00fctenhonig - naturbelassen, intensiv und besonders wertvoll. 100 % Bioland Qualit\u00e4t aus Deutschland.\" \/>\n<meta name=\"robots\" content=\"index, follow, max-snippet:-1, max-image-preview:large, max-video-preview:-1\" \/>\n<link rel=\"canonical\" href=\"https:\/\/www.bio-honig.de\/cms\/produkt\/bio-maibluetenhonig-kaufen-wonnig-aromatisch-bluetenland-bienenhoefe\/\" \/>\n<meta property=\"og:locale\" content=\"de_DE\" \/>\n<meta property=\"og:type\" content=\"article\" \/>\n<meta property=\"og:title\" content=\"Bio Maibl\u00fctenhonig aus der Badischen Rheinaue - Bl\u00fctenland Bienenh\u00f6fe\" \/>\n<meta property=\"og:description\" content=\"Entdecke unseren feinen Maibl\u00fctenhonig - naturbelassen, intensiv und besonders wertvoll. 100 % Bioland Qualit\u00e4t aus Deutschland.\" \/>\n<meta property=\"og:url\" content=\"https:\/\/www.bio-honig.de\/cms\/produkt\/bio-maibluetenhonig-kaufen-wonnig-aromatisch-bluetenland-bienenhoefe\/\" \/>\n<meta property=\"og:site_name\" content=\"Bl\u00fctenland Bienenh\u00f6fe\" \/>\n<meta property=\"article:modified_time\" content=\"2026-04-02T10:30:43+00:00\" \/>\n<meta property=\"og:image\" content=\"https:\/\/www.bio-honig.de\/cms\/wp-content\/uploads\/2023\/02\/Maibluete-500-g-1.jpg\" \/>\n\t<meta property=\"og:image:width\" content=\"2500\" \/>\n\t<meta property=\"og:image:height\" content=\"2500\" \/>\n\t<meta property=\"og:image:type\" content=\"image\/jpeg\" \/>\n<meta name=\"twitter:card\" content=\"summary_large_image\" \/>\n<meta name=\"twitter:label1\" content=\"Gesch\u00e4tzte Lesezeit\" \/>\n\t<meta name=\"twitter:data1\" content=\"1\u00a0Minute\" \/>\n<script type=\"application\/ld+json\" class=\"yoast-schema-graph\">{\"@context\":\"https:\/\/schema.org\",\"@graph\":[{\"@type\":\"WebPage\",\"@id\":\"https:\/\/www.bio-honig.de\/cms\/produkt\/bio-maibluetenhonig-kaufen-wonnig-aromatisch-bluetenland-bienenhoefe\/\",\"url\":\"https:\/\/www.bio-honig.de\/cms\/produkt\/bio-maibluetenhonig-kaufen-wonnig-aromatisch-bluetenland-bienenhoefe\/\",\"name\":\"Bio Maibl\u00fctenhonig aus der Badischen Rheinaue - Bl\u00fctenland Bienenh\u00f6fe\",\"isPartOf\":{\"@id\":\"https:\/\/www.bio-honig.de\/cms\/#website\"},\"primaryImageOfPage\":{\"@id\":\"https:\/\/www.bio-honig.de\/cms\/produkt\/bio-maibluetenhonig-kaufen-wonnig-aromatisch-bluetenland-bienenhoefe\/#primaryimage\"},\"image\":{\"@id\":\"https:\/\/www.bio-honig.de\/cms\/produkt\/bio-maibluetenhonig-kaufen-wonnig-aromatisch-bluetenland-bienenhoefe\/#primaryimage\"},\"thumbnailUrl\":\"https:\/\/www.bio-honig.de\/cms\/wp-content\/uploads\/2023\/02\/Maibluete-500-g-1.jpg\",\"datePublished\":\"2023-02-16T16:57:21+00:00\",\"dateModified\":\"2026-04-02T10:30:43+00:00\",\"description\":\"Entdecke unseren feinen Maibl\u00fctenhonig - naturbelassen, intensiv und besonders wertvoll. 100 % Bioland Qualit\u00e4t aus Deutschland.\",\"breadcrumb\":{\"@id\":\"https:\/\/www.bio-honig.de\/cms\/produkt\/bio-maibluetenhonig-kaufen-wonnig-aromatisch-bluetenland-bienenhoefe\/#breadcrumb\"},\"inLanguage\":\"de\",\"potentialAction\":[{\"@type\":\"ReadAction\",\"target\":[\"https:\/\/www.bio-honig.de\/cms\/produkt\/bio-maibluetenhonig-kaufen-wonnig-aromatisch-bluetenland-bienenhoefe\/\"]}]},{\"@type\":\"ImageObject\",\"inLanguage\":\"de\",\"@id\":\"https:\/\/www.bio-honig.de\/cms\/produkt\/bio-maibluetenhonig-kaufen-wonnig-aromatisch-bluetenland-bienenhoefe\/#primaryimage\",\"url\":\"https:\/\/www.bio-honig.de\/cms\/wp-content\/uploads\/2023\/02\/Maibluete-500-g-1.jpg\",\"contentUrl\":\"https:\/\/www.bio-honig.de\/cms\/wp-content\/uploads\/2023\/02\/Maibluete-500-g-1.jpg\",\"width\":2500,\"height\":2500},{\"@type\":\"BreadcrumbList\",\"@id\":\"https:\/\/www.bio-honig.de\/cms\/produkt\/bio-maibluetenhonig-kaufen-wonnig-aromatisch-bluetenland-bienenhoefe\/#breadcrumb\",\"itemListElement\":[{\"@type\":\"ListItem\",\"position\":1,\"name\":\"Startseite\",\"item\":\"https:\/\/www.bio-honig.de\/cms\/\"},{\"@type\":\"ListItem\",\"position\":2,\"name\":\"Produkte\",\"item\":\"https:\/\/www.bio-honig.de\/cms\/shop\/\"},{\"@type\":\"ListItem\",\"position\":3,\"name\":\"Maibl\u00fctenhonig aus der Badischen Rheinaue\"}]},{\"@type\":\"WebSite\",\"@id\":\"https:\/\/www.bio-honig.de\/cms\/#website\",\"url\":\"https:\/\/www.bio-honig.de\/cms\/\",\"name\":\"Bl\u00fctenland Bienenh\u00f6fe\",\"description\":\"Bio-Honig von Heike Appel\",\"publisher\":{\"@id\":\"https:\/\/www.bio-honig.de\/cms\/#organization\"},\"potentialAction\":[{\"@type\":\"SearchAction\",\"target\":{\"@type\":\"EntryPoint\",\"urlTemplate\":\"https:\/\/www.bio-honig.de\/cms\/?s={search_term_string}\"},\"query-input\":{\"@type\":\"PropertyValueSpecification\",\"valueRequired\":true,\"valueName\":\"search_term_string\"}}],\"inLanguage\":\"de\"},{\"@type\":\"Organization\",\"@id\":\"https:\/\/www.bio-honig.de\/cms\/#organization\",\"name\":\"Bl\u00fctenland Bienenh\u00f6fe - Bioland Imkereiprodukte\",\"url\":\"https:\/\/www.bio-honig.de\/cms\/\",\"logo\":{\"@type\":\"ImageObject\",\"inLanguage\":\"de\",\"@id\":\"https:\/\/www.bio-honig.de\/cms\/#\/schema\/logo\/image\/\",\"url\":\"https:\/\/www.bio-honig.de\/cms\/wp-content\/uploads\/2018\/12\/Bildschirmfoto-2018-12-16-um-17.31.00.png\",\"contentUrl\":\"https:\/\/www.bio-honig.de\/cms\/wp-content\/uploads\/2018\/12\/Bildschirmfoto-2018-12-16-um-17.31.00.png\",\"width\":750,\"height\":206,\"caption\":\"Bl\u00fctenland Bienenh\u00f6fe - Bioland Imkereiprodukte\"},\"image\":{\"@id\":\"https:\/\/www.bio-honig.de\/cms\/#\/schema\/logo\/image\/\"}}]}<\/script>\n<!-- \/ Yoast SEO plugin. -->","yoast_head_json":{"title":"Bio Maibl\u00fctenhonig aus der Badischen Rheinaue - Bl\u00fctenland Bienenh\u00f6fe","description":"Entdecke unseren feinen Maibl\u00fctenhonig - naturbelassen, intensiv und besonders wertvoll. 100 % Bioland Qualit\u00e4t aus Deutschland.","robots":{"index":"index","follow":"follow","max-snippet":"max-snippet:-1","max-image-preview":"max-image-preview:large","max-video-preview":"max-video-preview:-1"},"canonical":"https:\/\/www.bio-honig.de\/cms\/produkt\/bio-maibluetenhonig-kaufen-wonnig-aromatisch-bluetenland-bienenhoefe\/","og_locale":"de_DE","og_type":"article","og_title":"Bio Maibl\u00fctenhonig aus der Badischen Rheinaue - Bl\u00fctenland Bienenh\u00f6fe","og_description":"Entdecke unseren feinen Maibl\u00fctenhonig - naturbelassen, intensiv und besonders wertvoll. 100 % Bioland Qualit\u00e4t aus Deutschland.","og_url":"https:\/\/www.bio-honig.de\/cms\/produkt\/bio-maibluetenhonig-kaufen-wonnig-aromatisch-bluetenland-bienenhoefe\/","og_site_name":"Bl\u00fctenland Bienenh\u00f6fe","article_modified_time":"2026-04-02T10:30:43+00:00","og_image":[{"width":2500,"height":2500,"url":"https:\/\/www.bio-honig.de\/cms\/wp-content\/uploads\/2023\/02\/Maibluete-500-g-1.jpg","type":"image\/jpeg"}],"twitter_card":"summary_large_image","twitter_misc":{"Gesch\u00e4tzte Lesezeit":"1\u00a0Minute"},"schema":{"@context":"https:\/\/schema.org","@graph":[{"@type":"WebPage","@id":"https:\/\/www.bio-honig.de\/cms\/produkt\/bio-maibluetenhonig-kaufen-wonnig-aromatisch-bluetenland-bienenhoefe\/","url":"https:\/\/www.bio-honig.de\/cms\/produkt\/bio-maibluetenhonig-kaufen-wonnig-aromatisch-bluetenland-bienenhoefe\/","name":"Bio Maibl\u00fctenhonig aus der Badischen Rheinaue - Bl\u00fctenland Bienenh\u00f6fe","isPartOf":{"@id":"https:\/\/www.bio-honig.de\/cms\/#website"},"primaryImageOfPage":{"@id":"https:\/\/www.bio-honig.de\/cms\/produkt\/bio-maibluetenhonig-kaufen-wonnig-aromatisch-bluetenland-bienenhoefe\/#primaryimage"},"image":{"@id":"https:\/\/www.bio-honig.de\/cms\/produkt\/bio-maibluetenhonig-kaufen-wonnig-aromatisch-bluetenland-bienenhoefe\/#primaryimage"},"thumbnailUrl":"https:\/\/www.bio-honig.de\/cms\/wp-content\/uploads\/2023\/02\/Maibluete-500-g-1.jpg","datePublished":"2023-02-16T16:57:21+00:00","dateModified":"2026-04-02T10:30:43+00:00","description":"Entdecke unseren feinen Maibl\u00fctenhonig - naturbelassen, intensiv und besonders wertvoll. 100 % Bioland Qualit\u00e4t aus Deutschland.","breadcrumb":{"@id":"https:\/\/www.bio-honig.de\/cms\/produkt\/bio-maibluetenhonig-kaufen-wonnig-aromatisch-bluetenland-bienenhoefe\/#breadcrumb"},"inLanguage":"de","potentialAction":[{"@type":"ReadAction","target":["https:\/\/www.bio-honig.de\/cms\/produkt\/bio-maibluetenhonig-kaufen-wonnig-aromatisch-bluetenland-bienenhoefe\/"]}]},{"@type":"ImageObject","inLanguage":"de","@id":"https:\/\/www.bio-honig.de\/cms\/produkt\/bio-maibluetenhonig-kaufen-wonnig-aromatisch-bluetenland-bienenhoefe\/#primaryimage","url":"https:\/\/www.bio-honig.de\/cms\/wp-content\/uploads\/2023\/02\/Maibluete-500-g-1.jpg","contentUrl":"https:\/\/www.bio-honig.de\/cms\/wp-content\/uploads\/2023\/02\/Maibluete-500-g-1.jpg","width":2500,"height":2500},{"@type":"BreadcrumbList","@id":"https:\/\/www.bio-honig.de\/cms\/produkt\/bio-maibluetenhonig-kaufen-wonnig-aromatisch-bluetenland-bienenhoefe\/#breadcrumb","itemListElement":[{"@type":"ListItem","position":1,"name":"Startseite","item":"https:\/\/www.bio-honig.de\/cms\/"},{"@type":"ListItem","position":2,"name":"Produkte","item":"https:\/\/www.bio-honig.de\/cms\/shop\/"},{"@type":"ListItem","position":3,"name":"Maibl\u00fctenhonig aus der Badischen Rheinaue"}]},{"@type":"WebSite","@id":"https:\/\/www.bio-honig.de\/cms\/#website","url":"https:\/\/www.bio-honig.de\/cms\/","name":"Bl\u00fctenland Bienenh\u00f6fe","description":"Bio-Honig von Heike Appel","publisher":{"@id":"https:\/\/www.bio-honig.de\/cms\/#organization"},"potentialAction":[{"@type":"SearchAction","target":{"@type":"EntryPoint","urlTemplate":"https:\/\/www.bio-honig.de\/cms\/?s={search_term_string}"},"query-input":{"@type":"PropertyValueSpecification","valueRequired":true,"valueName":"search_term_string"}}],"inLanguage":"de"},{"@type":"Organization","@id":"https:\/\/www.bio-honig.de\/cms\/#organization","name":"Bl\u00fctenland Bienenh\u00f6fe - Bioland Imkereiprodukte","url":"https:\/\/www.bio-honig.de\/cms\/","logo":{"@type":"ImageObject","inLanguage":"de","@id":"https:\/\/www.bio-honig.de\/cms\/#\/schema\/logo\/image\/","url":"https:\/\/www.bio-honig.de\/cms\/wp-content\/uploads\/2018\/12\/Bildschirmfoto-2018-12-16-um-17.31.00.png","contentUrl":"https:\/\/www.bio-honig.de\/cms\/wp-content\/uploads\/2018\/12\/Bildschirmfoto-2018-12-16-um-17.31.00.png","width":750,"height":206,"caption":"Bl\u00fctenland Bienenh\u00f6fe - Bioland Imkereiprodukte"},"image":{"@id":"https:\/\/www.bio-honig.de\/cms\/#\/schema\/logo\/image\/"}}]}},"_links":{"self":[{"href":"https:\/\/www.bio-honig.de\/cms\/wp-json\/wp\/v2\/product\/3602","targetHints":{"allow":["GET"]}}],"collection":[{"href":"https:\/\/www.bio-honig.de\/cms\/wp-json\/wp\/v2\/product"}],"about":[{"href":"https:\/\/www.bio-honig.de\/cms\/wp-json\/wp\/v2\/types\/product"}],"replies":[{"embeddable":true,"href":"https:\/\/www.bio-honig.de\/cms\/wp-json\/wp\/v2\/comments?post=3602"}],"wp:featuredmedia":[{"embeddable":true,"href":"https:\/\/www.bio-honig.de\/cms\/wp-json\/wp\/v2\/media\/9544"}],"wp:attachment":[{"href":"https:\/\/www.bio-honig.de\/cms\/wp-json\/wp\/v2\/media?parent=3602"}],"wp:term":[{"taxonomy":"product_brand","embeddable":true,"href":"https:\/\/www.bio-honig.de\/cms\/wp-json\/wp\/v2\/product_brand?post=3602"},{"taxonomy":"product_cat","embeddable":true,"href":"https:\/\/www.bio-honig.de\/cms\/wp-json\/wp\/v2\/product_cat?post=3602"},{"taxonomy":"product_tag","embeddable":true,"href":"https:\/\/www.bio-honig.de\/cms\/wp-json\/wp\/v2\/product_tag?post=3602"}],"curies":[{"name":"wp","href":"https:\/\/api.w.org\/{rel}","templated":true}]}}