{"id":435,"date":"2017-09-10T13:58:32","date_gmt":"2017-09-10T11:58:32","guid":{"rendered":"https:\/\/www.bio-honig.de\/cms\/produkt\/sommerbluetenhonig-mit-himbeerbluete-aus-dem-sauerland\/"},"modified":"2025-11-03T08:18:55","modified_gmt":"2025-11-03T07:18:55","slug":"sommerbluetenhonig-mit-himbeerbluete-aus-dem-sauerland","status":"publish","type":"product","link":"https:\/\/www.bio-honig.de\/cms\/produkt\/sommerbluetenhonig-mit-himbeerbluete-aus-dem-sauerland\/","title":{"rendered":"Sommerbl\u00fctenhonig mit Himbeerbl\u00fcte aus dem Sauerland"},"content":{"rendered":"<p>Im Sauerland haben die St\u00fcrme der letzten Jahre viele dichte W\u00e4lder in bl\u00fchende Lichtungen verwandelt. Auf dem bisher schattigen Waldboden wachsen nun sonnenliebende Pflanzen. Ganz besonders die <strong>Waldhimbeere<\/strong> gedeiht hier pr\u00e4chtig und bildet gro\u00dfe fl\u00e4chendeckende Himbeerhaine. Im Juni lockt sie die Bienen an ihre zart duftenden, wei\u00dfen Bl\u00fctenkelche und spendet ihnen einen feinen, blumig-fruchtigen Nektar.<\/p>\n<p>Neben Himbeerbl\u00fcten tragen die Bienen hier auch Nektar von Wei\u00dfklee, Wicken, Springkraut und Weidenr\u00f6schen in ihre Waben ein. Es entsteht ein sehr harmonischer, aromatischer<strong> Sommerhonig <\/strong>mit feinw\u00fcrziger <strong>typischer Himbeerbl\u00fctennote<\/strong>.<\/p>\n<p>Dieser k\u00f6stliche Honig erinnert an eine sch\u00f6ne Sommerwanderung im Wald. Auf einmal kommt eine Lichtung und \u00fcberraschend leuchten kleine rote Fr\u00fcchtchen in der Sonne \u2013 wann haben Sie sich zuletzt \u00fcber <strong>Waldhimbeeren<\/strong> gefreut? Vermutlich geht es dem Bienenvolk \u00e4hnlich, wenn die ersten Kundschafterbienen im Juni die zarten wei\u00dfen Himbeerbl\u00fcten entdecken.<\/p>\n<p>Sommerbl\u00fctenhonig mit Himbeerbl\u00fcte ist ein seltener und ausgesprochen k\u00f6stlicher Honig. Mit seiner <strong>feincremigen<\/strong> Konsistenz eignet er sich wunderbar f\u00fcr das Fr\u00fchst\u00fccksbr\u00f6tchen!<\/p>\n<p>&nbsp;<\/p>\n<p>&nbsp;<\/p>\n","protected":false},"excerpt":{"rendered":"<p><strong>Ernteregion:<\/strong> Deutschland<br \/>\n<strong>Aroma:<\/strong> blumig &#8211; fruchtig<br \/>\n<strong>Farbe:<\/strong> karamellbraun<\/p>\n<p><strong>Konsistenz:<\/strong> cremig<\/p>\n","protected":false},"featured_media":4250,"comment_status":"closed","ping_status":"closed","template":"","meta":[],"product_brand":[],"product_cat":[190,17],"product_tag":[62,30,77,58,76],"class_list":{"0":"post-435","1":"product","2":"type-product","3":"status-publish","4":"has-post-thumbnail","6":"product_cat-alle-bio-honige","7":"product_cat-deutscher-bio-honig","8":"product_tag-aus-deutschland","9":"product_tag-blumig","10":"product_tag-cremig","11":"product_tag-fruchtig","12":"product_tag-karamellbraun","14":"first","15":"outofstock","16":"taxable","17":"shipping-taxable","18":"purchasable","19":"product-type-variable","20":"has-default-attributes","21":"wvs-archive-product-wrapper"},"yoast_head":"<!-- This site is optimized with the Yoast SEO plugin v27.0 - https:\/\/yoast.com\/product\/yoast-seo-wordpress\/ -->\n<title>Sommerbl\u00fctenhonig mit Himbeerbl\u00fcte aus dem Sauerland - Bl\u00fctenland Bienenh\u00f6fe<\/title>\n<meta name=\"robots\" content=\"index, follow, max-snippet:-1, max-image-preview:large, max-video-preview:-1\" \/>\n<link rel=\"canonical\" href=\"https:\/\/www.bio-honig.de\/cms\/produkt\/sommerbluetenhonig-mit-himbeerbluete-aus-dem-sauerland\/\" \/>\n<meta property=\"og:locale\" content=\"de_DE\" \/>\n<meta property=\"og:type\" content=\"article\" \/>\n<meta property=\"og:title\" content=\"Sommerbl\u00fctenhonig mit Himbeerbl\u00fcte aus dem Sauerland - Bl\u00fctenland Bienenh\u00f6fe\" \/>\n<meta property=\"og:description\" content=\"Ernteregion: Deutschland Aroma: blumig - fruchtig Farbe: karamellbraun  Konsistenz: cremig\" \/>\n<meta property=\"og:url\" content=\"https:\/\/www.bio-honig.de\/cms\/produkt\/sommerbluetenhonig-mit-himbeerbluete-aus-dem-sauerland\/\" \/>\n<meta property=\"og:site_name\" content=\"Bl\u00fctenland Bienenh\u00f6fe\" \/>\n<meta property=\"article:modified_time\" content=\"2025-11-03T07:18:55+00:00\" \/>\n<meta property=\"og:image\" content=\"https:\/\/www.bio-honig.de\/cms\/wp-content\/uploads\/2017\/09\/500-g-x-SommerHimbeerbluete-DSC_0006-2_163-1.jpg\" \/>\n\t<meta property=\"og:image:width\" content=\"2000\" \/>\n\t<meta property=\"og:image:height\" content=\"2000\" \/>\n\t<meta property=\"og:image:type\" content=\"image\/jpeg\" \/>\n<meta name=\"twitter:card\" content=\"summary_large_image\" \/>\n<meta name=\"twitter:label1\" content=\"Gesch\u00e4tzte Lesezeit\" \/>\n\t<meta name=\"twitter:data1\" content=\"2\u00a0Minuten\" \/>\n<script type=\"application\/ld+json\" class=\"yoast-schema-graph\">{\"@context\":\"https:\/\/schema.org\",\"@graph\":[{\"@type\":\"WebPage\",\"@id\":\"https:\/\/www.bio-honig.de\/cms\/produkt\/sommerbluetenhonig-mit-himbeerbluete-aus-dem-sauerland\/\",\"url\":\"https:\/\/www.bio-honig.de\/cms\/produkt\/sommerbluetenhonig-mit-himbeerbluete-aus-dem-sauerland\/\",\"name\":\"Sommerbl\u00fctenhonig mit Himbeerbl\u00fcte aus dem Sauerland - Bl\u00fctenland Bienenh\u00f6fe\",\"isPartOf\":{\"@id\":\"https:\/\/www.bio-honig.de\/cms\/#website\"},\"primaryImageOfPage\":{\"@id\":\"https:\/\/www.bio-honig.de\/cms\/produkt\/sommerbluetenhonig-mit-himbeerbluete-aus-dem-sauerland\/#primaryimage\"},\"image\":{\"@id\":\"https:\/\/www.bio-honig.de\/cms\/produkt\/sommerbluetenhonig-mit-himbeerbluete-aus-dem-sauerland\/#primaryimage\"},\"thumbnailUrl\":\"https:\/\/www.bio-honig.de\/cms\/wp-content\/uploads\/2017\/09\/500-g-x-SommerHimbeerbluete-DSC_0006-2_163-1.jpg\",\"datePublished\":\"2017-09-10T11:58:32+00:00\",\"dateModified\":\"2025-11-03T07:18:55+00:00\",\"breadcrumb\":{\"@id\":\"https:\/\/www.bio-honig.de\/cms\/produkt\/sommerbluetenhonig-mit-himbeerbluete-aus-dem-sauerland\/#breadcrumb\"},\"inLanguage\":\"de\",\"potentialAction\":[{\"@type\":\"ReadAction\",\"target\":[\"https:\/\/www.bio-honig.de\/cms\/produkt\/sommerbluetenhonig-mit-himbeerbluete-aus-dem-sauerland\/\"]}]},{\"@type\":\"ImageObject\",\"inLanguage\":\"de\",\"@id\":\"https:\/\/www.bio-honig.de\/cms\/produkt\/sommerbluetenhonig-mit-himbeerbluete-aus-dem-sauerland\/#primaryimage\",\"url\":\"https:\/\/www.bio-honig.de\/cms\/wp-content\/uploads\/2017\/09\/500-g-x-SommerHimbeerbluete-DSC_0006-2_163-1.jpg\",\"contentUrl\":\"https:\/\/www.bio-honig.de\/cms\/wp-content\/uploads\/2017\/09\/500-g-x-SommerHimbeerbluete-DSC_0006-2_163-1.jpg\",\"width\":2000,\"height\":2000},{\"@type\":\"BreadcrumbList\",\"@id\":\"https:\/\/www.bio-honig.de\/cms\/produkt\/sommerbluetenhonig-mit-himbeerbluete-aus-dem-sauerland\/#breadcrumb\",\"itemListElement\":[{\"@type\":\"ListItem\",\"position\":1,\"name\":\"Startseite\",\"item\":\"https:\/\/www.bio-honig.de\/cms\/\"},{\"@type\":\"ListItem\",\"position\":2,\"name\":\"Produkte\",\"item\":\"https:\/\/www.bio-honig.de\/cms\/shop\/\"},{\"@type\":\"ListItem\",\"position\":3,\"name\":\"Sommerbl\u00fctenhonig mit Himbeerbl\u00fcte aus dem Sauerland\"}]},{\"@type\":\"WebSite\",\"@id\":\"https:\/\/www.bio-honig.de\/cms\/#website\",\"url\":\"https:\/\/www.bio-honig.de\/cms\/\",\"name\":\"Bl\u00fctenland Bienenh\u00f6fe\",\"description\":\"Bio-Honig von Heike Appel\",\"publisher\":{\"@id\":\"https:\/\/www.bio-honig.de\/cms\/#organization\"},\"potentialAction\":[{\"@type\":\"SearchAction\",\"target\":{\"@type\":\"EntryPoint\",\"urlTemplate\":\"https:\/\/www.bio-honig.de\/cms\/?s={search_term_string}\"},\"query-input\":{\"@type\":\"PropertyValueSpecification\",\"valueRequired\":true,\"valueName\":\"search_term_string\"}}],\"inLanguage\":\"de\"},{\"@type\":\"Organization\",\"@id\":\"https:\/\/www.bio-honig.de\/cms\/#organization\",\"name\":\"Bl\u00fctenland Bienenh\u00f6fe - Bioland Imkereiprodukte\",\"url\":\"https:\/\/www.bio-honig.de\/cms\/\",\"logo\":{\"@type\":\"ImageObject\",\"inLanguage\":\"de\",\"@id\":\"https:\/\/www.bio-honig.de\/cms\/#\/schema\/logo\/image\/\",\"url\":\"https:\/\/www.bio-honig.de\/cms\/wp-content\/uploads\/2018\/12\/Bildschirmfoto-2018-12-16-um-17.31.00.png\",\"contentUrl\":\"https:\/\/www.bio-honig.de\/cms\/wp-content\/uploads\/2018\/12\/Bildschirmfoto-2018-12-16-um-17.31.00.png\",\"width\":750,\"height\":206,\"caption\":\"Bl\u00fctenland Bienenh\u00f6fe - Bioland Imkereiprodukte\"},\"image\":{\"@id\":\"https:\/\/www.bio-honig.de\/cms\/#\/schema\/logo\/image\/\"}}]}<\/script>\n<!-- \/ Yoast SEO plugin. -->","yoast_head_json":{"title":"Sommerbl\u00fctenhonig mit Himbeerbl\u00fcte aus dem Sauerland - Bl\u00fctenland Bienenh\u00f6fe","robots":{"index":"index","follow":"follow","max-snippet":"max-snippet:-1","max-image-preview":"max-image-preview:large","max-video-preview":"max-video-preview:-1"},"canonical":"https:\/\/www.bio-honig.de\/cms\/produkt\/sommerbluetenhonig-mit-himbeerbluete-aus-dem-sauerland\/","og_locale":"de_DE","og_type":"article","og_title":"Sommerbl\u00fctenhonig mit Himbeerbl\u00fcte aus dem Sauerland - Bl\u00fctenland Bienenh\u00f6fe","og_description":"Ernteregion: Deutschland Aroma: blumig - fruchtig Farbe: karamellbraun  Konsistenz: cremig","og_url":"https:\/\/www.bio-honig.de\/cms\/produkt\/sommerbluetenhonig-mit-himbeerbluete-aus-dem-sauerland\/","og_site_name":"Bl\u00fctenland Bienenh\u00f6fe","article_modified_time":"2025-11-03T07:18:55+00:00","og_image":[{"width":2000,"height":2000,"url":"https:\/\/www.bio-honig.de\/cms\/wp-content\/uploads\/2017\/09\/500-g-x-SommerHimbeerbluete-DSC_0006-2_163-1.jpg","type":"image\/jpeg"}],"twitter_card":"summary_large_image","twitter_misc":{"Gesch\u00e4tzte Lesezeit":"2\u00a0Minuten"},"schema":{"@context":"https:\/\/schema.org","@graph":[{"@type":"WebPage","@id":"https:\/\/www.bio-honig.de\/cms\/produkt\/sommerbluetenhonig-mit-himbeerbluete-aus-dem-sauerland\/","url":"https:\/\/www.bio-honig.de\/cms\/produkt\/sommerbluetenhonig-mit-himbeerbluete-aus-dem-sauerland\/","name":"Sommerbl\u00fctenhonig mit Himbeerbl\u00fcte aus dem Sauerland - Bl\u00fctenland Bienenh\u00f6fe","isPartOf":{"@id":"https:\/\/www.bio-honig.de\/cms\/#website"},"primaryImageOfPage":{"@id":"https:\/\/www.bio-honig.de\/cms\/produkt\/sommerbluetenhonig-mit-himbeerbluete-aus-dem-sauerland\/#primaryimage"},"image":{"@id":"https:\/\/www.bio-honig.de\/cms\/produkt\/sommerbluetenhonig-mit-himbeerbluete-aus-dem-sauerland\/#primaryimage"},"thumbnailUrl":"https:\/\/www.bio-honig.de\/cms\/wp-content\/uploads\/2017\/09\/500-g-x-SommerHimbeerbluete-DSC_0006-2_163-1.jpg","datePublished":"2017-09-10T11:58:32+00:00","dateModified":"2025-11-03T07:18:55+00:00","breadcrumb":{"@id":"https:\/\/www.bio-honig.de\/cms\/produkt\/sommerbluetenhonig-mit-himbeerbluete-aus-dem-sauerland\/#breadcrumb"},"inLanguage":"de","potentialAction":[{"@type":"ReadAction","target":["https:\/\/www.bio-honig.de\/cms\/produkt\/sommerbluetenhonig-mit-himbeerbluete-aus-dem-sauerland\/"]}]},{"@type":"ImageObject","inLanguage":"de","@id":"https:\/\/www.bio-honig.de\/cms\/produkt\/sommerbluetenhonig-mit-himbeerbluete-aus-dem-sauerland\/#primaryimage","url":"https:\/\/www.bio-honig.de\/cms\/wp-content\/uploads\/2017\/09\/500-g-x-SommerHimbeerbluete-DSC_0006-2_163-1.jpg","contentUrl":"https:\/\/www.bio-honig.de\/cms\/wp-content\/uploads\/2017\/09\/500-g-x-SommerHimbeerbluete-DSC_0006-2_163-1.jpg","width":2000,"height":2000},{"@type":"BreadcrumbList","@id":"https:\/\/www.bio-honig.de\/cms\/produkt\/sommerbluetenhonig-mit-himbeerbluete-aus-dem-sauerland\/#breadcrumb","itemListElement":[{"@type":"ListItem","position":1,"name":"Startseite","item":"https:\/\/www.bio-honig.de\/cms\/"},{"@type":"ListItem","position":2,"name":"Produkte","item":"https:\/\/www.bio-honig.de\/cms\/shop\/"},{"@type":"ListItem","position":3,"name":"Sommerbl\u00fctenhonig mit Himbeerbl\u00fcte aus dem Sauerland"}]},{"@type":"WebSite","@id":"https:\/\/www.bio-honig.de\/cms\/#website","url":"https:\/\/www.bio-honig.de\/cms\/","name":"Bl\u00fctenland Bienenh\u00f6fe","description":"Bio-Honig von Heike Appel","publisher":{"@id":"https:\/\/www.bio-honig.de\/cms\/#organization"},"potentialAction":[{"@type":"SearchAction","target":{"@type":"EntryPoint","urlTemplate":"https:\/\/www.bio-honig.de\/cms\/?s={search_term_string}"},"query-input":{"@type":"PropertyValueSpecification","valueRequired":true,"valueName":"search_term_string"}}],"inLanguage":"de"},{"@type":"Organization","@id":"https:\/\/www.bio-honig.de\/cms\/#organization","name":"Bl\u00fctenland Bienenh\u00f6fe - Bioland Imkereiprodukte","url":"https:\/\/www.bio-honig.de\/cms\/","logo":{"@type":"ImageObject","inLanguage":"de","@id":"https:\/\/www.bio-honig.de\/cms\/#\/schema\/logo\/image\/","url":"https:\/\/www.bio-honig.de\/cms\/wp-content\/uploads\/2018\/12\/Bildschirmfoto-2018-12-16-um-17.31.00.png","contentUrl":"https:\/\/www.bio-honig.de\/cms\/wp-content\/uploads\/2018\/12\/Bildschirmfoto-2018-12-16-um-17.31.00.png","width":750,"height":206,"caption":"Bl\u00fctenland Bienenh\u00f6fe - Bioland Imkereiprodukte"},"image":{"@id":"https:\/\/www.bio-honig.de\/cms\/#\/schema\/logo\/image\/"}}]}},"_links":{"self":[{"href":"https:\/\/www.bio-honig.de\/cms\/wp-json\/wp\/v2\/product\/435","targetHints":{"allow":["GET"]}}],"collection":[{"href":"https:\/\/www.bio-honig.de\/cms\/wp-json\/wp\/v2\/product"}],"about":[{"href":"https:\/\/www.bio-honig.de\/cms\/wp-json\/wp\/v2\/types\/product"}],"replies":[{"embeddable":true,"href":"https:\/\/www.bio-honig.de\/cms\/wp-json\/wp\/v2\/comments?post=435"}],"wp:featuredmedia":[{"embeddable":true,"href":"https:\/\/www.bio-honig.de\/cms\/wp-json\/wp\/v2\/media\/4250"}],"wp:attachment":[{"href":"https:\/\/www.bio-honig.de\/cms\/wp-json\/wp\/v2\/media?parent=435"}],"wp:term":[{"taxonomy":"product_brand","embeddable":true,"href":"https:\/\/www.bio-honig.de\/cms\/wp-json\/wp\/v2\/product_brand?post=435"},{"taxonomy":"product_cat","embeddable":true,"href":"https:\/\/www.bio-honig.de\/cms\/wp-json\/wp\/v2\/product_cat?post=435"},{"taxonomy":"product_tag","embeddable":true,"href":"https:\/\/www.bio-honig.de\/cms\/wp-json\/wp\/v2\/product_tag?post=435"}],"curies":[{"name":"wp","href":"https:\/\/api.w.org\/{rel}","templated":true}]}}