{"id":442,"date":"2017-09-10T14:24:56","date_gmt":"2017-09-10T12:24:56","guid":{"rendered":"https:\/\/www.bio-honig.de\/cms\/produkt\/buchweizenhonig-aus-dem-havelland-fotos-verschieden\/"},"modified":"2024-12-08T18:19:16","modified_gmt":"2024-12-08T17:19:16","slug":"buchweizenhonig-aus-dem-havelland-fotos-verschieden","status":"publish","type":"product","link":"https:\/\/www.bio-honig.de\/cms\/produkt\/buchweizenhonig-aus-dem-havelland-fotos-verschieden\/","title":{"rendered":"Buchweizenhonig aus dem Havelland"},"content":{"rendered":"<hr \/>\n<p>Mit einem herb-s\u00fcssem Duft lockt der Buchweizen die Bienen an seine rosa-wei\u00dfen Bl\u00fctenkelche. Sie tragen einen sehr w\u00fcrzigen, intensiv und harzig duftenden Honig mit leicht s\u00e4uerlicher Note in ihre Waben ein. Buchweizen, fr\u00fcher die wichtigste Kulturpflanze auf Moor- und Heideb\u00f6den, von der Kartoffel verdr\u00e4ngt, wird heute vereinzelt wieder angebaut und ist eine wundersch\u00f6ne Bienenweide.<\/p>\n<p>&nbsp;<\/p>\n","protected":false},"excerpt":{"rendered":"<p><strong>Ernteregion:<\/strong> Havelland<\/p>\n<p><strong>Aroma:<\/strong> w\u00fcrzig &#8211; aromatisch, intensiv<\/p>\n<p><strong>Farbe:<\/strong> braun<\/p>\n<p><strong>Konsistenz:<\/strong> cremig<\/p>\n","protected":false},"featured_media":391,"comment_status":"closed","ping_status":"closed","template":"","meta":[],"product_brand":[],"product_cat":[190,183,17],"product_tag":[62,77,74,96],"class_list":{"0":"post-442","1":"product","2":"type-product","3":"status-publish","4":"has-post-thumbnail","6":"product_cat-alle-bio-honige","7":"product_cat-wuerziger-bio-honig","8":"product_cat-deutscher-bio-honig","9":"product_tag-aus-deutschland","10":"product_tag-cremig","11":"product_tag-gelb-braun","12":"product_tag-wuerzig-markant","14":"first","15":"outofstock","16":"taxable","17":"shipping-taxable","18":"purchasable","19":"product-type-variable","20":"has-default-attributes","21":"wvs-archive-product-wrapper"},"yoast_head":"<!-- This site is optimized with the Yoast SEO plugin v27.0 - https:\/\/yoast.com\/product\/yoast-seo-wordpress\/ -->\n<title>Buchweizenhonig aus dem Havelland - Bl\u00fctenland Bienenh\u00f6fe<\/title>\n<meta name=\"robots\" content=\"index, follow, max-snippet:-1, max-image-preview:large, max-video-preview:-1\" \/>\n<link rel=\"canonical\" href=\"https:\/\/www.bio-honig.de\/cms\/produkt\/buchweizenhonig-aus-dem-havelland-fotos-verschieden\/\" \/>\n<meta property=\"og:locale\" content=\"de_DE\" \/>\n<meta property=\"og:type\" content=\"article\" \/>\n<meta property=\"og:title\" content=\"Buchweizenhonig aus dem Havelland - Bl\u00fctenland Bienenh\u00f6fe\" \/>\n<meta property=\"og:description\" content=\"Ernteregion: Havelland  Aroma: w\u00fcrzig - aromatisch, intensiv  Farbe: braun  Konsistenz: cremig\" \/>\n<meta property=\"og:url\" content=\"https:\/\/www.bio-honig.de\/cms\/produkt\/buchweizenhonig-aus-dem-havelland-fotos-verschieden\/\" \/>\n<meta property=\"og:site_name\" content=\"Bl\u00fctenland Bienenh\u00f6fe\" \/>\n<meta property=\"article:modified_time\" content=\"2024-12-08T17:19:16+00:00\" \/>\n<meta property=\"og:image\" content=\"https:\/\/www.bio-honig.de\/cms\/wp-content\/uploads\/2017\/05\/250g-x-Buchweizen-DSC_0027_096_123.jpg\" \/>\n\t<meta property=\"og:image:width\" content=\"1152\" \/>\n\t<meta property=\"og:image:height\" content=\"1152\" \/>\n\t<meta property=\"og:image:type\" content=\"image\/jpeg\" \/>\n<meta name=\"twitter:card\" content=\"summary_large_image\" \/>\n<meta name=\"twitter:label1\" content=\"Gesch\u00e4tzte Lesezeit\" \/>\n\t<meta name=\"twitter:data1\" content=\"1\u00a0Minute\" \/>\n<script type=\"application\/ld+json\" class=\"yoast-schema-graph\">{\"@context\":\"https:\/\/schema.org\",\"@graph\":[{\"@type\":\"WebPage\",\"@id\":\"https:\/\/www.bio-honig.de\/cms\/produkt\/buchweizenhonig-aus-dem-havelland-fotos-verschieden\/\",\"url\":\"https:\/\/www.bio-honig.de\/cms\/produkt\/buchweizenhonig-aus-dem-havelland-fotos-verschieden\/\",\"name\":\"Buchweizenhonig aus dem Havelland - Bl\u00fctenland Bienenh\u00f6fe\",\"isPartOf\":{\"@id\":\"https:\/\/www.bio-honig.de\/cms\/#website\"},\"primaryImageOfPage\":{\"@id\":\"https:\/\/www.bio-honig.de\/cms\/produkt\/buchweizenhonig-aus-dem-havelland-fotos-verschieden\/#primaryimage\"},\"image\":{\"@id\":\"https:\/\/www.bio-honig.de\/cms\/produkt\/buchweizenhonig-aus-dem-havelland-fotos-verschieden\/#primaryimage\"},\"thumbnailUrl\":\"https:\/\/www.bio-honig.de\/cms\/wp-content\/uploads\/2017\/05\/250g-x-Buchweizen-DSC_0027_096_123.jpg\",\"datePublished\":\"2017-09-10T12:24:56+00:00\",\"dateModified\":\"2024-12-08T17:19:16+00:00\",\"breadcrumb\":{\"@id\":\"https:\/\/www.bio-honig.de\/cms\/produkt\/buchweizenhonig-aus-dem-havelland-fotos-verschieden\/#breadcrumb\"},\"inLanguage\":\"de\",\"potentialAction\":[{\"@type\":\"ReadAction\",\"target\":[\"https:\/\/www.bio-honig.de\/cms\/produkt\/buchweizenhonig-aus-dem-havelland-fotos-verschieden\/\"]}]},{\"@type\":\"ImageObject\",\"inLanguage\":\"de\",\"@id\":\"https:\/\/www.bio-honig.de\/cms\/produkt\/buchweizenhonig-aus-dem-havelland-fotos-verschieden\/#primaryimage\",\"url\":\"https:\/\/www.bio-honig.de\/cms\/wp-content\/uploads\/2017\/05\/250g-x-Buchweizen-DSC_0027_096_123.jpg\",\"contentUrl\":\"https:\/\/www.bio-honig.de\/cms\/wp-content\/uploads\/2017\/05\/250g-x-Buchweizen-DSC_0027_096_123.jpg\",\"width\":1152,\"height\":1152},{\"@type\":\"BreadcrumbList\",\"@id\":\"https:\/\/www.bio-honig.de\/cms\/produkt\/buchweizenhonig-aus-dem-havelland-fotos-verschieden\/#breadcrumb\",\"itemListElement\":[{\"@type\":\"ListItem\",\"position\":1,\"name\":\"Startseite\",\"item\":\"https:\/\/www.bio-honig.de\/cms\/\"},{\"@type\":\"ListItem\",\"position\":2,\"name\":\"Produkte\",\"item\":\"https:\/\/www.bio-honig.de\/cms\/shop\/\"},{\"@type\":\"ListItem\",\"position\":3,\"name\":\"Buchweizenhonig aus dem Havelland\"}]},{\"@type\":\"WebSite\",\"@id\":\"https:\/\/www.bio-honig.de\/cms\/#website\",\"url\":\"https:\/\/www.bio-honig.de\/cms\/\",\"name\":\"Bl\u00fctenland Bienenh\u00f6fe\",\"description\":\"Bio-Honig von Heike Appel\",\"publisher\":{\"@id\":\"https:\/\/www.bio-honig.de\/cms\/#organization\"},\"potentialAction\":[{\"@type\":\"SearchAction\",\"target\":{\"@type\":\"EntryPoint\",\"urlTemplate\":\"https:\/\/www.bio-honig.de\/cms\/?s={search_term_string}\"},\"query-input\":{\"@type\":\"PropertyValueSpecification\",\"valueRequired\":true,\"valueName\":\"search_term_string\"}}],\"inLanguage\":\"de\"},{\"@type\":\"Organization\",\"@id\":\"https:\/\/www.bio-honig.de\/cms\/#organization\",\"name\":\"Bl\u00fctenland Bienenh\u00f6fe - Bioland Imkereiprodukte\",\"url\":\"https:\/\/www.bio-honig.de\/cms\/\",\"logo\":{\"@type\":\"ImageObject\",\"inLanguage\":\"de\",\"@id\":\"https:\/\/www.bio-honig.de\/cms\/#\/schema\/logo\/image\/\",\"url\":\"https:\/\/www.bio-honig.de\/cms\/wp-content\/uploads\/2018\/12\/Bildschirmfoto-2018-12-16-um-17.31.00.png\",\"contentUrl\":\"https:\/\/www.bio-honig.de\/cms\/wp-content\/uploads\/2018\/12\/Bildschirmfoto-2018-12-16-um-17.31.00.png\",\"width\":750,\"height\":206,\"caption\":\"Bl\u00fctenland Bienenh\u00f6fe - Bioland Imkereiprodukte\"},\"image\":{\"@id\":\"https:\/\/www.bio-honig.de\/cms\/#\/schema\/logo\/image\/\"}}]}<\/script>\n<!-- \/ Yoast SEO plugin. -->","yoast_head_json":{"title":"Buchweizenhonig aus dem Havelland - Bl\u00fctenland Bienenh\u00f6fe","robots":{"index":"index","follow":"follow","max-snippet":"max-snippet:-1","max-image-preview":"max-image-preview:large","max-video-preview":"max-video-preview:-1"},"canonical":"https:\/\/www.bio-honig.de\/cms\/produkt\/buchweizenhonig-aus-dem-havelland-fotos-verschieden\/","og_locale":"de_DE","og_type":"article","og_title":"Buchweizenhonig aus dem Havelland - Bl\u00fctenland Bienenh\u00f6fe","og_description":"Ernteregion: Havelland  Aroma: w\u00fcrzig - aromatisch, intensiv  Farbe: braun  Konsistenz: cremig","og_url":"https:\/\/www.bio-honig.de\/cms\/produkt\/buchweizenhonig-aus-dem-havelland-fotos-verschieden\/","og_site_name":"Bl\u00fctenland Bienenh\u00f6fe","article_modified_time":"2024-12-08T17:19:16+00:00","og_image":[{"width":1152,"height":1152,"url":"https:\/\/www.bio-honig.de\/cms\/wp-content\/uploads\/2017\/05\/250g-x-Buchweizen-DSC_0027_096_123.jpg","type":"image\/jpeg"}],"twitter_card":"summary_large_image","twitter_misc":{"Gesch\u00e4tzte Lesezeit":"1\u00a0Minute"},"schema":{"@context":"https:\/\/schema.org","@graph":[{"@type":"WebPage","@id":"https:\/\/www.bio-honig.de\/cms\/produkt\/buchweizenhonig-aus-dem-havelland-fotos-verschieden\/","url":"https:\/\/www.bio-honig.de\/cms\/produkt\/buchweizenhonig-aus-dem-havelland-fotos-verschieden\/","name":"Buchweizenhonig aus dem Havelland - Bl\u00fctenland Bienenh\u00f6fe","isPartOf":{"@id":"https:\/\/www.bio-honig.de\/cms\/#website"},"primaryImageOfPage":{"@id":"https:\/\/www.bio-honig.de\/cms\/produkt\/buchweizenhonig-aus-dem-havelland-fotos-verschieden\/#primaryimage"},"image":{"@id":"https:\/\/www.bio-honig.de\/cms\/produkt\/buchweizenhonig-aus-dem-havelland-fotos-verschieden\/#primaryimage"},"thumbnailUrl":"https:\/\/www.bio-honig.de\/cms\/wp-content\/uploads\/2017\/05\/250g-x-Buchweizen-DSC_0027_096_123.jpg","datePublished":"2017-09-10T12:24:56+00:00","dateModified":"2024-12-08T17:19:16+00:00","breadcrumb":{"@id":"https:\/\/www.bio-honig.de\/cms\/produkt\/buchweizenhonig-aus-dem-havelland-fotos-verschieden\/#breadcrumb"},"inLanguage":"de","potentialAction":[{"@type":"ReadAction","target":["https:\/\/www.bio-honig.de\/cms\/produkt\/buchweizenhonig-aus-dem-havelland-fotos-verschieden\/"]}]},{"@type":"ImageObject","inLanguage":"de","@id":"https:\/\/www.bio-honig.de\/cms\/produkt\/buchweizenhonig-aus-dem-havelland-fotos-verschieden\/#primaryimage","url":"https:\/\/www.bio-honig.de\/cms\/wp-content\/uploads\/2017\/05\/250g-x-Buchweizen-DSC_0027_096_123.jpg","contentUrl":"https:\/\/www.bio-honig.de\/cms\/wp-content\/uploads\/2017\/05\/250g-x-Buchweizen-DSC_0027_096_123.jpg","width":1152,"height":1152},{"@type":"BreadcrumbList","@id":"https:\/\/www.bio-honig.de\/cms\/produkt\/buchweizenhonig-aus-dem-havelland-fotos-verschieden\/#breadcrumb","itemListElement":[{"@type":"ListItem","position":1,"name":"Startseite","item":"https:\/\/www.bio-honig.de\/cms\/"},{"@type":"ListItem","position":2,"name":"Produkte","item":"https:\/\/www.bio-honig.de\/cms\/shop\/"},{"@type":"ListItem","position":3,"name":"Buchweizenhonig aus dem Havelland"}]},{"@type":"WebSite","@id":"https:\/\/www.bio-honig.de\/cms\/#website","url":"https:\/\/www.bio-honig.de\/cms\/","name":"Bl\u00fctenland Bienenh\u00f6fe","description":"Bio-Honig von Heike Appel","publisher":{"@id":"https:\/\/www.bio-honig.de\/cms\/#organization"},"potentialAction":[{"@type":"SearchAction","target":{"@type":"EntryPoint","urlTemplate":"https:\/\/www.bio-honig.de\/cms\/?s={search_term_string}"},"query-input":{"@type":"PropertyValueSpecification","valueRequired":true,"valueName":"search_term_string"}}],"inLanguage":"de"},{"@type":"Organization","@id":"https:\/\/www.bio-honig.de\/cms\/#organization","name":"Bl\u00fctenland Bienenh\u00f6fe - Bioland Imkereiprodukte","url":"https:\/\/www.bio-honig.de\/cms\/","logo":{"@type":"ImageObject","inLanguage":"de","@id":"https:\/\/www.bio-honig.de\/cms\/#\/schema\/logo\/image\/","url":"https:\/\/www.bio-honig.de\/cms\/wp-content\/uploads\/2018\/12\/Bildschirmfoto-2018-12-16-um-17.31.00.png","contentUrl":"https:\/\/www.bio-honig.de\/cms\/wp-content\/uploads\/2018\/12\/Bildschirmfoto-2018-12-16-um-17.31.00.png","width":750,"height":206,"caption":"Bl\u00fctenland Bienenh\u00f6fe - Bioland Imkereiprodukte"},"image":{"@id":"https:\/\/www.bio-honig.de\/cms\/#\/schema\/logo\/image\/"}}]}},"_links":{"self":[{"href":"https:\/\/www.bio-honig.de\/cms\/wp-json\/wp\/v2\/product\/442","targetHints":{"allow":["GET"]}}],"collection":[{"href":"https:\/\/www.bio-honig.de\/cms\/wp-json\/wp\/v2\/product"}],"about":[{"href":"https:\/\/www.bio-honig.de\/cms\/wp-json\/wp\/v2\/types\/product"}],"replies":[{"embeddable":true,"href":"https:\/\/www.bio-honig.de\/cms\/wp-json\/wp\/v2\/comments?post=442"}],"wp:featuredmedia":[{"embeddable":true,"href":"https:\/\/www.bio-honig.de\/cms\/wp-json\/wp\/v2\/media\/391"}],"wp:attachment":[{"href":"https:\/\/www.bio-honig.de\/cms\/wp-json\/wp\/v2\/media?parent=442"}],"wp:term":[{"taxonomy":"product_brand","embeddable":true,"href":"https:\/\/www.bio-honig.de\/cms\/wp-json\/wp\/v2\/product_brand?post=442"},{"taxonomy":"product_cat","embeddable":true,"href":"https:\/\/www.bio-honig.de\/cms\/wp-json\/wp\/v2\/product_cat?post=442"},{"taxonomy":"product_tag","embeddable":true,"href":"https:\/\/www.bio-honig.de\/cms\/wp-json\/wp\/v2\/product_tag?post=442"}],"curies":[{"name":"wp","href":"https:\/\/api.w.org\/{rel}","templated":true}]}}