{"id":455,"date":"2017-09-10T14:48:44","date_gmt":"2017-09-10T12:48:44","guid":{"rendered":"https:\/\/www.bio-honig.de\/cms\/produkt\/honig-moringa-aus-hessen-und-indien\/"},"modified":"2025-02-06T11:20:35","modified_gmt":"2025-02-06T10:20:35","slug":"honig-moringa-aus-hessen-und-indien","status":"publish","type":"product","link":"https:\/\/www.bio-honig.de\/cms\/produkt\/honig-moringa-aus-hessen-und-indien\/","title":{"rendered":"Honig &#038; Moringa aus Niedersachsen und Indien"},"content":{"rendered":"<p>Der aus Indien stammende Moringabaum &#8211; Moringa Oleifera &#8211; wird als die n\u00e4hrstoffreichste Pflanze der Welt gesehen. Die gr\u00fcnen Bl\u00e4tter gelten als wertvolles Nahrungserg\u00e4nzungsmittel. Sie geben dem milden Honig eine pikante, moringatypische &#8222;gr\u00fcne&#8220; Sch\u00e4rfe.<\/p>\n<p>Zutaten: Bl\u00fctenhonig*, Moringablattpulver (aus Indien)*. Brotaufstrich.<\/p>\n<p>* aus kontrolliert \u00f6kologischem Anbau<\/p>\n<p>Brotaufstrich<\/p>\n<p>&nbsp;<\/p>\n<p>&nbsp;<\/p>\n","protected":false},"excerpt":{"rendered":"<p><strong>Ernteregion:<\/strong> Deutschland<\/p>\n<p><strong>Aroma:<\/strong> w\u00fcrzig &#8211; pikant<\/p>\n<p><strong>Farbe:<\/strong> gr\u00fcn<\/p>\n<p><strong>Konsistenz:<\/strong> cremig<\/p>\n","protected":false},"featured_media":384,"comment_status":"closed","ping_status":"closed","template":"","meta":[],"product_brand":[],"product_cat":[45],"product_tag":[62,77,99,100],"class_list":{"0":"post-455","1":"product","2":"type-product","3":"status-publish","4":"has-post-thumbnail","6":"product_cat-honigmischungen","7":"product_tag-aus-deutschland","8":"product_tag-cremig","9":"product_tag-gruen","10":"product_tag-wuerzig-pikant","12":"first","13":"outofstock","14":"taxable","15":"shipping-taxable","16":"purchasable","17":"product-type-variable","18":"has-default-attributes","19":"wvs-archive-product-wrapper"},"yoast_head":"<!-- This site is optimized with the Yoast SEO plugin v27.3 - https:\/\/yoast.com\/product\/yoast-seo-wordpress\/ -->\n<title>Honig &amp; Moringa aus Niedersachsen und Indien - Bl\u00fctenland Bienenh\u00f6fe<\/title>\n<meta name=\"robots\" content=\"index, follow, max-snippet:-1, max-image-preview:large, max-video-preview:-1\" \/>\n<link rel=\"canonical\" href=\"https:\/\/www.bio-honig.de\/cms\/produkt\/honig-moringa-aus-hessen-und-indien\/\" \/>\n<meta property=\"og:locale\" content=\"de_DE\" \/>\n<meta property=\"og:type\" content=\"article\" \/>\n<meta property=\"og:title\" content=\"Honig &amp; Moringa aus Niedersachsen und Indien - Bl\u00fctenland Bienenh\u00f6fe\" \/>\n<meta property=\"og:description\" content=\"Ernteregion: Deutschland  Aroma: w\u00fcrzig - pikant  Farbe: gr\u00fcn  Konsistenz: cremig\" \/>\n<meta property=\"og:url\" content=\"https:\/\/www.bio-honig.de\/cms\/produkt\/honig-moringa-aus-hessen-und-indien\/\" \/>\n<meta property=\"og:site_name\" content=\"Bl\u00fctenland Bienenh\u00f6fe\" \/>\n<meta property=\"article:modified_time\" content=\"2025-02-06T10:20:35+00:00\" \/>\n<meta property=\"og:image\" content=\"https:\/\/www.bio-honig.de\/cms\/wp-content\/uploads\/2015\/10\/250-g-HonigMoringa-DSC_0035_100-e1504937546168.jpg\" \/>\n\t<meta property=\"og:image:width\" content=\"1152\" \/>\n\t<meta property=\"og:image:height\" content=\"1152\" \/>\n\t<meta property=\"og:image:type\" content=\"image\/jpeg\" \/>\n<meta name=\"twitter:card\" content=\"summary_large_image\" \/>\n<meta name=\"twitter:label1\" content=\"Gesch\u00e4tzte Lesezeit\" \/>\n\t<meta name=\"twitter:data1\" content=\"1\u00a0Minute\" \/>\n<script type=\"application\/ld+json\" class=\"yoast-schema-graph\">{\"@context\":\"https:\\\/\\\/schema.org\",\"@graph\":[{\"@type\":\"WebPage\",\"@id\":\"https:\\\/\\\/www.bio-honig.de\\\/cms\\\/produkt\\\/honig-moringa-aus-hessen-und-indien\\\/\",\"url\":\"https:\\\/\\\/www.bio-honig.de\\\/cms\\\/produkt\\\/honig-moringa-aus-hessen-und-indien\\\/\",\"name\":\"Honig & Moringa aus Niedersachsen und Indien - Bl\u00fctenland Bienenh\u00f6fe\",\"isPartOf\":{\"@id\":\"https:\\\/\\\/www.bio-honig.de\\\/cms\\\/#website\"},\"primaryImageOfPage\":{\"@id\":\"https:\\\/\\\/www.bio-honig.de\\\/cms\\\/produkt\\\/honig-moringa-aus-hessen-und-indien\\\/#primaryimage\"},\"image\":{\"@id\":\"https:\\\/\\\/www.bio-honig.de\\\/cms\\\/produkt\\\/honig-moringa-aus-hessen-und-indien\\\/#primaryimage\"},\"thumbnailUrl\":\"https:\\\/\\\/www.bio-honig.de\\\/cms\\\/wp-content\\\/uploads\\\/2015\\\/10\\\/250-g-HonigMoringa-DSC_0035_100-e1504937546168.jpg\",\"datePublished\":\"2017-09-10T12:48:44+00:00\",\"dateModified\":\"2025-02-06T10:20:35+00:00\",\"breadcrumb\":{\"@id\":\"https:\\\/\\\/www.bio-honig.de\\\/cms\\\/produkt\\\/honig-moringa-aus-hessen-und-indien\\\/#breadcrumb\"},\"inLanguage\":\"de\",\"potentialAction\":[{\"@type\":\"ReadAction\",\"target\":[\"https:\\\/\\\/www.bio-honig.de\\\/cms\\\/produkt\\\/honig-moringa-aus-hessen-und-indien\\\/\"]}]},{\"@type\":\"ImageObject\",\"inLanguage\":\"de\",\"@id\":\"https:\\\/\\\/www.bio-honig.de\\\/cms\\\/produkt\\\/honig-moringa-aus-hessen-und-indien\\\/#primaryimage\",\"url\":\"https:\\\/\\\/www.bio-honig.de\\\/cms\\\/wp-content\\\/uploads\\\/2015\\\/10\\\/250-g-HonigMoringa-DSC_0035_100-e1504937546168.jpg\",\"contentUrl\":\"https:\\\/\\\/www.bio-honig.de\\\/cms\\\/wp-content\\\/uploads\\\/2015\\\/10\\\/250-g-HonigMoringa-DSC_0035_100-e1504937546168.jpg\",\"width\":1152,\"height\":1152},{\"@type\":\"BreadcrumbList\",\"@id\":\"https:\\\/\\\/www.bio-honig.de\\\/cms\\\/produkt\\\/honig-moringa-aus-hessen-und-indien\\\/#breadcrumb\",\"itemListElement\":[{\"@type\":\"ListItem\",\"position\":1,\"name\":\"Startseite\",\"item\":\"https:\\\/\\\/www.bio-honig.de\\\/cms\\\/\"},{\"@type\":\"ListItem\",\"position\":2,\"name\":\"Produkte\",\"item\":\"https:\\\/\\\/www.bio-honig.de\\\/cms\\\/shop\\\/\"},{\"@type\":\"ListItem\",\"position\":3,\"name\":\"Honig &#038; Moringa aus Niedersachsen und Indien\"}]},{\"@type\":\"WebSite\",\"@id\":\"https:\\\/\\\/www.bio-honig.de\\\/cms\\\/#website\",\"url\":\"https:\\\/\\\/www.bio-honig.de\\\/cms\\\/\",\"name\":\"Bl\u00fctenland Bienenh\u00f6fe\",\"description\":\"Bio-Honig von Heike Appel\",\"publisher\":{\"@id\":\"https:\\\/\\\/www.bio-honig.de\\\/cms\\\/#organization\"},\"potentialAction\":[{\"@type\":\"SearchAction\",\"target\":{\"@type\":\"EntryPoint\",\"urlTemplate\":\"https:\\\/\\\/www.bio-honig.de\\\/cms\\\/?s={search_term_string}\"},\"query-input\":{\"@type\":\"PropertyValueSpecification\",\"valueRequired\":true,\"valueName\":\"search_term_string\"}}],\"inLanguage\":\"de\"},{\"@type\":\"Organization\",\"@id\":\"https:\\\/\\\/www.bio-honig.de\\\/cms\\\/#organization\",\"name\":\"Bl\u00fctenland Bienenh\u00f6fe - Bioland Imkereiprodukte\",\"url\":\"https:\\\/\\\/www.bio-honig.de\\\/cms\\\/\",\"logo\":{\"@type\":\"ImageObject\",\"inLanguage\":\"de\",\"@id\":\"https:\\\/\\\/www.bio-honig.de\\\/cms\\\/#\\\/schema\\\/logo\\\/image\\\/\",\"url\":\"https:\\\/\\\/www.bio-honig.de\\\/cms\\\/wp-content\\\/uploads\\\/2018\\\/12\\\/Bildschirmfoto-2018-12-16-um-17.31.00.png\",\"contentUrl\":\"https:\\\/\\\/www.bio-honig.de\\\/cms\\\/wp-content\\\/uploads\\\/2018\\\/12\\\/Bildschirmfoto-2018-12-16-um-17.31.00.png\",\"width\":750,\"height\":206,\"caption\":\"Bl\u00fctenland Bienenh\u00f6fe - Bioland Imkereiprodukte\"},\"image\":{\"@id\":\"https:\\\/\\\/www.bio-honig.de\\\/cms\\\/#\\\/schema\\\/logo\\\/image\\\/\"}}]}<\/script>\n<!-- \/ Yoast SEO plugin. -->","yoast_head_json":{"title":"Honig & Moringa aus Niedersachsen und Indien - Bl\u00fctenland Bienenh\u00f6fe","robots":{"index":"index","follow":"follow","max-snippet":"max-snippet:-1","max-image-preview":"max-image-preview:large","max-video-preview":"max-video-preview:-1"},"canonical":"https:\/\/www.bio-honig.de\/cms\/produkt\/honig-moringa-aus-hessen-und-indien\/","og_locale":"de_DE","og_type":"article","og_title":"Honig & Moringa aus Niedersachsen und Indien - Bl\u00fctenland Bienenh\u00f6fe","og_description":"Ernteregion: Deutschland  Aroma: w\u00fcrzig - pikant  Farbe: gr\u00fcn  Konsistenz: cremig","og_url":"https:\/\/www.bio-honig.de\/cms\/produkt\/honig-moringa-aus-hessen-und-indien\/","og_site_name":"Bl\u00fctenland Bienenh\u00f6fe","article_modified_time":"2025-02-06T10:20:35+00:00","og_image":[{"width":1152,"height":1152,"url":"https:\/\/www.bio-honig.de\/cms\/wp-content\/uploads\/2015\/10\/250-g-HonigMoringa-DSC_0035_100-e1504937546168.jpg","type":"image\/jpeg"}],"twitter_card":"summary_large_image","twitter_misc":{"Gesch\u00e4tzte Lesezeit":"1\u00a0Minute"},"schema":{"@context":"https:\/\/schema.org","@graph":[{"@type":"WebPage","@id":"https:\/\/www.bio-honig.de\/cms\/produkt\/honig-moringa-aus-hessen-und-indien\/","url":"https:\/\/www.bio-honig.de\/cms\/produkt\/honig-moringa-aus-hessen-und-indien\/","name":"Honig & Moringa aus Niedersachsen und Indien - Bl\u00fctenland Bienenh\u00f6fe","isPartOf":{"@id":"https:\/\/www.bio-honig.de\/cms\/#website"},"primaryImageOfPage":{"@id":"https:\/\/www.bio-honig.de\/cms\/produkt\/honig-moringa-aus-hessen-und-indien\/#primaryimage"},"image":{"@id":"https:\/\/www.bio-honig.de\/cms\/produkt\/honig-moringa-aus-hessen-und-indien\/#primaryimage"},"thumbnailUrl":"https:\/\/www.bio-honig.de\/cms\/wp-content\/uploads\/2015\/10\/250-g-HonigMoringa-DSC_0035_100-e1504937546168.jpg","datePublished":"2017-09-10T12:48:44+00:00","dateModified":"2025-02-06T10:20:35+00:00","breadcrumb":{"@id":"https:\/\/www.bio-honig.de\/cms\/produkt\/honig-moringa-aus-hessen-und-indien\/#breadcrumb"},"inLanguage":"de","potentialAction":[{"@type":"ReadAction","target":["https:\/\/www.bio-honig.de\/cms\/produkt\/honig-moringa-aus-hessen-und-indien\/"]}]},{"@type":"ImageObject","inLanguage":"de","@id":"https:\/\/www.bio-honig.de\/cms\/produkt\/honig-moringa-aus-hessen-und-indien\/#primaryimage","url":"https:\/\/www.bio-honig.de\/cms\/wp-content\/uploads\/2015\/10\/250-g-HonigMoringa-DSC_0035_100-e1504937546168.jpg","contentUrl":"https:\/\/www.bio-honig.de\/cms\/wp-content\/uploads\/2015\/10\/250-g-HonigMoringa-DSC_0035_100-e1504937546168.jpg","width":1152,"height":1152},{"@type":"BreadcrumbList","@id":"https:\/\/www.bio-honig.de\/cms\/produkt\/honig-moringa-aus-hessen-und-indien\/#breadcrumb","itemListElement":[{"@type":"ListItem","position":1,"name":"Startseite","item":"https:\/\/www.bio-honig.de\/cms\/"},{"@type":"ListItem","position":2,"name":"Produkte","item":"https:\/\/www.bio-honig.de\/cms\/shop\/"},{"@type":"ListItem","position":3,"name":"Honig &#038; Moringa aus Niedersachsen und Indien"}]},{"@type":"WebSite","@id":"https:\/\/www.bio-honig.de\/cms\/#website","url":"https:\/\/www.bio-honig.de\/cms\/","name":"Bl\u00fctenland Bienenh\u00f6fe","description":"Bio-Honig von Heike Appel","publisher":{"@id":"https:\/\/www.bio-honig.de\/cms\/#organization"},"potentialAction":[{"@type":"SearchAction","target":{"@type":"EntryPoint","urlTemplate":"https:\/\/www.bio-honig.de\/cms\/?s={search_term_string}"},"query-input":{"@type":"PropertyValueSpecification","valueRequired":true,"valueName":"search_term_string"}}],"inLanguage":"de"},{"@type":"Organization","@id":"https:\/\/www.bio-honig.de\/cms\/#organization","name":"Bl\u00fctenland Bienenh\u00f6fe - Bioland Imkereiprodukte","url":"https:\/\/www.bio-honig.de\/cms\/","logo":{"@type":"ImageObject","inLanguage":"de","@id":"https:\/\/www.bio-honig.de\/cms\/#\/schema\/logo\/image\/","url":"https:\/\/www.bio-honig.de\/cms\/wp-content\/uploads\/2018\/12\/Bildschirmfoto-2018-12-16-um-17.31.00.png","contentUrl":"https:\/\/www.bio-honig.de\/cms\/wp-content\/uploads\/2018\/12\/Bildschirmfoto-2018-12-16-um-17.31.00.png","width":750,"height":206,"caption":"Bl\u00fctenland Bienenh\u00f6fe - Bioland Imkereiprodukte"},"image":{"@id":"https:\/\/www.bio-honig.de\/cms\/#\/schema\/logo\/image\/"}}]}},"_links":{"self":[{"href":"https:\/\/www.bio-honig.de\/cms\/wp-json\/wp\/v2\/product\/455","targetHints":{"allow":["GET"]}}],"collection":[{"href":"https:\/\/www.bio-honig.de\/cms\/wp-json\/wp\/v2\/product"}],"about":[{"href":"https:\/\/www.bio-honig.de\/cms\/wp-json\/wp\/v2\/types\/product"}],"replies":[{"embeddable":true,"href":"https:\/\/www.bio-honig.de\/cms\/wp-json\/wp\/v2\/comments?post=455"}],"wp:featuredmedia":[{"embeddable":true,"href":"https:\/\/www.bio-honig.de\/cms\/wp-json\/wp\/v2\/media\/384"}],"wp:attachment":[{"href":"https:\/\/www.bio-honig.de\/cms\/wp-json\/wp\/v2\/media?parent=455"}],"wp:term":[{"taxonomy":"product_brand","embeddable":true,"href":"https:\/\/www.bio-honig.de\/cms\/wp-json\/wp\/v2\/product_brand?post=455"},{"taxonomy":"product_cat","embeddable":true,"href":"https:\/\/www.bio-honig.de\/cms\/wp-json\/wp\/v2\/product_cat?post=455"},{"taxonomy":"product_tag","embeddable":true,"href":"https:\/\/www.bio-honig.de\/cms\/wp-json\/wp\/v2\/product_tag?post=455"}],"curies":[{"name":"wp","href":"https:\/\/api.w.org\/{rel}","templated":true}]}}