{"id":4742,"date":"2023-11-02T08:27:33","date_gmt":"2023-11-02T07:27:33","guid":{"rendered":"https:\/\/www.bio-honig.de\/cms\/?post_type=product&#038;p=4742"},"modified":"2026-02-10T11:43:51","modified_gmt":"2026-02-10T10:43:51","slug":"grosses-set-milde-bluetenhonigsorten-6x500-g","status":"publish","type":"product","link":"https:\/\/www.bio-honig.de\/cms\/produkt\/grosses-set-milde-bluetenhonigsorten-6x500-g\/","title":{"rendered":"Grosses Set &#8222;Milde Bl\u00fctenhonigsorten&#8220; 6 x verschiedene Honigsorten"},"content":{"rendered":"<p><strong>Dieses Set enth\u00e4lt<\/strong> <strong>6 verschiedene Honigsorten f\u00fcr Honigfreunde, die gerne milden Honig m\u00f6gen.<\/strong><\/p>\n<p><strong>Zum Verschenken auf Wunsch in einer sch\u00f6nen, stabilen Holz-Geschenkkiste<\/strong><strong>\u00a0oder in einer originellen edlen Premium-Holzkiste (nur f\u00fcr 500 g).<\/strong><\/p>\n<p><strong>Zur Auswahl in 6 x 500 g oder 6 x 250 g Gl\u00e4sern:<\/strong><\/p>\n<ul>\n<li><strong>1 x<\/strong> <strong>Rapshonig<\/strong>\n<ul>\n<li>aus dem S\u00fcdharz, perlmutt-wei\u00df, mild, cremig<\/li>\n<\/ul>\n<\/li>\n<li><strong>1 x Fr\u00fchjahrsbl\u00fctenhonig<\/strong>\n<ul>\n<li>vom Hohen Mei\u00dfner, hellgelb, zartes Bl\u00fctenduftaroma, feincremig<\/li>\n<\/ul>\n<\/li>\n<li><strong>1 x Kirschbl\u00fctenhonig<\/strong>\n<ul>\n<li>aus der Badischen Rheinebene, hellgelb, feines frisches Kirschbl\u00fctenaroma, feincremig<\/li>\n<\/ul>\n<\/li>\n<li><strong>1 x Akazienhonig<\/strong>\n<ul>\n<li>aus Brandenburg, hellgelb, liebliches Bl\u00fctenduftaroma, fl\u00fcssig<\/li>\n<\/ul>\n<\/li>\n<li><strong>1 x Sommerbl\u00fctenhonig<\/strong>\n<ul>\n<li>aus dem Havelland, bernsteinfarben, fein- aromatisch, feincremig<\/li>\n<\/ul>\n<\/li>\n<li><strong>1 x Himbeerbl\u00fctenhonig<\/strong>\n<ul>\n<li>aus dem Harz, hellgelb, zart-w\u00fcrzig, feincremig<\/li>\n<\/ul>\n<\/li>\n<\/ul>\n","protected":false},"excerpt":{"rendered":"<p><strong>Ernteregionen:<\/strong> Havelland, Harz, Hoher Mei\u00dfner, Saaletal, Brandenburg, S\u00fcdharz<\/p>\n<p><strong>Aromen:<\/strong> mild, feinaromatisch, Bl\u00fctenduft<\/p>\n<p><strong>Farbe:<\/strong> helle Honigfarben<\/p>\n<p><strong>Konsistenz:<\/strong> 5 x cremig und 1 x fl\u00fcssig<\/p>\n","protected":false},"featured_media":10638,"comment_status":"closed","ping_status":"closed","template":"","meta":[],"product_brand":[],"product_cat":[17,184],"product_tag":[115,177,28,33,34,37,38,62,69,77],"class_list":{"0":"post-4742","1":"product","2":"type-product","3":"status-publish","4":"has-post-thumbnail","6":"product_cat-deutscher-bio-honig","7":"product_cat-geschenke-und-sets","8":"product_tag-goldgelb","9":"product_tag-hellgelb-bis-beige","10":"product_tag-mild","11":"product_tag-sehr-mildes-honigaroma","12":"product_tag-hellgelb","13":"product_tag-fluessig","14":"product_tag-liebliches-bluetenduftaroma","15":"product_tag-aus-deutschland","16":"product_tag-feines-bluetenduftaroma","17":"product_tag-cremig","19":"first","20":"instock","21":"taxable","22":"shipping-taxable","23":"purchasable","24":"product-type-variable","25":"has-default-attributes","26":"wvs-archive-product-wrapper"},"yoast_head":"<!-- This site is optimized with the Yoast SEO plugin v27.3 - https:\/\/yoast.com\/product\/yoast-seo-wordpress\/ -->\n<title>Grosses Set &quot;Milde Bl\u00fctenhonigsorten&quot; 6 x verschiedene Honigsorten - Bl\u00fctenland Bienenh\u00f6fe<\/title>\n<meta name=\"robots\" content=\"index, follow, max-snippet:-1, max-image-preview:large, max-video-preview:-1\" \/>\n<link rel=\"canonical\" href=\"https:\/\/www.bio-honig.de\/cms\/produkt\/grosses-set-milde-bluetenhonigsorten-6x500-g\/\" \/>\n<meta property=\"og:locale\" content=\"de_DE\" \/>\n<meta property=\"og:type\" content=\"article\" \/>\n<meta property=\"og:title\" content=\"Grosses Set &quot;Milde Bl\u00fctenhonigsorten&quot; 6 x verschiedene Honigsorten - Bl\u00fctenland Bienenh\u00f6fe\" \/>\n<meta property=\"og:description\" content=\"Ernteregionen: Havelland, Harz, Hoher Mei\u00dfner, Saaletal, Brandenburg, S\u00fcdharz  Aromen: mild, feinaromatisch, Bl\u00fctenduft  Farbe: helle Honigfarben  Konsistenz: 5 x cremig und 1 x fl\u00fcssig\" \/>\n<meta property=\"og:url\" content=\"https:\/\/www.bio-honig.de\/cms\/produkt\/grosses-set-milde-bluetenhonigsorten-6x500-g\/\" \/>\n<meta property=\"og:site_name\" content=\"Bl\u00fctenland Bienenh\u00f6fe\" \/>\n<meta property=\"article:modified_time\" content=\"2026-02-10T10:43:51+00:00\" \/>\n<meta property=\"og:image\" content=\"https:\/\/www.bio-honig.de\/cms\/wp-content\/uploads\/2025\/11\/500-mild.jpg\" \/>\n\t<meta property=\"og:image:width\" content=\"2000\" \/>\n\t<meta property=\"og:image:height\" content=\"2000\" \/>\n\t<meta property=\"og:image:type\" content=\"image\/jpeg\" \/>\n<meta name=\"twitter:card\" content=\"summary_large_image\" \/>\n<meta name=\"twitter:label1\" content=\"Gesch\u00e4tzte Lesezeit\" \/>\n\t<meta name=\"twitter:data1\" content=\"1\u00a0Minute\" \/>\n<script type=\"application\/ld+json\" class=\"yoast-schema-graph\">{\"@context\":\"https:\\\/\\\/schema.org\",\"@graph\":[{\"@type\":\"WebPage\",\"@id\":\"https:\\\/\\\/www.bio-honig.de\\\/cms\\\/produkt\\\/grosses-set-milde-bluetenhonigsorten-6x500-g\\\/\",\"url\":\"https:\\\/\\\/www.bio-honig.de\\\/cms\\\/produkt\\\/grosses-set-milde-bluetenhonigsorten-6x500-g\\\/\",\"name\":\"Grosses Set \\\"Milde Bl\u00fctenhonigsorten\\\" 6 x verschiedene Honigsorten - Bl\u00fctenland Bienenh\u00f6fe\",\"isPartOf\":{\"@id\":\"https:\\\/\\\/www.bio-honig.de\\\/cms\\\/#website\"},\"primaryImageOfPage\":{\"@id\":\"https:\\\/\\\/www.bio-honig.de\\\/cms\\\/produkt\\\/grosses-set-milde-bluetenhonigsorten-6x500-g\\\/#primaryimage\"},\"image\":{\"@id\":\"https:\\\/\\\/www.bio-honig.de\\\/cms\\\/produkt\\\/grosses-set-milde-bluetenhonigsorten-6x500-g\\\/#primaryimage\"},\"thumbnailUrl\":\"https:\\\/\\\/www.bio-honig.de\\\/cms\\\/wp-content\\\/uploads\\\/2025\\\/11\\\/500-mild.jpg\",\"datePublished\":\"2023-11-02T07:27:33+00:00\",\"dateModified\":\"2026-02-10T10:43:51+00:00\",\"breadcrumb\":{\"@id\":\"https:\\\/\\\/www.bio-honig.de\\\/cms\\\/produkt\\\/grosses-set-milde-bluetenhonigsorten-6x500-g\\\/#breadcrumb\"},\"inLanguage\":\"de\",\"potentialAction\":[{\"@type\":\"ReadAction\",\"target\":[\"https:\\\/\\\/www.bio-honig.de\\\/cms\\\/produkt\\\/grosses-set-milde-bluetenhonigsorten-6x500-g\\\/\"]}]},{\"@type\":\"ImageObject\",\"inLanguage\":\"de\",\"@id\":\"https:\\\/\\\/www.bio-honig.de\\\/cms\\\/produkt\\\/grosses-set-milde-bluetenhonigsorten-6x500-g\\\/#primaryimage\",\"url\":\"https:\\\/\\\/www.bio-honig.de\\\/cms\\\/wp-content\\\/uploads\\\/2025\\\/11\\\/500-mild.jpg\",\"contentUrl\":\"https:\\\/\\\/www.bio-honig.de\\\/cms\\\/wp-content\\\/uploads\\\/2025\\\/11\\\/500-mild.jpg\",\"width\":2000,\"height\":2000},{\"@type\":\"BreadcrumbList\",\"@id\":\"https:\\\/\\\/www.bio-honig.de\\\/cms\\\/produkt\\\/grosses-set-milde-bluetenhonigsorten-6x500-g\\\/#breadcrumb\",\"itemListElement\":[{\"@type\":\"ListItem\",\"position\":1,\"name\":\"Startseite\",\"item\":\"https:\\\/\\\/www.bio-honig.de\\\/cms\\\/\"},{\"@type\":\"ListItem\",\"position\":2,\"name\":\"Produkte\",\"item\":\"https:\\\/\\\/www.bio-honig.de\\\/cms\\\/shop\\\/\"},{\"@type\":\"ListItem\",\"position\":3,\"name\":\"Grosses Set &#8222;Milde Bl\u00fctenhonigsorten&#8220; 6 x verschiedene Honigsorten\"}]},{\"@type\":\"WebSite\",\"@id\":\"https:\\\/\\\/www.bio-honig.de\\\/cms\\\/#website\",\"url\":\"https:\\\/\\\/www.bio-honig.de\\\/cms\\\/\",\"name\":\"Bl\u00fctenland Bienenh\u00f6fe\",\"description\":\"Bio-Honig von Heike Appel\",\"publisher\":{\"@id\":\"https:\\\/\\\/www.bio-honig.de\\\/cms\\\/#organization\"},\"potentialAction\":[{\"@type\":\"SearchAction\",\"target\":{\"@type\":\"EntryPoint\",\"urlTemplate\":\"https:\\\/\\\/www.bio-honig.de\\\/cms\\\/?s={search_term_string}\"},\"query-input\":{\"@type\":\"PropertyValueSpecification\",\"valueRequired\":true,\"valueName\":\"search_term_string\"}}],\"inLanguage\":\"de\"},{\"@type\":\"Organization\",\"@id\":\"https:\\\/\\\/www.bio-honig.de\\\/cms\\\/#organization\",\"name\":\"Bl\u00fctenland Bienenh\u00f6fe - Bioland Imkereiprodukte\",\"url\":\"https:\\\/\\\/www.bio-honig.de\\\/cms\\\/\",\"logo\":{\"@type\":\"ImageObject\",\"inLanguage\":\"de\",\"@id\":\"https:\\\/\\\/www.bio-honig.de\\\/cms\\\/#\\\/schema\\\/logo\\\/image\\\/\",\"url\":\"https:\\\/\\\/www.bio-honig.de\\\/cms\\\/wp-content\\\/uploads\\\/2018\\\/12\\\/Bildschirmfoto-2018-12-16-um-17.31.00.png\",\"contentUrl\":\"https:\\\/\\\/www.bio-honig.de\\\/cms\\\/wp-content\\\/uploads\\\/2018\\\/12\\\/Bildschirmfoto-2018-12-16-um-17.31.00.png\",\"width\":750,\"height\":206,\"caption\":\"Bl\u00fctenland Bienenh\u00f6fe - Bioland Imkereiprodukte\"},\"image\":{\"@id\":\"https:\\\/\\\/www.bio-honig.de\\\/cms\\\/#\\\/schema\\\/logo\\\/image\\\/\"}}]}<\/script>\n<!-- \/ Yoast SEO plugin. -->","yoast_head_json":{"title":"Grosses Set \"Milde Bl\u00fctenhonigsorten\" 6 x verschiedene Honigsorten - Bl\u00fctenland Bienenh\u00f6fe","robots":{"index":"index","follow":"follow","max-snippet":"max-snippet:-1","max-image-preview":"max-image-preview:large","max-video-preview":"max-video-preview:-1"},"canonical":"https:\/\/www.bio-honig.de\/cms\/produkt\/grosses-set-milde-bluetenhonigsorten-6x500-g\/","og_locale":"de_DE","og_type":"article","og_title":"Grosses Set \"Milde Bl\u00fctenhonigsorten\" 6 x verschiedene Honigsorten - Bl\u00fctenland Bienenh\u00f6fe","og_description":"Ernteregionen: Havelland, Harz, Hoher Mei\u00dfner, Saaletal, Brandenburg, S\u00fcdharz  Aromen: mild, feinaromatisch, Bl\u00fctenduft  Farbe: helle Honigfarben  Konsistenz: 5 x cremig und 1 x fl\u00fcssig","og_url":"https:\/\/www.bio-honig.de\/cms\/produkt\/grosses-set-milde-bluetenhonigsorten-6x500-g\/","og_site_name":"Bl\u00fctenland Bienenh\u00f6fe","article_modified_time":"2026-02-10T10:43:51+00:00","og_image":[{"width":2000,"height":2000,"url":"https:\/\/www.bio-honig.de\/cms\/wp-content\/uploads\/2025\/11\/500-mild.jpg","type":"image\/jpeg"}],"twitter_card":"summary_large_image","twitter_misc":{"Gesch\u00e4tzte Lesezeit":"1\u00a0Minute"},"schema":{"@context":"https:\/\/schema.org","@graph":[{"@type":"WebPage","@id":"https:\/\/www.bio-honig.de\/cms\/produkt\/grosses-set-milde-bluetenhonigsorten-6x500-g\/","url":"https:\/\/www.bio-honig.de\/cms\/produkt\/grosses-set-milde-bluetenhonigsorten-6x500-g\/","name":"Grosses Set \"Milde Bl\u00fctenhonigsorten\" 6 x verschiedene Honigsorten - Bl\u00fctenland Bienenh\u00f6fe","isPartOf":{"@id":"https:\/\/www.bio-honig.de\/cms\/#website"},"primaryImageOfPage":{"@id":"https:\/\/www.bio-honig.de\/cms\/produkt\/grosses-set-milde-bluetenhonigsorten-6x500-g\/#primaryimage"},"image":{"@id":"https:\/\/www.bio-honig.de\/cms\/produkt\/grosses-set-milde-bluetenhonigsorten-6x500-g\/#primaryimage"},"thumbnailUrl":"https:\/\/www.bio-honig.de\/cms\/wp-content\/uploads\/2025\/11\/500-mild.jpg","datePublished":"2023-11-02T07:27:33+00:00","dateModified":"2026-02-10T10:43:51+00:00","breadcrumb":{"@id":"https:\/\/www.bio-honig.de\/cms\/produkt\/grosses-set-milde-bluetenhonigsorten-6x500-g\/#breadcrumb"},"inLanguage":"de","potentialAction":[{"@type":"ReadAction","target":["https:\/\/www.bio-honig.de\/cms\/produkt\/grosses-set-milde-bluetenhonigsorten-6x500-g\/"]}]},{"@type":"ImageObject","inLanguage":"de","@id":"https:\/\/www.bio-honig.de\/cms\/produkt\/grosses-set-milde-bluetenhonigsorten-6x500-g\/#primaryimage","url":"https:\/\/www.bio-honig.de\/cms\/wp-content\/uploads\/2025\/11\/500-mild.jpg","contentUrl":"https:\/\/www.bio-honig.de\/cms\/wp-content\/uploads\/2025\/11\/500-mild.jpg","width":2000,"height":2000},{"@type":"BreadcrumbList","@id":"https:\/\/www.bio-honig.de\/cms\/produkt\/grosses-set-milde-bluetenhonigsorten-6x500-g\/#breadcrumb","itemListElement":[{"@type":"ListItem","position":1,"name":"Startseite","item":"https:\/\/www.bio-honig.de\/cms\/"},{"@type":"ListItem","position":2,"name":"Produkte","item":"https:\/\/www.bio-honig.de\/cms\/shop\/"},{"@type":"ListItem","position":3,"name":"Grosses Set &#8222;Milde Bl\u00fctenhonigsorten&#8220; 6 x verschiedene Honigsorten"}]},{"@type":"WebSite","@id":"https:\/\/www.bio-honig.de\/cms\/#website","url":"https:\/\/www.bio-honig.de\/cms\/","name":"Bl\u00fctenland Bienenh\u00f6fe","description":"Bio-Honig von Heike Appel","publisher":{"@id":"https:\/\/www.bio-honig.de\/cms\/#organization"},"potentialAction":[{"@type":"SearchAction","target":{"@type":"EntryPoint","urlTemplate":"https:\/\/www.bio-honig.de\/cms\/?s={search_term_string}"},"query-input":{"@type":"PropertyValueSpecification","valueRequired":true,"valueName":"search_term_string"}}],"inLanguage":"de"},{"@type":"Organization","@id":"https:\/\/www.bio-honig.de\/cms\/#organization","name":"Bl\u00fctenland Bienenh\u00f6fe - Bioland Imkereiprodukte","url":"https:\/\/www.bio-honig.de\/cms\/","logo":{"@type":"ImageObject","inLanguage":"de","@id":"https:\/\/www.bio-honig.de\/cms\/#\/schema\/logo\/image\/","url":"https:\/\/www.bio-honig.de\/cms\/wp-content\/uploads\/2018\/12\/Bildschirmfoto-2018-12-16-um-17.31.00.png","contentUrl":"https:\/\/www.bio-honig.de\/cms\/wp-content\/uploads\/2018\/12\/Bildschirmfoto-2018-12-16-um-17.31.00.png","width":750,"height":206,"caption":"Bl\u00fctenland Bienenh\u00f6fe - Bioland Imkereiprodukte"},"image":{"@id":"https:\/\/www.bio-honig.de\/cms\/#\/schema\/logo\/image\/"}}]}},"_links":{"self":[{"href":"https:\/\/www.bio-honig.de\/cms\/wp-json\/wp\/v2\/product\/4742","targetHints":{"allow":["GET"]}}],"collection":[{"href":"https:\/\/www.bio-honig.de\/cms\/wp-json\/wp\/v2\/product"}],"about":[{"href":"https:\/\/www.bio-honig.de\/cms\/wp-json\/wp\/v2\/types\/product"}],"replies":[{"embeddable":true,"href":"https:\/\/www.bio-honig.de\/cms\/wp-json\/wp\/v2\/comments?post=4742"}],"wp:featuredmedia":[{"embeddable":true,"href":"https:\/\/www.bio-honig.de\/cms\/wp-json\/wp\/v2\/media\/10638"}],"wp:attachment":[{"href":"https:\/\/www.bio-honig.de\/cms\/wp-json\/wp\/v2\/media?parent=4742"}],"wp:term":[{"taxonomy":"product_brand","embeddable":true,"href":"https:\/\/www.bio-honig.de\/cms\/wp-json\/wp\/v2\/product_brand?post=4742"},{"taxonomy":"product_cat","embeddable":true,"href":"https:\/\/www.bio-honig.de\/cms\/wp-json\/wp\/v2\/product_cat?post=4742"},{"taxonomy":"product_tag","embeddable":true,"href":"https:\/\/www.bio-honig.de\/cms\/wp-json\/wp\/v2\/product_tag?post=4742"}],"curies":[{"name":"wp","href":"https:\/\/api.w.org\/{rel}","templated":true}]}}