{"id":4899,"date":"2023-11-21T18:21:10","date_gmt":"2023-11-21T17:21:10","guid":{"rendered":"https:\/\/www.bio-honig.de\/cms\/?post_type=product&#038;p=4899"},"modified":"2026-04-02T13:22:13","modified_gmt":"2026-04-02T11:22:13","slug":"4er-set-schoene-bienenwachs-stumpenkerzen-fuer-den-adventskranz","status":"publish","type":"product","link":"https:\/\/www.bio-honig.de\/cms\/produkt\/4er-set-schoene-bienenwachs-stumpenkerzen-fuer-den-adventskranz\/","title":{"rendered":"4er-Set sch\u00f6ne Bienenwachs Stumpenkerzen (45 x 100 mm) f\u00fcr den Adventskranz"},"content":{"rendered":"<p><strong>Mit diesem Set erhalten Sie 4 sch\u00f6ne Stumpenkerzen gleicher L\u00e4nge f\u00fcr einen Adventskranz:<\/strong><\/p>\n<p><strong>4 Bienenwachs Stumpenkerzen<\/strong> (massiv gegossen)<\/p>\n<p><strong>ca. 45&#215;100 mm<\/strong> (Dicke x H\u00f6he)<\/p>\n<p><strong>ca. 165 g pro St\u00fcck<br \/>\n<\/strong><\/p>\n<p>Die Kerzen werden in Handarbeit aus <strong>100 % reinem Bienenwachs<\/strong> hergestellt. Es ist sehr sch\u00f6nes, gelbes, aromatisch duftendes Bienenwachs. Diese Kerzen <strong>brennen sehr lange mit einer sch\u00f6nen, ruhigen Flamme<\/strong>.<\/p>\n<p>Naturgem\u00e4\u00df sind leichte Abweichungen von den Gr\u00f6\u00dfenangaben m\u00f6glich.<\/p>\n<p><b>Bienenwachs ist ein wunderbarer Stoff<\/b>, der von den Bienen selbst erzeugt wird &#8211; aus ihren Wachsdr\u00fcsen &#8222;schwitzen&#8220; sie kleine wei\u00dfe Wachspl\u00e4ttchen, mit denen sie ihren Wabenbau errichten.<\/p>\n<p>Erst durch den eingelagerten Honig und Pollen und das Propolis (Kittharz), mit dem die Bienen ihre Waben \u00fcberziehen, bekommt das Wachs seine typische gelbe Farbe. <strong>Das Wachsaroma bestimmen die Bl\u00fcten, die von den Bienen besucht werden.<\/strong><\/p>\n<p>Das Bienenwachs ist nicht bio-zertifiziert. Bioland-Bienenwachs wird in den Bioland-Imkereien f\u00fcr die Erneuerung der Waben ben\u00f6tigt.<\/p>\n","protected":false},"excerpt":{"rendered":"<p>Mit diesem Set erhalten Sie 4 sch\u00f6ne Stumpenkerzen gleicher L\u00e4nge f\u00fcr einen Adventskranz: 4 Bienenwachs Stumpenkerzen (massiv gegossen) ca. 45&#215;100 mm (Dicke x H\u00f6he) ca. 165 g pro St\u00fcck Die Kerzen werden in Handarbeit aus 100 % reinem Bienenwachs hergestellt. Es ist sehr sch\u00f6nes, gelbes, aromatisch duftendes Bienenwachs. Diese Kerzen brennen sehr lange mit einer [&hellip;]<\/p>\n","protected":false},"featured_media":4927,"comment_status":"closed","ping_status":"closed","template":"","meta":[],"product_brand":[],"product_cat":[19,184,192],"product_tag":[62,115,116],"class_list":{"0":"post-4899","1":"product","2":"type-product","3":"status-publish","4":"has-post-thumbnail","6":"product_cat-bienenwachs-kerzen","7":"product_cat-geschenke-und-sets","8":"product_cat-handgegossene-bienenwachs-stumpenkerzen","9":"product_tag-aus-deutschland","10":"product_tag-goldgelb","11":"product_tag-duftend","13":"first","14":"instock","15":"taxable","16":"shipping-taxable","17":"purchasable","18":"product-type-simple"},"yoast_head":"<!-- This site is optimized with the Yoast SEO plugin v27.3 - https:\/\/yoast.com\/product\/yoast-seo-wordpress\/ -->\n<title>4er-Set sch\u00f6ne Bienenwachs Stumpenkerzen (45 x 100 mm) f\u00fcr den Adventskranz - Bl\u00fctenland Bienenh\u00f6fe<\/title>\n<meta name=\"robots\" content=\"index, follow, max-snippet:-1, max-image-preview:large, max-video-preview:-1\" \/>\n<link rel=\"canonical\" href=\"https:\/\/www.bio-honig.de\/cms\/produkt\/4er-set-schoene-bienenwachs-stumpenkerzen-fuer-den-adventskranz\/\" \/>\n<meta property=\"og:locale\" content=\"de_DE\" \/>\n<meta property=\"og:type\" content=\"article\" \/>\n<meta property=\"og:title\" content=\"4er-Set sch\u00f6ne Bienenwachs Stumpenkerzen (45 x 100 mm) f\u00fcr den Adventskranz - Bl\u00fctenland Bienenh\u00f6fe\" \/>\n<meta property=\"og:description\" content=\"Mit diesem Set erhalten Sie 4 sch\u00f6ne Stumpenkerzen gleicher L\u00e4nge f\u00fcr einen Adventskranz: 4 Bienenwachs Stumpenkerzen (massiv gegossen) ca. 45&#215;100 mm (Dicke x H\u00f6he) ca. 165 g pro St\u00fcck Die Kerzen werden in Handarbeit aus 100 % reinem Bienenwachs hergestellt. Es ist sehr sch\u00f6nes, gelbes, aromatisch duftendes Bienenwachs. Diese Kerzen brennen sehr lange mit einer [&hellip;]\" \/>\n<meta property=\"og:url\" content=\"https:\/\/www.bio-honig.de\/cms\/produkt\/4er-set-schoene-bienenwachs-stumpenkerzen-fuer-den-adventskranz\/\" \/>\n<meta property=\"og:site_name\" content=\"Bl\u00fctenland Bienenh\u00f6fe\" \/>\n<meta property=\"article:modified_time\" content=\"2026-04-02T11:22:13+00:00\" \/>\n<meta property=\"og:image\" content=\"https:\/\/www.bio-honig.de\/cms\/wp-content\/uploads\/2023\/11\/45-adventskranz-set-vier-gleich.jpg\" \/>\n\t<meta property=\"og:image:width\" content=\"2500\" \/>\n\t<meta property=\"og:image:height\" content=\"2500\" \/>\n\t<meta property=\"og:image:type\" content=\"image\/jpeg\" \/>\n<meta name=\"twitter:card\" content=\"summary_large_image\" \/>\n<meta name=\"twitter:label1\" content=\"Gesch\u00e4tzte Lesezeit\" \/>\n\t<meta name=\"twitter:data1\" content=\"2\u00a0Minuten\" \/>\n<script type=\"application\/ld+json\" class=\"yoast-schema-graph\">{\"@context\":\"https:\\\/\\\/schema.org\",\"@graph\":[{\"@type\":\"WebPage\",\"@id\":\"https:\\\/\\\/www.bio-honig.de\\\/cms\\\/produkt\\\/4er-set-schoene-bienenwachs-stumpenkerzen-fuer-den-adventskranz\\\/\",\"url\":\"https:\\\/\\\/www.bio-honig.de\\\/cms\\\/produkt\\\/4er-set-schoene-bienenwachs-stumpenkerzen-fuer-den-adventskranz\\\/\",\"name\":\"4er-Set sch\u00f6ne Bienenwachs Stumpenkerzen (45 x 100 mm) f\u00fcr den Adventskranz - Bl\u00fctenland Bienenh\u00f6fe\",\"isPartOf\":{\"@id\":\"https:\\\/\\\/www.bio-honig.de\\\/cms\\\/#website\"},\"primaryImageOfPage\":{\"@id\":\"https:\\\/\\\/www.bio-honig.de\\\/cms\\\/produkt\\\/4er-set-schoene-bienenwachs-stumpenkerzen-fuer-den-adventskranz\\\/#primaryimage\"},\"image\":{\"@id\":\"https:\\\/\\\/www.bio-honig.de\\\/cms\\\/produkt\\\/4er-set-schoene-bienenwachs-stumpenkerzen-fuer-den-adventskranz\\\/#primaryimage\"},\"thumbnailUrl\":\"https:\\\/\\\/www.bio-honig.de\\\/cms\\\/wp-content\\\/uploads\\\/2023\\\/11\\\/45-adventskranz-set-vier-gleich.jpg\",\"datePublished\":\"2023-11-21T17:21:10+00:00\",\"dateModified\":\"2026-04-02T11:22:13+00:00\",\"breadcrumb\":{\"@id\":\"https:\\\/\\\/www.bio-honig.de\\\/cms\\\/produkt\\\/4er-set-schoene-bienenwachs-stumpenkerzen-fuer-den-adventskranz\\\/#breadcrumb\"},\"inLanguage\":\"de\",\"potentialAction\":[{\"@type\":\"ReadAction\",\"target\":[\"https:\\\/\\\/www.bio-honig.de\\\/cms\\\/produkt\\\/4er-set-schoene-bienenwachs-stumpenkerzen-fuer-den-adventskranz\\\/\"]}]},{\"@type\":\"ImageObject\",\"inLanguage\":\"de\",\"@id\":\"https:\\\/\\\/www.bio-honig.de\\\/cms\\\/produkt\\\/4er-set-schoene-bienenwachs-stumpenkerzen-fuer-den-adventskranz\\\/#primaryimage\",\"url\":\"https:\\\/\\\/www.bio-honig.de\\\/cms\\\/wp-content\\\/uploads\\\/2023\\\/11\\\/45-adventskranz-set-vier-gleich.jpg\",\"contentUrl\":\"https:\\\/\\\/www.bio-honig.de\\\/cms\\\/wp-content\\\/uploads\\\/2023\\\/11\\\/45-adventskranz-set-vier-gleich.jpg\",\"width\":2500,\"height\":2500},{\"@type\":\"BreadcrumbList\",\"@id\":\"https:\\\/\\\/www.bio-honig.de\\\/cms\\\/produkt\\\/4er-set-schoene-bienenwachs-stumpenkerzen-fuer-den-adventskranz\\\/#breadcrumb\",\"itemListElement\":[{\"@type\":\"ListItem\",\"position\":1,\"name\":\"Startseite\",\"item\":\"https:\\\/\\\/www.bio-honig.de\\\/cms\\\/\"},{\"@type\":\"ListItem\",\"position\":2,\"name\":\"Produkte\",\"item\":\"https:\\\/\\\/www.bio-honig.de\\\/cms\\\/shop\\\/\"},{\"@type\":\"ListItem\",\"position\":3,\"name\":\"4er-Set sch\u00f6ne Bienenwachs Stumpenkerzen (45 x 100 mm) f\u00fcr den Adventskranz\"}]},{\"@type\":\"WebSite\",\"@id\":\"https:\\\/\\\/www.bio-honig.de\\\/cms\\\/#website\",\"url\":\"https:\\\/\\\/www.bio-honig.de\\\/cms\\\/\",\"name\":\"Bl\u00fctenland Bienenh\u00f6fe\",\"description\":\"Bio-Honig von Heike Appel\",\"publisher\":{\"@id\":\"https:\\\/\\\/www.bio-honig.de\\\/cms\\\/#organization\"},\"potentialAction\":[{\"@type\":\"SearchAction\",\"target\":{\"@type\":\"EntryPoint\",\"urlTemplate\":\"https:\\\/\\\/www.bio-honig.de\\\/cms\\\/?s={search_term_string}\"},\"query-input\":{\"@type\":\"PropertyValueSpecification\",\"valueRequired\":true,\"valueName\":\"search_term_string\"}}],\"inLanguage\":\"de\"},{\"@type\":\"Organization\",\"@id\":\"https:\\\/\\\/www.bio-honig.de\\\/cms\\\/#organization\",\"name\":\"Bl\u00fctenland Bienenh\u00f6fe - Bioland Imkereiprodukte\",\"url\":\"https:\\\/\\\/www.bio-honig.de\\\/cms\\\/\",\"logo\":{\"@type\":\"ImageObject\",\"inLanguage\":\"de\",\"@id\":\"https:\\\/\\\/www.bio-honig.de\\\/cms\\\/#\\\/schema\\\/logo\\\/image\\\/\",\"url\":\"https:\\\/\\\/www.bio-honig.de\\\/cms\\\/wp-content\\\/uploads\\\/2018\\\/12\\\/Bildschirmfoto-2018-12-16-um-17.31.00.png\",\"contentUrl\":\"https:\\\/\\\/www.bio-honig.de\\\/cms\\\/wp-content\\\/uploads\\\/2018\\\/12\\\/Bildschirmfoto-2018-12-16-um-17.31.00.png\",\"width\":750,\"height\":206,\"caption\":\"Bl\u00fctenland Bienenh\u00f6fe - Bioland Imkereiprodukte\"},\"image\":{\"@id\":\"https:\\\/\\\/www.bio-honig.de\\\/cms\\\/#\\\/schema\\\/logo\\\/image\\\/\"}}]}<\/script>\n<!-- \/ Yoast SEO plugin. -->","yoast_head_json":{"title":"4er-Set sch\u00f6ne Bienenwachs Stumpenkerzen (45 x 100 mm) f\u00fcr den Adventskranz - Bl\u00fctenland Bienenh\u00f6fe","robots":{"index":"index","follow":"follow","max-snippet":"max-snippet:-1","max-image-preview":"max-image-preview:large","max-video-preview":"max-video-preview:-1"},"canonical":"https:\/\/www.bio-honig.de\/cms\/produkt\/4er-set-schoene-bienenwachs-stumpenkerzen-fuer-den-adventskranz\/","og_locale":"de_DE","og_type":"article","og_title":"4er-Set sch\u00f6ne Bienenwachs Stumpenkerzen (45 x 100 mm) f\u00fcr den Adventskranz - Bl\u00fctenland Bienenh\u00f6fe","og_description":"Mit diesem Set erhalten Sie 4 sch\u00f6ne Stumpenkerzen gleicher L\u00e4nge f\u00fcr einen Adventskranz: 4 Bienenwachs Stumpenkerzen (massiv gegossen) ca. 45&#215;100 mm (Dicke x H\u00f6he) ca. 165 g pro St\u00fcck Die Kerzen werden in Handarbeit aus 100 % reinem Bienenwachs hergestellt. Es ist sehr sch\u00f6nes, gelbes, aromatisch duftendes Bienenwachs. Diese Kerzen brennen sehr lange mit einer [&hellip;]","og_url":"https:\/\/www.bio-honig.de\/cms\/produkt\/4er-set-schoene-bienenwachs-stumpenkerzen-fuer-den-adventskranz\/","og_site_name":"Bl\u00fctenland Bienenh\u00f6fe","article_modified_time":"2026-04-02T11:22:13+00:00","og_image":[{"width":2500,"height":2500,"url":"https:\/\/www.bio-honig.de\/cms\/wp-content\/uploads\/2023\/11\/45-adventskranz-set-vier-gleich.jpg","type":"image\/jpeg"}],"twitter_card":"summary_large_image","twitter_misc":{"Gesch\u00e4tzte Lesezeit":"2\u00a0Minuten"},"schema":{"@context":"https:\/\/schema.org","@graph":[{"@type":"WebPage","@id":"https:\/\/www.bio-honig.de\/cms\/produkt\/4er-set-schoene-bienenwachs-stumpenkerzen-fuer-den-adventskranz\/","url":"https:\/\/www.bio-honig.de\/cms\/produkt\/4er-set-schoene-bienenwachs-stumpenkerzen-fuer-den-adventskranz\/","name":"4er-Set sch\u00f6ne Bienenwachs Stumpenkerzen (45 x 100 mm) f\u00fcr den Adventskranz - Bl\u00fctenland Bienenh\u00f6fe","isPartOf":{"@id":"https:\/\/www.bio-honig.de\/cms\/#website"},"primaryImageOfPage":{"@id":"https:\/\/www.bio-honig.de\/cms\/produkt\/4er-set-schoene-bienenwachs-stumpenkerzen-fuer-den-adventskranz\/#primaryimage"},"image":{"@id":"https:\/\/www.bio-honig.de\/cms\/produkt\/4er-set-schoene-bienenwachs-stumpenkerzen-fuer-den-adventskranz\/#primaryimage"},"thumbnailUrl":"https:\/\/www.bio-honig.de\/cms\/wp-content\/uploads\/2023\/11\/45-adventskranz-set-vier-gleich.jpg","datePublished":"2023-11-21T17:21:10+00:00","dateModified":"2026-04-02T11:22:13+00:00","breadcrumb":{"@id":"https:\/\/www.bio-honig.de\/cms\/produkt\/4er-set-schoene-bienenwachs-stumpenkerzen-fuer-den-adventskranz\/#breadcrumb"},"inLanguage":"de","potentialAction":[{"@type":"ReadAction","target":["https:\/\/www.bio-honig.de\/cms\/produkt\/4er-set-schoene-bienenwachs-stumpenkerzen-fuer-den-adventskranz\/"]}]},{"@type":"ImageObject","inLanguage":"de","@id":"https:\/\/www.bio-honig.de\/cms\/produkt\/4er-set-schoene-bienenwachs-stumpenkerzen-fuer-den-adventskranz\/#primaryimage","url":"https:\/\/www.bio-honig.de\/cms\/wp-content\/uploads\/2023\/11\/45-adventskranz-set-vier-gleich.jpg","contentUrl":"https:\/\/www.bio-honig.de\/cms\/wp-content\/uploads\/2023\/11\/45-adventskranz-set-vier-gleich.jpg","width":2500,"height":2500},{"@type":"BreadcrumbList","@id":"https:\/\/www.bio-honig.de\/cms\/produkt\/4er-set-schoene-bienenwachs-stumpenkerzen-fuer-den-adventskranz\/#breadcrumb","itemListElement":[{"@type":"ListItem","position":1,"name":"Startseite","item":"https:\/\/www.bio-honig.de\/cms\/"},{"@type":"ListItem","position":2,"name":"Produkte","item":"https:\/\/www.bio-honig.de\/cms\/shop\/"},{"@type":"ListItem","position":3,"name":"4er-Set sch\u00f6ne Bienenwachs Stumpenkerzen (45 x 100 mm) f\u00fcr den Adventskranz"}]},{"@type":"WebSite","@id":"https:\/\/www.bio-honig.de\/cms\/#website","url":"https:\/\/www.bio-honig.de\/cms\/","name":"Bl\u00fctenland Bienenh\u00f6fe","description":"Bio-Honig von Heike Appel","publisher":{"@id":"https:\/\/www.bio-honig.de\/cms\/#organization"},"potentialAction":[{"@type":"SearchAction","target":{"@type":"EntryPoint","urlTemplate":"https:\/\/www.bio-honig.de\/cms\/?s={search_term_string}"},"query-input":{"@type":"PropertyValueSpecification","valueRequired":true,"valueName":"search_term_string"}}],"inLanguage":"de"},{"@type":"Organization","@id":"https:\/\/www.bio-honig.de\/cms\/#organization","name":"Bl\u00fctenland Bienenh\u00f6fe - Bioland Imkereiprodukte","url":"https:\/\/www.bio-honig.de\/cms\/","logo":{"@type":"ImageObject","inLanguage":"de","@id":"https:\/\/www.bio-honig.de\/cms\/#\/schema\/logo\/image\/","url":"https:\/\/www.bio-honig.de\/cms\/wp-content\/uploads\/2018\/12\/Bildschirmfoto-2018-12-16-um-17.31.00.png","contentUrl":"https:\/\/www.bio-honig.de\/cms\/wp-content\/uploads\/2018\/12\/Bildschirmfoto-2018-12-16-um-17.31.00.png","width":750,"height":206,"caption":"Bl\u00fctenland Bienenh\u00f6fe - Bioland Imkereiprodukte"},"image":{"@id":"https:\/\/www.bio-honig.de\/cms\/#\/schema\/logo\/image\/"}}]}},"_links":{"self":[{"href":"https:\/\/www.bio-honig.de\/cms\/wp-json\/wp\/v2\/product\/4899","targetHints":{"allow":["GET"]}}],"collection":[{"href":"https:\/\/www.bio-honig.de\/cms\/wp-json\/wp\/v2\/product"}],"about":[{"href":"https:\/\/www.bio-honig.de\/cms\/wp-json\/wp\/v2\/types\/product"}],"replies":[{"embeddable":true,"href":"https:\/\/www.bio-honig.de\/cms\/wp-json\/wp\/v2\/comments?post=4899"}],"wp:featuredmedia":[{"embeddable":true,"href":"https:\/\/www.bio-honig.de\/cms\/wp-json\/wp\/v2\/media\/4927"}],"wp:attachment":[{"href":"https:\/\/www.bio-honig.de\/cms\/wp-json\/wp\/v2\/media?parent=4899"}],"wp:term":[{"taxonomy":"product_brand","embeddable":true,"href":"https:\/\/www.bio-honig.de\/cms\/wp-json\/wp\/v2\/product_brand?post=4899"},{"taxonomy":"product_cat","embeddable":true,"href":"https:\/\/www.bio-honig.de\/cms\/wp-json\/wp\/v2\/product_cat?post=4899"},{"taxonomy":"product_tag","embeddable":true,"href":"https:\/\/www.bio-honig.de\/cms\/wp-json\/wp\/v2\/product_tag?post=4899"}],"curies":[{"name":"wp","href":"https:\/\/api.w.org\/{rel}","templated":true}]}}