{"id":4972,"date":"2023-11-25T17:13:44","date_gmt":"2023-11-25T16:13:44","guid":{"rendered":"https:\/\/www.bio-honig.de\/cms\/?post_type=product&#038;p=4972"},"modified":"2026-04-04T12:52:49","modified_gmt":"2026-04-04T10:52:49","slug":"grosses-set-besondere-seltene-honigsorten-6x500-g","status":"publish","type":"product","link":"https:\/\/www.bio-honig.de\/cms\/produkt\/grosses-set-besondere-seltene-honigsorten-6x500-g\/","title":{"rendered":"Grosses Set &#8222;Besondere seltene Honigsorten&#8220; 6 x Honig"},"content":{"rendered":"<p><strong>Dieses Set enth\u00e4lt<\/strong> <strong>6 verschiedene Honigsorten f\u00fcr Honigkenner, die sich \u00fcber au\u00dfergew\u00f6hnliche, seltene Honigsorten aus Deutschland freuen:<\/strong><\/p>\n<p><strong>Zum Verschenken auf Wunsch in einer sch\u00f6nen, stabilen Holz-Geschenkkiste.<\/strong><\/p>\n<p><strong>Zur Auswahl in 6 x 500 g oder 6 x 250 g Gl\u00e4sern:<\/strong><\/p>\n<p>(aufgef\u00fchrt in der Reihenfolge von mild nach w\u00fcrzig)<\/p>\n<ul>\n<li><a href=\"https:\/\/www.bio-honig.de\/cms\/produkt\/kirschbluetenhonig\/\"><strong>1 x Kirschbl\u00fctenhonig<\/strong><\/a>\n<ul>\n<li>aus der Badischen Rheinebene. Feines, frisches Kirschbl\u00fctenaroma, hellgelb, feincremig.<\/li>\n<\/ul>\n<\/li>\n<li><a href=\"https:\/\/www.bio-honig.de\/cms\/produkt\/maibluetenhonig-aus-der-badischen-rheinaue\/\"><strong>1 x G\u00f6tterbaumhonig<\/strong><\/a>\n<ul>\n<li>aus dem Pf\u00e4lzer Wald. W\u00fcrzig-herb, rotbraun, fl\u00fcssig.<\/li>\n<\/ul>\n<\/li>\n<li><a href=\"https:\/\/www.bio-honig.de\/cms\/produkt\/maibluetenhonig-aus-der-badischen-rheinaue\/\"><strong>1 x Edelkastanienhonig<\/strong><\/a>\n<ul>\n<li>aus der Lausitz. Blumig-edelw\u00fcrziges Muskatelleraroma, cremig.<\/li>\n<\/ul>\n<\/li>\n<li><a href=\"https:\/\/www.bio-honig.de\/cms\/produkt\/himbeerbluetenhonig-aus-dem-harz\/\"><strong>1 x Himbeerbl\u00fctenhonig<\/strong><\/a>\n<ul>\n<li>aus dem Harz. Zart-w\u00fcrzig, hellgelb, feincremig.<\/li>\n<\/ul>\n<\/li>\n<li><a href=\"https:\/\/www.bio-honig.de\/cms\/produkt\/kornblumenhonig-mit-wildbluete\/\"><strong>1 x Kornblumenhonig<\/strong><\/a>\n<ul>\n<li>von der Mecklenburger Seenplatte. Hocharomatisch, gelb-br\u00e4unlich, feincremig.<\/li>\n<\/ul>\n<\/li>\n<li><a href=\"https:\/\/www.bio-honig.de\/cms\/produkt\/buchweizenhonig-aus-dem-havelland-fotos-verschieden\/\"><strong>1 x Buchweizenhonig mit Wildbl\u00fcte<\/strong><\/a>\n<ul>\n<li>aus der Lausitz. Markant w\u00fcrzig-aromatisch, braun, cremig.<\/li>\n<\/ul>\n<\/li>\n<\/ul>\n","protected":false},"excerpt":{"rendered":"<p><strong>Ernteregionen:<\/strong> Pf\u00e4lzer Wald, Badische Rheinebene, Harz, Lausitz, Mecklenburger Seen, Sauerland.<\/p>\n<p><strong>Aromen:<\/strong> zartes Bl\u00fctenduftaroma, hocharomatisch, zart-w\u00fcrzig, wonnig-aromatisch, blumig-edelw\u00fcrzig, w\u00fcrzig-markant<\/p>\n<p><strong>Farbe:<\/strong> perlmuttwei\u00df, hellgelb, gelblich-braun, karamellfarben, braun<\/p>\n<p><strong>Konsistenz:<\/strong> 6 x cremig<\/p>\n","protected":false},"featured_media":10639,"comment_status":"closed","ping_status":"closed","template":"","meta":[],"product_brand":[],"product_cat":[184,17],"product_tag":[55,62,77,72,101,74,34,68,38,28,178,96,75,172],"class_list":{"0":"post-4972","1":"product","2":"type-product","3":"status-publish","4":"has-post-thumbnail","6":"product_cat-geschenke-und-sets","7":"product_cat-deutscher-bio-honig","8":"product_tag-aromatisch","9":"product_tag-aus-deutschland","10":"product_tag-cremig","11":"product_tag-dunkelbraun","12":"product_tag-edelwuerzig","13":"product_tag-gelb-braun","14":"product_tag-hellgelb","15":"product_tag-hellgelb-bis-perlmuttweiss","16":"product_tag-liebliches-bluetenduftaroma","17":"product_tag-mild","18":"product_tag-wonnig-aromatisch","19":"product_tag-wuerzig-markant","20":"product_tag-wuerzig-aromatisch","21":"product_tag-zart-wuerzig","23":"first","24":"instock","25":"taxable","26":"shipping-taxable","27":"purchasable","28":"product-type-variable","29":"has-default-attributes","30":"wvs-archive-product-wrapper"},"yoast_head":"<!-- This site is optimized with the Yoast SEO plugin v27.0 - https:\/\/yoast.com\/product\/yoast-seo-wordpress\/ -->\n<title>Grosses Set &quot;Besondere seltene Honigsorten&quot; 6 x Honig - Bl\u00fctenland Bienenh\u00f6fe<\/title>\n<meta name=\"robots\" content=\"index, follow, max-snippet:-1, max-image-preview:large, max-video-preview:-1\" \/>\n<link rel=\"canonical\" href=\"https:\/\/www.bio-honig.de\/cms\/produkt\/grosses-set-besondere-seltene-honigsorten-6x500-g\/\" \/>\n<meta property=\"og:locale\" content=\"de_DE\" \/>\n<meta property=\"og:type\" content=\"article\" \/>\n<meta property=\"og:title\" content=\"Grosses Set &quot;Besondere seltene Honigsorten&quot; 6 x Honig - Bl\u00fctenland Bienenh\u00f6fe\" \/>\n<meta property=\"og:description\" content=\"Ernteregionen: Pf\u00e4lzer Wald, Badische Rheinebene, Harz, Lausitz, Mecklenburger Seen, Sauerland.  Aromen: zartes Bl\u00fctenduftaroma, hocharomatisch, zart-w\u00fcrzig, wonnig-aromatisch, blumig-edelw\u00fcrzig, w\u00fcrzig-markant  Farbe: perlmuttwei\u00df, hellgelb, gelblich-braun, karamellfarben, braun  Konsistenz: 6 x cremig\" \/>\n<meta property=\"og:url\" content=\"https:\/\/www.bio-honig.de\/cms\/produkt\/grosses-set-besondere-seltene-honigsorten-6x500-g\/\" \/>\n<meta property=\"og:site_name\" content=\"Bl\u00fctenland Bienenh\u00f6fe\" \/>\n<meta property=\"article:modified_time\" content=\"2026-04-04T10:52:49+00:00\" \/>\n<meta property=\"og:image\" content=\"https:\/\/www.bio-honig.de\/cms\/wp-content\/uploads\/2025\/11\/500-selten.jpg\" \/>\n\t<meta property=\"og:image:width\" content=\"2000\" \/>\n\t<meta property=\"og:image:height\" content=\"2000\" \/>\n\t<meta property=\"og:image:type\" content=\"image\/jpeg\" \/>\n<meta name=\"twitter:card\" content=\"summary_large_image\" \/>\n<meta name=\"twitter:label1\" content=\"Gesch\u00e4tzte Lesezeit\" \/>\n\t<meta name=\"twitter:data1\" content=\"1\u00a0Minute\" \/>\n<script type=\"application\/ld+json\" class=\"yoast-schema-graph\">{\"@context\":\"https:\/\/schema.org\",\"@graph\":[{\"@type\":\"WebPage\",\"@id\":\"https:\/\/www.bio-honig.de\/cms\/produkt\/grosses-set-besondere-seltene-honigsorten-6x500-g\/\",\"url\":\"https:\/\/www.bio-honig.de\/cms\/produkt\/grosses-set-besondere-seltene-honigsorten-6x500-g\/\",\"name\":\"Grosses Set \\\"Besondere seltene Honigsorten\\\" 6 x Honig - Bl\u00fctenland Bienenh\u00f6fe\",\"isPartOf\":{\"@id\":\"https:\/\/www.bio-honig.de\/cms\/#website\"},\"primaryImageOfPage\":{\"@id\":\"https:\/\/www.bio-honig.de\/cms\/produkt\/grosses-set-besondere-seltene-honigsorten-6x500-g\/#primaryimage\"},\"image\":{\"@id\":\"https:\/\/www.bio-honig.de\/cms\/produkt\/grosses-set-besondere-seltene-honigsorten-6x500-g\/#primaryimage\"},\"thumbnailUrl\":\"https:\/\/www.bio-honig.de\/cms\/wp-content\/uploads\/2025\/11\/500-selten.jpg\",\"datePublished\":\"2023-11-25T16:13:44+00:00\",\"dateModified\":\"2026-04-04T10:52:49+00:00\",\"breadcrumb\":{\"@id\":\"https:\/\/www.bio-honig.de\/cms\/produkt\/grosses-set-besondere-seltene-honigsorten-6x500-g\/#breadcrumb\"},\"inLanguage\":\"de\",\"potentialAction\":[{\"@type\":\"ReadAction\",\"target\":[\"https:\/\/www.bio-honig.de\/cms\/produkt\/grosses-set-besondere-seltene-honigsorten-6x500-g\/\"]}]},{\"@type\":\"ImageObject\",\"inLanguage\":\"de\",\"@id\":\"https:\/\/www.bio-honig.de\/cms\/produkt\/grosses-set-besondere-seltene-honigsorten-6x500-g\/#primaryimage\",\"url\":\"https:\/\/www.bio-honig.de\/cms\/wp-content\/uploads\/2025\/11\/500-selten.jpg\",\"contentUrl\":\"https:\/\/www.bio-honig.de\/cms\/wp-content\/uploads\/2025\/11\/500-selten.jpg\",\"width\":2000,\"height\":2000},{\"@type\":\"BreadcrumbList\",\"@id\":\"https:\/\/www.bio-honig.de\/cms\/produkt\/grosses-set-besondere-seltene-honigsorten-6x500-g\/#breadcrumb\",\"itemListElement\":[{\"@type\":\"ListItem\",\"position\":1,\"name\":\"Startseite\",\"item\":\"https:\/\/www.bio-honig.de\/cms\/\"},{\"@type\":\"ListItem\",\"position\":2,\"name\":\"Produkte\",\"item\":\"https:\/\/www.bio-honig.de\/cms\/shop\/\"},{\"@type\":\"ListItem\",\"position\":3,\"name\":\"Grosses Set &#8222;Besondere seltene Honigsorten&#8220; 6 x Honig\"}]},{\"@type\":\"WebSite\",\"@id\":\"https:\/\/www.bio-honig.de\/cms\/#website\",\"url\":\"https:\/\/www.bio-honig.de\/cms\/\",\"name\":\"Bl\u00fctenland Bienenh\u00f6fe\",\"description\":\"Bio-Honig von Heike Appel\",\"publisher\":{\"@id\":\"https:\/\/www.bio-honig.de\/cms\/#organization\"},\"potentialAction\":[{\"@type\":\"SearchAction\",\"target\":{\"@type\":\"EntryPoint\",\"urlTemplate\":\"https:\/\/www.bio-honig.de\/cms\/?s={search_term_string}\"},\"query-input\":{\"@type\":\"PropertyValueSpecification\",\"valueRequired\":true,\"valueName\":\"search_term_string\"}}],\"inLanguage\":\"de\"},{\"@type\":\"Organization\",\"@id\":\"https:\/\/www.bio-honig.de\/cms\/#organization\",\"name\":\"Bl\u00fctenland Bienenh\u00f6fe - Bioland Imkereiprodukte\",\"url\":\"https:\/\/www.bio-honig.de\/cms\/\",\"logo\":{\"@type\":\"ImageObject\",\"inLanguage\":\"de\",\"@id\":\"https:\/\/www.bio-honig.de\/cms\/#\/schema\/logo\/image\/\",\"url\":\"https:\/\/www.bio-honig.de\/cms\/wp-content\/uploads\/2018\/12\/Bildschirmfoto-2018-12-16-um-17.31.00.png\",\"contentUrl\":\"https:\/\/www.bio-honig.de\/cms\/wp-content\/uploads\/2018\/12\/Bildschirmfoto-2018-12-16-um-17.31.00.png\",\"width\":750,\"height\":206,\"caption\":\"Bl\u00fctenland Bienenh\u00f6fe - Bioland Imkereiprodukte\"},\"image\":{\"@id\":\"https:\/\/www.bio-honig.de\/cms\/#\/schema\/logo\/image\/\"}}]}<\/script>\n<!-- \/ Yoast SEO plugin. -->","yoast_head_json":{"title":"Grosses Set \"Besondere seltene Honigsorten\" 6 x Honig - Bl\u00fctenland Bienenh\u00f6fe","robots":{"index":"index","follow":"follow","max-snippet":"max-snippet:-1","max-image-preview":"max-image-preview:large","max-video-preview":"max-video-preview:-1"},"canonical":"https:\/\/www.bio-honig.de\/cms\/produkt\/grosses-set-besondere-seltene-honigsorten-6x500-g\/","og_locale":"de_DE","og_type":"article","og_title":"Grosses Set \"Besondere seltene Honigsorten\" 6 x Honig - Bl\u00fctenland Bienenh\u00f6fe","og_description":"Ernteregionen: Pf\u00e4lzer Wald, Badische Rheinebene, Harz, Lausitz, Mecklenburger Seen, Sauerland.  Aromen: zartes Bl\u00fctenduftaroma, hocharomatisch, zart-w\u00fcrzig, wonnig-aromatisch, blumig-edelw\u00fcrzig, w\u00fcrzig-markant  Farbe: perlmuttwei\u00df, hellgelb, gelblich-braun, karamellfarben, braun  Konsistenz: 6 x cremig","og_url":"https:\/\/www.bio-honig.de\/cms\/produkt\/grosses-set-besondere-seltene-honigsorten-6x500-g\/","og_site_name":"Bl\u00fctenland Bienenh\u00f6fe","article_modified_time":"2026-04-04T10:52:49+00:00","og_image":[{"width":2000,"height":2000,"url":"https:\/\/www.bio-honig.de\/cms\/wp-content\/uploads\/2025\/11\/500-selten.jpg","type":"image\/jpeg"}],"twitter_card":"summary_large_image","twitter_misc":{"Gesch\u00e4tzte Lesezeit":"1\u00a0Minute"},"schema":{"@context":"https:\/\/schema.org","@graph":[{"@type":"WebPage","@id":"https:\/\/www.bio-honig.de\/cms\/produkt\/grosses-set-besondere-seltene-honigsorten-6x500-g\/","url":"https:\/\/www.bio-honig.de\/cms\/produkt\/grosses-set-besondere-seltene-honigsorten-6x500-g\/","name":"Grosses Set \"Besondere seltene Honigsorten\" 6 x Honig - Bl\u00fctenland Bienenh\u00f6fe","isPartOf":{"@id":"https:\/\/www.bio-honig.de\/cms\/#website"},"primaryImageOfPage":{"@id":"https:\/\/www.bio-honig.de\/cms\/produkt\/grosses-set-besondere-seltene-honigsorten-6x500-g\/#primaryimage"},"image":{"@id":"https:\/\/www.bio-honig.de\/cms\/produkt\/grosses-set-besondere-seltene-honigsorten-6x500-g\/#primaryimage"},"thumbnailUrl":"https:\/\/www.bio-honig.de\/cms\/wp-content\/uploads\/2025\/11\/500-selten.jpg","datePublished":"2023-11-25T16:13:44+00:00","dateModified":"2026-04-04T10:52:49+00:00","breadcrumb":{"@id":"https:\/\/www.bio-honig.de\/cms\/produkt\/grosses-set-besondere-seltene-honigsorten-6x500-g\/#breadcrumb"},"inLanguage":"de","potentialAction":[{"@type":"ReadAction","target":["https:\/\/www.bio-honig.de\/cms\/produkt\/grosses-set-besondere-seltene-honigsorten-6x500-g\/"]}]},{"@type":"ImageObject","inLanguage":"de","@id":"https:\/\/www.bio-honig.de\/cms\/produkt\/grosses-set-besondere-seltene-honigsorten-6x500-g\/#primaryimage","url":"https:\/\/www.bio-honig.de\/cms\/wp-content\/uploads\/2025\/11\/500-selten.jpg","contentUrl":"https:\/\/www.bio-honig.de\/cms\/wp-content\/uploads\/2025\/11\/500-selten.jpg","width":2000,"height":2000},{"@type":"BreadcrumbList","@id":"https:\/\/www.bio-honig.de\/cms\/produkt\/grosses-set-besondere-seltene-honigsorten-6x500-g\/#breadcrumb","itemListElement":[{"@type":"ListItem","position":1,"name":"Startseite","item":"https:\/\/www.bio-honig.de\/cms\/"},{"@type":"ListItem","position":2,"name":"Produkte","item":"https:\/\/www.bio-honig.de\/cms\/shop\/"},{"@type":"ListItem","position":3,"name":"Grosses Set &#8222;Besondere seltene Honigsorten&#8220; 6 x Honig"}]},{"@type":"WebSite","@id":"https:\/\/www.bio-honig.de\/cms\/#website","url":"https:\/\/www.bio-honig.de\/cms\/","name":"Bl\u00fctenland Bienenh\u00f6fe","description":"Bio-Honig von Heike Appel","publisher":{"@id":"https:\/\/www.bio-honig.de\/cms\/#organization"},"potentialAction":[{"@type":"SearchAction","target":{"@type":"EntryPoint","urlTemplate":"https:\/\/www.bio-honig.de\/cms\/?s={search_term_string}"},"query-input":{"@type":"PropertyValueSpecification","valueRequired":true,"valueName":"search_term_string"}}],"inLanguage":"de"},{"@type":"Organization","@id":"https:\/\/www.bio-honig.de\/cms\/#organization","name":"Bl\u00fctenland Bienenh\u00f6fe - Bioland Imkereiprodukte","url":"https:\/\/www.bio-honig.de\/cms\/","logo":{"@type":"ImageObject","inLanguage":"de","@id":"https:\/\/www.bio-honig.de\/cms\/#\/schema\/logo\/image\/","url":"https:\/\/www.bio-honig.de\/cms\/wp-content\/uploads\/2018\/12\/Bildschirmfoto-2018-12-16-um-17.31.00.png","contentUrl":"https:\/\/www.bio-honig.de\/cms\/wp-content\/uploads\/2018\/12\/Bildschirmfoto-2018-12-16-um-17.31.00.png","width":750,"height":206,"caption":"Bl\u00fctenland Bienenh\u00f6fe - Bioland Imkereiprodukte"},"image":{"@id":"https:\/\/www.bio-honig.de\/cms\/#\/schema\/logo\/image\/"}}]}},"_links":{"self":[{"href":"https:\/\/www.bio-honig.de\/cms\/wp-json\/wp\/v2\/product\/4972","targetHints":{"allow":["GET"]}}],"collection":[{"href":"https:\/\/www.bio-honig.de\/cms\/wp-json\/wp\/v2\/product"}],"about":[{"href":"https:\/\/www.bio-honig.de\/cms\/wp-json\/wp\/v2\/types\/product"}],"replies":[{"embeddable":true,"href":"https:\/\/www.bio-honig.de\/cms\/wp-json\/wp\/v2\/comments?post=4972"}],"wp:featuredmedia":[{"embeddable":true,"href":"https:\/\/www.bio-honig.de\/cms\/wp-json\/wp\/v2\/media\/10639"}],"wp:attachment":[{"href":"https:\/\/www.bio-honig.de\/cms\/wp-json\/wp\/v2\/media?parent=4972"}],"wp:term":[{"taxonomy":"product_brand","embeddable":true,"href":"https:\/\/www.bio-honig.de\/cms\/wp-json\/wp\/v2\/product_brand?post=4972"},{"taxonomy":"product_cat","embeddable":true,"href":"https:\/\/www.bio-honig.de\/cms\/wp-json\/wp\/v2\/product_cat?post=4972"},{"taxonomy":"product_tag","embeddable":true,"href":"https:\/\/www.bio-honig.de\/cms\/wp-json\/wp\/v2\/product_tag?post=4972"}],"curies":[{"name":"wp","href":"https:\/\/api.w.org\/{rel}","templated":true}]}}