{"id":4973,"date":"2023-11-25T17:19:10","date_gmt":"2023-11-25T16:19:10","guid":{"rendered":"https:\/\/www.bio-honig.de\/cms\/?post_type=product&#038;p=4973"},"modified":"2026-03-05T15:13:54","modified_gmt":"2026-03-05T14:13:54","slug":"akazie-500g-honigzimt-g18","status":"publish","type":"product","link":"https:\/\/www.bio-honig.de\/cms\/produkt\/akazie-500g-honigzimt-g18\/","title":{"rendered":"Set &#8222;Zum Mitbringen im Herbst&#8220;: Akazienhonig 500g, Honig&#038;Zimt 250 g, Bienenwachskerze &#8222;kleine Rosenkugel&#8220;"},"content":{"rendered":"<p><strong>Dieses Set enth\u00e4lt<\/strong> <strong>2 Honiggl\u00e4ser und 1 sch\u00f6ne Bienenwachskerze &#8211; ein sch\u00f6nes Geschenk zum Mitbringen im Herbst!<\/strong><\/p>\n<ul>\n<li><strong>500 g Akazienhonig<\/strong>\n<ul>\n<li>aus Brandenburg, hellgelb, liebliches Bl\u00fctenduftaroma, fl\u00fcssig<\/li>\n<\/ul>\n<\/li>\n<li><strong>250 g\u00a0 Honig &amp; Zimt<br \/>\n<\/strong><\/p>\n<ul>\n<li>aus Niedersachsen &amp; Ceylon<\/li>\n<\/ul>\n<\/li>\n<li><strong>1 Bienenwachskerze &#8222;kleine Rosenkugel&#8220;<\/strong>\n<ul>\n<li>ca. 75 x 60 mm (G 18)<\/li>\n<\/ul>\n<\/li>\n<\/ul>\n","protected":false},"excerpt":{"rendered":"<p><strong>Ernteregionen:<\/strong> Brandenburg, Niedersachsen<\/p>\n<p><strong>Aromen:<\/strong> feines Bl\u00fctenduftaroma, fein-w\u00fcrzig, w\u00fcrzig<\/p>\n<p><strong>Farbe:<\/strong> hellgelb, zimtbraun<\/p>\n<p><strong>Konsistenz:<\/strong> 1 x fl\u00fcssig, 1 x cremig<\/p>\n","protected":false},"featured_media":7630,"comment_status":"closed","ping_status":"closed","template":"","meta":[],"product_brand":[],"product_cat":[184,17],"product_tag":[37,38,62,85,28,34],"class_list":{"0":"post-4973","1":"product","2":"type-product","3":"status-publish","4":"has-post-thumbnail","6":"product_cat-geschenke-und-sets","7":"product_cat-deutscher-bio-honig","8":"product_tag-fluessig","9":"product_tag-liebliches-bluetenduftaroma","10":"product_tag-aus-deutschland","11":"product_tag-zimtig","12":"product_tag-mild","13":"product_tag-hellgelb","15":"first","16":"instock","17":"taxable","18":"shipping-taxable","19":"purchasable","20":"product-type-simple"},"yoast_head":"<!-- This site is optimized with the Yoast SEO plugin v27.3 - https:\/\/yoast.com\/product\/yoast-seo-wordpress\/ -->\n<title>Set &quot;Zum Mitbringen im Herbst&quot;: Akazienhonig 500g, Honig&amp;Zimt 250 g, Bienenwachskerze &quot;kleine Rosenkugel&quot; - Bl\u00fctenland Bienenh\u00f6fe<\/title>\n<meta name=\"robots\" content=\"index, follow, max-snippet:-1, max-image-preview:large, max-video-preview:-1\" \/>\n<link rel=\"canonical\" href=\"https:\/\/www.bio-honig.de\/cms\/produkt\/akazie-500g-honigzimt-g18\/\" \/>\n<meta property=\"og:locale\" content=\"de_DE\" \/>\n<meta property=\"og:type\" content=\"article\" \/>\n<meta property=\"og:title\" content=\"Set &quot;Zum Mitbringen im Herbst&quot;: Akazienhonig 500g, Honig&amp;Zimt 250 g, Bienenwachskerze &quot;kleine Rosenkugel&quot; - Bl\u00fctenland Bienenh\u00f6fe\" \/>\n<meta property=\"og:description\" content=\"Ernteregionen: Brandenburg, Niedersachsen  Aromen: feines Bl\u00fctenduftaroma, fein-w\u00fcrzig, w\u00fcrzig  Farbe: hellgelb, zimtbraun  Konsistenz: 1 x fl\u00fcssig, 1 x cremig\" \/>\n<meta property=\"og:url\" content=\"https:\/\/www.bio-honig.de\/cms\/produkt\/akazie-500g-honigzimt-g18\/\" \/>\n<meta property=\"og:site_name\" content=\"Bl\u00fctenland Bienenh\u00f6fe\" \/>\n<meta property=\"article:modified_time\" content=\"2026-03-05T14:13:54+00:00\" \/>\n<meta property=\"og:image\" content=\"https:\/\/www.bio-honig.de\/cms\/wp-content\/uploads\/2023\/11\/set-akazie-honigzimt-rosenkugel.jpg\" \/>\n\t<meta property=\"og:image:width\" content=\"2500\" \/>\n\t<meta property=\"og:image:height\" content=\"2500\" \/>\n\t<meta property=\"og:image:type\" content=\"image\/jpeg\" \/>\n<meta name=\"twitter:card\" content=\"summary_large_image\" \/>\n<meta name=\"twitter:label1\" content=\"Gesch\u00e4tzte Lesezeit\" \/>\n\t<meta name=\"twitter:data1\" content=\"1\u00a0Minute\" \/>\n<script type=\"application\/ld+json\" class=\"yoast-schema-graph\">{\"@context\":\"https:\\\/\\\/schema.org\",\"@graph\":[{\"@type\":\"WebPage\",\"@id\":\"https:\\\/\\\/www.bio-honig.de\\\/cms\\\/produkt\\\/akazie-500g-honigzimt-g18\\\/\",\"url\":\"https:\\\/\\\/www.bio-honig.de\\\/cms\\\/produkt\\\/akazie-500g-honigzimt-g18\\\/\",\"name\":\"Set \\\"Zum Mitbringen im Herbst\\\": Akazienhonig 500g, Honig&Zimt 250 g, Bienenwachskerze \\\"kleine Rosenkugel\\\" - Bl\u00fctenland Bienenh\u00f6fe\",\"isPartOf\":{\"@id\":\"https:\\\/\\\/www.bio-honig.de\\\/cms\\\/#website\"},\"primaryImageOfPage\":{\"@id\":\"https:\\\/\\\/www.bio-honig.de\\\/cms\\\/produkt\\\/akazie-500g-honigzimt-g18\\\/#primaryimage\"},\"image\":{\"@id\":\"https:\\\/\\\/www.bio-honig.de\\\/cms\\\/produkt\\\/akazie-500g-honigzimt-g18\\\/#primaryimage\"},\"thumbnailUrl\":\"https:\\\/\\\/www.bio-honig.de\\\/cms\\\/wp-content\\\/uploads\\\/2023\\\/11\\\/set-akazie-honigzimt-rosenkugel.jpg\",\"datePublished\":\"2023-11-25T16:19:10+00:00\",\"dateModified\":\"2026-03-05T14:13:54+00:00\",\"breadcrumb\":{\"@id\":\"https:\\\/\\\/www.bio-honig.de\\\/cms\\\/produkt\\\/akazie-500g-honigzimt-g18\\\/#breadcrumb\"},\"inLanguage\":\"de\",\"potentialAction\":[{\"@type\":\"ReadAction\",\"target\":[\"https:\\\/\\\/www.bio-honig.de\\\/cms\\\/produkt\\\/akazie-500g-honigzimt-g18\\\/\"]}]},{\"@type\":\"ImageObject\",\"inLanguage\":\"de\",\"@id\":\"https:\\\/\\\/www.bio-honig.de\\\/cms\\\/produkt\\\/akazie-500g-honigzimt-g18\\\/#primaryimage\",\"url\":\"https:\\\/\\\/www.bio-honig.de\\\/cms\\\/wp-content\\\/uploads\\\/2023\\\/11\\\/set-akazie-honigzimt-rosenkugel.jpg\",\"contentUrl\":\"https:\\\/\\\/www.bio-honig.de\\\/cms\\\/wp-content\\\/uploads\\\/2023\\\/11\\\/set-akazie-honigzimt-rosenkugel.jpg\",\"width\":2500,\"height\":2500},{\"@type\":\"BreadcrumbList\",\"@id\":\"https:\\\/\\\/www.bio-honig.de\\\/cms\\\/produkt\\\/akazie-500g-honigzimt-g18\\\/#breadcrumb\",\"itemListElement\":[{\"@type\":\"ListItem\",\"position\":1,\"name\":\"Startseite\",\"item\":\"https:\\\/\\\/www.bio-honig.de\\\/cms\\\/\"},{\"@type\":\"ListItem\",\"position\":2,\"name\":\"Produkte\",\"item\":\"https:\\\/\\\/www.bio-honig.de\\\/cms\\\/shop\\\/\"},{\"@type\":\"ListItem\",\"position\":3,\"name\":\"Set &#8222;Zum Mitbringen im Herbst&#8220;: Akazienhonig 500g, Honig&#038;Zimt 250 g, Bienenwachskerze &#8222;kleine Rosenkugel&#8220;\"}]},{\"@type\":\"WebSite\",\"@id\":\"https:\\\/\\\/www.bio-honig.de\\\/cms\\\/#website\",\"url\":\"https:\\\/\\\/www.bio-honig.de\\\/cms\\\/\",\"name\":\"Bl\u00fctenland Bienenh\u00f6fe\",\"description\":\"Bio-Honig von Heike Appel\",\"publisher\":{\"@id\":\"https:\\\/\\\/www.bio-honig.de\\\/cms\\\/#organization\"},\"potentialAction\":[{\"@type\":\"SearchAction\",\"target\":{\"@type\":\"EntryPoint\",\"urlTemplate\":\"https:\\\/\\\/www.bio-honig.de\\\/cms\\\/?s={search_term_string}\"},\"query-input\":{\"@type\":\"PropertyValueSpecification\",\"valueRequired\":true,\"valueName\":\"search_term_string\"}}],\"inLanguage\":\"de\"},{\"@type\":\"Organization\",\"@id\":\"https:\\\/\\\/www.bio-honig.de\\\/cms\\\/#organization\",\"name\":\"Bl\u00fctenland Bienenh\u00f6fe - Bioland Imkereiprodukte\",\"url\":\"https:\\\/\\\/www.bio-honig.de\\\/cms\\\/\",\"logo\":{\"@type\":\"ImageObject\",\"inLanguage\":\"de\",\"@id\":\"https:\\\/\\\/www.bio-honig.de\\\/cms\\\/#\\\/schema\\\/logo\\\/image\\\/\",\"url\":\"https:\\\/\\\/www.bio-honig.de\\\/cms\\\/wp-content\\\/uploads\\\/2018\\\/12\\\/Bildschirmfoto-2018-12-16-um-17.31.00.png\",\"contentUrl\":\"https:\\\/\\\/www.bio-honig.de\\\/cms\\\/wp-content\\\/uploads\\\/2018\\\/12\\\/Bildschirmfoto-2018-12-16-um-17.31.00.png\",\"width\":750,\"height\":206,\"caption\":\"Bl\u00fctenland Bienenh\u00f6fe - Bioland Imkereiprodukte\"},\"image\":{\"@id\":\"https:\\\/\\\/www.bio-honig.de\\\/cms\\\/#\\\/schema\\\/logo\\\/image\\\/\"}}]}<\/script>\n<!-- \/ Yoast SEO plugin. -->","yoast_head_json":{"title":"Set \"Zum Mitbringen im Herbst\": Akazienhonig 500g, Honig&Zimt 250 g, Bienenwachskerze \"kleine Rosenkugel\" - Bl\u00fctenland Bienenh\u00f6fe","robots":{"index":"index","follow":"follow","max-snippet":"max-snippet:-1","max-image-preview":"max-image-preview:large","max-video-preview":"max-video-preview:-1"},"canonical":"https:\/\/www.bio-honig.de\/cms\/produkt\/akazie-500g-honigzimt-g18\/","og_locale":"de_DE","og_type":"article","og_title":"Set \"Zum Mitbringen im Herbst\": Akazienhonig 500g, Honig&Zimt 250 g, Bienenwachskerze \"kleine Rosenkugel\" - Bl\u00fctenland Bienenh\u00f6fe","og_description":"Ernteregionen: Brandenburg, Niedersachsen  Aromen: feines Bl\u00fctenduftaroma, fein-w\u00fcrzig, w\u00fcrzig  Farbe: hellgelb, zimtbraun  Konsistenz: 1 x fl\u00fcssig, 1 x cremig","og_url":"https:\/\/www.bio-honig.de\/cms\/produkt\/akazie-500g-honigzimt-g18\/","og_site_name":"Bl\u00fctenland Bienenh\u00f6fe","article_modified_time":"2026-03-05T14:13:54+00:00","og_image":[{"width":2500,"height":2500,"url":"https:\/\/www.bio-honig.de\/cms\/wp-content\/uploads\/2023\/11\/set-akazie-honigzimt-rosenkugel.jpg","type":"image\/jpeg"}],"twitter_card":"summary_large_image","twitter_misc":{"Gesch\u00e4tzte Lesezeit":"1\u00a0Minute"},"schema":{"@context":"https:\/\/schema.org","@graph":[{"@type":"WebPage","@id":"https:\/\/www.bio-honig.de\/cms\/produkt\/akazie-500g-honigzimt-g18\/","url":"https:\/\/www.bio-honig.de\/cms\/produkt\/akazie-500g-honigzimt-g18\/","name":"Set \"Zum Mitbringen im Herbst\": Akazienhonig 500g, Honig&Zimt 250 g, Bienenwachskerze \"kleine Rosenkugel\" - Bl\u00fctenland Bienenh\u00f6fe","isPartOf":{"@id":"https:\/\/www.bio-honig.de\/cms\/#website"},"primaryImageOfPage":{"@id":"https:\/\/www.bio-honig.de\/cms\/produkt\/akazie-500g-honigzimt-g18\/#primaryimage"},"image":{"@id":"https:\/\/www.bio-honig.de\/cms\/produkt\/akazie-500g-honigzimt-g18\/#primaryimage"},"thumbnailUrl":"https:\/\/www.bio-honig.de\/cms\/wp-content\/uploads\/2023\/11\/set-akazie-honigzimt-rosenkugel.jpg","datePublished":"2023-11-25T16:19:10+00:00","dateModified":"2026-03-05T14:13:54+00:00","breadcrumb":{"@id":"https:\/\/www.bio-honig.de\/cms\/produkt\/akazie-500g-honigzimt-g18\/#breadcrumb"},"inLanguage":"de","potentialAction":[{"@type":"ReadAction","target":["https:\/\/www.bio-honig.de\/cms\/produkt\/akazie-500g-honigzimt-g18\/"]}]},{"@type":"ImageObject","inLanguage":"de","@id":"https:\/\/www.bio-honig.de\/cms\/produkt\/akazie-500g-honigzimt-g18\/#primaryimage","url":"https:\/\/www.bio-honig.de\/cms\/wp-content\/uploads\/2023\/11\/set-akazie-honigzimt-rosenkugel.jpg","contentUrl":"https:\/\/www.bio-honig.de\/cms\/wp-content\/uploads\/2023\/11\/set-akazie-honigzimt-rosenkugel.jpg","width":2500,"height":2500},{"@type":"BreadcrumbList","@id":"https:\/\/www.bio-honig.de\/cms\/produkt\/akazie-500g-honigzimt-g18\/#breadcrumb","itemListElement":[{"@type":"ListItem","position":1,"name":"Startseite","item":"https:\/\/www.bio-honig.de\/cms\/"},{"@type":"ListItem","position":2,"name":"Produkte","item":"https:\/\/www.bio-honig.de\/cms\/shop\/"},{"@type":"ListItem","position":3,"name":"Set &#8222;Zum Mitbringen im Herbst&#8220;: Akazienhonig 500g, Honig&#038;Zimt 250 g, Bienenwachskerze &#8222;kleine Rosenkugel&#8220;"}]},{"@type":"WebSite","@id":"https:\/\/www.bio-honig.de\/cms\/#website","url":"https:\/\/www.bio-honig.de\/cms\/","name":"Bl\u00fctenland Bienenh\u00f6fe","description":"Bio-Honig von Heike Appel","publisher":{"@id":"https:\/\/www.bio-honig.de\/cms\/#organization"},"potentialAction":[{"@type":"SearchAction","target":{"@type":"EntryPoint","urlTemplate":"https:\/\/www.bio-honig.de\/cms\/?s={search_term_string}"},"query-input":{"@type":"PropertyValueSpecification","valueRequired":true,"valueName":"search_term_string"}}],"inLanguage":"de"},{"@type":"Organization","@id":"https:\/\/www.bio-honig.de\/cms\/#organization","name":"Bl\u00fctenland Bienenh\u00f6fe - Bioland Imkereiprodukte","url":"https:\/\/www.bio-honig.de\/cms\/","logo":{"@type":"ImageObject","inLanguage":"de","@id":"https:\/\/www.bio-honig.de\/cms\/#\/schema\/logo\/image\/","url":"https:\/\/www.bio-honig.de\/cms\/wp-content\/uploads\/2018\/12\/Bildschirmfoto-2018-12-16-um-17.31.00.png","contentUrl":"https:\/\/www.bio-honig.de\/cms\/wp-content\/uploads\/2018\/12\/Bildschirmfoto-2018-12-16-um-17.31.00.png","width":750,"height":206,"caption":"Bl\u00fctenland Bienenh\u00f6fe - Bioland Imkereiprodukte"},"image":{"@id":"https:\/\/www.bio-honig.de\/cms\/#\/schema\/logo\/image\/"}}]}},"_links":{"self":[{"href":"https:\/\/www.bio-honig.de\/cms\/wp-json\/wp\/v2\/product\/4973","targetHints":{"allow":["GET"]}}],"collection":[{"href":"https:\/\/www.bio-honig.de\/cms\/wp-json\/wp\/v2\/product"}],"about":[{"href":"https:\/\/www.bio-honig.de\/cms\/wp-json\/wp\/v2\/types\/product"}],"replies":[{"embeddable":true,"href":"https:\/\/www.bio-honig.de\/cms\/wp-json\/wp\/v2\/comments?post=4973"}],"wp:featuredmedia":[{"embeddable":true,"href":"https:\/\/www.bio-honig.de\/cms\/wp-json\/wp\/v2\/media\/7630"}],"wp:attachment":[{"href":"https:\/\/www.bio-honig.de\/cms\/wp-json\/wp\/v2\/media?parent=4973"}],"wp:term":[{"taxonomy":"product_brand","embeddable":true,"href":"https:\/\/www.bio-honig.de\/cms\/wp-json\/wp\/v2\/product_brand?post=4973"},{"taxonomy":"product_cat","embeddable":true,"href":"https:\/\/www.bio-honig.de\/cms\/wp-json\/wp\/v2\/product_cat?post=4973"},{"taxonomy":"product_tag","embeddable":true,"href":"https:\/\/www.bio-honig.de\/cms\/wp-json\/wp\/v2\/product_tag?post=4973"}],"curies":[{"name":"wp","href":"https:\/\/api.w.org\/{rel}","templated":true}]}}