{"id":4974,"date":"2023-11-25T17:20:37","date_gmt":"2023-11-25T16:20:37","guid":{"rendered":"https:\/\/www.bio-honig.de\/cms\/?post_type=product&#038;p=4974"},"modified":"2026-02-25T09:42:53","modified_gmt":"2026-02-25T08:42:53","slug":"weisstanne-500g-himbeer-500-g-gs-65-110","status":"publish","type":"product","link":"https:\/\/www.bio-honig.de\/cms\/produkt\/weisstanne-500g-himbeer-500-g-gs-65-110\/","title":{"rendered":"Set: 500 g Wei\u00dftannenhonig, 500 g Himbeerbl\u00fctenhonig und 1 massive Bienenwachs-Stumpenkerze 65 x 130 mm"},"content":{"rendered":"<p><strong>Dieses Set enth\u00e4lt<\/strong> <strong>2 verschiedene Honigsorten und 1 dicke Stumpenkerze:<\/strong><\/p>\n<ul>\n<li><strong>500 g Himbeerbl\u00fctenhonig<\/strong>\n<ul>\n<li>aus dem Naturpark Harz. Zart-w\u00fcrzig, hellgelb, feincremig<\/li>\n<\/ul>\n<\/li>\n<li><strong>500 g Weisstannenhonig<\/strong>\n<ul>\n<li>aus dem Schwarzwald, w\u00fcrzig, fl\u00fcssig<\/li>\n<\/ul>\n<\/li>\n<li><strong>1 sch\u00f6ne massive Bienenwachs-Stumpenkerze 65 x 110 mm<\/strong>\n<ul>\n<li>handgegossen<\/li>\n<\/ul>\n<\/li>\n<\/ul>\n","protected":false},"excerpt":{"rendered":"<p><strong>Ernteregionen:<\/strong> Schwarzwald, Harz<\/p>\n<p><strong>Aromen:<\/strong> zart w\u00fcrzig, w\u00fcrzig<\/p>\n<p><strong>Farbe:<\/strong> hellgelb, braun und schwarzbraun transparent<\/p>\n<p><strong>Konsistenz:<\/strong> 2 x cremig<\/p>\n","protected":false},"featured_media":7631,"comment_status":"closed","ping_status":"closed","template":"","meta":[],"product_brand":[],"product_cat":[17,184],"product_tag":[55,62,70,72,73,75,28,98,34,37,38],"class_list":{"0":"post-4974","1":"product","2":"type-product","3":"status-publish","4":"has-post-thumbnail","6":"product_cat-deutscher-bio-honig","7":"product_cat-geschenke-und-sets","8":"product_tag-aromatisch","9":"product_tag-aus-deutschland","10":"product_tag-nussbraun","11":"product_tag-dunkelbraun","12":"product_tag-malzig-sanft","13":"product_tag-wuerzig-aromatisch","14":"product_tag-mild","15":"product_tag-edel-fein","16":"product_tag-hellgelb","17":"product_tag-fluessig","18":"product_tag-liebliches-bluetenduftaroma","20":"first","21":"instock","22":"taxable","23":"shipping-taxable","24":"purchasable","25":"product-type-simple"},"yoast_head":"<!-- This site is optimized with the Yoast SEO plugin v27.3 - https:\/\/yoast.com\/product\/yoast-seo-wordpress\/ -->\n<title>Set: 500 g Wei\u00dftannenhonig, 500 g Himbeerbl\u00fctenhonig und 1 massive Bienenwachs-Stumpenkerze 65 x 130 mm - Bl\u00fctenland Bienenh\u00f6fe<\/title>\n<meta name=\"robots\" content=\"index, follow, max-snippet:-1, max-image-preview:large, max-video-preview:-1\" \/>\n<link rel=\"canonical\" href=\"https:\/\/www.bio-honig.de\/cms\/produkt\/weisstanne-500g-himbeer-500-g-gs-65-110\/\" \/>\n<meta property=\"og:locale\" content=\"de_DE\" \/>\n<meta property=\"og:type\" content=\"article\" \/>\n<meta property=\"og:title\" content=\"Set: 500 g Wei\u00dftannenhonig, 500 g Himbeerbl\u00fctenhonig und 1 massive Bienenwachs-Stumpenkerze 65 x 130 mm - Bl\u00fctenland Bienenh\u00f6fe\" \/>\n<meta property=\"og:description\" content=\"Ernteregionen: Schwarzwald, Harz  Aromen: zart w\u00fcrzig, w\u00fcrzig  Farbe: hellgelb, braun und schwarzbraun transparent  Konsistenz: 2 x cremig\" \/>\n<meta property=\"og:url\" content=\"https:\/\/www.bio-honig.de\/cms\/produkt\/weisstanne-500g-himbeer-500-g-gs-65-110\/\" \/>\n<meta property=\"og:site_name\" content=\"Bl\u00fctenland Bienenh\u00f6fe\" \/>\n<meta property=\"article:modified_time\" content=\"2026-02-25T08:42:53+00:00\" \/>\n<meta property=\"og:image\" content=\"https:\/\/www.bio-honig.de\/cms\/wp-content\/uploads\/2023\/11\/weisstanne-himbeer-gs45-110.jpg\" \/>\n\t<meta property=\"og:image:width\" content=\"2500\" \/>\n\t<meta property=\"og:image:height\" content=\"2500\" \/>\n\t<meta property=\"og:image:type\" content=\"image\/jpeg\" \/>\n<meta name=\"twitter:card\" content=\"summary_large_image\" \/>\n<meta name=\"twitter:label1\" content=\"Gesch\u00e4tzte Lesezeit\" \/>\n\t<meta name=\"twitter:data1\" content=\"1\u00a0Minute\" \/>\n<script type=\"application\/ld+json\" class=\"yoast-schema-graph\">{\"@context\":\"https:\\\/\\\/schema.org\",\"@graph\":[{\"@type\":\"WebPage\",\"@id\":\"https:\\\/\\\/www.bio-honig.de\\\/cms\\\/produkt\\\/weisstanne-500g-himbeer-500-g-gs-65-110\\\/\",\"url\":\"https:\\\/\\\/www.bio-honig.de\\\/cms\\\/produkt\\\/weisstanne-500g-himbeer-500-g-gs-65-110\\\/\",\"name\":\"Set: 500 g Wei\u00dftannenhonig, 500 g Himbeerbl\u00fctenhonig und 1 massive Bienenwachs-Stumpenkerze 65 x 130 mm - Bl\u00fctenland Bienenh\u00f6fe\",\"isPartOf\":{\"@id\":\"https:\\\/\\\/www.bio-honig.de\\\/cms\\\/#website\"},\"primaryImageOfPage\":{\"@id\":\"https:\\\/\\\/www.bio-honig.de\\\/cms\\\/produkt\\\/weisstanne-500g-himbeer-500-g-gs-65-110\\\/#primaryimage\"},\"image\":{\"@id\":\"https:\\\/\\\/www.bio-honig.de\\\/cms\\\/produkt\\\/weisstanne-500g-himbeer-500-g-gs-65-110\\\/#primaryimage\"},\"thumbnailUrl\":\"https:\\\/\\\/www.bio-honig.de\\\/cms\\\/wp-content\\\/uploads\\\/2023\\\/11\\\/weisstanne-himbeer-gs45-110.jpg\",\"datePublished\":\"2023-11-25T16:20:37+00:00\",\"dateModified\":\"2026-02-25T08:42:53+00:00\",\"breadcrumb\":{\"@id\":\"https:\\\/\\\/www.bio-honig.de\\\/cms\\\/produkt\\\/weisstanne-500g-himbeer-500-g-gs-65-110\\\/#breadcrumb\"},\"inLanguage\":\"de\",\"potentialAction\":[{\"@type\":\"ReadAction\",\"target\":[\"https:\\\/\\\/www.bio-honig.de\\\/cms\\\/produkt\\\/weisstanne-500g-himbeer-500-g-gs-65-110\\\/\"]}]},{\"@type\":\"ImageObject\",\"inLanguage\":\"de\",\"@id\":\"https:\\\/\\\/www.bio-honig.de\\\/cms\\\/produkt\\\/weisstanne-500g-himbeer-500-g-gs-65-110\\\/#primaryimage\",\"url\":\"https:\\\/\\\/www.bio-honig.de\\\/cms\\\/wp-content\\\/uploads\\\/2023\\\/11\\\/weisstanne-himbeer-gs45-110.jpg\",\"contentUrl\":\"https:\\\/\\\/www.bio-honig.de\\\/cms\\\/wp-content\\\/uploads\\\/2023\\\/11\\\/weisstanne-himbeer-gs45-110.jpg\",\"width\":2500,\"height\":2500},{\"@type\":\"BreadcrumbList\",\"@id\":\"https:\\\/\\\/www.bio-honig.de\\\/cms\\\/produkt\\\/weisstanne-500g-himbeer-500-g-gs-65-110\\\/#breadcrumb\",\"itemListElement\":[{\"@type\":\"ListItem\",\"position\":1,\"name\":\"Startseite\",\"item\":\"https:\\\/\\\/www.bio-honig.de\\\/cms\\\/\"},{\"@type\":\"ListItem\",\"position\":2,\"name\":\"Produkte\",\"item\":\"https:\\\/\\\/www.bio-honig.de\\\/cms\\\/shop\\\/\"},{\"@type\":\"ListItem\",\"position\":3,\"name\":\"Set: 500 g Wei\u00dftannenhonig, 500 g Himbeerbl\u00fctenhonig und 1 massive Bienenwachs-Stumpenkerze 65 x 130 mm\"}]},{\"@type\":\"WebSite\",\"@id\":\"https:\\\/\\\/www.bio-honig.de\\\/cms\\\/#website\",\"url\":\"https:\\\/\\\/www.bio-honig.de\\\/cms\\\/\",\"name\":\"Bl\u00fctenland Bienenh\u00f6fe\",\"description\":\"Bio-Honig von Heike Appel\",\"publisher\":{\"@id\":\"https:\\\/\\\/www.bio-honig.de\\\/cms\\\/#organization\"},\"potentialAction\":[{\"@type\":\"SearchAction\",\"target\":{\"@type\":\"EntryPoint\",\"urlTemplate\":\"https:\\\/\\\/www.bio-honig.de\\\/cms\\\/?s={search_term_string}\"},\"query-input\":{\"@type\":\"PropertyValueSpecification\",\"valueRequired\":true,\"valueName\":\"search_term_string\"}}],\"inLanguage\":\"de\"},{\"@type\":\"Organization\",\"@id\":\"https:\\\/\\\/www.bio-honig.de\\\/cms\\\/#organization\",\"name\":\"Bl\u00fctenland Bienenh\u00f6fe - Bioland Imkereiprodukte\",\"url\":\"https:\\\/\\\/www.bio-honig.de\\\/cms\\\/\",\"logo\":{\"@type\":\"ImageObject\",\"inLanguage\":\"de\",\"@id\":\"https:\\\/\\\/www.bio-honig.de\\\/cms\\\/#\\\/schema\\\/logo\\\/image\\\/\",\"url\":\"https:\\\/\\\/www.bio-honig.de\\\/cms\\\/wp-content\\\/uploads\\\/2018\\\/12\\\/Bildschirmfoto-2018-12-16-um-17.31.00.png\",\"contentUrl\":\"https:\\\/\\\/www.bio-honig.de\\\/cms\\\/wp-content\\\/uploads\\\/2018\\\/12\\\/Bildschirmfoto-2018-12-16-um-17.31.00.png\",\"width\":750,\"height\":206,\"caption\":\"Bl\u00fctenland Bienenh\u00f6fe - Bioland Imkereiprodukte\"},\"image\":{\"@id\":\"https:\\\/\\\/www.bio-honig.de\\\/cms\\\/#\\\/schema\\\/logo\\\/image\\\/\"}}]}<\/script>\n<!-- \/ Yoast SEO plugin. -->","yoast_head_json":{"title":"Set: 500 g Wei\u00dftannenhonig, 500 g Himbeerbl\u00fctenhonig und 1 massive Bienenwachs-Stumpenkerze 65 x 130 mm - Bl\u00fctenland Bienenh\u00f6fe","robots":{"index":"index","follow":"follow","max-snippet":"max-snippet:-1","max-image-preview":"max-image-preview:large","max-video-preview":"max-video-preview:-1"},"canonical":"https:\/\/www.bio-honig.de\/cms\/produkt\/weisstanne-500g-himbeer-500-g-gs-65-110\/","og_locale":"de_DE","og_type":"article","og_title":"Set: 500 g Wei\u00dftannenhonig, 500 g Himbeerbl\u00fctenhonig und 1 massive Bienenwachs-Stumpenkerze 65 x 130 mm - Bl\u00fctenland Bienenh\u00f6fe","og_description":"Ernteregionen: Schwarzwald, Harz  Aromen: zart w\u00fcrzig, w\u00fcrzig  Farbe: hellgelb, braun und schwarzbraun transparent  Konsistenz: 2 x cremig","og_url":"https:\/\/www.bio-honig.de\/cms\/produkt\/weisstanne-500g-himbeer-500-g-gs-65-110\/","og_site_name":"Bl\u00fctenland Bienenh\u00f6fe","article_modified_time":"2026-02-25T08:42:53+00:00","og_image":[{"width":2500,"height":2500,"url":"https:\/\/www.bio-honig.de\/cms\/wp-content\/uploads\/2023\/11\/weisstanne-himbeer-gs45-110.jpg","type":"image\/jpeg"}],"twitter_card":"summary_large_image","twitter_misc":{"Gesch\u00e4tzte Lesezeit":"1\u00a0Minute"},"schema":{"@context":"https:\/\/schema.org","@graph":[{"@type":"WebPage","@id":"https:\/\/www.bio-honig.de\/cms\/produkt\/weisstanne-500g-himbeer-500-g-gs-65-110\/","url":"https:\/\/www.bio-honig.de\/cms\/produkt\/weisstanne-500g-himbeer-500-g-gs-65-110\/","name":"Set: 500 g Wei\u00dftannenhonig, 500 g Himbeerbl\u00fctenhonig und 1 massive Bienenwachs-Stumpenkerze 65 x 130 mm - Bl\u00fctenland Bienenh\u00f6fe","isPartOf":{"@id":"https:\/\/www.bio-honig.de\/cms\/#website"},"primaryImageOfPage":{"@id":"https:\/\/www.bio-honig.de\/cms\/produkt\/weisstanne-500g-himbeer-500-g-gs-65-110\/#primaryimage"},"image":{"@id":"https:\/\/www.bio-honig.de\/cms\/produkt\/weisstanne-500g-himbeer-500-g-gs-65-110\/#primaryimage"},"thumbnailUrl":"https:\/\/www.bio-honig.de\/cms\/wp-content\/uploads\/2023\/11\/weisstanne-himbeer-gs45-110.jpg","datePublished":"2023-11-25T16:20:37+00:00","dateModified":"2026-02-25T08:42:53+00:00","breadcrumb":{"@id":"https:\/\/www.bio-honig.de\/cms\/produkt\/weisstanne-500g-himbeer-500-g-gs-65-110\/#breadcrumb"},"inLanguage":"de","potentialAction":[{"@type":"ReadAction","target":["https:\/\/www.bio-honig.de\/cms\/produkt\/weisstanne-500g-himbeer-500-g-gs-65-110\/"]}]},{"@type":"ImageObject","inLanguage":"de","@id":"https:\/\/www.bio-honig.de\/cms\/produkt\/weisstanne-500g-himbeer-500-g-gs-65-110\/#primaryimage","url":"https:\/\/www.bio-honig.de\/cms\/wp-content\/uploads\/2023\/11\/weisstanne-himbeer-gs45-110.jpg","contentUrl":"https:\/\/www.bio-honig.de\/cms\/wp-content\/uploads\/2023\/11\/weisstanne-himbeer-gs45-110.jpg","width":2500,"height":2500},{"@type":"BreadcrumbList","@id":"https:\/\/www.bio-honig.de\/cms\/produkt\/weisstanne-500g-himbeer-500-g-gs-65-110\/#breadcrumb","itemListElement":[{"@type":"ListItem","position":1,"name":"Startseite","item":"https:\/\/www.bio-honig.de\/cms\/"},{"@type":"ListItem","position":2,"name":"Produkte","item":"https:\/\/www.bio-honig.de\/cms\/shop\/"},{"@type":"ListItem","position":3,"name":"Set: 500 g Wei\u00dftannenhonig, 500 g Himbeerbl\u00fctenhonig und 1 massive Bienenwachs-Stumpenkerze 65 x 130 mm"}]},{"@type":"WebSite","@id":"https:\/\/www.bio-honig.de\/cms\/#website","url":"https:\/\/www.bio-honig.de\/cms\/","name":"Bl\u00fctenland Bienenh\u00f6fe","description":"Bio-Honig von Heike Appel","publisher":{"@id":"https:\/\/www.bio-honig.de\/cms\/#organization"},"potentialAction":[{"@type":"SearchAction","target":{"@type":"EntryPoint","urlTemplate":"https:\/\/www.bio-honig.de\/cms\/?s={search_term_string}"},"query-input":{"@type":"PropertyValueSpecification","valueRequired":true,"valueName":"search_term_string"}}],"inLanguage":"de"},{"@type":"Organization","@id":"https:\/\/www.bio-honig.de\/cms\/#organization","name":"Bl\u00fctenland Bienenh\u00f6fe - Bioland Imkereiprodukte","url":"https:\/\/www.bio-honig.de\/cms\/","logo":{"@type":"ImageObject","inLanguage":"de","@id":"https:\/\/www.bio-honig.de\/cms\/#\/schema\/logo\/image\/","url":"https:\/\/www.bio-honig.de\/cms\/wp-content\/uploads\/2018\/12\/Bildschirmfoto-2018-12-16-um-17.31.00.png","contentUrl":"https:\/\/www.bio-honig.de\/cms\/wp-content\/uploads\/2018\/12\/Bildschirmfoto-2018-12-16-um-17.31.00.png","width":750,"height":206,"caption":"Bl\u00fctenland Bienenh\u00f6fe - Bioland Imkereiprodukte"},"image":{"@id":"https:\/\/www.bio-honig.de\/cms\/#\/schema\/logo\/image\/"}}]}},"_links":{"self":[{"href":"https:\/\/www.bio-honig.de\/cms\/wp-json\/wp\/v2\/product\/4974","targetHints":{"allow":["GET"]}}],"collection":[{"href":"https:\/\/www.bio-honig.de\/cms\/wp-json\/wp\/v2\/product"}],"about":[{"href":"https:\/\/www.bio-honig.de\/cms\/wp-json\/wp\/v2\/types\/product"}],"replies":[{"embeddable":true,"href":"https:\/\/www.bio-honig.de\/cms\/wp-json\/wp\/v2\/comments?post=4974"}],"wp:featuredmedia":[{"embeddable":true,"href":"https:\/\/www.bio-honig.de\/cms\/wp-json\/wp\/v2\/media\/7631"}],"wp:attachment":[{"href":"https:\/\/www.bio-honig.de\/cms\/wp-json\/wp\/v2\/media?parent=4974"}],"wp:term":[{"taxonomy":"product_brand","embeddable":true,"href":"https:\/\/www.bio-honig.de\/cms\/wp-json\/wp\/v2\/product_brand?post=4974"},{"taxonomy":"product_cat","embeddable":true,"href":"https:\/\/www.bio-honig.de\/cms\/wp-json\/wp\/v2\/product_cat?post=4974"},{"taxonomy":"product_tag","embeddable":true,"href":"https:\/\/www.bio-honig.de\/cms\/wp-json\/wp\/v2\/product_tag?post=4974"}],"curies":[{"name":"wp","href":"https:\/\/api.w.org\/{rel}","templated":true}]}}