{"id":5210,"date":"2023-12-16T07:51:21","date_gmt":"2023-12-16T06:51:21","guid":{"rendered":"https:\/\/www.bio-honig.de\/cms\/?post_type=product&#038;p=5210"},"modified":"2026-04-02T16:09:31","modified_gmt":"2026-04-02T14:09:31","slug":"kleines-set-wuerzige-honigsorten-6x500-g","status":"publish","type":"product","link":"https:\/\/www.bio-honig.de\/cms\/produkt\/kleines-set-wuerzige-honigsorten-6x500-g\/","title":{"rendered":"Kleines Set &#8222;W\u00fcrzige Honigsorten&#8220; 3 x Honig"},"content":{"rendered":"<p><strong>Dieses Set enth\u00e4lt<\/strong> <strong>3 verschiedene Honigsorten f\u00fcr Honigkenner, die au\u00dfergew\u00f6hnlich w\u00fcrzige Honigsorten lieben!<br \/>\n<\/strong><\/p>\n<p><strong>Zum Verschenken auf Wunsch in einer sch\u00f6nen, stabilen Holz-Geschenkkiste.<\/strong><\/p>\n<p><strong>Zur Auswahl in 3 x 500 g oder 3 x 250 g Gl\u00e4sern:<\/strong><\/p>\n<ul>\n<li><strong>1 x Edelkastanienhonig<\/strong>\n<ul>\n<li>aus dem Pf\u00e4lzer Wald. Herb-w\u00fcrzig mit edler Bitternote, kastanienbraun, fl\u00fcssig<\/li>\n<\/ul>\n<\/li>\n<li><strong>1 x Heidehonig<\/strong>\n<ul>\n<li>aus der Colbitz-Letzlinger Heide. W\u00fcrzig-herb, rubin-bernsteinfarben, cremig<\/li>\n<\/ul>\n<\/li>\n<li><strong>1 x Buchweizenhonig<\/strong>\n<ul>\n<li>aus der Lausitz. Markant w\u00fcrzig-aromatisch, braun, cremig<\/li>\n<\/ul>\n<\/li>\n<\/ul>\n","protected":false},"excerpt":{"rendered":"<p><strong>Ernteregionen:<\/strong> Pf\u00e4lzer Wald, Colbitz-Letzlinger Heide, Lausitz<\/p>\n<p><strong>Aromen:<\/strong> herb-w\u00fcrzig mit edler Bitternote, w\u00fcrzig-herb, markant w\u00fcrzig-aromatisch<\/p>\n<p><strong>Farbe:<\/strong> kastanienbraun, rubin-bernsteinfarben, braun<\/p>\n<p><strong>Konsistenz:<\/strong> 2 x cremig, 1 x fl\u00fcssig<\/p>\n","protected":false},"featured_media":10641,"comment_status":"closed","ping_status":"closed","template":"","meta":[],"product_brand":[],"product_cat":[17,181,182,183,184],"product_tag":[77,82,96,101,28,34,37,62,75],"class_list":{"0":"post-5210","1":"product","2":"type-product","3":"status-publish","4":"has-post-thumbnail","6":"product_cat-deutscher-bio-honig","7":"product_cat-fluessiger-bioland-honig-aus-deutschland","8":"product_cat-feincremiger-bio-honig","9":"product_cat-wuerziger-bio-honig","10":"product_cat-geschenke-und-sets","11":"product_tag-cremig","12":"product_tag-herb-wuerzig","13":"product_tag-wuerzig-markant","14":"product_tag-edelwuerzig","15":"product_tag-mild","16":"product_tag-hellgelb","17":"product_tag-fluessig","18":"product_tag-aus-deutschland","19":"product_tag-wuerzig-aromatisch","21":"first","22":"instock","23":"taxable","24":"shipping-taxable","25":"purchasable","26":"product-type-variable","27":"wvs-archive-product-wrapper"},"yoast_head":"<!-- This site is optimized with the Yoast SEO plugin v27.3 - https:\/\/yoast.com\/product\/yoast-seo-wordpress\/ -->\n<title>Kleines Set &quot;W\u00fcrzige Honigsorten&quot; 3 x Honig - Bl\u00fctenland Bienenh\u00f6fe<\/title>\n<meta name=\"robots\" content=\"index, follow, max-snippet:-1, max-image-preview:large, max-video-preview:-1\" \/>\n<link rel=\"canonical\" href=\"https:\/\/www.bio-honig.de\/cms\/produkt\/kleines-set-wuerzige-honigsorten-6x500-g\/\" \/>\n<meta property=\"og:locale\" content=\"de_DE\" \/>\n<meta property=\"og:type\" content=\"article\" \/>\n<meta property=\"og:title\" content=\"Kleines Set &quot;W\u00fcrzige Honigsorten&quot; 3 x Honig - Bl\u00fctenland Bienenh\u00f6fe\" \/>\n<meta property=\"og:description\" content=\"Ernteregionen: Pf\u00e4lzer Wald, Colbitz-Letzlinger Heide, Lausitz  Aromen: herb-w\u00fcrzig mit edler Bitternote, w\u00fcrzig-herb, markant w\u00fcrzig-aromatisch  Farbe: kastanienbraun, rubin-bernsteinfarben, braun  Konsistenz: 2 x cremig, 1 x fl\u00fcssig\" \/>\n<meta property=\"og:url\" content=\"https:\/\/www.bio-honig.de\/cms\/produkt\/kleines-set-wuerzige-honigsorten-6x500-g\/\" \/>\n<meta property=\"og:site_name\" content=\"Bl\u00fctenland Bienenh\u00f6fe\" \/>\n<meta property=\"article:modified_time\" content=\"2026-04-02T14:09:31+00:00\" \/>\n<meta property=\"og:image\" content=\"https:\/\/www.bio-honig.de\/cms\/wp-content\/uploads\/2025\/11\/500-wuerzig-klein.jpg\" \/>\n\t<meta property=\"og:image:width\" content=\"2000\" \/>\n\t<meta property=\"og:image:height\" content=\"2000\" \/>\n\t<meta property=\"og:image:type\" content=\"image\/jpeg\" \/>\n<meta name=\"twitter:card\" content=\"summary_large_image\" \/>\n<meta name=\"twitter:label1\" content=\"Gesch\u00e4tzte Lesezeit\" \/>\n\t<meta name=\"twitter:data1\" content=\"1\u00a0Minute\" \/>\n<script type=\"application\/ld+json\" class=\"yoast-schema-graph\">{\"@context\":\"https:\\\/\\\/schema.org\",\"@graph\":[{\"@type\":\"WebPage\",\"@id\":\"https:\\\/\\\/www.bio-honig.de\\\/cms\\\/produkt\\\/kleines-set-wuerzige-honigsorten-6x500-g\\\/\",\"url\":\"https:\\\/\\\/www.bio-honig.de\\\/cms\\\/produkt\\\/kleines-set-wuerzige-honigsorten-6x500-g\\\/\",\"name\":\"Kleines Set \\\"W\u00fcrzige Honigsorten\\\" 3 x Honig - Bl\u00fctenland Bienenh\u00f6fe\",\"isPartOf\":{\"@id\":\"https:\\\/\\\/www.bio-honig.de\\\/cms\\\/#website\"},\"primaryImageOfPage\":{\"@id\":\"https:\\\/\\\/www.bio-honig.de\\\/cms\\\/produkt\\\/kleines-set-wuerzige-honigsorten-6x500-g\\\/#primaryimage\"},\"image\":{\"@id\":\"https:\\\/\\\/www.bio-honig.de\\\/cms\\\/produkt\\\/kleines-set-wuerzige-honigsorten-6x500-g\\\/#primaryimage\"},\"thumbnailUrl\":\"https:\\\/\\\/www.bio-honig.de\\\/cms\\\/wp-content\\\/uploads\\\/2025\\\/11\\\/500-wuerzig-klein.jpg\",\"datePublished\":\"2023-12-16T06:51:21+00:00\",\"dateModified\":\"2026-04-02T14:09:31+00:00\",\"breadcrumb\":{\"@id\":\"https:\\\/\\\/www.bio-honig.de\\\/cms\\\/produkt\\\/kleines-set-wuerzige-honigsorten-6x500-g\\\/#breadcrumb\"},\"inLanguage\":\"de\",\"potentialAction\":[{\"@type\":\"ReadAction\",\"target\":[\"https:\\\/\\\/www.bio-honig.de\\\/cms\\\/produkt\\\/kleines-set-wuerzige-honigsorten-6x500-g\\\/\"]}]},{\"@type\":\"ImageObject\",\"inLanguage\":\"de\",\"@id\":\"https:\\\/\\\/www.bio-honig.de\\\/cms\\\/produkt\\\/kleines-set-wuerzige-honigsorten-6x500-g\\\/#primaryimage\",\"url\":\"https:\\\/\\\/www.bio-honig.de\\\/cms\\\/wp-content\\\/uploads\\\/2025\\\/11\\\/500-wuerzig-klein.jpg\",\"contentUrl\":\"https:\\\/\\\/www.bio-honig.de\\\/cms\\\/wp-content\\\/uploads\\\/2025\\\/11\\\/500-wuerzig-klein.jpg\",\"width\":2000,\"height\":2000},{\"@type\":\"BreadcrumbList\",\"@id\":\"https:\\\/\\\/www.bio-honig.de\\\/cms\\\/produkt\\\/kleines-set-wuerzige-honigsorten-6x500-g\\\/#breadcrumb\",\"itemListElement\":[{\"@type\":\"ListItem\",\"position\":1,\"name\":\"Startseite\",\"item\":\"https:\\\/\\\/www.bio-honig.de\\\/cms\\\/\"},{\"@type\":\"ListItem\",\"position\":2,\"name\":\"Produkte\",\"item\":\"https:\\\/\\\/www.bio-honig.de\\\/cms\\\/shop\\\/\"},{\"@type\":\"ListItem\",\"position\":3,\"name\":\"Kleines Set &#8222;W\u00fcrzige Honigsorten&#8220; 3 x Honig\"}]},{\"@type\":\"WebSite\",\"@id\":\"https:\\\/\\\/www.bio-honig.de\\\/cms\\\/#website\",\"url\":\"https:\\\/\\\/www.bio-honig.de\\\/cms\\\/\",\"name\":\"Bl\u00fctenland Bienenh\u00f6fe\",\"description\":\"Bio-Honig von Heike Appel\",\"publisher\":{\"@id\":\"https:\\\/\\\/www.bio-honig.de\\\/cms\\\/#organization\"},\"potentialAction\":[{\"@type\":\"SearchAction\",\"target\":{\"@type\":\"EntryPoint\",\"urlTemplate\":\"https:\\\/\\\/www.bio-honig.de\\\/cms\\\/?s={search_term_string}\"},\"query-input\":{\"@type\":\"PropertyValueSpecification\",\"valueRequired\":true,\"valueName\":\"search_term_string\"}}],\"inLanguage\":\"de\"},{\"@type\":\"Organization\",\"@id\":\"https:\\\/\\\/www.bio-honig.de\\\/cms\\\/#organization\",\"name\":\"Bl\u00fctenland Bienenh\u00f6fe - Bioland Imkereiprodukte\",\"url\":\"https:\\\/\\\/www.bio-honig.de\\\/cms\\\/\",\"logo\":{\"@type\":\"ImageObject\",\"inLanguage\":\"de\",\"@id\":\"https:\\\/\\\/www.bio-honig.de\\\/cms\\\/#\\\/schema\\\/logo\\\/image\\\/\",\"url\":\"https:\\\/\\\/www.bio-honig.de\\\/cms\\\/wp-content\\\/uploads\\\/2018\\\/12\\\/Bildschirmfoto-2018-12-16-um-17.31.00.png\",\"contentUrl\":\"https:\\\/\\\/www.bio-honig.de\\\/cms\\\/wp-content\\\/uploads\\\/2018\\\/12\\\/Bildschirmfoto-2018-12-16-um-17.31.00.png\",\"width\":750,\"height\":206,\"caption\":\"Bl\u00fctenland Bienenh\u00f6fe - Bioland Imkereiprodukte\"},\"image\":{\"@id\":\"https:\\\/\\\/www.bio-honig.de\\\/cms\\\/#\\\/schema\\\/logo\\\/image\\\/\"}}]}<\/script>\n<!-- \/ Yoast SEO plugin. -->","yoast_head_json":{"title":"Kleines Set \"W\u00fcrzige Honigsorten\" 3 x Honig - Bl\u00fctenland Bienenh\u00f6fe","robots":{"index":"index","follow":"follow","max-snippet":"max-snippet:-1","max-image-preview":"max-image-preview:large","max-video-preview":"max-video-preview:-1"},"canonical":"https:\/\/www.bio-honig.de\/cms\/produkt\/kleines-set-wuerzige-honigsorten-6x500-g\/","og_locale":"de_DE","og_type":"article","og_title":"Kleines Set \"W\u00fcrzige Honigsorten\" 3 x Honig - Bl\u00fctenland Bienenh\u00f6fe","og_description":"Ernteregionen: Pf\u00e4lzer Wald, Colbitz-Letzlinger Heide, Lausitz  Aromen: herb-w\u00fcrzig mit edler Bitternote, w\u00fcrzig-herb, markant w\u00fcrzig-aromatisch  Farbe: kastanienbraun, rubin-bernsteinfarben, braun  Konsistenz: 2 x cremig, 1 x fl\u00fcssig","og_url":"https:\/\/www.bio-honig.de\/cms\/produkt\/kleines-set-wuerzige-honigsorten-6x500-g\/","og_site_name":"Bl\u00fctenland Bienenh\u00f6fe","article_modified_time":"2026-04-02T14:09:31+00:00","og_image":[{"width":2000,"height":2000,"url":"https:\/\/www.bio-honig.de\/cms\/wp-content\/uploads\/2025\/11\/500-wuerzig-klein.jpg","type":"image\/jpeg"}],"twitter_card":"summary_large_image","twitter_misc":{"Gesch\u00e4tzte Lesezeit":"1\u00a0Minute"},"schema":{"@context":"https:\/\/schema.org","@graph":[{"@type":"WebPage","@id":"https:\/\/www.bio-honig.de\/cms\/produkt\/kleines-set-wuerzige-honigsorten-6x500-g\/","url":"https:\/\/www.bio-honig.de\/cms\/produkt\/kleines-set-wuerzige-honigsorten-6x500-g\/","name":"Kleines Set \"W\u00fcrzige Honigsorten\" 3 x Honig - Bl\u00fctenland Bienenh\u00f6fe","isPartOf":{"@id":"https:\/\/www.bio-honig.de\/cms\/#website"},"primaryImageOfPage":{"@id":"https:\/\/www.bio-honig.de\/cms\/produkt\/kleines-set-wuerzige-honigsorten-6x500-g\/#primaryimage"},"image":{"@id":"https:\/\/www.bio-honig.de\/cms\/produkt\/kleines-set-wuerzige-honigsorten-6x500-g\/#primaryimage"},"thumbnailUrl":"https:\/\/www.bio-honig.de\/cms\/wp-content\/uploads\/2025\/11\/500-wuerzig-klein.jpg","datePublished":"2023-12-16T06:51:21+00:00","dateModified":"2026-04-02T14:09:31+00:00","breadcrumb":{"@id":"https:\/\/www.bio-honig.de\/cms\/produkt\/kleines-set-wuerzige-honigsorten-6x500-g\/#breadcrumb"},"inLanguage":"de","potentialAction":[{"@type":"ReadAction","target":["https:\/\/www.bio-honig.de\/cms\/produkt\/kleines-set-wuerzige-honigsorten-6x500-g\/"]}]},{"@type":"ImageObject","inLanguage":"de","@id":"https:\/\/www.bio-honig.de\/cms\/produkt\/kleines-set-wuerzige-honigsorten-6x500-g\/#primaryimage","url":"https:\/\/www.bio-honig.de\/cms\/wp-content\/uploads\/2025\/11\/500-wuerzig-klein.jpg","contentUrl":"https:\/\/www.bio-honig.de\/cms\/wp-content\/uploads\/2025\/11\/500-wuerzig-klein.jpg","width":2000,"height":2000},{"@type":"BreadcrumbList","@id":"https:\/\/www.bio-honig.de\/cms\/produkt\/kleines-set-wuerzige-honigsorten-6x500-g\/#breadcrumb","itemListElement":[{"@type":"ListItem","position":1,"name":"Startseite","item":"https:\/\/www.bio-honig.de\/cms\/"},{"@type":"ListItem","position":2,"name":"Produkte","item":"https:\/\/www.bio-honig.de\/cms\/shop\/"},{"@type":"ListItem","position":3,"name":"Kleines Set &#8222;W\u00fcrzige Honigsorten&#8220; 3 x Honig"}]},{"@type":"WebSite","@id":"https:\/\/www.bio-honig.de\/cms\/#website","url":"https:\/\/www.bio-honig.de\/cms\/","name":"Bl\u00fctenland Bienenh\u00f6fe","description":"Bio-Honig von Heike Appel","publisher":{"@id":"https:\/\/www.bio-honig.de\/cms\/#organization"},"potentialAction":[{"@type":"SearchAction","target":{"@type":"EntryPoint","urlTemplate":"https:\/\/www.bio-honig.de\/cms\/?s={search_term_string}"},"query-input":{"@type":"PropertyValueSpecification","valueRequired":true,"valueName":"search_term_string"}}],"inLanguage":"de"},{"@type":"Organization","@id":"https:\/\/www.bio-honig.de\/cms\/#organization","name":"Bl\u00fctenland Bienenh\u00f6fe - Bioland Imkereiprodukte","url":"https:\/\/www.bio-honig.de\/cms\/","logo":{"@type":"ImageObject","inLanguage":"de","@id":"https:\/\/www.bio-honig.de\/cms\/#\/schema\/logo\/image\/","url":"https:\/\/www.bio-honig.de\/cms\/wp-content\/uploads\/2018\/12\/Bildschirmfoto-2018-12-16-um-17.31.00.png","contentUrl":"https:\/\/www.bio-honig.de\/cms\/wp-content\/uploads\/2018\/12\/Bildschirmfoto-2018-12-16-um-17.31.00.png","width":750,"height":206,"caption":"Bl\u00fctenland Bienenh\u00f6fe - Bioland Imkereiprodukte"},"image":{"@id":"https:\/\/www.bio-honig.de\/cms\/#\/schema\/logo\/image\/"}}]}},"_links":{"self":[{"href":"https:\/\/www.bio-honig.de\/cms\/wp-json\/wp\/v2\/product\/5210","targetHints":{"allow":["GET"]}}],"collection":[{"href":"https:\/\/www.bio-honig.de\/cms\/wp-json\/wp\/v2\/product"}],"about":[{"href":"https:\/\/www.bio-honig.de\/cms\/wp-json\/wp\/v2\/types\/product"}],"replies":[{"embeddable":true,"href":"https:\/\/www.bio-honig.de\/cms\/wp-json\/wp\/v2\/comments?post=5210"}],"wp:featuredmedia":[{"embeddable":true,"href":"https:\/\/www.bio-honig.de\/cms\/wp-json\/wp\/v2\/media\/10641"}],"wp:attachment":[{"href":"https:\/\/www.bio-honig.de\/cms\/wp-json\/wp\/v2\/media?parent=5210"}],"wp:term":[{"taxonomy":"product_brand","embeddable":true,"href":"https:\/\/www.bio-honig.de\/cms\/wp-json\/wp\/v2\/product_brand?post=5210"},{"taxonomy":"product_cat","embeddable":true,"href":"https:\/\/www.bio-honig.de\/cms\/wp-json\/wp\/v2\/product_cat?post=5210"},{"taxonomy":"product_tag","embeddable":true,"href":"https:\/\/www.bio-honig.de\/cms\/wp-json\/wp\/v2\/product_tag?post=5210"}],"curies":[{"name":"wp","href":"https:\/\/api.w.org\/{rel}","templated":true}]}}