{"id":5910,"date":"2024-04-24T15:28:45","date_gmt":"2024-04-24T13:28:45","guid":{"rendered":"https:\/\/www.bio-honig.de\/cms\/?post_type=product&#038;p=5910"},"modified":"2026-03-24T15:03:09","modified_gmt":"2026-03-24T14:03:09","slug":"grosses-set-waldbienen-6x500-g-honig-von-bienenstaenden-im-wald","status":"publish","type":"product","link":"https:\/\/www.bio-honig.de\/cms\/produkt\/grosses-set-waldbienen-6x500-g-honig-von-bienenstaenden-im-wald\/","title":{"rendered":"Grosses Set &#8222;Waldbienen&#8220;: 6 x Honig von Bienenst\u00e4nden im Wald"},"content":{"rendered":"<p><strong>Dieses Set enth\u00e4lt 6 Honigspezialit\u00e4ten f\u00fcr Honigfreunde, die entdecken m\u00f6chten, welch k\u00f6stliche Honigvielfalt die Bienen von ihren verschiedenen Standpl\u00e4tzen in ganz unterschiedlichen W\u00e4ldern in Deutschland aus sammeln k\u00f6nnen. Es handelt sich um die waldtypischen Sorten Waldhonig, Waldbl\u00fctenhonig und Weisstannenhonig. Aber auch um Bl\u00fctenhonige, die die Bienen typischerweise ebenfalls an einem Standort im Wald sammeln.<\/strong><\/p>\n<p><strong>Zum Verschenken auf Wunsch in einer sch\u00f6nen, stabilen Holz-Geschenkkiste oder in einer originellen edlen Premium-Holzkiste (nur f\u00fcr 500 g).<\/strong><\/p>\n<p><strong>Zur Auswahl in 6 x 500 g oder 6 x 250 g Gl\u00e4sern:<\/strong><\/p>\n<ul>\n<li><strong>1 x Weisstannenhonig<\/strong>\n<ul>\n<li>aus dem Schwarzwald, w\u00fcrzig, fl\u00fcssig<\/li>\n<\/ul>\n<\/li>\n<li><strong>1 x Waldhonig<\/strong>\n<ul>\n<li>aus dem Schw\u00e4bischen Wald, fein-w\u00fcrzig, fl\u00fcssig<\/li>\n<\/ul>\n<\/li>\n<li><strong>1 x Waldbl\u00fctenhonig<\/strong>\n<ul>\n<li>aus dem Sauerland. Fein-w\u00fcrzig, karamellbraun, cremig<\/li>\n<\/ul>\n<\/li>\n<li><strong>1 x Himbeerbl\u00fctenhonig<\/strong>\n<ul>\n<li>aus dem Naturpark Harz. Zart-w\u00fcrzig, hellgelb, feincremig<\/li>\n<\/ul>\n<\/li>\n<li><strong>1 x Lindenhonig<\/strong>\n<ul>\n<li>aus einem Brandenburger Lindenw\u00e4ldchen. Minzig-frisch, hellgelb, feincremig<\/li>\n<\/ul>\n<\/li>\n<li><strong>1 x Edelkastanienhonig<\/strong>\n<ul>\n<li>aus dem Pf\u00e4lzer Wald. Sehr w\u00fcrzig-herb, braun, fl\u00fcssig.<\/li>\n<\/ul>\n<\/li>\n<\/ul>\n","protected":false},"excerpt":{"rendered":"<p><strong>Ernteregionen:<\/strong> Brandenburg, Schw\u00e4bischer Wald, Schwarzwald,<\/p>\n<p><strong>Aromen:<\/strong> zart-w\u00fcrzig, fein-w\u00fcrzig, w\u00fcrzig, herb-w\u00fcrzig, feines Minzearoma<\/p>\n<p><strong>Farbe:<\/strong> hellgelb, braun und schwarzbraun transparent<\/p>\n<p><strong>Konsistenz:<\/strong> 3 x fl\u00fcssig, 3 x cremig<\/p>\n","protected":false},"featured_media":10640,"comment_status":"closed","ping_status":"closed","template":"","meta":[],"product_brand":[],"product_cat":[181,182,184,17],"product_tag":[62,65,68,70,72,73,75,28,78,34,37,98,55],"class_list":{"0":"post-5910","1":"product","2":"type-product","3":"status-publish","4":"has-post-thumbnail","6":"product_cat-fluessiger-bioland-honig-aus-deutschland","7":"product_cat-feincremiger-bio-honig","8":"product_cat-geschenke-und-sets","9":"product_cat-deutscher-bio-honig","10":"product_tag-aus-deutschland","11":"product_tag-feines-minzearoma","12":"product_tag-hellgelb-bis-perlmuttweiss","13":"product_tag-nussbraun","14":"product_tag-dunkelbraun","15":"product_tag-malzig-sanft","16":"product_tag-wuerzig-aromatisch","17":"product_tag-mild","18":"product_tag-wuerzig-herb","19":"product_tag-hellgelb","20":"product_tag-fluessig","21":"product_tag-edel-fein","22":"product_tag-aromatisch","24":"first","25":"instock","26":"taxable","27":"shipping-taxable","28":"purchasable","29":"product-type-variable","30":"has-default-attributes","31":"wvs-archive-product-wrapper"},"yoast_head":"<!-- This site is optimized with the Yoast SEO plugin v27.3 - https:\/\/yoast.com\/product\/yoast-seo-wordpress\/ -->\n<title>Grosses Set &quot;Waldbienen&quot;: 6 x Honig von Bienenst\u00e4nden im Wald - Bl\u00fctenland Bienenh\u00f6fe<\/title>\n<meta name=\"robots\" content=\"index, follow, max-snippet:-1, max-image-preview:large, max-video-preview:-1\" \/>\n<link rel=\"canonical\" href=\"https:\/\/www.bio-honig.de\/cms\/produkt\/grosses-set-waldbienen-6x500-g-honig-von-bienenstaenden-im-wald\/\" \/>\n<meta property=\"og:locale\" content=\"de_DE\" \/>\n<meta property=\"og:type\" content=\"article\" \/>\n<meta property=\"og:title\" content=\"Grosses Set &quot;Waldbienen&quot;: 6 x Honig von Bienenst\u00e4nden im Wald - Bl\u00fctenland Bienenh\u00f6fe\" \/>\n<meta property=\"og:description\" content=\"Ernteregionen: Brandenburg, Schw\u00e4bischer Wald, Schwarzwald,  Aromen: zart-w\u00fcrzig, fein-w\u00fcrzig, w\u00fcrzig, herb-w\u00fcrzig, feines Minzearoma  Farbe: hellgelb, braun und schwarzbraun transparent  Konsistenz: 3 x fl\u00fcssig, 3 x cremig\" \/>\n<meta property=\"og:url\" content=\"https:\/\/www.bio-honig.de\/cms\/produkt\/grosses-set-waldbienen-6x500-g-honig-von-bienenstaenden-im-wald\/\" \/>\n<meta property=\"og:site_name\" content=\"Bl\u00fctenland Bienenh\u00f6fe\" \/>\n<meta property=\"article:modified_time\" content=\"2026-03-24T14:03:09+00:00\" \/>\n<meta property=\"og:image\" content=\"https:\/\/www.bio-honig.de\/cms\/wp-content\/uploads\/2025\/11\/500-waldbiene.jpg\" \/>\n\t<meta property=\"og:image:width\" content=\"2000\" \/>\n\t<meta property=\"og:image:height\" content=\"2000\" \/>\n\t<meta property=\"og:image:type\" content=\"image\/jpeg\" \/>\n<meta name=\"twitter:card\" content=\"summary_large_image\" \/>\n<meta name=\"twitter:label1\" content=\"Gesch\u00e4tzte Lesezeit\" \/>\n\t<meta name=\"twitter:data1\" content=\"1\u00a0Minute\" \/>\n<script type=\"application\/ld+json\" class=\"yoast-schema-graph\">{\"@context\":\"https:\\\/\\\/schema.org\",\"@graph\":[{\"@type\":\"WebPage\",\"@id\":\"https:\\\/\\\/www.bio-honig.de\\\/cms\\\/produkt\\\/grosses-set-waldbienen-6x500-g-honig-von-bienenstaenden-im-wald\\\/\",\"url\":\"https:\\\/\\\/www.bio-honig.de\\\/cms\\\/produkt\\\/grosses-set-waldbienen-6x500-g-honig-von-bienenstaenden-im-wald\\\/\",\"name\":\"Grosses Set \\\"Waldbienen\\\": 6 x Honig von Bienenst\u00e4nden im Wald - Bl\u00fctenland Bienenh\u00f6fe\",\"isPartOf\":{\"@id\":\"https:\\\/\\\/www.bio-honig.de\\\/cms\\\/#website\"},\"primaryImageOfPage\":{\"@id\":\"https:\\\/\\\/www.bio-honig.de\\\/cms\\\/produkt\\\/grosses-set-waldbienen-6x500-g-honig-von-bienenstaenden-im-wald\\\/#primaryimage\"},\"image\":{\"@id\":\"https:\\\/\\\/www.bio-honig.de\\\/cms\\\/produkt\\\/grosses-set-waldbienen-6x500-g-honig-von-bienenstaenden-im-wald\\\/#primaryimage\"},\"thumbnailUrl\":\"https:\\\/\\\/www.bio-honig.de\\\/cms\\\/wp-content\\\/uploads\\\/2025\\\/11\\\/500-waldbiene.jpg\",\"datePublished\":\"2024-04-24T13:28:45+00:00\",\"dateModified\":\"2026-03-24T14:03:09+00:00\",\"breadcrumb\":{\"@id\":\"https:\\\/\\\/www.bio-honig.de\\\/cms\\\/produkt\\\/grosses-set-waldbienen-6x500-g-honig-von-bienenstaenden-im-wald\\\/#breadcrumb\"},\"inLanguage\":\"de\",\"potentialAction\":[{\"@type\":\"ReadAction\",\"target\":[\"https:\\\/\\\/www.bio-honig.de\\\/cms\\\/produkt\\\/grosses-set-waldbienen-6x500-g-honig-von-bienenstaenden-im-wald\\\/\"]}]},{\"@type\":\"ImageObject\",\"inLanguage\":\"de\",\"@id\":\"https:\\\/\\\/www.bio-honig.de\\\/cms\\\/produkt\\\/grosses-set-waldbienen-6x500-g-honig-von-bienenstaenden-im-wald\\\/#primaryimage\",\"url\":\"https:\\\/\\\/www.bio-honig.de\\\/cms\\\/wp-content\\\/uploads\\\/2025\\\/11\\\/500-waldbiene.jpg\",\"contentUrl\":\"https:\\\/\\\/www.bio-honig.de\\\/cms\\\/wp-content\\\/uploads\\\/2025\\\/11\\\/500-waldbiene.jpg\",\"width\":2000,\"height\":2000},{\"@type\":\"BreadcrumbList\",\"@id\":\"https:\\\/\\\/www.bio-honig.de\\\/cms\\\/produkt\\\/grosses-set-waldbienen-6x500-g-honig-von-bienenstaenden-im-wald\\\/#breadcrumb\",\"itemListElement\":[{\"@type\":\"ListItem\",\"position\":1,\"name\":\"Startseite\",\"item\":\"https:\\\/\\\/www.bio-honig.de\\\/cms\\\/\"},{\"@type\":\"ListItem\",\"position\":2,\"name\":\"Produkte\",\"item\":\"https:\\\/\\\/www.bio-honig.de\\\/cms\\\/shop\\\/\"},{\"@type\":\"ListItem\",\"position\":3,\"name\":\"Grosses Set &#8222;Waldbienen&#8220;: 6 x Honig von Bienenst\u00e4nden im Wald\"}]},{\"@type\":\"WebSite\",\"@id\":\"https:\\\/\\\/www.bio-honig.de\\\/cms\\\/#website\",\"url\":\"https:\\\/\\\/www.bio-honig.de\\\/cms\\\/\",\"name\":\"Bl\u00fctenland Bienenh\u00f6fe\",\"description\":\"Bio-Honig von Heike Appel\",\"publisher\":{\"@id\":\"https:\\\/\\\/www.bio-honig.de\\\/cms\\\/#organization\"},\"potentialAction\":[{\"@type\":\"SearchAction\",\"target\":{\"@type\":\"EntryPoint\",\"urlTemplate\":\"https:\\\/\\\/www.bio-honig.de\\\/cms\\\/?s={search_term_string}\"},\"query-input\":{\"@type\":\"PropertyValueSpecification\",\"valueRequired\":true,\"valueName\":\"search_term_string\"}}],\"inLanguage\":\"de\"},{\"@type\":\"Organization\",\"@id\":\"https:\\\/\\\/www.bio-honig.de\\\/cms\\\/#organization\",\"name\":\"Bl\u00fctenland Bienenh\u00f6fe - Bioland Imkereiprodukte\",\"url\":\"https:\\\/\\\/www.bio-honig.de\\\/cms\\\/\",\"logo\":{\"@type\":\"ImageObject\",\"inLanguage\":\"de\",\"@id\":\"https:\\\/\\\/www.bio-honig.de\\\/cms\\\/#\\\/schema\\\/logo\\\/image\\\/\",\"url\":\"https:\\\/\\\/www.bio-honig.de\\\/cms\\\/wp-content\\\/uploads\\\/2018\\\/12\\\/Bildschirmfoto-2018-12-16-um-17.31.00.png\",\"contentUrl\":\"https:\\\/\\\/www.bio-honig.de\\\/cms\\\/wp-content\\\/uploads\\\/2018\\\/12\\\/Bildschirmfoto-2018-12-16-um-17.31.00.png\",\"width\":750,\"height\":206,\"caption\":\"Bl\u00fctenland Bienenh\u00f6fe - Bioland Imkereiprodukte\"},\"image\":{\"@id\":\"https:\\\/\\\/www.bio-honig.de\\\/cms\\\/#\\\/schema\\\/logo\\\/image\\\/\"}}]}<\/script>\n<!-- \/ Yoast SEO plugin. -->","yoast_head_json":{"title":"Grosses Set \"Waldbienen\": 6 x Honig von Bienenst\u00e4nden im Wald - Bl\u00fctenland Bienenh\u00f6fe","robots":{"index":"index","follow":"follow","max-snippet":"max-snippet:-1","max-image-preview":"max-image-preview:large","max-video-preview":"max-video-preview:-1"},"canonical":"https:\/\/www.bio-honig.de\/cms\/produkt\/grosses-set-waldbienen-6x500-g-honig-von-bienenstaenden-im-wald\/","og_locale":"de_DE","og_type":"article","og_title":"Grosses Set \"Waldbienen\": 6 x Honig von Bienenst\u00e4nden im Wald - Bl\u00fctenland Bienenh\u00f6fe","og_description":"Ernteregionen: Brandenburg, Schw\u00e4bischer Wald, Schwarzwald,  Aromen: zart-w\u00fcrzig, fein-w\u00fcrzig, w\u00fcrzig, herb-w\u00fcrzig, feines Minzearoma  Farbe: hellgelb, braun und schwarzbraun transparent  Konsistenz: 3 x fl\u00fcssig, 3 x cremig","og_url":"https:\/\/www.bio-honig.de\/cms\/produkt\/grosses-set-waldbienen-6x500-g-honig-von-bienenstaenden-im-wald\/","og_site_name":"Bl\u00fctenland Bienenh\u00f6fe","article_modified_time":"2026-03-24T14:03:09+00:00","og_image":[{"width":2000,"height":2000,"url":"https:\/\/www.bio-honig.de\/cms\/wp-content\/uploads\/2025\/11\/500-waldbiene.jpg","type":"image\/jpeg"}],"twitter_card":"summary_large_image","twitter_misc":{"Gesch\u00e4tzte Lesezeit":"1\u00a0Minute"},"schema":{"@context":"https:\/\/schema.org","@graph":[{"@type":"WebPage","@id":"https:\/\/www.bio-honig.de\/cms\/produkt\/grosses-set-waldbienen-6x500-g-honig-von-bienenstaenden-im-wald\/","url":"https:\/\/www.bio-honig.de\/cms\/produkt\/grosses-set-waldbienen-6x500-g-honig-von-bienenstaenden-im-wald\/","name":"Grosses Set \"Waldbienen\": 6 x Honig von Bienenst\u00e4nden im Wald - Bl\u00fctenland Bienenh\u00f6fe","isPartOf":{"@id":"https:\/\/www.bio-honig.de\/cms\/#website"},"primaryImageOfPage":{"@id":"https:\/\/www.bio-honig.de\/cms\/produkt\/grosses-set-waldbienen-6x500-g-honig-von-bienenstaenden-im-wald\/#primaryimage"},"image":{"@id":"https:\/\/www.bio-honig.de\/cms\/produkt\/grosses-set-waldbienen-6x500-g-honig-von-bienenstaenden-im-wald\/#primaryimage"},"thumbnailUrl":"https:\/\/www.bio-honig.de\/cms\/wp-content\/uploads\/2025\/11\/500-waldbiene.jpg","datePublished":"2024-04-24T13:28:45+00:00","dateModified":"2026-03-24T14:03:09+00:00","breadcrumb":{"@id":"https:\/\/www.bio-honig.de\/cms\/produkt\/grosses-set-waldbienen-6x500-g-honig-von-bienenstaenden-im-wald\/#breadcrumb"},"inLanguage":"de","potentialAction":[{"@type":"ReadAction","target":["https:\/\/www.bio-honig.de\/cms\/produkt\/grosses-set-waldbienen-6x500-g-honig-von-bienenstaenden-im-wald\/"]}]},{"@type":"ImageObject","inLanguage":"de","@id":"https:\/\/www.bio-honig.de\/cms\/produkt\/grosses-set-waldbienen-6x500-g-honig-von-bienenstaenden-im-wald\/#primaryimage","url":"https:\/\/www.bio-honig.de\/cms\/wp-content\/uploads\/2025\/11\/500-waldbiene.jpg","contentUrl":"https:\/\/www.bio-honig.de\/cms\/wp-content\/uploads\/2025\/11\/500-waldbiene.jpg","width":2000,"height":2000},{"@type":"BreadcrumbList","@id":"https:\/\/www.bio-honig.de\/cms\/produkt\/grosses-set-waldbienen-6x500-g-honig-von-bienenstaenden-im-wald\/#breadcrumb","itemListElement":[{"@type":"ListItem","position":1,"name":"Startseite","item":"https:\/\/www.bio-honig.de\/cms\/"},{"@type":"ListItem","position":2,"name":"Produkte","item":"https:\/\/www.bio-honig.de\/cms\/shop\/"},{"@type":"ListItem","position":3,"name":"Grosses Set &#8222;Waldbienen&#8220;: 6 x Honig von Bienenst\u00e4nden im Wald"}]},{"@type":"WebSite","@id":"https:\/\/www.bio-honig.de\/cms\/#website","url":"https:\/\/www.bio-honig.de\/cms\/","name":"Bl\u00fctenland Bienenh\u00f6fe","description":"Bio-Honig von Heike Appel","publisher":{"@id":"https:\/\/www.bio-honig.de\/cms\/#organization"},"potentialAction":[{"@type":"SearchAction","target":{"@type":"EntryPoint","urlTemplate":"https:\/\/www.bio-honig.de\/cms\/?s={search_term_string}"},"query-input":{"@type":"PropertyValueSpecification","valueRequired":true,"valueName":"search_term_string"}}],"inLanguage":"de"},{"@type":"Organization","@id":"https:\/\/www.bio-honig.de\/cms\/#organization","name":"Bl\u00fctenland Bienenh\u00f6fe - Bioland Imkereiprodukte","url":"https:\/\/www.bio-honig.de\/cms\/","logo":{"@type":"ImageObject","inLanguage":"de","@id":"https:\/\/www.bio-honig.de\/cms\/#\/schema\/logo\/image\/","url":"https:\/\/www.bio-honig.de\/cms\/wp-content\/uploads\/2018\/12\/Bildschirmfoto-2018-12-16-um-17.31.00.png","contentUrl":"https:\/\/www.bio-honig.de\/cms\/wp-content\/uploads\/2018\/12\/Bildschirmfoto-2018-12-16-um-17.31.00.png","width":750,"height":206,"caption":"Bl\u00fctenland Bienenh\u00f6fe - Bioland Imkereiprodukte"},"image":{"@id":"https:\/\/www.bio-honig.de\/cms\/#\/schema\/logo\/image\/"}}]}},"_links":{"self":[{"href":"https:\/\/www.bio-honig.de\/cms\/wp-json\/wp\/v2\/product\/5910","targetHints":{"allow":["GET"]}}],"collection":[{"href":"https:\/\/www.bio-honig.de\/cms\/wp-json\/wp\/v2\/product"}],"about":[{"href":"https:\/\/www.bio-honig.de\/cms\/wp-json\/wp\/v2\/types\/product"}],"replies":[{"embeddable":true,"href":"https:\/\/www.bio-honig.de\/cms\/wp-json\/wp\/v2\/comments?post=5910"}],"wp:featuredmedia":[{"embeddable":true,"href":"https:\/\/www.bio-honig.de\/cms\/wp-json\/wp\/v2\/media\/10640"}],"wp:attachment":[{"href":"https:\/\/www.bio-honig.de\/cms\/wp-json\/wp\/v2\/media?parent=5910"}],"wp:term":[{"taxonomy":"product_brand","embeddable":true,"href":"https:\/\/www.bio-honig.de\/cms\/wp-json\/wp\/v2\/product_brand?post=5910"},{"taxonomy":"product_cat","embeddable":true,"href":"https:\/\/www.bio-honig.de\/cms\/wp-json\/wp\/v2\/product_cat?post=5910"},{"taxonomy":"product_tag","embeddable":true,"href":"https:\/\/www.bio-honig.de\/cms\/wp-json\/wp\/v2\/product_tag?post=5910"}],"curies":[{"name":"wp","href":"https:\/\/api.w.org\/{rel}","templated":true}]}}