{"id":8811,"date":"2025-04-04T16:14:58","date_gmt":"2025-04-04T14:14:58","guid":{"rendered":"https:\/\/www.bio-honig.de\/cms\/?post_type=product&#038;p=8811"},"modified":"2026-05-16T16:15:15","modified_gmt":"2026-05-16T14:15:15","slug":"bienenwachs-teelichtkerzen","status":"publish","type":"product","link":"https:\/\/www.bio-honig.de\/cms\/produkt\/bienenwachs-teelichtkerzen\/","title":{"rendered":"Teelichter, 100% reines Bienenwachs (10 St\u00fcck)"},"content":{"rendered":"<p>10 Bienenwachs Teelichtkerzen (massiv gegossen) in einer Schachtel<\/p>\n<p><strong>Gr\u00f6\u00dfe: ca. 38 x 20 mm (Dicke x H\u00f6he)<\/strong><br \/>\n<strong>Gewicht: ca. 20 g pro St\u00fcck<\/strong><\/p>\n<p>&nbsp;<\/p>\n<p>Die Kerzen werden in Handarbeit aus 100 % reinem Bienenwachs hergestellt.<\/p>\n<p>Es ist sehr sch\u00f6nes, gelbes, aromatisch duftendes Bienenwachs.Naturgem\u00e4\u00df sind leichte Abweichungen von den Gr\u00f6\u00dfenangaben m\u00f6glich.Bienenwachs ist ein wunderbarer Stoff, der von den Bienen selbst erzeugt wird &#8211; aus ihren Wachsdr\u00fcsen &#8222;schwitzen&#8220; sie kleine wei\u00dfe Wachspl\u00e4ttchen, mit denen sie ihren Wabenbau errichten.Erst durch den eingelagerten Honig und Pollen und das Propolis (Kittharz), mit dem die Bienen ihre Waben \u00fcberziehen, bekommt das Wachs seine typische gelbe Farbe. Das Wachsaroma bestimmen die Bl\u00fcten, die von den Bienen besucht werden.<\/p>\n<p>Das Bienenwachs ist nicht bio-zertifiziert. Bioland-Bienenwachs wird in den Bioland-Imkereien f\u00fcr die Erneuerung der Waben ben\u00f6tigt.<\/p>\n","protected":false},"excerpt":{"rendered":"<p>10 Bienenwachs Teelichtkerzen (massiv gegossen) in einer Schachtel Gr\u00f6\u00dfe: ca. 38 x 20 mm (Dicke x H\u00f6he) Gewicht: ca. 20 g pro St\u00fcck &nbsp; Die Kerzen werden in Handarbeit aus 100 % reinem Bienenwachs hergestellt. Es ist sehr sch\u00f6nes, gelbes, aromatisch duftendes Bienenwachs.Naturgem\u00e4\u00df sind leichte Abweichungen von den Gr\u00f6\u00dfenangaben m\u00f6glich.Bienenwachs ist ein wunderbarer Stoff, der [&hellip;]<\/p>\n","protected":false},"featured_media":8759,"comment_status":"closed","ping_status":"closed","template":"","meta":[],"product_brand":[],"product_cat":[19,192],"product_tag":[62,115,116],"class_list":{"0":"post-8811","1":"product","2":"type-product","3":"status-publish","4":"has-post-thumbnail","6":"product_cat-bienenwachs-kerzen","7":"product_cat-handgegossene-bienenwachs-stumpenkerzen","8":"product_tag-aus-deutschland","9":"product_tag-goldgelb","10":"product_tag-duftend","12":"first","13":"instock","14":"taxable","15":"shipping-taxable","16":"purchasable","17":"product-type-simple"},"yoast_head":"<!-- This site is optimized with the Yoast SEO plugin v27.6 - https:\/\/yoast.com\/product\/yoast-seo-wordpress\/ -->\n<title>Teelichter, 100% reines Bienenwachs (10 St\u00fcck) - Bl\u00fctenland Bienenh\u00f6fe<\/title>\n<meta name=\"robots\" content=\"index, follow, max-snippet:-1, max-image-preview:large, max-video-preview:-1\" \/>\n<link rel=\"canonical\" href=\"https:\/\/www.bio-honig.de\/cms\/produkt\/bienenwachs-teelichtkerzen\/\" \/>\n<meta property=\"og:locale\" content=\"de_DE\" \/>\n<meta property=\"og:type\" content=\"article\" \/>\n<meta property=\"og:title\" content=\"Teelichter, 100% reines Bienenwachs (10 St\u00fcck) - Bl\u00fctenland Bienenh\u00f6fe\" \/>\n<meta property=\"og:description\" content=\"10 Bienenwachs Teelichtkerzen (massiv gegossen) in einer Schachtel Gr\u00f6\u00dfe: ca. 38 x 20 mm (Dicke x H\u00f6he) Gewicht: ca. 20 g pro St\u00fcck &nbsp; Die Kerzen werden in Handarbeit aus 100 % reinem Bienenwachs hergestellt. Es ist sehr sch\u00f6nes, gelbes, aromatisch duftendes Bienenwachs.Naturgem\u00e4\u00df sind leichte Abweichungen von den Gr\u00f6\u00dfenangaben m\u00f6glich.Bienenwachs ist ein wunderbarer Stoff, der [&hellip;]\" \/>\n<meta property=\"og:url\" content=\"https:\/\/www.bio-honig.de\/cms\/produkt\/bienenwachs-teelichtkerzen\/\" \/>\n<meta property=\"og:site_name\" content=\"Bl\u00fctenland Bienenh\u00f6fe\" \/>\n<meta property=\"article:modified_time\" content=\"2026-05-16T14:15:15+00:00\" \/>\n<meta property=\"og:image\" content=\"https:\/\/www.bio-honig.de\/cms\/wp-content\/uploads\/2025\/03\/teelichter-bienenwachs-2.jpg\" \/>\n\t<meta property=\"og:image:width\" content=\"2000\" \/>\n\t<meta property=\"og:image:height\" content=\"2000\" \/>\n\t<meta property=\"og:image:type\" content=\"image\/jpeg\" \/>\n<meta name=\"twitter:card\" content=\"summary_large_image\" \/>\n<meta name=\"twitter:label1\" content=\"Gesch\u00e4tzte Lesezeit\" \/>\n\t<meta name=\"twitter:data1\" content=\"1\u00a0Minute\" \/>\n<script type=\"application\/ld+json\" class=\"yoast-schema-graph\">{\"@context\":\"https:\\\/\\\/schema.org\",\"@graph\":[{\"@type\":\"WebPage\",\"@id\":\"https:\\\/\\\/www.bio-honig.de\\\/cms\\\/produkt\\\/bienenwachs-teelichtkerzen\\\/\",\"url\":\"https:\\\/\\\/www.bio-honig.de\\\/cms\\\/produkt\\\/bienenwachs-teelichtkerzen\\\/\",\"name\":\"Teelichter, 100% reines Bienenwachs (10 St\u00fcck) - Bl\u00fctenland Bienenh\u00f6fe\",\"isPartOf\":{\"@id\":\"https:\\\/\\\/www.bio-honig.de\\\/cms\\\/#website\"},\"primaryImageOfPage\":{\"@id\":\"https:\\\/\\\/www.bio-honig.de\\\/cms\\\/produkt\\\/bienenwachs-teelichtkerzen\\\/#primaryimage\"},\"image\":{\"@id\":\"https:\\\/\\\/www.bio-honig.de\\\/cms\\\/produkt\\\/bienenwachs-teelichtkerzen\\\/#primaryimage\"},\"thumbnailUrl\":\"https:\\\/\\\/www.bio-honig.de\\\/cms\\\/wp-content\\\/uploads\\\/2025\\\/03\\\/teelichter-bienenwachs-2.jpg\",\"datePublished\":\"2025-04-04T14:14:58+00:00\",\"dateModified\":\"2026-05-16T14:15:15+00:00\",\"breadcrumb\":{\"@id\":\"https:\\\/\\\/www.bio-honig.de\\\/cms\\\/produkt\\\/bienenwachs-teelichtkerzen\\\/#breadcrumb\"},\"inLanguage\":\"de\",\"potentialAction\":[{\"@type\":\"ReadAction\",\"target\":[\"https:\\\/\\\/www.bio-honig.de\\\/cms\\\/produkt\\\/bienenwachs-teelichtkerzen\\\/\"]}]},{\"@type\":\"ImageObject\",\"inLanguage\":\"de\",\"@id\":\"https:\\\/\\\/www.bio-honig.de\\\/cms\\\/produkt\\\/bienenwachs-teelichtkerzen\\\/#primaryimage\",\"url\":\"https:\\\/\\\/www.bio-honig.de\\\/cms\\\/wp-content\\\/uploads\\\/2025\\\/03\\\/teelichter-bienenwachs-2.jpg\",\"contentUrl\":\"https:\\\/\\\/www.bio-honig.de\\\/cms\\\/wp-content\\\/uploads\\\/2025\\\/03\\\/teelichter-bienenwachs-2.jpg\",\"width\":2000,\"height\":2000},{\"@type\":\"BreadcrumbList\",\"@id\":\"https:\\\/\\\/www.bio-honig.de\\\/cms\\\/produkt\\\/bienenwachs-teelichtkerzen\\\/#breadcrumb\",\"itemListElement\":[{\"@type\":\"ListItem\",\"position\":1,\"name\":\"Startseite\",\"item\":\"https:\\\/\\\/www.bio-honig.de\\\/cms\\\/\"},{\"@type\":\"ListItem\",\"position\":2,\"name\":\"Produkte\",\"item\":\"https:\\\/\\\/www.bio-honig.de\\\/cms\\\/shop\\\/\"},{\"@type\":\"ListItem\",\"position\":3,\"name\":\"Teelichter, 100% reines Bienenwachs (10 St\u00fcck)\"}]},{\"@type\":\"WebSite\",\"@id\":\"https:\\\/\\\/www.bio-honig.de\\\/cms\\\/#website\",\"url\":\"https:\\\/\\\/www.bio-honig.de\\\/cms\\\/\",\"name\":\"Bl\u00fctenland Bienenh\u00f6fe\",\"description\":\"Bio-Honig von Heike Appel\",\"publisher\":{\"@id\":\"https:\\\/\\\/www.bio-honig.de\\\/cms\\\/#organization\"},\"potentialAction\":[{\"@type\":\"SearchAction\",\"target\":{\"@type\":\"EntryPoint\",\"urlTemplate\":\"https:\\\/\\\/www.bio-honig.de\\\/cms\\\/?s={search_term_string}\"},\"query-input\":{\"@type\":\"PropertyValueSpecification\",\"valueRequired\":true,\"valueName\":\"search_term_string\"}}],\"inLanguage\":\"de\"},{\"@type\":\"Organization\",\"@id\":\"https:\\\/\\\/www.bio-honig.de\\\/cms\\\/#organization\",\"name\":\"Bl\u00fctenland Bienenh\u00f6fe - Bioland Imkereiprodukte\",\"url\":\"https:\\\/\\\/www.bio-honig.de\\\/cms\\\/\",\"logo\":{\"@type\":\"ImageObject\",\"inLanguage\":\"de\",\"@id\":\"https:\\\/\\\/www.bio-honig.de\\\/cms\\\/#\\\/schema\\\/logo\\\/image\\\/\",\"url\":\"https:\\\/\\\/www.bio-honig.de\\\/cms\\\/wp-content\\\/uploads\\\/2018\\\/12\\\/Bildschirmfoto-2018-12-16-um-17.31.00.png\",\"contentUrl\":\"https:\\\/\\\/www.bio-honig.de\\\/cms\\\/wp-content\\\/uploads\\\/2018\\\/12\\\/Bildschirmfoto-2018-12-16-um-17.31.00.png\",\"width\":750,\"height\":206,\"caption\":\"Bl\u00fctenland Bienenh\u00f6fe - Bioland Imkereiprodukte\"},\"image\":{\"@id\":\"https:\\\/\\\/www.bio-honig.de\\\/cms\\\/#\\\/schema\\\/logo\\\/image\\\/\"}}]}<\/script>\n<!-- \/ Yoast SEO plugin. -->","yoast_head_json":{"title":"Teelichter, 100% reines Bienenwachs (10 St\u00fcck) - Bl\u00fctenland Bienenh\u00f6fe","robots":{"index":"index","follow":"follow","max-snippet":"max-snippet:-1","max-image-preview":"max-image-preview:large","max-video-preview":"max-video-preview:-1"},"canonical":"https:\/\/www.bio-honig.de\/cms\/produkt\/bienenwachs-teelichtkerzen\/","og_locale":"de_DE","og_type":"article","og_title":"Teelichter, 100% reines Bienenwachs (10 St\u00fcck) - Bl\u00fctenland Bienenh\u00f6fe","og_description":"10 Bienenwachs Teelichtkerzen (massiv gegossen) in einer Schachtel Gr\u00f6\u00dfe: ca. 38 x 20 mm (Dicke x H\u00f6he) Gewicht: ca. 20 g pro St\u00fcck &nbsp; Die Kerzen werden in Handarbeit aus 100 % reinem Bienenwachs hergestellt. Es ist sehr sch\u00f6nes, gelbes, aromatisch duftendes Bienenwachs.Naturgem\u00e4\u00df sind leichte Abweichungen von den Gr\u00f6\u00dfenangaben m\u00f6glich.Bienenwachs ist ein wunderbarer Stoff, der [&hellip;]","og_url":"https:\/\/www.bio-honig.de\/cms\/produkt\/bienenwachs-teelichtkerzen\/","og_site_name":"Bl\u00fctenland Bienenh\u00f6fe","article_modified_time":"2026-05-16T14:15:15+00:00","og_image":[{"width":2000,"height":2000,"url":"https:\/\/www.bio-honig.de\/cms\/wp-content\/uploads\/2025\/03\/teelichter-bienenwachs-2.jpg","type":"image\/jpeg"}],"twitter_card":"summary_large_image","twitter_misc":{"Gesch\u00e4tzte Lesezeit":"1\u00a0Minute"},"schema":{"@context":"https:\/\/schema.org","@graph":[{"@type":"WebPage","@id":"https:\/\/www.bio-honig.de\/cms\/produkt\/bienenwachs-teelichtkerzen\/","url":"https:\/\/www.bio-honig.de\/cms\/produkt\/bienenwachs-teelichtkerzen\/","name":"Teelichter, 100% reines Bienenwachs (10 St\u00fcck) - Bl\u00fctenland Bienenh\u00f6fe","isPartOf":{"@id":"https:\/\/www.bio-honig.de\/cms\/#website"},"primaryImageOfPage":{"@id":"https:\/\/www.bio-honig.de\/cms\/produkt\/bienenwachs-teelichtkerzen\/#primaryimage"},"image":{"@id":"https:\/\/www.bio-honig.de\/cms\/produkt\/bienenwachs-teelichtkerzen\/#primaryimage"},"thumbnailUrl":"https:\/\/www.bio-honig.de\/cms\/wp-content\/uploads\/2025\/03\/teelichter-bienenwachs-2.jpg","datePublished":"2025-04-04T14:14:58+00:00","dateModified":"2026-05-16T14:15:15+00:00","breadcrumb":{"@id":"https:\/\/www.bio-honig.de\/cms\/produkt\/bienenwachs-teelichtkerzen\/#breadcrumb"},"inLanguage":"de","potentialAction":[{"@type":"ReadAction","target":["https:\/\/www.bio-honig.de\/cms\/produkt\/bienenwachs-teelichtkerzen\/"]}]},{"@type":"ImageObject","inLanguage":"de","@id":"https:\/\/www.bio-honig.de\/cms\/produkt\/bienenwachs-teelichtkerzen\/#primaryimage","url":"https:\/\/www.bio-honig.de\/cms\/wp-content\/uploads\/2025\/03\/teelichter-bienenwachs-2.jpg","contentUrl":"https:\/\/www.bio-honig.de\/cms\/wp-content\/uploads\/2025\/03\/teelichter-bienenwachs-2.jpg","width":2000,"height":2000},{"@type":"BreadcrumbList","@id":"https:\/\/www.bio-honig.de\/cms\/produkt\/bienenwachs-teelichtkerzen\/#breadcrumb","itemListElement":[{"@type":"ListItem","position":1,"name":"Startseite","item":"https:\/\/www.bio-honig.de\/cms\/"},{"@type":"ListItem","position":2,"name":"Produkte","item":"https:\/\/www.bio-honig.de\/cms\/shop\/"},{"@type":"ListItem","position":3,"name":"Teelichter, 100% reines Bienenwachs (10 St\u00fcck)"}]},{"@type":"WebSite","@id":"https:\/\/www.bio-honig.de\/cms\/#website","url":"https:\/\/www.bio-honig.de\/cms\/","name":"Bl\u00fctenland Bienenh\u00f6fe","description":"Bio-Honig von Heike Appel","publisher":{"@id":"https:\/\/www.bio-honig.de\/cms\/#organization"},"potentialAction":[{"@type":"SearchAction","target":{"@type":"EntryPoint","urlTemplate":"https:\/\/www.bio-honig.de\/cms\/?s={search_term_string}"},"query-input":{"@type":"PropertyValueSpecification","valueRequired":true,"valueName":"search_term_string"}}],"inLanguage":"de"},{"@type":"Organization","@id":"https:\/\/www.bio-honig.de\/cms\/#organization","name":"Bl\u00fctenland Bienenh\u00f6fe - Bioland Imkereiprodukte","url":"https:\/\/www.bio-honig.de\/cms\/","logo":{"@type":"ImageObject","inLanguage":"de","@id":"https:\/\/www.bio-honig.de\/cms\/#\/schema\/logo\/image\/","url":"https:\/\/www.bio-honig.de\/cms\/wp-content\/uploads\/2018\/12\/Bildschirmfoto-2018-12-16-um-17.31.00.png","contentUrl":"https:\/\/www.bio-honig.de\/cms\/wp-content\/uploads\/2018\/12\/Bildschirmfoto-2018-12-16-um-17.31.00.png","width":750,"height":206,"caption":"Bl\u00fctenland Bienenh\u00f6fe - Bioland Imkereiprodukte"},"image":{"@id":"https:\/\/www.bio-honig.de\/cms\/#\/schema\/logo\/image\/"}}]}},"_links":{"self":[{"href":"https:\/\/www.bio-honig.de\/cms\/wp-json\/wp\/v2\/product\/8811","targetHints":{"allow":["GET"]}}],"collection":[{"href":"https:\/\/www.bio-honig.de\/cms\/wp-json\/wp\/v2\/product"}],"about":[{"href":"https:\/\/www.bio-honig.de\/cms\/wp-json\/wp\/v2\/types\/product"}],"replies":[{"embeddable":true,"href":"https:\/\/www.bio-honig.de\/cms\/wp-json\/wp\/v2\/comments?post=8811"}],"wp:featuredmedia":[{"embeddable":true,"href":"https:\/\/www.bio-honig.de\/cms\/wp-json\/wp\/v2\/media\/8759"}],"wp:attachment":[{"href":"https:\/\/www.bio-honig.de\/cms\/wp-json\/wp\/v2\/media?parent=8811"}],"wp:term":[{"taxonomy":"product_brand","embeddable":true,"href":"https:\/\/www.bio-honig.de\/cms\/wp-json\/wp\/v2\/product_brand?post=8811"},{"taxonomy":"product_cat","embeddable":true,"href":"https:\/\/www.bio-honig.de\/cms\/wp-json\/wp\/v2\/product_cat?post=8811"},{"taxonomy":"product_tag","embeddable":true,"href":"https:\/\/www.bio-honig.de\/cms\/wp-json\/wp\/v2\/product_tag?post=8811"}],"curies":[{"name":"wp","href":"https:\/\/api.w.org\/{rel}","templated":true}]}}