{"id":9902,"date":"2025-09-11T18:30:28","date_gmt":"2025-09-11T16:30:28","guid":{"rendered":"https:\/\/www.bio-honig.de\/cms\/?post_type=product&#038;p=9902"},"modified":"2026-04-14T19:02:43","modified_gmt":"2026-04-14T17:02:43","slug":"bio-sommerhonig-mit-kleebluete-aus-dem-saaletal-blumig-aromatisch","status":"publish","type":"product","link":"https:\/\/www.bio-honig.de\/cms\/produkt\/bio-sommerhonig-mit-kleebluete-aus-dem-saaletal-blumig-aromatisch\/","title":{"rendered":"Sommerhonig mit Kleebl\u00fcte aus dem Saaletal"},"content":{"rendered":"<p>Es summt und brummt in der Wiese. Ein frischer s\u00fc\u00dfer Duft lockt die Bienen in kleine wei\u00dfe Bl\u00fctenkelche &#8211; der Wei\u00dfklee bl\u00fcht!<\/p>\n<p>Wei\u00dfklee ist eine ausgezeichnete Bienenweise: einen milden Sommerhonig mit blumig-frischer Kleenote tragen die Bienen in ihre Waben ein.<\/p>\n<p>Wei\u00dfkleehonig ist selten, da die Wiesen meist vor der Bl\u00fcte gem\u00e4ht werden.<\/p>\n","protected":false},"excerpt":{"rendered":"<p><strong>Ernteregion:<\/strong> Saaletal<\/p>\n<p><strong>Aroma: <\/strong>blumig &#8211; aromatisch<\/p>\n<p><strong>Farbe:<\/strong> beige &#8211; gelb,<\/p>\n<p><strong>Konsistenz:<\/strong> sehr cremig<\/p>\n","protected":false},"featured_media":9914,"comment_status":"closed","ping_status":"closed","template":"","meta":[],"product_brand":[],"product_cat":[190,17],"product_tag":[62,177,263,32],"class_list":{"0":"post-9902","1":"product","2":"type-product","3":"status-publish","4":"has-post-thumbnail","6":"product_cat-alle-bio-honige","7":"product_cat-deutscher-bio-honig","8":"product_tag-aus-deutschland","9":"product_tag-hellgelb-bis-beige","10":"product_tag-zartblumig-aromatisch","11":"product_tag-feincremig","13":"first","14":"instock","15":"taxable","16":"shipping-taxable","17":"purchasable","18":"product-type-variable","19":"has-default-attributes","20":"wvs-archive-product-wrapper"},"yoast_head":"<!-- This site is optimized with the Yoast SEO plugin v27.3 - https:\/\/yoast.com\/product\/yoast-seo-wordpress\/ -->\n<title>Sommerhonig mit Kleebl\u00fcte aus dem Saaletal - Bl\u00fctenland Bienenh\u00f6fe<\/title>\n<meta name=\"description\" content=\"Blumig-aromatischer Bio Sommerhonig mit Kleebl\u00fcte aus dem Saaletal. 100% Bioland Qualit\u00e4t - naturbelassen, intensiv und besonders wertvoll.\" \/>\n<meta name=\"robots\" content=\"index, follow, max-snippet:-1, max-image-preview:large, max-video-preview:-1\" \/>\n<link rel=\"canonical\" href=\"https:\/\/www.bio-honig.de\/cms\/produkt\/bio-sommerhonig-mit-kleebluete-aus-dem-saaletal-blumig-aromatisch\/\" \/>\n<meta property=\"og:locale\" content=\"de_DE\" \/>\n<meta property=\"og:type\" content=\"article\" \/>\n<meta property=\"og:title\" content=\"Sommerhonig mit Kleebl\u00fcte aus dem Saaletal - Bl\u00fctenland Bienenh\u00f6fe\" \/>\n<meta property=\"og:description\" content=\"Blumig-aromatischer Bio Sommerhonig mit Kleebl\u00fcte aus dem Saaletal. 100% Bioland Qualit\u00e4t - naturbelassen, intensiv und besonders wertvoll.\" \/>\n<meta property=\"og:url\" content=\"https:\/\/www.bio-honig.de\/cms\/produkt\/bio-sommerhonig-mit-kleebluete-aus-dem-saaletal-blumig-aromatisch\/\" \/>\n<meta property=\"og:site_name\" content=\"Bl\u00fctenland Bienenh\u00f6fe\" \/>\n<meta property=\"article:modified_time\" content=\"2026-04-14T17:02:43+00:00\" \/>\n<meta property=\"og:image\" content=\"https:\/\/www.bio-honig.de\/cms\/wp-content\/uploads\/2025\/09\/sommerhonig-mit-kleebluete-500g-1.jpg\" \/>\n\t<meta property=\"og:image:width\" content=\"2500\" \/>\n\t<meta property=\"og:image:height\" content=\"2500\" \/>\n\t<meta property=\"og:image:type\" content=\"image\/jpeg\" \/>\n<meta name=\"twitter:card\" content=\"summary_large_image\" \/>\n<meta name=\"twitter:label1\" content=\"Gesch\u00e4tzte Lesezeit\" \/>\n\t<meta name=\"twitter:data1\" content=\"1\u00a0Minute\" \/>\n<script type=\"application\/ld+json\" class=\"yoast-schema-graph\">{\"@context\":\"https:\\\/\\\/schema.org\",\"@graph\":[{\"@type\":\"WebPage\",\"@id\":\"https:\\\/\\\/www.bio-honig.de\\\/cms\\\/produkt\\\/bio-sommerhonig-mit-kleebluete-aus-dem-saaletal-blumig-aromatisch\\\/\",\"url\":\"https:\\\/\\\/www.bio-honig.de\\\/cms\\\/produkt\\\/bio-sommerhonig-mit-kleebluete-aus-dem-saaletal-blumig-aromatisch\\\/\",\"name\":\"Sommerhonig mit Kleebl\u00fcte aus dem Saaletal - Bl\u00fctenland Bienenh\u00f6fe\",\"isPartOf\":{\"@id\":\"https:\\\/\\\/www.bio-honig.de\\\/cms\\\/#website\"},\"primaryImageOfPage\":{\"@id\":\"https:\\\/\\\/www.bio-honig.de\\\/cms\\\/produkt\\\/bio-sommerhonig-mit-kleebluete-aus-dem-saaletal-blumig-aromatisch\\\/#primaryimage\"},\"image\":{\"@id\":\"https:\\\/\\\/www.bio-honig.de\\\/cms\\\/produkt\\\/bio-sommerhonig-mit-kleebluete-aus-dem-saaletal-blumig-aromatisch\\\/#primaryimage\"},\"thumbnailUrl\":\"https:\\\/\\\/www.bio-honig.de\\\/cms\\\/wp-content\\\/uploads\\\/2025\\\/09\\\/sommerhonig-mit-kleebluete-500g-1.jpg\",\"datePublished\":\"2025-09-11T16:30:28+00:00\",\"dateModified\":\"2026-04-14T17:02:43+00:00\",\"description\":\"Blumig-aromatischer Bio Sommerhonig mit Kleebl\u00fcte aus dem Saaletal. 100% Bioland Qualit\u00e4t - naturbelassen, intensiv und besonders wertvoll.\",\"breadcrumb\":{\"@id\":\"https:\\\/\\\/www.bio-honig.de\\\/cms\\\/produkt\\\/bio-sommerhonig-mit-kleebluete-aus-dem-saaletal-blumig-aromatisch\\\/#breadcrumb\"},\"inLanguage\":\"de\",\"potentialAction\":[{\"@type\":\"ReadAction\",\"target\":[\"https:\\\/\\\/www.bio-honig.de\\\/cms\\\/produkt\\\/bio-sommerhonig-mit-kleebluete-aus-dem-saaletal-blumig-aromatisch\\\/\"]}]},{\"@type\":\"ImageObject\",\"inLanguage\":\"de\",\"@id\":\"https:\\\/\\\/www.bio-honig.de\\\/cms\\\/produkt\\\/bio-sommerhonig-mit-kleebluete-aus-dem-saaletal-blumig-aromatisch\\\/#primaryimage\",\"url\":\"https:\\\/\\\/www.bio-honig.de\\\/cms\\\/wp-content\\\/uploads\\\/2025\\\/09\\\/sommerhonig-mit-kleebluete-500g-1.jpg\",\"contentUrl\":\"https:\\\/\\\/www.bio-honig.de\\\/cms\\\/wp-content\\\/uploads\\\/2025\\\/09\\\/sommerhonig-mit-kleebluete-500g-1.jpg\",\"width\":2500,\"height\":2500},{\"@type\":\"BreadcrumbList\",\"@id\":\"https:\\\/\\\/www.bio-honig.de\\\/cms\\\/produkt\\\/bio-sommerhonig-mit-kleebluete-aus-dem-saaletal-blumig-aromatisch\\\/#breadcrumb\",\"itemListElement\":[{\"@type\":\"ListItem\",\"position\":1,\"name\":\"Startseite\",\"item\":\"https:\\\/\\\/www.bio-honig.de\\\/cms\\\/\"},{\"@type\":\"ListItem\",\"position\":2,\"name\":\"Produkte\",\"item\":\"https:\\\/\\\/www.bio-honig.de\\\/cms\\\/shop\\\/\"},{\"@type\":\"ListItem\",\"position\":3,\"name\":\"Sommerhonig mit Kleebl\u00fcte aus dem Saaletal\"}]},{\"@type\":\"WebSite\",\"@id\":\"https:\\\/\\\/www.bio-honig.de\\\/cms\\\/#website\",\"url\":\"https:\\\/\\\/www.bio-honig.de\\\/cms\\\/\",\"name\":\"Bl\u00fctenland Bienenh\u00f6fe\",\"description\":\"Bio-Honig von Heike Appel\",\"publisher\":{\"@id\":\"https:\\\/\\\/www.bio-honig.de\\\/cms\\\/#organization\"},\"potentialAction\":[{\"@type\":\"SearchAction\",\"target\":{\"@type\":\"EntryPoint\",\"urlTemplate\":\"https:\\\/\\\/www.bio-honig.de\\\/cms\\\/?s={search_term_string}\"},\"query-input\":{\"@type\":\"PropertyValueSpecification\",\"valueRequired\":true,\"valueName\":\"search_term_string\"}}],\"inLanguage\":\"de\"},{\"@type\":\"Organization\",\"@id\":\"https:\\\/\\\/www.bio-honig.de\\\/cms\\\/#organization\",\"name\":\"Bl\u00fctenland Bienenh\u00f6fe - Bioland Imkereiprodukte\",\"url\":\"https:\\\/\\\/www.bio-honig.de\\\/cms\\\/\",\"logo\":{\"@type\":\"ImageObject\",\"inLanguage\":\"de\",\"@id\":\"https:\\\/\\\/www.bio-honig.de\\\/cms\\\/#\\\/schema\\\/logo\\\/image\\\/\",\"url\":\"https:\\\/\\\/www.bio-honig.de\\\/cms\\\/wp-content\\\/uploads\\\/2018\\\/12\\\/Bildschirmfoto-2018-12-16-um-17.31.00.png\",\"contentUrl\":\"https:\\\/\\\/www.bio-honig.de\\\/cms\\\/wp-content\\\/uploads\\\/2018\\\/12\\\/Bildschirmfoto-2018-12-16-um-17.31.00.png\",\"width\":750,\"height\":206,\"caption\":\"Bl\u00fctenland Bienenh\u00f6fe - Bioland Imkereiprodukte\"},\"image\":{\"@id\":\"https:\\\/\\\/www.bio-honig.de\\\/cms\\\/#\\\/schema\\\/logo\\\/image\\\/\"}}]}<\/script>\n<!-- \/ Yoast SEO plugin. -->","yoast_head_json":{"title":"Sommerhonig mit Kleebl\u00fcte aus dem Saaletal - Bl\u00fctenland Bienenh\u00f6fe","description":"Blumig-aromatischer Bio Sommerhonig mit Kleebl\u00fcte aus dem Saaletal. 100% Bioland Qualit\u00e4t - naturbelassen, intensiv und besonders wertvoll.","robots":{"index":"index","follow":"follow","max-snippet":"max-snippet:-1","max-image-preview":"max-image-preview:large","max-video-preview":"max-video-preview:-1"},"canonical":"https:\/\/www.bio-honig.de\/cms\/produkt\/bio-sommerhonig-mit-kleebluete-aus-dem-saaletal-blumig-aromatisch\/","og_locale":"de_DE","og_type":"article","og_title":"Sommerhonig mit Kleebl\u00fcte aus dem Saaletal - Bl\u00fctenland Bienenh\u00f6fe","og_description":"Blumig-aromatischer Bio Sommerhonig mit Kleebl\u00fcte aus dem Saaletal. 100% Bioland Qualit\u00e4t - naturbelassen, intensiv und besonders wertvoll.","og_url":"https:\/\/www.bio-honig.de\/cms\/produkt\/bio-sommerhonig-mit-kleebluete-aus-dem-saaletal-blumig-aromatisch\/","og_site_name":"Bl\u00fctenland Bienenh\u00f6fe","article_modified_time":"2026-04-14T17:02:43+00:00","og_image":[{"width":2500,"height":2500,"url":"https:\/\/www.bio-honig.de\/cms\/wp-content\/uploads\/2025\/09\/sommerhonig-mit-kleebluete-500g-1.jpg","type":"image\/jpeg"}],"twitter_card":"summary_large_image","twitter_misc":{"Gesch\u00e4tzte Lesezeit":"1\u00a0Minute"},"schema":{"@context":"https:\/\/schema.org","@graph":[{"@type":"WebPage","@id":"https:\/\/www.bio-honig.de\/cms\/produkt\/bio-sommerhonig-mit-kleebluete-aus-dem-saaletal-blumig-aromatisch\/","url":"https:\/\/www.bio-honig.de\/cms\/produkt\/bio-sommerhonig-mit-kleebluete-aus-dem-saaletal-blumig-aromatisch\/","name":"Sommerhonig mit Kleebl\u00fcte aus dem Saaletal - Bl\u00fctenland Bienenh\u00f6fe","isPartOf":{"@id":"https:\/\/www.bio-honig.de\/cms\/#website"},"primaryImageOfPage":{"@id":"https:\/\/www.bio-honig.de\/cms\/produkt\/bio-sommerhonig-mit-kleebluete-aus-dem-saaletal-blumig-aromatisch\/#primaryimage"},"image":{"@id":"https:\/\/www.bio-honig.de\/cms\/produkt\/bio-sommerhonig-mit-kleebluete-aus-dem-saaletal-blumig-aromatisch\/#primaryimage"},"thumbnailUrl":"https:\/\/www.bio-honig.de\/cms\/wp-content\/uploads\/2025\/09\/sommerhonig-mit-kleebluete-500g-1.jpg","datePublished":"2025-09-11T16:30:28+00:00","dateModified":"2026-04-14T17:02:43+00:00","description":"Blumig-aromatischer Bio Sommerhonig mit Kleebl\u00fcte aus dem Saaletal. 100% Bioland Qualit\u00e4t - naturbelassen, intensiv und besonders wertvoll.","breadcrumb":{"@id":"https:\/\/www.bio-honig.de\/cms\/produkt\/bio-sommerhonig-mit-kleebluete-aus-dem-saaletal-blumig-aromatisch\/#breadcrumb"},"inLanguage":"de","potentialAction":[{"@type":"ReadAction","target":["https:\/\/www.bio-honig.de\/cms\/produkt\/bio-sommerhonig-mit-kleebluete-aus-dem-saaletal-blumig-aromatisch\/"]}]},{"@type":"ImageObject","inLanguage":"de","@id":"https:\/\/www.bio-honig.de\/cms\/produkt\/bio-sommerhonig-mit-kleebluete-aus-dem-saaletal-blumig-aromatisch\/#primaryimage","url":"https:\/\/www.bio-honig.de\/cms\/wp-content\/uploads\/2025\/09\/sommerhonig-mit-kleebluete-500g-1.jpg","contentUrl":"https:\/\/www.bio-honig.de\/cms\/wp-content\/uploads\/2025\/09\/sommerhonig-mit-kleebluete-500g-1.jpg","width":2500,"height":2500},{"@type":"BreadcrumbList","@id":"https:\/\/www.bio-honig.de\/cms\/produkt\/bio-sommerhonig-mit-kleebluete-aus-dem-saaletal-blumig-aromatisch\/#breadcrumb","itemListElement":[{"@type":"ListItem","position":1,"name":"Startseite","item":"https:\/\/www.bio-honig.de\/cms\/"},{"@type":"ListItem","position":2,"name":"Produkte","item":"https:\/\/www.bio-honig.de\/cms\/shop\/"},{"@type":"ListItem","position":3,"name":"Sommerhonig mit Kleebl\u00fcte aus dem Saaletal"}]},{"@type":"WebSite","@id":"https:\/\/www.bio-honig.de\/cms\/#website","url":"https:\/\/www.bio-honig.de\/cms\/","name":"Bl\u00fctenland Bienenh\u00f6fe","description":"Bio-Honig von Heike Appel","publisher":{"@id":"https:\/\/www.bio-honig.de\/cms\/#organization"},"potentialAction":[{"@type":"SearchAction","target":{"@type":"EntryPoint","urlTemplate":"https:\/\/www.bio-honig.de\/cms\/?s={search_term_string}"},"query-input":{"@type":"PropertyValueSpecification","valueRequired":true,"valueName":"search_term_string"}}],"inLanguage":"de"},{"@type":"Organization","@id":"https:\/\/www.bio-honig.de\/cms\/#organization","name":"Bl\u00fctenland Bienenh\u00f6fe - Bioland Imkereiprodukte","url":"https:\/\/www.bio-honig.de\/cms\/","logo":{"@type":"ImageObject","inLanguage":"de","@id":"https:\/\/www.bio-honig.de\/cms\/#\/schema\/logo\/image\/","url":"https:\/\/www.bio-honig.de\/cms\/wp-content\/uploads\/2018\/12\/Bildschirmfoto-2018-12-16-um-17.31.00.png","contentUrl":"https:\/\/www.bio-honig.de\/cms\/wp-content\/uploads\/2018\/12\/Bildschirmfoto-2018-12-16-um-17.31.00.png","width":750,"height":206,"caption":"Bl\u00fctenland Bienenh\u00f6fe - Bioland Imkereiprodukte"},"image":{"@id":"https:\/\/www.bio-honig.de\/cms\/#\/schema\/logo\/image\/"}}]}},"_links":{"self":[{"href":"https:\/\/www.bio-honig.de\/cms\/wp-json\/wp\/v2\/product\/9902","targetHints":{"allow":["GET"]}}],"collection":[{"href":"https:\/\/www.bio-honig.de\/cms\/wp-json\/wp\/v2\/product"}],"about":[{"href":"https:\/\/www.bio-honig.de\/cms\/wp-json\/wp\/v2\/types\/product"}],"replies":[{"embeddable":true,"href":"https:\/\/www.bio-honig.de\/cms\/wp-json\/wp\/v2\/comments?post=9902"}],"wp:featuredmedia":[{"embeddable":true,"href":"https:\/\/www.bio-honig.de\/cms\/wp-json\/wp\/v2\/media\/9914"}],"wp:attachment":[{"href":"https:\/\/www.bio-honig.de\/cms\/wp-json\/wp\/v2\/media?parent=9902"}],"wp:term":[{"taxonomy":"product_brand","embeddable":true,"href":"https:\/\/www.bio-honig.de\/cms\/wp-json\/wp\/v2\/product_brand?post=9902"},{"taxonomy":"product_cat","embeddable":true,"href":"https:\/\/www.bio-honig.de\/cms\/wp-json\/wp\/v2\/product_cat?post=9902"},{"taxonomy":"product_tag","embeddable":true,"href":"https:\/\/www.bio-honig.de\/cms\/wp-json\/wp\/v2\/product_tag?post=9902"}],"curies":[{"name":"wp","href":"https:\/\/api.w.org\/{rel}","templated":true}]}}